{"id":35201,"date":"2026-03-12T04:24:29","date_gmt":"2026-03-12T04:24:29","guid":{"rendered":"https:\/\/stage.jrfer.com\/product\/poco-fr-80k-80000-puffs-jednorazowy-waporyzator-4-w-1-z-poczworna-siatka-i-ladowalna-cewka\/"},"modified":"2026-04-07T11:02:14","modified_gmt":"2026-04-07T11:02:14","slug":"poco-fr-80k-80000-puffs-4-in-1-quad-mesh-coil-rechargeable-disposable-vape","status":"publish","type":"product","link":"https:\/\/stage.jrfer.com\/pl\/produkt\/poco-fr-80k-80000-puffs-4-in-1-quad-mesh-coil-rechargeable-disposable-vape\/","title":{"rendered":"POCO FR 80K | 80000 Puffs Jednorazowy waporyzator 4 w 1 z poczw\u00f3rn\u0105 siatk\u0105 i \u0142adowaln\u0105 cewk\u0105"},"content":{"rendered":"<h2>\ud83d\udd25 Dlaczego warto wybra\u0107 POCO FR 80000 Puffs?<\/h2>\n<ul>\n<li>\ud83d\udca8 <strong>Ogromne 80 000 zaci\u0105gni\u0119\u0107:<\/strong> Zaprojektowane do d\u0142ugotrwa\u0142ego u\u017cytkowania \u2013 idealne dla intensywnie waper\u00f3w i sprzedawc\u00f3w.<\/li>\n<li>\ud83c\udfa8 <strong>4 smaki w 1 e-papierosie:<\/strong> prze\u0142\u0105czaj si\u0119 mi\u0119dzy czterema premium smakami bez wysi\u0142ku, zapewniaj\u0105c niesko\u0144czon\u0105 r\u00f3\u017cnorodno\u015b\u0107.<\/li>\n<li>\u26a1 <strong>System cewek z poczw\u00f3rn\u0105 siatk\u0105:<\/strong> 4 cewki z siatk\u0105 wzmacniaj\u0105c\u0105 smak zapewniaj\u0105 g\u0142adk\u0105 par\u0119 i bogaty smak.<\/li>\n<li>\ud83d\udd0b <strong>Akumulator 650 mAh:<\/strong> szybkie \u0142adowanie typu C zapewnia sta\u0142\u0105 moc a\u017c do ostatniego zaci\u0105gni\u0119cia.<\/li>\n<li>\ud83e\uddc3 <strong>60 ml Pojemno\u015b\u0107 e-liquidu:<\/strong> Du\u017ca obj\u0119to\u015b\u0107 p\u0142ynu zapewniaj\u0105ca wyj\u0105tkowo d\u0142ug\u0105 przyjemno\u015b\u0107.<\/li>\n<li>\ud83d\udda5\ufe0f <strong>Kompaktowa i trwa\u0142a konstrukcja:<\/strong> Idealnie le\u017cy w d\u0142oni i jest trwa\u0142a dzi\u0119ki solidnej konstrukcji.<\/li>\n<li>\ud83c\udff7\ufe0f <strong>Przyjazny dla sprzeda\u017cy hurtowej:<\/strong> Pakowane po 10 sztuk w pude\u0142ku \u2013 idealne dla sklep\u00f3w i dystrybutor\u00f3w vape.<\/li>\n<\/ul>\n<p><img decoding=\"async\" style=\"max-width: 100%\" src=\"https:\/\/aiviouvapes.com\/wp-content\/uploads\/2025\/11\/1111.jpg\" alt=\"POCO FR 80K\" title=\"\"><br \/>\n<img decoding=\"async\" style=\"max-width: 100%\" src=\"https:\/\/aiviouvapes.com\/wp-content\/uploads\/2025\/11\/2222.jpg\" alt=\"POCO FR 80K\" title=\"\"><\/p>\n<\/p>\n<h2>\u2699\ufe0fSpecyfikacje<\/h2>\n<tr>\n<td><strong>Liczba zaci\u0105gni\u0119\u0107<\/strong><\/td>\n<td>80 000 zaci\u0105gni\u0119\u0107<\/td>\n<\/tr>\n<tr>\n<td><strong>Pojemno\u015b\u0107 e-p\u0142ynu<\/strong><\/td>\n<td>60ml<\/td>\n<\/tr>\n<tr>\n<td><strong>Si\u0142a nikotyny<\/strong><\/td>\n<td>5%<\/td>\n<\/tr>\n<tr>\n<td><strong>Bateria<\/strong><\/td>\n<td>Akumulator 650 mAh<\/td>\n<\/tr>\n<tr>\n<td><strong>Port \u0142adowania<\/strong><\/td>\n<td>Typ C<\/td>\n<\/tr>\n<tr>\n<td><strong>Typ cewki<\/strong><\/td>\n<td>Czw\u00f3rna cewka siatkowa (x4)<\/td>\n<\/tr>\n<tr>\n<td><strong>Rozmiar urz\u0105dzenia<\/strong><\/td>\n<td>100,5 \u00d7 42 \u00d7 44 mm<\/td>\n<\/tr>\n<tr>\n<td><strong>Opakowanie<\/strong><\/td>\n<td>10 sztuk w pude\u0142ku wystawowym<\/td>\n<\/tr>\n<\/tbody>\n<h2>\ud83c\udf53 Kolekcja Smak\u00f3w<\/h2>\n<p>Poznaj <strong>system smakowy 4 w 1<\/strong> POCO FR \u2013 stworzony z my\u015bl\u0105 o p\u0142ynnych przej\u015bciach i zr\u00f3wnowa\u017conym smaku. Ka\u017cde po\u0142\u0105czenie oferuje wyj\u0105tkow\u0105 fuzj\u0119 owocowych, lodowych i s\u0142odkich ton\u00f3w, aby zadowoli\u0107 ka\u017cde podniebienie. \ud83d\ude0b\ud83d\udc47<\/p>\n<ul>\n<li><b>1.<\/b>Truskawka Malina Wi\u015bnia \u2013 Arbuz Liczi \u2013 Bor\u00f3wka Truskawka \u2013 Ciasto Bananowe<\/li>\n<li><b>2.<\/b>Truskawka Arbuz \u2013 Truskawka Malina Kiwi \u2013 Ananas Jab\u0142ko \u2013 Wi\u015bnia \u017burawina<\/li>\n<li><b>3.<\/b>Jagoda Truskawka \u2013 Winogrono \u017burawina Brzoskwinia \u2013 Nap\u00f3j Energetyczny \u2013 Jagoda Arbuz<\/li>\n<li><b>4.<\/b>Lemoniada Jagodowo-Malinowa \u2013 Truskawka Kiwi \u2013 Truskawka Mango \u2013 Mieszana Jagoda<\/li>\n<li><b>5.<\/b>Truskawka Wi\u015bnia \u2013 Malinowy Arbuz \u2013 Bor\u00f3wka Wi\u015bniowa Cola \u2013 Mango Ananas<\/li>\n<li><b>6.<\/b>Wi\u015bniowo-brzoskwiniowo-cytrynowa \u2013 Ch\u0142odna mi\u0119ta \u2013 Arbuzowa guma balonowa \u2013 Lody winogronowe<\/li>\n<li><b>7.<\/b>Je\u017cyna \u017burawina \u2013 Truskawka Banan \u2013 Bor\u00f3wka Malina Wi\u015bnia \u2013 Jagoda Kiwi<\/li>\n<li><b>8.<\/b>Arbuz L\u00f3d \u2013 Ananas Kokos \u2013 Brzoskwinia Mango Arbuz \u2013 Wi\u015bnia Brzoskwinia Cytryna<\/li>\n<li><b>9.<\/b>Truskawka Winogrono \u2013 Jab\u0142ko Brzoskwinia \u2013 Truskawka Arbuz \u2013 Czarny Lodowy Smoczy Owoc Truskawka<\/li>\n<li><b>10.<\/b>Jagoda Kwa\u015bna Malina \u2013 Kiwi Ananas L\u00f3d \u2013 Winogrono Wi\u015bnia \u2013 Aloes Winogrono<\/li>\n<li><strong>11.<\/strong>Truskawka Malina \u2013 Cytryna Limonka \u2013 Jagoda Czarny L\u00f3d \u2013 Marakuja Kiwi Gujawa<\/li>\n<li><strong>12.<\/strong>Jagoda Wi\u015bnia Limonka \u2013 Kwa\u015bne Jab\u0142ko \u2013 Brzoskwinia Jagoda Mi\u0119kkie Cukierki \u2013 Truskawka Cola<\/li>\n<li><strong>13.<\/strong>Czarny l\u00f3d Smoczy owoc Truskawka \u2013 L\u00f3d arbuzowy \u2013 L\u00f3d jagodowy \u2013 L\u00f3d brzoskwiniowy<\/li>\n<li><strong>14.<\/strong>Kwa\u015bne Jab\u0142ko \u2013 Arbuz Limonka \u2013 Malina Arbuz Liczi \u2013 Truskawka Cola<\/li>\n<li><strong>15.<\/strong>Aloes Winogrono \u2013 Malina Brzoskwinia Limonka \u2013 Brzoskwinia Mango Arbuz \u2013 Koka Cola<\/li>\n<\/ul>\n<h2>\ud83d\udcac Cz\u0119sto zadawane pytania (FAQ)<\/h2>\n<p><strong>P:<\/strong> Jak d\u0142ugo wytrzymuje jeden POCO FR 80000?<br \/>\n<strong>O:<\/strong> Do 80 000 zaci\u0105gni\u0119\u0107 mo\u017ce wystarczy\u0107 na kilka tygodni, w zale\u017cno\u015bci od Twoich nawyk\u00f3w wapowania.<\/p>\n<p><strong>P:<\/strong> Czy mog\u0119 go na\u0142adowa\u0107?<br \/>\n<strong>O:<\/strong> Tak! Akumulator o pojemno\u015bci 650 mAh mo\u017cna \u0142adowa\u0107 typu C, co zapewnia wydajne \u0142adowanie podczas d\u0142ugotrwa\u0142ego u\u017cytkowania.<\/p>\n<p><strong>P:<\/strong> Czy zawiera wiele smak\u00f3w?<br \/>\n<strong>O:<\/strong> Oczywi\u015bcie \u2013 ka\u017cde urz\u0105dzenie zawiera cztery r\u00f3\u017cne wersje, pomi\u0119dzy kt\u00f3rymi mo\u017cesz prze\u0142\u0105cza\u0107 si\u0119 w dowolnym momencie!<\/p>\n<p><strong>P:<\/strong> Dla kogo jest najlepsze to urz\u0105dzenie?<br \/>\n<strong>O:<\/strong> Idealny dla <strong>intensywnych waper\u00f3w, mi\u0142o\u015bnik\u00f3w smak\u00f3w<\/strong> i <strong>dystrybutor\u00f3w hurtowych<\/strong> poszukuj\u0105cych najwy\u017cszej jako\u015bci wydajno\u015bci i d\u0142ugotrwa\u0142ej satysfakcji.<\/p>\n<h2>\ud83d\ude80 Idealny dla<\/h2>\n<p><strong>Jednorazowy Vape 4 w 1 POCO FR 80K<\/strong> to doskona\u0142y wyb\u00f3r dla <strong>detalist\u00f3w, sklep\u00f3w z waporyzatorami<\/strong> i <strong>dystrybutor\u00f3w<\/strong>, kt\u00f3rzy ceni\u0105 r\u00f3\u017cnorodno\u015b\u0107 smak\u00f3w, wydajno\u015b\u0107 i wygod\u0119. Idealny dla <strong>rynk\u00f3w europejskich<\/strong> i ka\u017cdego, kto potrzebuje wydajnych chmur przy minimalnej konserwacji. \ud83c\udf2c\ufe0f\ud83d\udc8e<\/p>\n","protected":false},"excerpt":{"rendered":"<p>Odkryj jednorazowy waporyzator <strong>POCO FR 80000 Puffs<\/strong> \u2013 wyposa\u017cony w <strong>4 smaki w 1 urz\u0105dzeniu<\/strong>, <strong>akumulator typu C o pojemno\u015bci 650 mAh<\/strong> i technologi\u0119 <strong>poczw\u00f3rnej cewki<\/strong> zapewniaj\u0105cej najwy\u017csze i d\u0142ugotrwa\u0142e wra\u017cenia z wapowania. Idealny na rynki detaliczne i hurtowe w ca\u0142ej Europie! \ud83c\udf0d\ud83d\udca8<\/p>\n","protected":false},"featured_media":6675,"comment_status":"open","ping_status":"closed","template":"","meta":[],"product_brand":[],"product_cat":[1416,1613,1383,1555,1450,1746],"product_tag":[],"class_list":{"0":"post-35201","1":"product","2":"type-product","3":"status-publish","4":"has-post-thumbnail","6":"product_cat-jednorazowe-vapes-na-wegrzech","7":"product_cat-jednorazowe-vapes-w-hiszpanii","8":"product_cat-jednorazowe-vapes-w-niemczech","9":"product_cat-jednorazowe-vapes-w-polsce","10":"product_cat-jednorazowe-vapes-we-w-oszech","11":"product_cat-poco","13":"first","14":"instock","15":"shipping-taxable","16":"purchasable","17":"product-type-variable","18":"has-default-attributes"},"tiered_pricing_type":"fixed","tiered_pricing_fixed_rules":{"100":9.5,"200":8.9000000000000003552713678800500929355621337890625,"500":8.4000000000000003552713678800500929355621337890625},"tiered_pricing_product_settings":{"layout":"default","base_unit_name":{"singular":null,"plural":null},"default_variation":null},"tiered_pricing_minimum_quantity":50,"tiered_pricing_roles_data":[],"tiered_pricing_percentage_rules":[],"tiered_pricing_maximum_quantity":null,"tiered_pricing_quantity_step":"10","_links":{"self":[{"href":"https:\/\/stage.jrfer.com\/pl\/wp-json\/wp\/v2\/product\/35201","targetHints":{"allow":["GET"]}}],"collection":[{"href":"https:\/\/stage.jrfer.com\/pl\/wp-json\/wp\/v2\/product"}],"about":[{"href":"https:\/\/stage.jrfer.com\/pl\/wp-json\/wp\/v2\/types\/product"}],"replies":[{"embeddable":true,"href":"https:\/\/stage.jrfer.com\/pl\/wp-json\/wp\/v2\/comments?post=35201"}],"wp:featuredmedia":[{"embeddable":true,"href":"https:\/\/stage.jrfer.com\/pl\/wp-json\/wp\/v2\/media\/6675"}],"wp:attachment":[{"href":"https:\/\/stage.jrfer.com\/pl\/wp-json\/wp\/v2\/media?parent=35201"}],"wp:term":[{"taxonomy":"product_brand","embeddable":true,"href":"https:\/\/stage.jrfer.com\/pl\/wp-json\/wp\/v2\/product_brand?post=35201"},{"taxonomy":"product_cat","embeddable":true,"href":"https:\/\/stage.jrfer.com\/pl\/wp-json\/wp\/v2\/product_cat?post=35201"},{"taxonomy":"product_tag","embeddable":true,"href":"https:\/\/stage.jrfer.com\/pl\/wp-json\/wp\/v2\/product_tag?post=35201"}],"curies":[{"name":"wp","href":"https:\/\/api.w.org\/{rel}","templated":true}]}}