{"id":35693,"date":"2025-09-11T12:58:16","date_gmt":"2025-09-11T12:58:16","guid":{"rendered":"https:\/\/stage.jrfer.com\/product\/bang-blaze-100k-6-w-1-100-000-zaciagniec-ostateczny-wielosmakowy-jednorazowy-waporyzator-do-sprzedazy-hurtowej\/"},"modified":"2026-04-08T03:01:18","modified_gmt":"2026-04-08T03:01:18","slug":"bang-blaze-100k-6-in-1-100000-puffs-multi-flavor-bulk-disposable-vape","status":"publish","type":"product","link":"https:\/\/stage.jrfer.com\/pl\/produkt\/bang-blaze-100k-6-in-1-100000-puffs-multi-flavor-bulk-disposable-vape\/","title":{"rendered":"Bang Blaze 100K 6 w 1 100 000 zaci\u0105gni\u0119\u0107 | ostateczny wielosmakowy jednorazowy waporyzator do sprzeda\u017cy hurtowej"},"content":{"rendered":"<h2>Dlaczego warto wybra\u0107 Bang Blaze 100K?<\/h2>\n<ul>\n<li>\ud83d\udca8 <strong>Niesamowita liczba zaci\u0105gni\u0119\u0107:<\/strong> Do 100 000 zaci\u0105gni\u0119\u0107 \u2013 jeden z najtrwalszych waporyzator\u00f3w na rynku.<\/li>\n<li>\ud83c\udfaf <strong>System smakowy 6 w 1:<\/strong> prze\u0142\u0105czaj pomi\u0119dzy 6 trybami smakowymi (A, B, C, A+B, A+C, B+C) \u2013 ciesz si\u0119 nieograniczon\u0105 liczb\u0105 kombinacji.<\/li>\n<li>\ud83d\udee2\ufe0f <strong>3 oddzielne zbiorniki:<\/strong> utrzymuje \u015bwie\u017co\u015b\u0107 ka\u017cdego smaku i zapobiega mieszaniu si\u0119, dop\u00f3ki nie chcesz ich zmiksowa\u0107.<\/li>\n<li>\ud83c\udf00 <strong>Grza\u0142ka z potr\u00f3jn\u0105 siatk\u0105:<\/strong> G\u0142adkie chmury, mocne uderzenia i czysty smak przy ka\u017cdym zaci\u0105gni\u0119ciu.<\/li>\n<li>\ud83d\udd0b <strong>Akumulator:<\/strong> szybkie \u0142adowanie 850 mAh typu C umo\u017cliwia nieprzerwane wapowanie.<\/li>\n<li>\ud83d\udcca <strong>Ekran LED:<\/strong> Wy\u015bwietlanie poziomu baterii i zaci\u0105gni\u0119\u0107 w czasie rzeczywistym, dzi\u0119ki czemu masz kontrol\u0119.<\/li>\n<li>\ud83d\udce6 <strong>Gotowy do sprzeda\u017cy hurtowej:<\/strong> 10 sztuk w opakowaniu \u2013 idealne dla sklep\u00f3w i dystrybutor\u00f3w vape.<\/li>\n<\/ul>\n<h3>Specyfikacje<\/h3>\n<table border=\"1\" cellpadding=\"5\">\n<tr>\n<td><strong>Nazwa produktu<\/strong><\/td>\n<td>Bang Blaze 100K 6 w 1<\/td>\n<\/tr>\n<tr>\n<td><strong>Liczba zaci\u0105gni\u0119\u0107<\/strong><\/td>\n<td>Do 100 000 zaci\u0105gni\u0119\u0107<\/td>\n<\/tr>\n<tr>\n<td><strong>Si\u0142a nikotyny<\/strong><\/td>\n<td>2% \/ 3% \/ 5%<\/td>\n<\/tr>\n<tr>\n<td><strong>Tryby smakowe<\/strong><\/td>\n<td>A, B, C, A+B, A+C, B+C<\/td>\n<\/tr>\n<tr>\n<td><strong>Zbiornik oleju<\/strong><\/td>\n<td>3 oddzielne zbiorniki<\/td>\n<\/tr>\n<tr>\n<td><strong>Cewka<\/strong><\/td>\n<td>Potr\u00f3jna cewka<\/td>\n<\/tr>\n<tr>\n<td><strong>Bateria<\/strong><\/td>\n<td>Akumulator 850 mAh<\/td>\n<\/tr>\n<tr>\n<td><strong>Ekran LED<\/strong><\/td>\n<td>Tak (bateria + wy\u015bwietlacz)<\/td>\n<\/tr>\n<tr>\n<td><strong>Port \u0142adowania<\/strong><\/td>\n<td>Szybkie \u0142adowanie typu C<\/td>\n<\/tr>\n<tr>\n<td><strong>Opakowanie<\/strong><\/td>\n<td>10 szt.\/opakowanie (gotowe do sprzeda\u017cy hurtowej)<\/td>\n<\/tr>\n<\/tbody>\n<h3>Dost\u0119pne smaki \ud83c\udf6d<\/h3>\n<p>Wybierz spo\u015br\u00f3d <strong>10 doskona\u0142ych kombinacji smakowych<\/strong>, kt\u00f3re zadowol\u0105 ka\u017cde kubki smakowe:<\/p>\n<ul>\n<li>\ud83c\udf49\u2744\ufe0f Arbuz L\u00f3d i Truskawka Mamba i Truskawkowy Arbuz<\/li>\n<li>\ud83c\udf4f\ud83c\udf47 Fuji Ice &amp; Apple Grape &amp; Cherry Granat<\/li>\n<li>\ud83e\uded0\ud83c\udf6c L\u00f3d jagodowy i guma balonowa malinowo-cytrynowo-arbuzowa<\/li>\n<li>\ud83e\uded0\ud83c\udf4a Jagody Maliny i Kwa\u015bne Ananasy Pomara\u0144cze i Maliny Arbuzy<\/li>\n<li>\ud83c\udf47\ud83e\udd6d l\u00f3d winogronowy i mango, brzoskwinia i arbuz jagodowy<\/li>\n<li>\ud83c\udf53\ud83c\udf4b Lody truskawkowe i brzoskwinia Cytryna i kiwi Marakuja Gujawa<\/li>\n<li>\ud83e\udd65\u26a1 Ananas, kokos i jagoda Red Bull, l\u00f3d arbuzowy<\/li>\n<li>\ud83c\udf53\ud83e\udd65 Truskawka, Kiwi i Jagoda, Kokos i Mieszane Jagody<\/li>\n<li>\ud83c\udf4b\ud83e\uded0 Romans cytrynowy i jagoda, malina i brzoskwinia Mentol<\/li>\n<li>\ud83c\udf51\ud83c\udf4f L\u00f3d Brzoskwiniowy i Czarna Porzeczka L\u00f3d Ananasowy i Zielone Jab\u0142ko Kiwi<\/li>\n<\/ul>\n<h3>Idealny dla<\/h3>\n<p>Bang Blaze 100K jest idealny dla ci\u0119\u017ckich vaper\u00f3w, \u0142owc\u00f3w smak\u00f3w i tych, kt\u00f3rzy chc\u0105 maksymalnej r\u00f3\u017cnorodno\u015bci w jednym urz\u0105dzeniu. Sklepy i hurtownie vape pokochaj\u0105 jego <strong>opakowanie zbiorcze, du\u017c\u0105 liczb\u0119 zaci\u0105gni\u0119\u0107 i szeroki wyb\u00f3r smak\u00f3w<\/strong>, co czyni go doskona\u0142ym dodatkiem do ka\u017cdego asortymentu. \ud83c\udfea\ud83d\udce6<\/p>\n<h3>Cz\u0119sto zadawane pytania \ud83e\udd14<\/h3>\n<p><strong>P: Jak d\u0142ugo mo\u017ce wytrzyma\u0107 Bang Blaze 100K?<\/strong><br \/>\nOdp.: Do 100 000 zaci\u0105gni\u0119\u0107 mo\u017ce wystarczy\u0107 na tygodnie lub nawet miesi\u0105ce, w zale\u017cno\u015bci od u\u017cytkowania.<\/p>\n<p><strong>P: Czy mog\u0119 go na\u0142adowa\u0107?<\/strong><br \/>\nO: Tak! Posiada akumulator o pojemno\u015bci 850 mAh z szybkim \u0142adowaniem typu C.<\/p>\n<p><strong>P: Jak zmieni\u0107 smak?<\/strong><br \/>\nOdp.: U\u017cyj selektora trybu smaku, aby prze\u0142\u0105cza\u0107 si\u0119 mi\u0119dzy A, B, C lub \u0142\u0105czy\u0107 je w tryby A+B, A+C lub B+C.<\/p>\n<p><strong>P: Czy nadaje si\u0119 do odsprzeda\u017cy?<\/strong><br \/>\nOdp.: Oczywi\u015bcie \u2013 jest dost\u0119pny w opakowaniach po 10 sztuk w opakowaniu, gotowych do sprzeda\u017cy hurtowej, idealnych dla sklep\u00f3w z waporyzatorami i nabywc\u00f3w B2B.<\/p>\n<p><strong>P: Czy istniej\u0105 r\u00f3\u017cne poziomy nikotyny?<\/strong><br \/>\nOdp.: Tak \u2013 wybierz moc nikotyny 2%, 3% lub 5% w zale\u017cno\u015bci od preferencji.<\/p>\n<p>\ud83d\ude80 Ulepsz swoje wra\u017cenia z wapowania dzi\u0119ki <strong>Bang Blaze 100K<\/strong> \u2014 <strong>najlepszemu jednorazowemu waporyzatorowi o wielu smakach i du\u017cej pojemno\u015bci<\/strong> stworzonemu dla powa\u017cnych u\u017cytkownik\u00f3w i inteligentnych sprzedawc\u00f3w detalicznych. Zdob\u0105d\u017a sw\u00f3j ju\u017c dzi\u015b i ciesz si\u0119 r\u00f3\u017cnorodno\u015bci\u0105 smak\u00f3w jak nigdy dot\u0105d! \ud83d\udca8\ud83d\udd25<\/p>\n<p><img decoding=\"async\" style=\"max-width: 100%\" src=\"https:\/\/aiviouvapes.com\/wp-content\/uploads\/2025\/09\/main-picture.png.webp\" alt=\"Waporyzator 6 w 1 Bang Blaze\" title=\"\"><\/p>\n","protected":false},"excerpt":{"rendered":"<p>\ud83d\udd25 Najlepszy <strong>jednorazowy waporyzator na 100 000 zaci\u0105gni\u0119\u0107<\/strong> z trybem smakowym 6 w 1 \u2013 idealny dla mi\u0142o\u015bnik\u00f3w smak\u00f3w, intensywnych u\u017cytkownik\u00f3w i odbiorc\u00f3w hurtowych! \ud83d\ude80<\/p>\n","protected":false},"featured_media":5847,"comment_status":"open","ping_status":"closed","template":"","meta":[],"product_brand":[],"product_cat":[348,1927],"product_tag":[],"class_list":{"0":"post-35693","1":"product","2":"type-product","3":"status-publish","4":"has-post-thumbnail","6":"product_cat-bang","7":"product_cat-nowy","9":"first","10":"instock","11":"shipping-taxable","12":"purchasable","13":"product-type-variable","14":"has-default-attributes"},"tiered_pricing_type":"fixed","tiered_pricing_fixed_rules":{"30":9.3800000000000007815970093361102044582366943359375,"50":7.6500000000000003552713678800500929355621337890625,"100":7.410000000000000142108547152020037174224853515625,"200":6.79000000000000003552713678800500929355621337890625,"400":6.29999999999999982236431605997495353221893310546875},"tiered_pricing_product_settings":{"layout":"default","base_unit_name":{"singular":null,"plural":null},"default_variation":null},"tiered_pricing_minimum_quantity":10,"tiered_pricing_roles_data":[],"tiered_pricing_percentage_rules":[],"tiered_pricing_maximum_quantity":null,"tiered_pricing_quantity_step":"10","_links":{"self":[{"href":"https:\/\/stage.jrfer.com\/pl\/wp-json\/wp\/v2\/product\/35693","targetHints":{"allow":["GET"]}}],"collection":[{"href":"https:\/\/stage.jrfer.com\/pl\/wp-json\/wp\/v2\/product"}],"about":[{"href":"https:\/\/stage.jrfer.com\/pl\/wp-json\/wp\/v2\/types\/product"}],"replies":[{"embeddable":true,"href":"https:\/\/stage.jrfer.com\/pl\/wp-json\/wp\/v2\/comments?post=35693"}],"wp:featuredmedia":[{"embeddable":true,"href":"https:\/\/stage.jrfer.com\/pl\/wp-json\/wp\/v2\/media\/5847"}],"wp:attachment":[{"href":"https:\/\/stage.jrfer.com\/pl\/wp-json\/wp\/v2\/media?parent=35693"}],"wp:term":[{"taxonomy":"product_brand","embeddable":true,"href":"https:\/\/stage.jrfer.com\/pl\/wp-json\/wp\/v2\/product_brand?post=35693"},{"taxonomy":"product_cat","embeddable":true,"href":"https:\/\/stage.jrfer.com\/pl\/wp-json\/wp\/v2\/product_cat?post=35693"},{"taxonomy":"product_tag","embeddable":true,"href":"https:\/\/stage.jrfer.com\/pl\/wp-json\/wp\/v2\/product_tag?post=35693"}],"curies":[{"name":"wp","href":"https:\/\/api.w.org\/{rel}","templated":true}]}}