{"id":36635,"date":"2025-09-05T08:06:20","date_gmt":"2025-09-05T08:06:20","guid":{"rendered":"https:\/\/stage.jrfer.com\/product\/waspe-100k-4-w-1-100-000-zaciagniec-jednorazowy-waporyzator-o-czterech-smakach\/"},"modified":"2026-04-07T12:07:58","modified_gmt":"2026-04-07T12:07:58","slug":"waspe-100k-4-in-1-100000-puffs-quad-flavor-bulk-disposable-vape","status":"publish","type":"product","link":"https:\/\/stage.jrfer.com\/pl\/produkt\/waspe-100k-4-in-1-100000-puffs-quad-flavor-bulk-disposable-vape\/","title":{"rendered":"WASPE 100K 4 w 1 100 000 zaci\u0105gni\u0119\u0107 | Jednorazowy waporyzator o czterech smakach"},"content":{"rendered":"<h2>Dlaczego warto wybra\u0107 WASPE 100K 4 w 1?<\/h2>\n<ul>\n<li><strong>Niezr\u00f3wnana liczba zaci\u0105gni\u0119\u0107:<\/strong> Ogromne <strong>100 000 zaci\u0105gni\u0119\u0107<\/strong> zapewniaj\u0105ce wyj\u0105tkowo d\u0142ugie u\u017cytkowanie \ud83d\udd25<\/li>\n<li><strong>System smakowy 4 w 1:<\/strong> natychmiastowa zmiana pomi\u0119dzy <strong>4 smakami<\/strong> bez zmiany urz\u0105dzenia \ud83c\udf49\ud83c\udf53\ud83e\udd6d\ud83c\udf52<\/li>\n<li><strong>Czwornica z poczw\u00f3rn\u0105 siatk\u0105 (1,0 \u03a9):<\/strong> G\u0142adka para, odwa\u017cny smak i sp\u00f3jne hity za ka\u017cdym razem \ud83d\udca8<\/li>\n<li><strong>Akumulator 650 mAh:<\/strong> niezawodna moc dzi\u0119ki <strong>szybkiemu \u0142adowaniu typu C<\/strong> \u26a1<\/li>\n<li><strong>Ogromny e-liquid o pojemno\u015bci 56 ml:<\/strong> Wst\u0119pnie nape\u0142niony, aby zapewni\u0107 d\u0142ugotrwa\u0142\u0105 przyjemno\u015b\u0107 \u2714\ufe0f<\/li>\n<li><strong>Opcje nikotyny:<\/strong> wybierz 0%, 2% lub 5%, aby dopasowa\u0107 je do ka\u017cdych preferencji \ud83d\udeac\u27a1\ufe0f\ud83d\udca8<\/li>\n<li><strong>Kompaktowy i przeno\u015bny:<\/strong> Kieszonkowy rozmiar i <strong>Lekka konstrukcja 142 g<\/strong> \ud83d\udcf1<\/li>\n<li><strong>Gotowy do sprzeda\u017cy hurtowej:<\/strong> popularny sprzedawca detaliczny i dystrybutor\u00f3w chc\u0105cych zaopatrzy\u0107 si\u0119 w produkty masowe \ud83d\udce6<\/li>\n<\/ul>\n<h3>Specyfikacje<\/h3>\n<tr>\n<td><strong>Liczba zaci\u0105gni\u0119\u0107:<\/strong><\/td>\n<td>Do 100 000<\/td>\n<\/tr>\n<tr>\n<td><strong>Smaki:<\/strong><\/td>\n<td>Wymienne smaki 4 w 1<\/td>\n<\/tr>\n<tr>\n<td><strong>Cewka:<\/strong><\/td>\n<td>Czw\u00f3rna cewka siatkowa 1,0 \u03a9<\/td>\n<\/tr>\n<tr>\n<td><strong>Pojemno\u015b\u0107 e-p\u0142ynu:<\/strong><\/td>\n<td>56 ml<\/td>\n<\/tr>\n<tr>\n<td><strong>Bateria:<\/strong><\/td>\n<td>Akumulator 650 mAh<\/td>\n<\/tr>\n<tr>\n<td><strong>\u0141adowanie:<\/strong><\/td>\n<td>Szybkie \u0142adowanie typu C<\/td>\n<\/tr>\n<tr>\n<td><strong>Mocne strony nikotyny:<\/strong><\/td>\n<td>0%, 2%, 5%<\/td>\n<\/tr>\n<tr>\n<td><strong>Wymiary:<\/strong><\/td>\n<td>47 \u00d7 47 \u00d7 118 mm<\/td>\n<\/tr>\n<tr>\n<td><strong>Waga:<\/strong><\/td>\n<td>142 g<\/td>\n<\/tr>\n<tr>\n<td><strong>Opakowania hurtowe:<\/strong><\/td>\n<td>Przystosowane do zam\u00f3wie\u0144 zbiorczych<\/td>\n<\/tr>\n<\/tbody>\n<h3>Wyb\u00f3r smaku<\/h3>\n<p> <strong>WASPE 100K 4 w 1<\/strong> oferuje ekscytuj\u0105cy <strong>system czterech smak\u00f3w<\/strong>, zapewniaj\u0105cy cztery wyj\u0105tkowe doznania smakowe w jednym urz\u0105dzeniu \ud83c\udf08. Popularne miksy to:<\/p>\n<ul>\n<li><strong>Arbuzowy l\u00f3d, truskawkowy kiwi, malinowy arbuz, cytrynowo-limonkowy<\/strong> \u2013 orze\u017awiaj\u0105ce po\u0142\u0105czenie owocowe z pikantnym finiszem.<\/li>\n<li><strong>Strawberry Watermelon, MR.Blue, Grape Ice, Rainbow Candy<\/strong> \u2013 mieszanka s\u0142odka, lodowa i inspirowana cukierkami.<\/li>\n<li><strong>Red Bull Ice, Banana Ice, Ananas Coconut Ice, Triple Mango Ice<\/strong> \u2013 tropikalne i energetyzuj\u0105ce fuzje.<\/li>\n<li><strong>Truskawkowy Raspberry Cherry, Crazy Cherry Ice, Blue Cherry Ice, Cola Ice<\/strong> \u2013 Owocowy mus z posmakiem wi\u015bni.<\/li>\n<li><strong>Truskawkowy Banan, Strawberry Red Bull, Strawberry Mango, R\u00f3\u017cowa Lemoniada<\/strong> \u2013 raj dla mi\u0142o\u015bnik\u00f3w truskawek.<\/li>\n<li><strong>L\u00f3d jagodowy, Czarny rycerz, L\u00f3d truskawkowy, Arbuz truskawkowy<\/strong> \u2013 s\u0142odkie, odwa\u017cne i lodowate warstwy owoc\u00f3w.<\/li>\n<li><strong>Cherry Cola Ice, Strawberry Cherry Ice, Strawberry Cola Ice, Truskawkowa Arbuzowa Guma Balonowa<\/strong> \u2013 Mieszanki gazowane i cukierkowo-s\u0142odkie.<\/li>\n<li><strong>Soczysty l\u00f3d brzoskwiniowy, owoce tropikalne, podmuch owoc\u00f3w, jagody brzoskwiniowe<\/strong> \u2013 soczysta i egzotyczna eksplozja owocowa.<\/li>\n<li><strong>L\u00f3d winogronowy, truskawka kiwi, truskawka malina wi\u015bnia, czarny rycerz<\/strong> \u2013 odwa\u017cna mieszanka winogron i jag\u00f3d.<\/li>\n<li><strong>Mieszane jagody, podw\u00f3jny l\u00f3d jab\u0142kowy, jagoda malinowa, mi\u00f3d jagodowy<\/strong> \u2013 s\u0142odki, kwa\u015bny i g\u0142adki jak mi\u00f3d.<\/li>\n<li><strong>Strawberry Red Bull, Strawberry Watermelon Bubblegum, Red Bull Ice, Cherry Cola Ice<\/strong> \u2013 Nap\u00f3j energetyczny w wersji twist z owocowymi s\u0142odyczami.<\/li>\n<li><strong>Malina jagodowa, lemoniada jagodowa, mieszane jagody, l\u00f3d z miodem winogronowym<\/strong> \u2013 Bogaty w jagody z orze\u017awiaj\u0105cym finiszem lemoniady.<\/li>\n<\/ul>\n<h3>Idealny do sprzeda\u017cy detalicznej i hurtowej<\/h3>\n<p><strong>WASPE 100K 4 w 1<\/strong> jest przeznaczony dla <strong>intensywnych waper\u00f3w, mi\u0142o\u015bnik\u00f3w smak\u00f3w, sklep\u00f3w z waporyzacj\u0105 i dystrybutor\u00f3w<\/strong>. Dzi\u0119ki <strong>mo\u017cliwo\u015bci prze\u0142\u0105czania czterech smak\u00f3w<\/strong>, ogromnej <strong>100 000 zaci\u0105gni\u0119\u0107<\/strong> i <strong>opakowaniu gotowemu do sprzeda\u017cy hurtowej<\/strong>, zosta\u0142o zaprojektowane tak, aby zadowoli\u0107 indywidualnych u\u017cytkownik\u00f3w przy jednoczesnej maksymalizacji warto\u015bci odsprzeda\u017cy.<\/p>\n<h3>Cz\u0119sto zadawane pytania<\/h3>\n<ul>\n<li><strong>Ile smak\u00f3w mie\u015bci si\u0119 w jednym urz\u0105dzeniu?<\/strong><br \/>\nKa\u017cda jednostka zawiera 4 prze\u0142\u0105czalne smaki.<\/li>\n<li><strong>Czy mo\u017cna go \u0142adowa\u0107?<\/strong><br \/>\nTak, ma akumulator 650 mAh z \u0142adowaniem typu C.<\/li>\n<li><strong>Ile zaci\u0105gni\u0119\u0107 na urz\u0105dzenie?<\/strong><br \/>\nDo 100 000 zaci\u0105gni\u0119\u0107 w zale\u017cno\u015bci od u\u017cytkowania.<\/li>\n<li><strong>Jakie moce nikotyny s\u0105 dost\u0119pne?<\/strong><br \/>\n0%, 2% i 5%, aby dopasowa\u0107 si\u0119 do wszystkich preferencji.<\/li>\n<li><strong>Czy jest to przyjazne dla sprzeda\u017cy hurtowej?<\/strong><br \/>\nTak, jest zapakowany i wyceniony idealnie dla dystrybutor\u00f3w i sklep\u00f3w z waporyzatorami.<\/li>\n<li><strong>Kto powinien to kupi\u0107?<\/strong><br \/>\nIdealny dla intensywnych u\u017cytkownik\u00f3w, poszukiwaczy smaku, sprzedawc\u00f3w detalicznych i hurtownik\u00f3w poszukuj\u0105cych najwy\u017cszej klasy jednorazowego waporyzatora.<\/li>\n<\/ul>\n","protected":false},"excerpt":{"rendered":"<p><strong>WASPE 100K 4 w 1<\/strong> \ud83d\udca8 to jednorazowy waporyzator o mega pojemno\u015bci, oferuj\u0105cy do <strong>100 000 zaci\u0105gni\u0119\u0107<\/strong> w 4 smakach w jednym urz\u0105dzeniu. Idealny dla sklep\u00f3w z waporyzacj\u0105, dystrybutor\u00f3w i waper\u00f3w intensywnie poszukuj\u0105cych maksymalnej r\u00f3\u017cnorodno\u015bci i d\u0142ugowieczno\u015bci.<\/p>\n","protected":false},"featured_media":5636,"comment_status":"open","ping_status":"closed","template":"","meta":[],"product_brand":[],"product_cat":[394],"product_tag":[],"class_list":{"0":"post-36635","1":"product","2":"type-product","3":"status-publish","4":"has-post-thumbnail","6":"product_cat-waspe","8":"first","9":"instock","10":"shipping-taxable","11":"purchasable","12":"product-type-variable","13":"has-default-attributes"},"tiered_pricing_type":"fixed","tiered_pricing_fixed_rules":{"30":9.6300000000000007815970093361102044582366943359375,"50":7.9000000000000003552713678800500929355621337890625,"100":7.6500000000000003552713678800500929355621337890625,"200":6.9900000000000002131628207280300557613372802734375,"400":6.54000000000000003552713678800500929355621337890625},"tiered_pricing_product_settings":{"layout":"default","base_unit_name":{"singular":null,"plural":null},"default_variation":null},"tiered_pricing_minimum_quantity":10,"tiered_pricing_roles_data":[],"tiered_pricing_percentage_rules":[],"tiered_pricing_maximum_quantity":null,"tiered_pricing_quantity_step":"10","_links":{"self":[{"href":"https:\/\/stage.jrfer.com\/pl\/wp-json\/wp\/v2\/product\/36635","targetHints":{"allow":["GET"]}}],"collection":[{"href":"https:\/\/stage.jrfer.com\/pl\/wp-json\/wp\/v2\/product"}],"about":[{"href":"https:\/\/stage.jrfer.com\/pl\/wp-json\/wp\/v2\/types\/product"}],"replies":[{"embeddable":true,"href":"https:\/\/stage.jrfer.com\/pl\/wp-json\/wp\/v2\/comments?post=36635"}],"wp:featuredmedia":[{"embeddable":true,"href":"https:\/\/stage.jrfer.com\/pl\/wp-json\/wp\/v2\/media\/5636"}],"wp:attachment":[{"href":"https:\/\/stage.jrfer.com\/pl\/wp-json\/wp\/v2\/media?parent=36635"}],"wp:term":[{"taxonomy":"product_brand","embeddable":true,"href":"https:\/\/stage.jrfer.com\/pl\/wp-json\/wp\/v2\/product_brand?post=36635"},{"taxonomy":"product_cat","embeddable":true,"href":"https:\/\/stage.jrfer.com\/pl\/wp-json\/wp\/v2\/product_cat?post=36635"},{"taxonomy":"product_tag","embeddable":true,"href":"https:\/\/stage.jrfer.com\/pl\/wp-json\/wp\/v2\/product_tag?post=36635"}],"curies":[{"name":"wp","href":"https:\/\/api.w.org\/{rel}","templated":true}]}}