{"id":37474,"date":"2025-07-07T09:20:26","date_gmt":"2025-07-07T09:20:26","guid":{"rendered":"https:\/\/stage.jrfer.com\/product\/mrvi-wygral-30-000-30000-zaciagniec-jednorazowy-waporyzator-o-pojemnosci-35-ml-z-duzym-zbiornikiem-i-cewka-siatkowa\/"},"modified":"2026-04-07T14:15:29","modified_gmt":"2026-04-07T14:15:29","slug":"mrvi-winning-30000-puffs","status":"publish","type":"product","link":"https:\/\/stage.jrfer.com\/pl\/produkt\/mrvi-winning-30000-puffs\/","title":{"rendered":"MRVI WYGRA\u0141 30 000 30000 zaci\u0105gni\u0119\u0107 | Jednorazowy waporyzator o pojemno\u015bci 35 ml z du\u017cym zbiornikiem i cewk\u0105 siatkow\u0105"},"content":{"rendered":"<h2>Dlaczego warto wybra\u0107 MRVI ZWYCI\u0118STWO 30000 zaci\u0105gni\u0119\u0107?<\/h2>\n<ul>\n<li><strong>Ogromna liczba zaci\u0105gni\u0119\u0107:<\/strong> do 30 000 zaci\u0105gni\u0119\u0107 dla d\u0142ugotrwa\u0142ej przyjemno\u015bci \ud83d\udca8<\/li>\n<li><strong>Ogromny zbiornik na e-liquid:<\/strong> wst\u0119pnie nape\u0142niona pojemno\u015b\u0107 35 ml pozwala na rzadsz\u0105 wymian\u0119 \ud83d\udca7<\/li>\n<li><strong>Wydajna bateria:<\/strong> akumulator 800 mAh pozwala d\u0142u\u017cej wapowa\u0107 \ud83d\udd0b<\/li>\n<li><strong>Technologia Mesh Coil:<\/strong> zapewnia g\u0142adkie, sp\u00f3jne uderzenia i lepszy smak \ud83c\udf2c\ufe0f<\/li>\n<li><strong>Opcje nikotynowe:<\/strong> Dost\u0119pne w st\u0119\u017ceniu 2% i 5% w zale\u017cno\u015bci od r\u00f3\u017cnych potrzeb \u2705<\/li>\n<li><strong>Szybkie \u0142adowanie:<\/strong> szybkie \u0142adowanie typu C skraca przestoje \u26a1<\/li>\n<li><strong>Gotowy do sprzeda\u017cy hurtowej:<\/strong> Jednorazowy towar ciesz\u0105cy si\u0119 du\u017cym popytem, idealny do dystrybucji hurtowej \ud83d\udce6<\/li>\n<\/ul>\n<h3>Specyfikacje<\/h3>\n<tr>\n<td><strong>Liczba zaci\u0105gni\u0119\u0107:<\/strong><\/td>\n<td>Do 30 000 zaci\u0105gni\u0119\u0107<\/td>\n<\/tr>\n<tr>\n<td><strong>Pojemno\u015b\u0107 e-p\u0142ynu:<\/strong><\/td>\n<td>35ml<\/td>\n<\/tr>\n<tr>\n<td><strong>Pojemno\u015b\u0107 baterii:<\/strong><\/td>\n<td>Akumulator 800 mAh<\/td>\n<\/tr>\n<tr>\n<td><strong>Si\u0142a nikotyny:<\/strong><\/td>\n<td>2% lub 5%<\/td>\n<\/tr>\n<tr>\n<td><strong>Cewka:<\/strong><\/td>\n<td>W\u0119\u017cownica siatkowa zapewniaj\u0105ca p\u0142ynn\u0105 par\u0119<\/td>\n<\/tr>\n<tr>\n<td><strong>\u0141adowanie:<\/strong><\/td>\n<td>Szybkie \u0142adowanie typu C<\/td>\n<\/tr>\n<\/tbody>\n<h3>Wyb\u00f3r smaku<\/h3>\n<p><strong>MRVI WINNING 30000<\/strong> jest dost\u0119pny w <strong>10 pysznych smakach<\/strong>, aby zaspokoi\u0107 ka\u017cde pragnienie \ud83c\udf6d:<\/p>\n<ul>\n<li><strong>Arbuz jagodowy:<\/strong> S\u0142odka jagoda zmieszana z soczystym arbuzem \ud83e\uded0\ud83c\udf49<\/li>\n<li><strong>Wi\u015bniowa Cytryna:<\/strong> Ostry cytrynowy akcent z odwa\u017cn\u0105 wi\u015bniow\u0105 nut\u0105 \ud83c\udf52\ud83c\udf4b<\/li>\n<li><strong>Blue Razz Ice:<\/strong> pikantny niebieski malinowy z ch\u0142odnym mentolowym wyko\u0144czeniem \ud83e\uded0\u2744\ufe0f<\/li>\n<li><strong>Mieszane jagody:<\/strong> Owocowa eksplozja truskawek, malin i nie tylko \ud83c\udf53\ud83e\uded0\ud83c\udf47<\/li>\n<li><strong>Strawberry Ice:<\/strong> Klasyczny smak truskawkowy z mro\u017an\u0105 nut\u0105 \ud83c\udf53\u2744\ufe0f<\/li>\n<li><strong>L\u00f3d Arbuzowy:<\/strong> Orze\u017awiaj\u0105cy arbuz z lodowatym mentolem \ud83c\udf49\u2744\ufe0f<\/li>\n<li><strong>Soczysta brzoskwinia:<\/strong> S\u0142odka, soczysta brzoskwinia dla g\u0142adkiego waporyzacji przez ca\u0142y dzie\u0144 \ud83c\udf51<\/li>\n<li><strong>Ananas Mango:<\/strong> Tropikalny ananas zmieszany z dojrza\u0142ym mango \ud83c\udf4d\ud83e\udd6d<\/li>\n<li><strong>L\u00f3d winogronowy:<\/strong> Odwa\u017cne winogrona z mro\u017anym akcentem \ud83c\udf47\u2744\ufe0f<\/li>\n<li><strong>Kwa\u015bne jab\u0142ko:<\/strong> Chrupi\u0105ce i pikantne zielone jab\u0142ko \ud83c\udf4f<\/li>\n<\/ul>\n<h3>Idealny dla intensywnych u\u017cytkownik\u00f3w i sprzeda\u017cy hurtowej<\/h3>\n<p> <strong>MRVI WINNING 30000 Puffs<\/strong> jest przeznaczony dla <strong>intensywnych waper\u00f3w, entuzjast\u00f3w smak\u00f3w i sprzedawc\u00f3w w sklepach vape<\/strong>. Dzi\u0119ki <strong>du\u017cemu zbiornikowi, d\u0142ugiej \u017cywotno\u015bci baterii i 10 popularnym smakom<\/strong> jest to niezb\u0119dny produkt zar\u00f3wno do u\u017cytku osobistego, jak i do dystrybucji hurtowej. Kupuj\u0105cy hurtowi pokochaj\u0105 jego <strong>wysoki potencja\u0142 obrotowy<\/strong> i niezawodno\u015b\u0107 \ud83d\udce6\ud83d\udd25.<\/p>\n<h3>Cz\u0119sto zadawane pytania<\/h3>\n<ul>\n<li><strong>Ile zaci\u0105gni\u0119\u0107 wystarczy?<\/strong><br \/>\nDo 30 000 zaci\u0105gni\u0119\u0107 na urz\u0105dzenie.<\/li>\n<li><strong>Czy mo\u017cna go \u0142adowa\u0107?<\/strong><br \/>\nTak, jest wyposa\u017cony w akumulator o pojemno\u015bci 800 mAh.<\/li>\n<li><strong>Czy \u0142aduje si\u0119 szybko?<\/strong><br \/>\nTak, szybkie \u0142adowanie typu C umo\u017cliwia wapowanie przy minimalnych przestojach.<\/li>\n<li><strong>Jakie moce nikotyny s\u0105 dost\u0119pne?<\/strong><br \/>\nWybierz opcj\u0119 od 2% do 5% nikotyny.<\/li>\n<li><strong>Kto powinien to kupi\u0107?<\/strong><br \/>\nIdealny dla <strong>intensywnych u\u017cytkownik\u00f3w, poszukiwaczy smak\u00f3w, sklep\u00f3w z waporyzatorami i dystrybutor\u00f3w hurtowych<\/strong>.<\/li>\n<\/ul>\n","protected":false},"excerpt":{"rendered":"<p><strong>MRVI WINNING 30000 Puffs<\/strong> \ud83d\ude80 to pot\u0119\u017cny jednorazowy waporyzator o <strong>pojemno\u015bci 35 ml e-liquidu<\/strong>, z <strong>technologi\u0105 cewki siatkowej<\/strong> i do <strong>30 000 zaci\u0105gni\u0119\u0107<\/strong>, idealny dla sklep\u00f3w z waporyzatorami, dystrybutor\u00f3w i intensywnych u\u017cytkownik\u00f3w, kt\u00f3rzy wymagaj\u0105 wi\u0119cej smaku i d\u0142u\u017cszych sesji.<\/p>\n","protected":false},"featured_media":1417,"comment_status":"open","ping_status":"closed","template":"","meta":[],"product_brand":[],"product_cat":[1026,1059,839,1416,1273,1306,1613,1484,1383,1520,1555,2179,1686,1650,1342,1450,1234,576,1719,404,875,1096,911],"product_tag":[],"class_list":{"0":"post-37474","1":"product","2":"type-product","3":"status-publish","4":"has-post-thumbnail","6":"product_cat-cyfrowe-pude-ko-vape","7":"product_cat-inteligentne-waporyzatory-ekranowe","8":"product_cat-jednorazowe-typy-waporyzatorow","9":"product_cat-jednorazowe-vapes-na-wegrzech","10":"product_cat-jednorazowe-vapes-w-austrii","11":"product_cat-jednorazowe-vapes-w-belgii","12":"product_cat-jednorazowe-vapes-w-hiszpanii","13":"product_cat-jednorazowe-vapes-w-holandii","14":"product_cat-jednorazowe-vapes-w-niemczech","15":"product_cat-jednorazowe-vapes-w-norwegii","16":"product_cat-jednorazowe-vapes-w-polsce","17":"product_cat-jednorazowe-vapes-w-portugalii","18":"product_cat-jednorazowe-vapes-w-szwajcarii","19":"product_cat-jednorazowe-vapes-w-szwecji","20":"product_cat-jednorazowe-vapes-we-francji","21":"product_cat-jednorazowe-vapes-we-w-oszech","22":"product_cat-jednorazowe-waporyzatory-w-europie","23":"product_cat-jednorazowy-waporyzator-o-pojemnosci-30000-zaciagniec","24":"product_cat-mrvi","25":"product_cat-rozne-zaciagniecia-jednorazowych-waporyzatorow","26":"product_cat-vape-big-puffs","27":"product_cat-vape-z-podwojna-siatka","28":"product_cat-waporyzatory-akumulatorowe","30":"first","31":"instock","32":"shipping-taxable","33":"purchasable","34":"product-type-variable","35":"has-default-attributes"},"tiered_pricing_type":"fixed","tiered_pricing_fixed_rules":{"100":6.29000000000000003552713678800500929355621337890625,"200":5.67999999999999971578290569595992565155029296875,"400":5.37000000000000010658141036401502788066864013671875},"tiered_pricing_product_settings":{"layout":"default","base_unit_name":{"singular":null,"plural":null},"default_variation":null},"tiered_pricing_minimum_quantity":50,"tiered_pricing_roles_data":[],"tiered_pricing_percentage_rules":[],"tiered_pricing_maximum_quantity":null,"tiered_pricing_quantity_step":"10","_links":{"self":[{"href":"https:\/\/stage.jrfer.com\/pl\/wp-json\/wp\/v2\/product\/37474","targetHints":{"allow":["GET"]}}],"collection":[{"href":"https:\/\/stage.jrfer.com\/pl\/wp-json\/wp\/v2\/product"}],"about":[{"href":"https:\/\/stage.jrfer.com\/pl\/wp-json\/wp\/v2\/types\/product"}],"replies":[{"embeddable":true,"href":"https:\/\/stage.jrfer.com\/pl\/wp-json\/wp\/v2\/comments?post=37474"}],"wp:featuredmedia":[{"embeddable":true,"href":"https:\/\/stage.jrfer.com\/pl\/wp-json\/wp\/v2\/media\/1417"}],"wp:attachment":[{"href":"https:\/\/stage.jrfer.com\/pl\/wp-json\/wp\/v2\/media?parent=37474"}],"wp:term":[{"taxonomy":"product_brand","embeddable":true,"href":"https:\/\/stage.jrfer.com\/pl\/wp-json\/wp\/v2\/product_brand?post=37474"},{"taxonomy":"product_cat","embeddable":true,"href":"https:\/\/stage.jrfer.com\/pl\/wp-json\/wp\/v2\/product_cat?post=37474"},{"taxonomy":"product_tag","embeddable":true,"href":"https:\/\/stage.jrfer.com\/pl\/wp-json\/wp\/v2\/product_tag?post=37474"}],"curies":[{"name":"wp","href":"https:\/\/api.w.org\/{rel}","templated":true}]}}