{"id":37969,"date":"2025-07-07T09:21:14","date_gmt":"2025-07-07T09:21:14","guid":{"rendered":"https:\/\/stage.jrfer.com\/product\/bang-tornado-40k-jednorazowy-waporyzator-z-inteligentnym-ekranem-i-pojemnoscia-40000-zaciagniec-z-potrojna-cewka-siatkowa\/"},"modified":"2026-04-07T13:13:47","modified_gmt":"2026-04-07T13:13:47","slug":"bang-tornado-40k","status":"publish","type":"product","link":"https:\/\/stage.jrfer.com\/pl\/produkt\/bang-tornado-40k\/","title":{"rendered":"Bang Tornado 40K | Jednorazowy waporyzator z inteligentnym ekranem i pojemno\u015bci\u0105 40000 zaci\u0105gni\u0119\u0107, z potr\u00f3jn\u0105 cewk\u0105 siatkow\u0105"},"content":{"rendered":"<h2>Dlaczego warto wybra\u0107 Bang Tornado 40K?<\/h2>\n<ul>\n<li><strong>Bardzo du\u017ca liczba zaci\u0105gni\u0119\u0107:<\/strong> do 40 000 zaci\u0105gni\u0119\u0107 podczas d\u0142ugotrwa\u0142ych sesji \ud83d\ude80<\/li>\n<li><strong>Grza\u0142ka z potr\u00f3jn\u0105 siatk\u0105:<\/strong> G\u0142adka para, sta\u0142e ogrzewanie i bogaty smak \ud83c\udf2c\ufe0f<\/li>\n<li><strong>Inteligentny ekran:<\/strong> monitorowanie poziomu e-p\u0142ynu i baterii w czasie rzeczywistym \ud83d\udcca<\/li>\n<li><strong>Akumulator:<\/strong> pojemno\u015b\u0107 850 mAh z szybkim \u0142adowaniem typu C \u26a1<\/li>\n<li><strong>Du\u017cy zbiornik na sok:<\/strong> 40 ml wst\u0119pnie nape\u0142niony e-liquidem premium \ud83c\udf79<\/li>\n<li><strong>Opcje nikotyny:<\/strong> wybierz 0%, 2%, 3% lub 5% nikotyny, wed\u0142ug w\u0142asnych upodoba\u0144 \ud83d\udcaf<\/li>\n<li><strong>Gotowy do sprzeda\u017cy hurtowej:<\/strong> Produkt przyjazny masom i ciesz\u0105cy si\u0119 du\u017cym popytem dla dystrybutor\u00f3w i sklep\u00f3w z waporyzatorami \ud83d\udce6<\/li>\n<\/ul>\n<h3>Specyfikacje<\/h3>\n<tr>\n<td><strong>Wydajno\u015b\u0107 zaci\u0105gni\u0119cia:<\/strong><\/td>\n<td>Do 40 000 zaci\u0105gni\u0119\u0107<\/td>\n<\/tr>\n<tr>\n<td><strong>Pojemno\u015b\u0107 e-p\u0142ynu:<\/strong><\/td>\n<td>40 ml<\/td>\n<\/tr>\n<tr>\n<td><strong>Typ cewki:<\/strong><\/td>\n<td>Potr\u00f3jne zaawansowane cewki siatkowe<\/td>\n<\/tr>\n<tr>\n<td><strong>Bateria:<\/strong><\/td>\n<td>Akumulator 850 mAh (\u0142adowanie typu C)<\/td>\n<\/tr>\n<tr>\n<td><strong>Mocne strony nikotyny:<\/strong><\/td>\n<td>0%, 2%, 3%, 5%<\/td>\n<\/tr>\n<tr>\n<td><strong>Ekran:<\/strong><\/td>\n<td>Inteligentny wy\u015bwietlacz LED pokazuj\u0105cy poziom oleju i akumulatora<\/td>\n<\/tr>\n<tr>\n<td><strong>Smaki:<\/strong><\/td>\n<td>12 pysznych opcji<\/td>\n<\/tr>\n<\/tbody>\n<h3>Opcje smakowe<\/h3>\n<p>Ciesz si\u0119 odwa\u017cn\u0105 gam\u0105 smak\u00f3w <strong>Bang Tornado 40 tys.<\/strong>, stworzonych tak, aby zaspokoi\u0107 wszystkie preferencje smakowe:<\/p>\n<ul>\n<li><strong>Brzoskwiniowy l\u00f3d:<\/strong> Soczysta brzoskwinia z lodowym wyko\u0144czeniem \ud83c\udf51\u2744\ufe0f<\/li>\n<li><strong>Mi\u0142o\u015b\u0107 66:<\/strong> Egzotyczny smak inspirowany shish\u0105 \u2764\ufe0f<\/li>\n<li><strong>Potr\u00f3jna Jagoda:<\/strong> s\u0142odko-cierpka mieszanka jag\u00f3d, malin i truskawek \ud83c\udf53\ud83e\uded0<\/li>\n<li><strong>Cytryna jagodowa:<\/strong> Pikantna cytryna spotyka si\u0119 ze s\u0142odk\u0105 jagod\u0105 \ud83c\udf4b\ud83e\uded0<\/li>\n<li><strong>Nap\u00f3j energetyczny:<\/strong> odwa\u017cny, gazowany i energetyzuj\u0105cy \u26a1\ud83e\udd64<\/li>\n<li><strong>Podw\u00f3jne jab\u0142ko:<\/strong> Klasyczne po\u0142\u0105czenie czerwonego i zielonego jab\u0142ka \ud83c\udf4f\ud83c\udf4e<\/li>\n<li><strong>Mango Brzoskwinia:<\/strong> Tropikalna s\u0142odycz z soczystym akcentem \ud83e\udd6d\ud83c\udf51<\/li>\n<li><strong>Winogrono jagodowe:<\/strong> Bogate winogrona zmieszane ze \u015bwie\u017c\u0105 jagod\u0105 \ud83c\udf47\ud83e\uded0<\/li>\n<li><strong>Truskawkowy Arbuz:<\/strong> Owocowa mieszanka truskawek i melona \ud83c\udf53\ud83c\udf49<\/li>\n<li><strong>Truskawkowy Kiwi:<\/strong> S\u0142odka truskawka zr\u00f3wnowa\u017cona pikantnym kiwi \ud83c\udf53\ud83e\udd5d<\/li>\n<li><strong>Jagodowo-Malinowa:<\/strong> Jagodowa fuzja pe\u0142na s\u0142odyczy i cierpko\u015bci \ud83e\uded0\ud83c\udf53<\/li>\n<li><strong>Arbuz:<\/strong> Orze\u017awiaj\u0105cy i soczysty ulubieniec lata \ud83c\udf49<\/li>\n<\/ul>\n<h3>Idealny dla mi\u0142o\u015bnik\u00f3w Vape i odbiorc\u00f3w hurtowych<\/h3>\n<p><strong>Bang Tornado 40K<\/strong> jest przeznaczony dla <strong>intensywnych u\u017cytkownik\u00f3w, entuzjast\u00f3w smak\u00f3w i sklep\u00f3w z waporyzatorami<\/strong>, kt\u00f3re wymagaj\u0105 <strong>najwy\u017cszej jako\u015bci i d\u0142ugotrwa\u0142ej wydajno\u015bci<\/strong>. Ogromna liczba zaci\u0105gni\u0119\u0107, mocne zwoje i r\u00f3\u017cnorodne smaki sprawiaj\u0105, \u017ce jest to najlepszy wyb\u00f3r w przypadku <strong>zam\u00f3wie\u0144 masowych B2B i klient\u00f3w detalicznych<\/strong>. \ud83d\udce6\ud83d\udd25<\/p>\n<h3>Cz\u0119sto zadawane pytania<\/h3>\n<ul>\n<li><strong>Jak d\u0142ugo wytrzymuje Bang Tornado 40K?<\/strong><br \/>\nDo 40 000 zaci\u0105gni\u0119\u0107, utrzymuj\u0105cych si\u0119 przez kilka tygodni, w zale\u017cno\u015bci od u\u017cytkowania.<\/li>\n<li><strong>Czy mo\u017cna go \u0142adowa\u0107?<\/strong><br \/>\nTak, z bateri\u0105 850 mAh i \u0142adowaniem typu C.<\/li>\n<li><strong>Czy ma ekran?<\/strong><br \/>\nTak, inteligentny wy\u015bwietlacz pokazuje stan oleju i akumulatora w czasie rzeczywistym.<\/li>\n<li><strong>Co go wyr\u00f3\u017cnia?<\/strong><br \/>\nSystem cewek z potr\u00f3jn\u0105 siatk\u0105, inteligentny wy\u015bwietlacz LED i ogromna liczba zaci\u0105gni\u0119\u0107 odr\u00f3\u017cniaj\u0105 go od standardowych wyrob\u00f3w jednorazowego u\u017cytku.<\/li>\n<li><strong>Czy to dobre dla sprzeda\u017cy hurtowej?<\/strong><br \/>\nAbsolutnie! Jest gotowy do sprzeda\u017cy hurtowej, cieszy si\u0119 du\u017cym popytem i jest op\u0142acalny dla dystrybutor\u00f3w i sprzedawc\u00f3w e-papieros\u00f3w.<\/li>\n<\/ul>\n","protected":false},"excerpt":{"rendered":"<p> <strong>Bang Tornado 40K<\/strong> \ud83d\udca8 zapewnia do <strong>40 000 masywnych zaci\u0105gni\u0119\u0107<\/strong>, zasilany cewkami z potr\u00f3jn\u0105 siatk\u0105, inteligentnym wy\u015bwietlaczem LED i akumulatorem \u2014 idealny dla <strong>intensywnych u\u017cytkownik\u00f3w, sklep\u00f3w z waporyzatorami i odbiorc\u00f3w hurtowych<\/strong>.<\/p>\n","protected":false},"featured_media":1563,"comment_status":"open","ping_status":"closed","template":"","meta":[],"product_brand":[],"product_cat":[348,630],"product_tag":[],"class_list":{"0":"post-37969","1":"product","2":"type-product","3":"status-publish","4":"has-post-thumbnail","6":"product_cat-bang","7":"product_cat-jednorazowy-waporyzator-o-pojemnosci-40000-zaciagniec","9":"first","10":"instock","11":"shipping-taxable","12":"purchasable","13":"product-type-variable","14":"has-default-attributes"},"tiered_pricing_type":"fixed","tiered_pricing_fixed_rules":{"30":8.1500000000000003552713678800500929355621337890625,"50":7.28000000000000024868995751603506505489349365234375,"100":6.54000000000000003552713678800500929355621337890625,"200":6.1699999999999999289457264239899814128875732421875,"400":5.61000000000000031974423109204508364200592041015625},"tiered_pricing_product_settings":{"layout":"default","base_unit_name":{"singular":null,"plural":null},"default_variation":null},"tiered_pricing_minimum_quantity":10,"tiered_pricing_roles_data":[],"tiered_pricing_percentage_rules":[],"tiered_pricing_maximum_quantity":null,"tiered_pricing_quantity_step":"10","_links":{"self":[{"href":"https:\/\/stage.jrfer.com\/pl\/wp-json\/wp\/v2\/product\/37969","targetHints":{"allow":["GET"]}}],"collection":[{"href":"https:\/\/stage.jrfer.com\/pl\/wp-json\/wp\/v2\/product"}],"about":[{"href":"https:\/\/stage.jrfer.com\/pl\/wp-json\/wp\/v2\/types\/product"}],"replies":[{"embeddable":true,"href":"https:\/\/stage.jrfer.com\/pl\/wp-json\/wp\/v2\/comments?post=37969"}],"wp:featuredmedia":[{"embeddable":true,"href":"https:\/\/stage.jrfer.com\/pl\/wp-json\/wp\/v2\/media\/1563"}],"wp:attachment":[{"href":"https:\/\/stage.jrfer.com\/pl\/wp-json\/wp\/v2\/media?parent=37969"}],"wp:term":[{"taxonomy":"product_brand","embeddable":true,"href":"https:\/\/stage.jrfer.com\/pl\/wp-json\/wp\/v2\/product_brand?post=37969"},{"taxonomy":"product_cat","embeddable":true,"href":"https:\/\/stage.jrfer.com\/pl\/wp-json\/wp\/v2\/product_cat?post=37969"},{"taxonomy":"product_tag","embeddable":true,"href":"https:\/\/stage.jrfer.com\/pl\/wp-json\/wp\/v2\/product_tag?post=37969"}],"curies":[{"name":"wp","href":"https:\/\/api.w.org\/{rel}","templated":true}]}}