{"id":40180,"date":"2025-07-07T09:28:39","date_gmt":"2025-07-07T09:28:39","guid":{"rendered":"https:\/\/stage.jrfer.com\/product\/randm-fumot-tornado-20k-jednorazowy-vape-o-pojemnosci-20-000-zaciagniec-krysztalowo-przezroczysty\/"},"modified":"2026-04-07T12:16:59","modified_gmt":"2026-04-07T12:16:59","slug":"randm-fumot-tornado-20000-puffs","status":"publish","type":"product","link":"https:\/\/stage.jrfer.com\/pl\/produkt\/randm-fumot-tornado-20000-puffs\/","title":{"rendered":"RandM Fumot Tornado 20K | Jednorazowy vape o pojemno\u015bci 20 000 zaci\u0105gni\u0119\u0107, kryszta\u0142owo przezroczysty"},"content":{"rendered":"<h2>Dlaczego warto wybra\u0107 RandM Fumot Tornado 20K?<\/h2>\n<ul>\n<li><strong>20 000 zaci\u0105gni\u0119\u0107:<\/strong> Uzyskaj d\u0142ugotrwa\u0142\u0105 wydajno\u015b\u0107 dzi\u0119ki nawet 20 000 zaci\u0105gni\u0119\u0107, co czyni go idealnym rozwi\u0105zaniem dla ca\u0142odziennego wapowania i intensywnych u\u017cytkownik\u00f3w \ud83d\udd25\ud83d\udca8<\/li>\n<li><strong>Podw\u00f3jna cewka siatkowa:<\/strong> Ciesz si\u0119 g\u0142adkim, bogatym smakiem dzi\u0119ki zaawansowanej grza\u0142ce z podw\u00f3jn\u0105 siatk\u0105, zapewniaj\u0105c\u0105 lepszy smak i produkcj\u0119 pary \ud83c\udfc6<\/li>\n<li><strong>Crystal Clear Body:<\/strong> elegancki i elegancki design z przezroczystym korpusem, dzi\u0119ki kt\u00f3remu w ka\u017cdej chwili mo\u017cesz sprawdzi\u0107 poziom e-liquidu \ud83d\udc8e<\/li>\n<li><strong>Du\u017ca pojemno\u015b\u0107 e-liquidu:<\/strong> 20 ml e-liquidu zapewnia mniejsz\u0105 liczb\u0119 uzupe\u0142nie\u0144 i sta\u0142\u0105 przyjemno\u015b\u0107 z wapowania \ud83c\udf1f<\/li>\n<li><strong>Akumulator:<\/strong> Akumulator 850 mAh zapewnia d\u0142ugotrwa\u0142e u\u017cytkowanie dzi\u0119ki szybkiemu \u0142adowaniu typu C \u26a1\ud83d\udd0b<\/li>\n<li><strong>Wska\u017anik oleju i baterii:<\/strong> Z \u0142atwo\u015bci\u0105 \u015bled\u017a poziom e-p\u0142ynu i baterii, aby nigdy nie da\u0107 si\u0119 zaskoczy\u0107 \ud83d\udcca<\/li>\n<li><strong>R\u00f3\u017cnorodno\u015b\u0107 smak\u00f3w:<\/strong> Szeroka gama pysznych smak\u00f3w do wyboru, idealna dla poszukiwaczy smaku poszukuj\u0105cych r\u00f3\u017cnorodno\u015bci \ud83c\udf53\ud83c\udf49\ud83c\udf6c<\/li>\n<\/ul>\n<h3>Specyfikacje<\/h3>\n<tr>\n<td><strong>Wydajno\u015b\u0107 zaci\u0105gni\u0119cia:<\/strong><\/td>\n<td>Do 20 000 zaci\u0105gni\u0119\u0107<\/td>\n<\/tr>\n<tr>\n<td><strong>Pojemno\u015b\u0107 e-p\u0142ynu:<\/strong><\/td>\n<td>20 ml<\/td>\n<\/tr>\n<tr>\n<td><strong>Bateria:<\/strong><\/td>\n<td>Akumulator 850 mAh (typ C)<\/td>\n<\/tr>\n<tr>\n<td><strong>Typ cewki:<\/strong><\/td>\n<td>Podw\u00f3jna cewka siatkowa<\/td>\n<\/tr>\n<tr>\n<td><strong>Opcje nikotynowe:<\/strong><\/td>\n<td>2%, 3%, 5%<\/td>\n<\/tr>\n<tr>\n<td><strong>Wy\u015bwietlacz:<\/strong><\/td>\n<td>Wska\u017anik oleju i akumulatora<\/td>\n<\/tr>\n<tr>\n<td><strong>Projekt:<\/strong><\/td>\n<td>Kryszta\u0142owo przezroczysty korpus<\/td>\n<\/tr>\n<\/tbody>\n<h3>Kolekcja smak\u00f3w<\/h3>\n<p>RandM Fumot Tornado 20K oferuje szerok\u0105 gam\u0119 ekscytuj\u0105cych smak\u00f3w, kt\u00f3re zadowol\u0105 gust ka\u017cdego vapera. Oto kilka ulubie\u0144c\u00f3w fan\u00f3w:<\/p>\n<ul>\n<li><strong>Twarde cukierki jagodowo-malinowe:<\/strong> S\u0142odka i cierpka mieszanka jag\u00f3d i malin w nostalgicznym, cukierkowym smaku \ud83c\udf47\ud83c\udf6c<\/li>\n<li><strong>Niebieski Razz:<\/strong> Odwa\u017cna, pikantna niebieska malina, kt\u00f3ra zapewnia s\u0142odki i cierpki poncz \ud83c\udf47\ud83c\udf6d<\/li>\n<li><strong>Truskawkowe Kiwi:<\/strong> Pyszne po\u0142\u0105czenie s\u0142odkich truskawek i cierpkiego kiwi zapewniaj\u0105ce orze\u017awiaj\u0105ce doznania podczas wapowania \ud83c\udf53\ud83e\udd5d<\/li>\n<li><strong>Peach Ananas Orange:<\/strong> Tropikalna mieszanka soczystej brzoskwini, ananasa i pikantnej pomara\u0144czy \ud83c\udf51\ud83c\udf4d\ud83c\udf4a<\/li>\n<li><strong>Kr\u0119gle:<\/strong> zabawny, owocowy smak inspirowany kultowymi cukierkami \ud83c\udf6c\ud83c\udf08<\/li>\n<li><strong>Arbuz Brzoskwiniowo-Mango:<\/strong> Soczysta mieszanka brzoskwi\u0144, mango i arbuza dla s\u0142odkiego, tropikalnego vape \ud83c\udf51\ud83e\udd6d\ud83c\udf49<\/li>\n<li><strong>Lody truskawkowe:<\/strong> Rozkoszuj si\u0119 s\u0142odkim, kremowym smakiem lod\u00f3w truskawkowych \ud83c\udf66\ud83c\udf53<\/li>\n<li><strong>L\u00f3d Arbuzowy:<\/strong> Orze\u017awiaj\u0105cy i lodowaty smak arbuza, idealny na upalne dni \ud83c\udf49\u2744\ufe0f<\/li>\n<li><strong>Mieszane jagody:<\/strong> S\u0142odka i pikantna mieszanka r\u00f3\u017cnych jag\u00f3d, idealna dla mi\u0142o\u015bnik\u00f3w jag\u00f3d \ud83c\udf47\ud83c\udf53\ud83c\udf52<\/li>\n<li><strong>Lychee Melon:<\/strong> Tropikalna fuzja liczi i melona zapewniaj\u0105ca s\u0142odkie i egzotyczne doznania \ud83c\udf48\ud83c\udf47<\/li>\n<li><strong>Wi\u015bniowa Limonka:<\/strong> Idealna r\u00f3wnowaga s\u0142odkiej wi\u015bni i cierpkiej limonki \ud83c\udf52\ud83c\udf4b<\/li>\n<li><strong>Ananas Cytrynowo-Jab\u0142kowe:<\/strong> pikantna mieszanka ananasa, cytryny i jab\u0142ka dla pikantnego waporyzatora \ud83c\udf4d\ud83c\udf4b\ud83c\udf4f<\/li>\n<li><strong>Panie Niebieski:<\/strong> Tajemnicza i owocowa niebieska mieszanka, idealna dla \u017c\u0105dnych przyg\u00f3d waper\u00f3w \ud83d\udc99<\/li>\n<li><strong>Jagoda Kwa\u015bna Malina:<\/strong> S\u0142odko-kwa\u015bne po\u0142\u0105czenie jag\u00f3d i malin \ud83e\uded0\ud83c\udf47<\/li>\n<li><strong>Brzoskwiniowa Jagoda:<\/strong> Soczysta mieszanka dojrza\u0142ych brzoskwi\u0144 i s\u0142odkich jag\u00f3d \ud83c\udf51\ud83c\udf53<\/li>\n<li><strong>Niebieski \u017celkowy mi\u015b Razz:<\/strong> Inspirowany cukierkami niebieski razz z gumowat\u0105 nut\u0105 \ud83c\udf47\ud83c\udf6c<\/li>\n<li><strong>Fajna mi\u0119ta:<\/strong> Orze\u017awiaj\u0105cy smak mi\u0119ty, kt\u00f3ry ch\u0142odzi Twoje zmys\u0142y \ud83c\udf3f\u2744\ufe0f<\/li>\n<li><strong>L\u00f3d jagodowy:<\/strong> S\u0142odkie jagody z ch\u0142odnym, lodowym wyko\u0144czeniem \ud83e\uded0\u2744\ufe0f<\/li>\n<li><strong>Kaktusowy l\u00f3d:<\/strong> wyj\u0105tkowy smak kaktusa z lodowym kopni\u0119ciem \ud83c\udf35\u2744\ufe0f<\/li>\n<li><strong>Limonka z czerwonych winogron:<\/strong> pikantna mieszanka czerwonych winogron i limonki zapewniaj\u0105ca \u017cywy waporyzator \ud83c\udf47\ud83c\udf4b<\/li>\n<li><strong>Cola Cytrynowa:<\/strong> klasyczny smak coli z pikantn\u0105 nut\u0105 cytryny \ud83e\udd64\ud83c\udf4b<\/li>\n<li><strong>Jab\u0142ko z czarn\u0105 porzeczk\u0105:<\/strong> G\u0142adkie po\u0142\u0105czenie czarnej porzeczki i chrupi\u0105cego jab\u0142ka \ud83c\udf4f\ud83c\udf47<\/li>\n<li><strong>Kaktus Kiwi:<\/strong> Tropikalna mieszanka kaktusa i kiwi zapewniaj\u0105ca orze\u017awiaj\u0105ce doznania \ud83e\udd5d\ud83c\udf35<\/li>\n<li><strong>Lody coli:<\/strong> gazowana cola z ch\u0142odn\u0105, orze\u017awiaj\u0105c\u0105 nut\u0105 lodu \ud83e\udd64\u2744\ufe0f<\/li>\n<\/ul>\n<h3>Idealny dla intensywnych u\u017cytkownik\u00f3w, poszukiwaczy smak\u00f3w i odbiorc\u00f3w hurtowych<\/h3>\n<p>RandM Fumot Tornado 20K zosta\u0142 zaprojektowany dla poszukiwaczy smaku i intensywnych u\u017cytkownik\u00f3w, kt\u00f3rzy chc\u0105 d\u0142ugotrwa\u0142ego i satysfakcjonuj\u0105cego waporyzacji. Dzi\u0119ki ogromnej liczbie 20 000 zaci\u0105gni\u0119\u0107 i akumulatorowi jest idealny dla sklep\u00f3w z waporyzatorami i dystrybutor\u00f3w hurtowych. Zr\u00f3b zapasy ju\u017c dzi\u015b i zapewnij swoim klientom najlepsze wra\u017cenia z jednorazowego waporyzacji! \ud83d\uded2\ud83d\ude80<\/p>\n<h3>Cz\u0119sto zadawane pytania<\/h3>\n<ul>\n<li><strong>Ile zaci\u0105gni\u0119\u0107 wytrzymuje RandM Fumot Tornado 20K?<\/strong><br \/>\nRandM Fumot Tornado 20K oferuje do 20 000 zaci\u0105gni\u0119\u0107, zapewniaj\u0105c d\u0142ugotrwa\u0142e wra\u017cenia z wapowania.<\/li>\n<li><strong>Jakie moce nikotyny s\u0105 dost\u0119pne?<\/strong><br \/>\nWybierz jedn\u0105 z opcji 2%, 3% lub 5% nikotyny, aby dopasowa\u0107 si\u0119 do swoich preferencji.<\/li>\n<li><strong>Jak na\u0142adowa\u0107 urz\u0105dzenie?<\/strong><br \/>\nUrz\u0105dzenie jest wyposa\u017cone w akumulator o pojemno\u015bci 850 mAh z funkcj\u0105 \u0142adowania typu C, kt\u00f3ra umo\u017cliwia szybkie i \u0142atwe \u0142adowanie.<\/li>\n<li><strong>Jakie smaki s\u0105 uwzgl\u0119dnione?<\/strong><br \/>\nRandM Fumot Tornado 20K oferuje szerok\u0105 gam\u0119 ponad 20 ekscytuj\u0105cych smak\u00f3w, od mieszanek owocowych po ch\u0142odne mentole i opcje inspirowane cukierkami.<\/li>\n<li><strong>Czy mog\u0119 kupi\u0107 to hurtowo do mojego sklepu z waporyzatorami?<\/strong><br \/>\nTak, ten produkt jest dost\u0119pny w sprzeda\u017cy hurtowej, co czyni go idealnym rozwi\u0105zaniem dla sklep\u00f3w z waporyzatorami, kt\u00f3re chc\u0105 oferowa\u0107 najwy\u017cszej jako\u015bci artyku\u0142y jednorazowe.<\/li>\n<\/ul>\n","protected":false},"excerpt":{"rendered":"<p>Wykonaj nawet 20 000 zaci\u0105gni\u0119\u0107 dzi\u0119ki RandM Fumot Tornado 20K! Krystalicznie przejrzysta konstrukcja, podw\u00f3jna cewka siatkowa i gama odwa\u017cnych smak\u00f3w sprawiaj\u0105, \u017ce jest to najlepszy wyb\u00f3r dla ci\u0119\u017ckich vaper\u00f3w i sklep\u00f3w z waporyzatorami. Idealne dla dystrybutor\u00f3w chc\u0105cych zaopatrzy\u0107 si\u0119 w artyku\u0142y jednorazowe klasy premium. \ud83d\udca8\ud83c\udf53\ud83c\udf4d<\/p>\n","protected":false},"featured_media":4019,"comment_status":"open","ping_status":"closed","template":"","meta":[],"product_brand":[],"product_cat":[360,1927],"product_tag":[],"class_list":{"0":"post-40180","1":"product","2":"type-product","3":"status-publish","4":"has-post-thumbnail","6":"product_cat-losowe","7":"product_cat-nowy","9":"first","10":"instock","11":"shipping-taxable","12":"purchasable","13":"product-type-variable","14":"has-default-attributes"},"tiered_pricing_type":"fixed","tiered_pricing_fixed_rules":{"30":8.949999999999999289457264239899814128875732421875,"50":7.21999999999999975131004248396493494510650634765625,"100":6.5999999999999996447286321199499070644378662109375,"200":6.230000000000000426325641456060111522674560546875,"400":5.79999999999999982236431605997495353221893310546875},"tiered_pricing_product_settings":{"layout":"default","base_unit_name":{"singular":null,"plural":null},"default_variation":null},"tiered_pricing_minimum_quantity":10,"tiered_pricing_roles_data":[],"tiered_pricing_percentage_rules":[],"tiered_pricing_maximum_quantity":null,"tiered_pricing_quantity_step":"10","_links":{"self":[{"href":"https:\/\/stage.jrfer.com\/pl\/wp-json\/wp\/v2\/product\/40180","targetHints":{"allow":["GET"]}}],"collection":[{"href":"https:\/\/stage.jrfer.com\/pl\/wp-json\/wp\/v2\/product"}],"about":[{"href":"https:\/\/stage.jrfer.com\/pl\/wp-json\/wp\/v2\/types\/product"}],"replies":[{"embeddable":true,"href":"https:\/\/stage.jrfer.com\/pl\/wp-json\/wp\/v2\/comments?post=40180"}],"wp:featuredmedia":[{"embeddable":true,"href":"https:\/\/stage.jrfer.com\/pl\/wp-json\/wp\/v2\/media\/4019"}],"wp:attachment":[{"href":"https:\/\/stage.jrfer.com\/pl\/wp-json\/wp\/v2\/media?parent=40180"}],"wp:term":[{"taxonomy":"product_brand","embeddable":true,"href":"https:\/\/stage.jrfer.com\/pl\/wp-json\/wp\/v2\/product_brand?post=40180"},{"taxonomy":"product_cat","embeddable":true,"href":"https:\/\/stage.jrfer.com\/pl\/wp-json\/wp\/v2\/product_cat?post=40180"},{"taxonomy":"product_tag","embeddable":true,"href":"https:\/\/stage.jrfer.com\/pl\/wp-json\/wp\/v2\/product_tag?post=40180"}],"curies":[{"name":"wp","href":"https:\/\/api.w.org\/{rel}","templated":true}]}}