{"id":40327,"date":"2025-07-07T09:28:38","date_gmt":"2025-07-07T09:28:38","guid":{"rendered":"https:\/\/stage.jrfer.com\/product\/fihp-60k-3-w-1-60000-zaciagniec-obrotowy-jednorazowy-waporyzator-o-potrojnym-smaku\/"},"modified":"2026-04-07T10:07:44","modified_gmt":"2026-04-07T10:07:44","slug":"fihp-60k","status":"publish","type":"product","link":"https:\/\/stage.jrfer.com\/pl\/produkt\/fihp-60k\/","title":{"rendered":"FIHP 60K 3 w 1 60000 zaci\u0105gni\u0119\u0107 | Obrotowy jednorazowy waporyzator o potr\u00f3jnym smaku"},"content":{"rendered":"<h2>Dlaczego warto wybra\u0107 potr\u00f3jne urz\u0105dzenie 3 w 1 FIHP 60000?<\/h2>\n<ul>\n<li><strong>Ogromna liczba zaci\u0105gni\u0119\u0107:<\/strong> Do 60 000 zaci\u0105gni\u0119\u0107 \u2013 stworzona z my\u015bl\u0105 o d\u0142ugotrwa\u0142ych sesjach i intensywnych waporyzacjach \ud83d\udcaf<\/li>\n<li><strong>Rotacja smak\u00f3w 3 w 1:<\/strong> prze\u0142\u0105czaj pomi\u0119dzy trzema smakami w jednym urz\u0105dzeniu, aby uzyska\u0107 nieprzerwan\u0105 r\u00f3\u017cnorodno\u015b\u0107 \ud83c\udf49\ud83c\udf53\ud83c\udf4d<\/li>\n<li><strong>Wydajna bateria:<\/strong> 850 mAh z mo\u017cliwo\u015bci\u0105 szybkiego \u0142adowania typu C \u26a1\ud83d\udd0b<\/li>\n<li><strong>Bogaty smak:<\/strong> Podw\u00f3jna cewka siatkowa (0,9 \u03a9) zapewnia za ka\u017cdym razem g\u0142adkie, odwa\u017cne i sp\u00f3jne chmury \ud83c\udf2c\ufe0f<\/li>\n<li><strong>Inteligentny ekran LED:<\/strong> \u0141atwe monitorowanie poziomu oleju i baterii zapewnia bezproblemowe wapowanie \ud83d\udcca<\/li>\n<li><strong>Opakowanie zbiorcze:<\/strong> Zaprojektowane dla dystrybutor\u00f3w i sklep\u00f3w z waporyzatorami \u2013 160 sztuk w kartonie \ud83d\udce6<\/li>\n<li><strong>Kompaktowy i ergonomiczny:<\/strong> elegancki wygl\u0105d, kt\u00f3ry \u015bwietnie le\u017cy w d\u0142oni, stworzony z my\u015bl\u0105 o komforcie i stylu \ud83d\udc4c<\/li>\n<\/ul>\n<h3>Specyfikacje<\/h3>\n<tr>\n<td><strong>Wydajno\u015b\u0107 zaci\u0105gni\u0119cia:<\/strong><\/td>\n<td>Do 60 000 zaci\u0105gni\u0119\u0107<\/td>\n<\/tr>\n<tr>\n<td><strong>Pojemno\u015b\u0107 e-p\u0142ynu:<\/strong><\/td>\n<td>54 ml (potr\u00f3jne smaki)<\/td>\n<\/tr>\n<tr>\n<td><strong>Bateria:<\/strong><\/td>\n<td>Akumulator 850 mAh (typ C)<\/td>\n<\/tr>\n<tr>\n<td><strong>Typ cewki:<\/strong><\/td>\n<td>Podw\u00f3jna cewka siatkowa (0,9 \u03a9)<\/td>\n<\/tr>\n<tr>\n<td><strong>Si\u0142a nikotyny:<\/strong><\/td>\n<td>2% \/ 5%<\/td>\n<\/tr>\n<tr>\n<td><strong>Wy\u015bwietlacz:<\/strong><\/td>\n<td>Inteligentny ekran LED<\/td>\n<\/tr>\n<tr>\n<td><strong>Projekt:<\/strong><\/td>\n<td>Kompaktowy, odwa\u017cny, ergonomiczny<\/td>\n<\/tr>\n<tr>\n<td><strong>Rozmiar produktu:<\/strong><\/td>\n<td>42\u00d742\u00d7110 mm<\/td>\n<\/tr>\n<tr>\n<td><strong>Informacje o kartonie:<\/strong><\/td>\n<td>160szt \/ 470\u00d7390\u00d7260mm<\/td>\n<\/tr>\n<\/tbody>\n<h3>Po\u0142\u0105czenia smakowe<\/h3>\n<p>Dzi\u0119ki FIHP 60K otrzymujesz nie tylko jeden smak \u2013 masz trzy w jednym urz\u0105dzeniu! Oto ekscytuj\u0105ce kombinacje czekaj\u0105 na Ciebie:<\/p>\n<ul>\n<li><strong>Arbuzowy l\u00f3d \u2022 Red Bull \u2022 Truskawkowy Kiwi:<\/strong> Orze\u017awiaj\u0105cy nap\u00f3j owocowy i energetyczny w po\u0142\u0105czeniu zapewniaj\u0105cy satysfakcj\u0119 na ca\u0142y dzie\u0144 \ud83c\udf49\ud83e\udd5d\u26a1<\/li>\n<li><strong>Cytrynowo-limonkowy \u2022 Truskawkowy arbuz \u2022 Lody jagodowe:<\/strong> Orze\u017awiaj\u0105ce, owocowe i lodowate trio \ud83c\udf4b\ud83c\udf53\ud83e\uded0\u2744\ufe0f<\/li>\n<li><strong>Truskawkowy Banan \u2022 Podw\u00f3jne Jab\u0142ko \u2022 Malinowy Arbuz:<\/strong> S\u0142odkie, soczyste i klasyczne mieszanki \ud83c\udf53\ud83c\udf4c\ud83c\udf4f<\/li>\n<li><strong>Truskawka Kiwi \u2022 Kwa\u015bny Ananas Mango \u2022 Red Bull:<\/strong> Egzotyczne owoce z energetycznym akcentem \ud83e\udd6d\ud83c\udf4d\u26a1<\/li>\n<li><strong>Owoce tropikalne \u2022 Arbuz truskawkowy \u2022 Brzoskwinia cytrynowa:<\/strong> Tropikalny raj w ka\u017cdym zaci\u0105gni\u0119ciu \ud83c\udfdd\ufe0f\ud83c\udf51<\/li>\n<li><strong>Ananas Kokos \u2022 Blue Razz \u2022 Truskawka Banan:<\/strong> S\u0142odka, kremowa i pikantna warstwa \ud83c\udf4d\ud83e\udd65\ud83c\udf4c<\/li>\n<li><strong>Truskawka Malina \u2022 Potr\u00f3jny Melon \u2022 Kwa\u015bny Ananas Mango:<\/strong> Owocowa eksplozja z r\u00f3wnowag\u0105 s\u0142odko-kwa\u015bn\u0105 \ud83c\udf49\ud83c\udf53<\/li>\n<li><strong>Mieszane jagody \u2022 Malinowy arbuz \u2022 Mango Brzoskwiniowy:<\/strong> Po\u0142\u0105czenie jag\u00f3d i tropik\u00f3w \ud83e\uded0\ud83c\udf51<\/li>\n<li><strong>Jagodowo-Malinowa \u2022 Truskawkowo-Waniliowa Cola \u2022 Cytrynowo-Limonkowa:<\/strong> Wyj\u0105tkowa fuzja z nutami napoju gazowanego \ud83e\udd64\ud83c\udf4b<\/li>\n<li><strong>L\u00f3d arbuzowy \u2022 Jagoda brzoskwiniowa \u2022 Potr\u00f3jny melon:<\/strong> Orze\u017awiaj\u0105ce trio melonowo-jagodowe \ud83c\udf49\ud83c\udf51<\/li>\n<\/ul>\n<h3>Idealny dla intensywnych u\u017cytkownik\u00f3w, poszukiwaczy smak\u00f3w i sprzeda\u017cy hurtowej<\/h3>\n<p>Urz\u0105dzenie FIHP 60000 Triple 3 w 1 zosta\u0142o zaprojektowane dla u\u017cytkownik\u00f3w wymagaj\u0105cych r\u00f3\u017cnorodno\u015bci i wydajno\u015bci. Dzi\u0119ki systemowi potr\u00f3jnego smaku, du\u017cej liczbie zaci\u0105gni\u0119\u0107 i inteligentnym funkcjom jest idealny dla intensywnych u\u017cytkownik\u00f3w i mi\u0142o\u015bnik\u00f3w smak\u00f3w. Sklepy i dystrybutorzy vape pokochaj\u0105 jego opakowania zbiorcze i wysok\u0105 atrakcyjno\u015b\u0107 dla klient\u00f3w. \ud83d\ude80\ud83d\udca8<\/p>\n<h3>Cz\u0119sto zadawane pytania<\/h3>\n<ul>\n<li><strong>Ile zaci\u0105gni\u0119\u0107 zapewnia FIHP 60000?<\/strong><br \/>\nDo 60 000 zaci\u0105gni\u0119\u0107 zapewniaj\u0105cych d\u0142ugotrwa\u0142e wra\u017cenia z wapowania.<\/li>\n<li><strong>Czy mog\u0119 zmienia\u0107 smaki na jednym urz\u0105dzeniu?<\/strong><br \/>\nTak! Dzi\u0119ki tr\u00f3jkomorowej konstrukcji mo\u017cesz \u0142atwo prze\u0142\u0105cza\u0107 si\u0119 pomi\u0119dzy trzema smakami.<\/li>\n<li><strong>Czy ma akumulator?<\/strong><br \/>\nTak, jest wyposa\u017cony w akumulator 850 mAh i \u0142adowanie typu C.<\/li>\n<li><strong>Jakie moce nikotyny s\u0105 dost\u0119pne?<\/strong><br \/>\nWyst\u0119puje w wersjach o mocy 2% i 5% nikotyny.<\/li>\n<li><strong>Czy jest odpowiedni dla odbiorc\u00f3w hurtowych?<\/strong><br \/>\nAbsolutnie! Dzi\u0119ki 160 sztukom w kartonie jest idealny dla sklep\u00f3w z waporyzatorami i dystrybutor\u00f3w masowych.<\/li>\n<\/ul>\n","protected":false},"excerpt":{"rendered":"<p>Poczuj smak bez przerwy dzi\u0119ki jednorazowemu waporyzatorowi 3 w 1 FIHP 60000 \ud83d\udca8\ud83d\udd25. Dzi\u0119ki tr\u00f3jkomorowej konstrukcji, do 60 000 zaci\u0105gni\u0119\u0107 i p\u0142ynnej pracy cewki z podw\u00f3jn\u0105 siatk\u0105, jest idealny dla mi\u0142o\u015bnik\u00f3w vape i odbiorc\u00f3w hurtowych.<\/p>\n","protected":false},"featured_media":3838,"comment_status":"open","ping_status":"closed","template":"","meta":[],"product_brand":[],"product_cat":[1026,1873,1059,839,1416,1273,1306,1613,1484,1383,1520,1555,2179,1686,1650,1342,1450,1234,701,404,875],"product_tag":[],"class_list":{"0":"post-40327","1":"product","2":"type-product","3":"status-publish","4":"has-post-thumbnail","6":"product_cat-cyfrowe-pude-ko-vape","7":"product_cat-fihp","8":"product_cat-inteligentne-waporyzatory-ekranowe","9":"product_cat-jednorazowe-typy-waporyzatorow","10":"product_cat-jednorazowe-vapes-na-wegrzech","11":"product_cat-jednorazowe-vapes-w-austrii","12":"product_cat-jednorazowe-vapes-w-belgii","13":"product_cat-jednorazowe-vapes-w-hiszpanii","14":"product_cat-jednorazowe-vapes-w-holandii","15":"product_cat-jednorazowe-vapes-w-niemczech","16":"product_cat-jednorazowe-vapes-w-norwegii","17":"product_cat-jednorazowe-vapes-w-polsce","18":"product_cat-jednorazowe-vapes-w-portugalii","19":"product_cat-jednorazowe-vapes-w-szwajcarii","20":"product_cat-jednorazowe-vapes-w-szwecji","21":"product_cat-jednorazowe-vapes-we-francji","22":"product_cat-jednorazowe-vapes-we-w-oszech","23":"product_cat-jednorazowe-waporyzatory-w-europie","24":"product_cat-jednorazowy-waporyzator-o-pojemnosci-60000-zaciagniec","25":"product_cat-rozne-zaciagniecia-jednorazowych-waporyzatorow","26":"product_cat-vape-big-puffs","28":"first","29":"instock","30":"shipping-taxable","31":"purchasable","32":"product-type-variable","33":"has-default-attributes"},"tiered_pricing_type":"fixed","tiered_pricing_fixed_rules":{"30":8.269999999999999573674358543939888477325439453125,"50":6.54000000000000003552713678800500929355621337890625,"100":5.9199999999999999289457264239899814128875732421875,"200":5.54999999999999982236431605997495353221893310546875,"400":5.12000000000000010658141036401502788066864013671875},"tiered_pricing_product_settings":{"layout":"default","base_unit_name":{"singular":null,"plural":null},"default_variation":null},"tiered_pricing_minimum_quantity":10,"tiered_pricing_roles_data":[],"tiered_pricing_percentage_rules":[],"tiered_pricing_maximum_quantity":null,"tiered_pricing_quantity_step":"10","_links":{"self":[{"href":"https:\/\/stage.jrfer.com\/pl\/wp-json\/wp\/v2\/product\/40327","targetHints":{"allow":["GET"]}}],"collection":[{"href":"https:\/\/stage.jrfer.com\/pl\/wp-json\/wp\/v2\/product"}],"about":[{"href":"https:\/\/stage.jrfer.com\/pl\/wp-json\/wp\/v2\/types\/product"}],"replies":[{"embeddable":true,"href":"https:\/\/stage.jrfer.com\/pl\/wp-json\/wp\/v2\/comments?post=40327"}],"wp:featuredmedia":[{"embeddable":true,"href":"https:\/\/stage.jrfer.com\/pl\/wp-json\/wp\/v2\/media\/3838"}],"wp:attachment":[{"href":"https:\/\/stage.jrfer.com\/pl\/wp-json\/wp\/v2\/media?parent=40327"}],"wp:term":[{"taxonomy":"product_brand","embeddable":true,"href":"https:\/\/stage.jrfer.com\/pl\/wp-json\/wp\/v2\/product_brand?post=40327"},{"taxonomy":"product_cat","embeddable":true,"href":"https:\/\/stage.jrfer.com\/pl\/wp-json\/wp\/v2\/product_cat?post=40327"},{"taxonomy":"product_tag","embeddable":true,"href":"https:\/\/stage.jrfer.com\/pl\/wp-json\/wp\/v2\/product_tag?post=40327"}],"curies":[{"name":"wp","href":"https:\/\/api.w.org\/{rel}","templated":true}]}}