{"id":42393,"date":"2025-07-07T09:21:14","date_gmt":"2025-07-07T09:21:14","guid":{"rendered":"https:\/\/stage.jrfer.com\/product\/bang-e-shisha-head-42k-zloty-jednorazowy-waporyzator-do-sziszy-o-pojemnosci-42000-zaciagniec-z-dioda-led-i-ladowaniem-typu-c\/"},"modified":"2026-04-07T13:15:31","modified_gmt":"2026-04-07T13:15:31","slug":"bang-e-shisha-head-42000-puffs","status":"publish","type":"product","link":"https:\/\/stage.jrfer.com\/pl\/produkt\/bang-e-shisha-head-42000-puffs\/","title":{"rendered":"Bang E-Shisha Head 42K | Z\u0142oty jednorazowy waporyzator do sziszy o pojemno\u015bci 42000 zaci\u0105gni\u0119\u0107 z diod\u0105 LED i \u0142adowaniem typu C"},"content":{"rendered":"<h2>Dlaczego warto wybra\u0107 Bang E-Shisha Head 42K?<\/h2>\n<ul>\n<li><strong>Ogromne 42 000 zaci\u0105gni\u0119\u0107:<\/strong> wyj\u0105tkowo d\u0142uga \u017cywotno\u015b\u0107 i maksymalna warto\u015b\u0107 \ud83d\udd25<\/li>\n<li><strong>Akumulator:<\/strong> 1000 mAh z szybkim \u0142adowaniem typu C \u26a1<\/li>\n<li><strong>Grza\u0142ka z potr\u00f3jn\u0105 siatk\u0105:<\/strong> G\u0142adka para, bogaty smak i sta\u0142a wydajno\u015b\u0107 \ud83c\udf2c\ufe0f<\/li>\n<li><strong>Wzornictwo ze z\u0142otym wyko\u0144czeniem:<\/strong> stylowy, elegancki i najwy\u017cszej klasy wygl\u0105d \u2728<\/li>\n<li><strong>Wy\u015bwietlacz LED:<\/strong> Monitorowanie zaci\u0105gni\u0119cia i baterii w czasie rzeczywistym \ud83d\udcca<\/li>\n<li><strong>Kompaktowy i przeno\u015bny:<\/strong> \u0142atwy do przenoszenia w podr\u00f3\u017cy lub na co dzie\u0144 \ud83c\udf92<\/li>\n<li><strong>Du\u017cy zbiornik na e-liquid:<\/strong> 30 ml soku premium dla d\u0142u\u017cszej przyjemno\u015bci \ud83c\udf79<\/li>\n<li><strong>Przyjazny dla sprzeda\u017cy hurtowej:<\/strong> Produkt ciesz\u0105cy si\u0119 du\u017cym zainteresowaniem w\u015br\u00f3d sklep\u00f3w i dystrybutor\u00f3w vape \ud83d\udce6<\/li>\n<\/ul>\n<h3>Specyfikacje<\/h3>\n<tr>\n<td><strong>Liczba zaci\u0105gni\u0119\u0107:<\/strong><\/td>\n<td>Do 42 000 zaci\u0105gni\u0119\u0107<\/td>\n<\/tr>\n<tr>\n<td><strong>Bateria:<\/strong><\/td>\n<td>Akumulator 1000 mAh (\u0142adowanie typu C)<\/td>\n<\/tr>\n<tr>\n<td><strong>Pojemno\u015b\u0107 e-p\u0142ynu:<\/strong><\/td>\n<td>30 ml wst\u0119pnie nape\u0142nione<\/td>\n<\/tr>\n<tr>\n<td><strong>Typ cewki:<\/strong><\/td>\n<td>Potr\u00f3jne zaawansowane cewki siatkowe<\/td>\n<\/tr>\n<tr>\n<td><strong>Wy\u015bwietlacz:<\/strong><\/td>\n<td>Ekran LED informuj\u0105cy o zaci\u0105gni\u0119ciu i poziomie na\u0142adowania baterii<\/td>\n<\/tr>\n<tr>\n<td><strong>Projekt:<\/strong><\/td>\n<td>Poz\u0142acane, kompaktowe, przeno\u015bne<\/td>\n<\/tr>\n<tr>\n<td><strong>Typ:<\/strong><\/td>\n<td>Jednorazowe, bezobs\u0142ugowe<\/td>\n<\/tr>\n<tr>\n<td><strong>Smaki:<\/strong><\/td>\n<td>Szeroka gama mieszanek owocowych i mi\u0119towych<\/td>\n<\/tr>\n<\/tbody>\n<h3>Opcje smakowe<\/h3>\n<p>Ciesz si\u0119 odwa\u017cnym wyborem smak\u00f3w <strong>Bang E-Shisha Head 42 tys.<\/strong> \u2014 stworzonych z my\u015bl\u0105 o ka\u017cdym upodobaniu smakowym:<\/p>\n<ul>\n<li><strong>Mi\u0119ta:<\/strong> Klasyczna lodowata, ch\u0142odna \u015bwie\u017co\u015b\u0107 \u2744\ufe0f\ud83c\udf3f<\/li>\n<li><strong>Jagoda Mi\u0119ta:<\/strong> S\u0142odka jagoda z orze\u017awiaj\u0105c\u0105 mi\u0119t\u0105 \ud83e\uded0\ud83c\udf3f<\/li>\n<li><strong>Podw\u00f3jne jab\u0142ka:<\/strong> ostra mieszanka czerwonych i zielonych jab\u0142ek \ud83c\udf4f\ud83c\udf4e<\/li>\n<li><strong>Brzoskwiniowy l\u00f3d:<\/strong> Soczysta brzoskwinia z mro\u017anym kopni\u0119ciem \ud83c\udf51\u2744\ufe0f<\/li>\n<li><strong>Malina jagodowa:<\/strong> pikantno-s\u0142odka mieszanka jag\u00f3d \ud83e\uded0\ud83c\udf53<\/li>\n<li><strong>L\u00f3d jagodowy:<\/strong> Mro\u017cona rozkosz jagodowa \ud83e\uded0\u2744\ufe0f<\/li>\n<li><strong>Brzoskwinia jagodowa:<\/strong> Soczysta brzoskwinia spotyka si\u0119 ze s\u0142odk\u0105 jagod\u0105 \ud83e\uded0\ud83c\udf51<\/li>\n<li><strong>Arbuz:<\/strong> Orze\u017awiaj\u0105cy i soczysty arbuz \ud83c\udf49<\/li>\n<li><strong>Truskawkowy Arbuz:<\/strong> Idealne po\u0142\u0105czenie truskawek i melona \ud83c\udf53\ud83c\udf49<\/li>\n<li><strong>Truskawkowe liczi:<\/strong> Egzotyczne liczi ze s\u0142odk\u0105 truskawk\u0105 \ud83c\udf53\ud83e\udd6d<\/li>\n<li><strong>Mi\u0119ta winogronowa:<\/strong> Odwa\u017cny smak winogron z ch\u0142odz\u0105c\u0105 mi\u0119tow\u0105 nut\u0105 \ud83c\udf47\ud83c\udf3f<\/li>\n<li><strong>Mieszana owocowa:<\/strong> Tropikalny koktajl pe\u0142en owocowej dobroci \ud83c\udf4d\ud83c\udf4a\ud83c\udf53<\/li>\n<\/ul>\n<h3>Idealny dla intensywnych u\u017cytkownik\u00f3w i odbiorc\u00f3w hurtowych<\/h3>\n<p> <strong>Bang E-Shisha Head 42K<\/strong> jest przeznaczona dla <strong>mi\u0142o\u015bnik\u00f3w sziszy, poszukiwaczy smak\u00f3w i sklep\u00f3w z waporyzatorami<\/strong>, kt\u00f3rzy potrzebuj\u0105 <strong>d\u0142ugotrwa\u0142ego, stylowego i niezawodnego jednorazowego u\u017cytku<\/strong>. Dzi\u0119ki <strong>doskonalej konstrukcji, potr\u00f3jnej cewce siatkowej i szerokiej gamie smak\u00f3w<\/strong> jest to doskona\u0142y wyb\u00f3r dla <strong>dystrybucji hurtowej i nabywc\u00f3w B2B<\/strong>. \ud83d\ude80<\/p>\n<h3>Cz\u0119sto zadawane pytania<\/h3>\n<ul>\n<li><strong>Jak d\u0142ugo to trwa?<\/strong><br \/>\nDo 42 000 zaci\u0105gni\u0119\u0107 \u2014 trwa\u0142o\u015b\u0107 na kilka tygodni, w zale\u017cno\u015bci od u\u017cytkowania.<\/li>\n<li><strong>Czy mo\u017cna go \u0142adowa\u0107?<\/strong><br \/>\nTak, ma bateri\u0119 1000 mAh z \u0142adowaniem typu C.<\/li>\n<li><strong>Czy musz\u0119 go nape\u0142nia\u0107 lub konserwowa\u0107?<\/strong><br \/>\nNie, jest w pe\u0142ni jednorazowy i ma du\u017cy, wst\u0119pnie nape\u0142niony zbiornik.<\/li>\n<li><strong>Co czyni go wyj\u0105tkowym?<\/strong><br \/>\nKonstrukcja ze z\u0142otym wyko\u0144czeniem, wy\u015bwietlacz LED i cewka z potr\u00f3jn\u0105 siatk\u0105 odr\u00f3\u017cniaj\u0105 go od zwyk\u0142ych wyrob\u00f3w jednorazowego u\u017cytku.<\/li>\n<li><strong>Czy to dobre dla sprzeda\u017cy hurtowej?<\/strong><br \/>\nTak! Dzi\u0119ki ogromnej liczbie zaci\u0105gni\u0119\u0107, doskona\u0142emu wzornictwu i opcjom smakowym cieszy si\u0119 du\u017cym zainteresowaniem sklep\u00f3w i dystrybutor\u00f3w vape.<\/li>\n<\/ul>\n","protected":false},"excerpt":{"rendered":"<p> <strong>Bang E-Shisha Head 42K<\/strong> \ud83d\udca8 zapewnia do <strong>42 000 zaci\u0105gni\u0119\u0107<\/strong>, ma najwy\u017cszej jako\u015bci <strong>poz\u0142acane wyko\u0144czenie<\/strong>, wy\u015bwietlacz LED i mocny akumulator \u2014 idealny dla <strong>dystrybutor\u00f3w, hurtownik\u00f3w i mi\u0142o\u015bnik\u00f3w ci\u0119\u017ckiej sziszy<\/strong>.<\/p>\n","protected":false},"featured_media":1550,"comment_status":"open","ping_status":"closed","template":"","meta":[],"product_brand":[],"product_cat":[348,630],"product_tag":[],"class_list":{"0":"post-42393","1":"product","2":"type-product","3":"status-publish","4":"has-post-thumbnail","6":"product_cat-bang","7":"product_cat-jednorazowy-waporyzator-o-pojemnosci-40000-zaciagniec","9":"first","10":"instock","11":"shipping-taxable","12":"purchasable","13":"product-type-variable","14":"has-default-attributes"},"tiered_pricing_type":"fixed","tiered_pricing_fixed_rules":{"30":8.3900000000000005684341886080801486968994140625,"50":7.53000000000000024868995751603506505489349365234375,"100":6.79000000000000003552713678800500929355621337890625,"200":6.4199999999999999289457264239899814128875732421875,"400":5.86000000000000031974423109204508364200592041015625},"tiered_pricing_product_settings":{"layout":"default","base_unit_name":{"singular":null,"plural":null},"default_variation":null},"tiered_pricing_minimum_quantity":10,"tiered_pricing_roles_data":[],"tiered_pricing_percentage_rules":[],"tiered_pricing_maximum_quantity":null,"tiered_pricing_quantity_step":"10","_links":{"self":[{"href":"https:\/\/stage.jrfer.com\/pl\/wp-json\/wp\/v2\/product\/42393","targetHints":{"allow":["GET"]}}],"collection":[{"href":"https:\/\/stage.jrfer.com\/pl\/wp-json\/wp\/v2\/product"}],"about":[{"href":"https:\/\/stage.jrfer.com\/pl\/wp-json\/wp\/v2\/types\/product"}],"replies":[{"embeddable":true,"href":"https:\/\/stage.jrfer.com\/pl\/wp-json\/wp\/v2\/comments?post=42393"}],"wp:featuredmedia":[{"embeddable":true,"href":"https:\/\/stage.jrfer.com\/pl\/wp-json\/wp\/v2\/media\/1550"}],"wp:attachment":[{"href":"https:\/\/stage.jrfer.com\/pl\/wp-json\/wp\/v2\/media?parent=42393"}],"wp:term":[{"taxonomy":"product_brand","embeddable":true,"href":"https:\/\/stage.jrfer.com\/pl\/wp-json\/wp\/v2\/product_brand?post=42393"},{"taxonomy":"product_cat","embeddable":true,"href":"https:\/\/stage.jrfer.com\/pl\/wp-json\/wp\/v2\/product_cat?post=42393"},{"taxonomy":"product_tag","embeddable":true,"href":"https:\/\/stage.jrfer.com\/pl\/wp-json\/wp\/v2\/product_tag?post=42393"}],"curies":[{"name":"wp","href":"https:\/\/api.w.org\/{rel}","templated":true}]}}