{"id":43123,"date":"2025-07-07T09:28:39","date_gmt":"2025-07-07T09:28:39","guid":{"rendered":"https:\/\/stage.jrfer.com\/product\/bang-king-85k-3-w-1-jednorazowy-vape-o-potrojnym-smaku-o-pojemnosci-85-000-zaciagniec\/"},"modified":"2026-04-07T08:57:17","modified_gmt":"2026-04-07T08:57:17","slug":"bang-king-85k","status":"publish","type":"product","link":"https:\/\/stage.jrfer.com\/pl\/produkt\/bang-king-85k\/","title":{"rendered":"Bang King 85K 3 w 1 | Jednorazowy vape o potr\u00f3jnym smaku o pojemno\u015bci 85 000 zaci\u0105gni\u0119\u0107"},"content":{"rendered":"<h2>Dlaczego warto wybra\u0107 urz\u0105dzenie 3 w 1 Bang King 85K?<\/h2>\n<ul>\n<li><strong>85 000 zaci\u0105gni\u0119\u0107:<\/strong> Ciesz si\u0119 a\u017c do 85 000 zaci\u0105gni\u0119\u0107 czystej satysfakcji, idealne dla d\u0142ugoterminowych waper\u00f3w i intensywnych u\u017cytkownik\u00f3w \ud83d\udd25\ud83d\udca8<\/li>\n<li><strong>Potr\u00f3jna regulacja smaku:<\/strong> prze\u0142\u0105czaj si\u0119 pomi\u0119dzy trzema niesamowitymi smakami w jednym urz\u0105dzeniu, aby za ka\u017cdym razem uzyska\u0107 wyj\u0105tkowe wra\u017cenia \ud83c\udf53\ud83c\udf4d\ud83c\udf49<\/li>\n<li><strong>Grza\u0142ka z potr\u00f3jn\u0105 siatk\u0105:<\/strong> Wyposa\u017cona w cewk\u0119 z potr\u00f3jn\u0105 siatk\u0105 1,0 \u03a9, zapewniaj\u0105ca wyj\u0105tkowo g\u0142adkie uderzenia i lepsze dostarczanie smaku \ud83d\udd25<\/li>\n<li><strong>Du\u017ca pojemno\u015b\u0107 e-liquidu:<\/strong> Ogromna pojemno\u015b\u0107 63 ml e-liquidu (21 ml x 3) zapewnia rzadsze uzupe\u0142nianie i nieprzerwane wapowanie \u26fd<\/li>\n<li><strong>\u0141adowanie i wygoda:<\/strong> Wyposa\u017cony w akumulator 600 mAh z funkcj\u0105 \u0142adowania typu C, kt\u00f3ra umo\u017cliwia szybkie do\u0142adowanie \u26a1\ud83d\udd0b<\/li>\n<li><strong>Wy\u015bwietlacz LED:<\/strong> B\u0105d\u017a na bie\u017c\u0105co dzi\u0119ki ekranowi LED urz\u0105dzenia wy\u015bwietlaj\u0105cemu stan baterii i smaku \ud83d\udcca\u2728<\/li>\n<li><strong>Opakowania zbiorcze:<\/strong> Dost\u0119pne w opakowaniach po 10 sztuk, idealne do sklep\u00f3w z waporyzatorami i dystrybucji hurtowej \ud83d\udce6\ud83d\udcbc<\/li>\n<\/ul>\n<h3>Specyfikacje<\/h3>\n<tr>\n<td><strong>Liczba zaci\u0105gni\u0119\u0107:<\/strong><\/td>\n<td>Do 85 000 zaci\u0105gni\u0119\u0107<\/td>\n<\/tr>\n<tr>\n<td><strong>Si\u0142a nikotyny:<\/strong><\/td>\n<td>0%, 2%, 3%, 5%<\/td>\n<\/tr>\n<tr>\n<td><strong>Pojemno\u015b\u0107 e-p\u0142ynu:<\/strong><\/td>\n<td>63 ml (21 ml \u00d7 3 smaki)<\/td>\n<\/tr>\n<tr>\n<td><strong>Typ cewki:<\/strong><\/td>\n<td>Potr\u00f3jna cewka siatkowa (1,0 \u03a9)<\/td>\n<\/tr>\n<tr>\n<td><strong>Pojemno\u015b\u0107 baterii:<\/strong><\/td>\n<td>Akumulator 600 mAh<\/td>\n<\/tr>\n<tr>\n<td><strong>\u0141adowanie:<\/strong><\/td>\n<td>Typ C<\/td>\n<\/tr>\n<tr>\n<td><strong>Wy\u015bwietlacz:<\/strong><\/td>\n<td>Ekran LED<\/td>\n<\/tr>\n<tr>\n<td><strong>Opakowanie:<\/strong><\/td>\n<td>10 sztuk w opakowaniu<\/td>\n<\/tr>\n<\/tbody>\n<h3>Kolekcja smak\u00f3w<\/h3>\n<p>Dzi\u0119ki 16 ekscytuj\u0105cym kombinacjom potr\u00f3jnych smak\u00f3w ka\u017cdy waporyzator zapewnia wyj\u0105tkowe, \u017cywe wra\u017cenia. Oto niekt\u00f3re z najcz\u0119\u015bciej wybieranych opcji:<\/p>\n<ul>\n<li><strong>Watermelon Ice &amp; Red Bull &amp; Strawberry Kiwi:<\/strong> Orze\u017awiaj\u0105cy arbuz i ch\u0142odny l\u00f3d z nut\u0105 energetyzuj\u0105cego Red Bulla i s\u0142odkiego truskawkowego kiwi \ud83c\udf49\ud83e\udd5d<\/li>\n<li><strong>Strawberry Vanilla Coke &amp; Black Dragon Ice &amp; Peach Ice:<\/strong> Kremowa waniliowa cola z ch\u0142odnym akcentem Black Dragon Ice i soczyst\u0105 brzoskwini\u0105 \ud83c\udf53\ud83e\udd64<\/li>\n<li><strong>L\u00f3d jagodowy i cytryna Limonka i truskawka Arbuz:<\/strong> Tarta cytrynowo-limonkowa, s\u0142odki arbuz truskawkowy i lodowe jagody dla idealnej r\u00f3wnowagi \ud83e\uded0\ud83c\udf53\ud83c\udf4b<\/li>\n<li><strong>Kiwi Marakuja, Lush Ice i Straw Mango:<\/strong> Tropikalna marakuja i gujawa w po\u0142\u0105czeniu z orze\u017awiaj\u0105cym lodowym kopni\u0119ciem \ud83e\udd5d\ud83c\udf53<\/li>\n<li><strong>Truskawkowy Banan &amp; R\u00f3\u017cowa Lemoniada &amp; Malinowy Arbuz:<\/strong> S\u0142odka kombinacja truskawkowo-bananowego i orze\u017awiaj\u0105cej r\u00f3\u017cowej lemoniady \ud83c\udf53\ud83c\udf4c\ud83c\udf49<\/li>\n<li><strong>Blue Razz Ice &amp; Strawberry Watermelon &amp; Watermelon Ice:<\/strong> Odwa\u017cne po\u0142\u0105czenie jagodowego razz z soczystym arbuzem i mro\u017anym wyko\u0144czeniem \ud83c\udf47\ud83c\udf49\u2744\ufe0f<\/li>\n<li><strong>Peach Mango &amp; Blue Razz Cherry &amp; Cool Mint:<\/strong> S\u0142odka brzoskwinia i mango w po\u0142\u0105czeniu z cierpk\u0105 niebiesk\u0105 wi\u015bni\u0105 Razz i ch\u0142odz\u0105c\u0105 mi\u0119t\u0105 \ud83c\udf51\ud83e\udd6d\ud83c\udf52<\/li>\n<li><strong>Berry Lemonade &amp; Strawberry Red Bull &amp; Strawberry Pomp:<\/strong> Ostra lemoniada jagodowa zmieszana z energetyzuj\u0105cym Red Bullem truskawkowym \ud83c\udf53\ud83c\udf4b\u26a1<\/li>\n<li><strong>Owoce tropikalne, brzoskwinia i truskawka, arbuz:<\/strong> \u017bywa mieszanka owoc\u00f3w tropikalnych z orze\u017awiaj\u0105c\u0105 brzoskwini\u0105 cytrynow\u0105 i arbuzem truskawkowym \ud83c\udf4d\ud83c\udf53\ud83c\udf51<\/li>\n<li><strong>Double Apple &amp; Ananas Ice &amp; Fruity Fusion:<\/strong> S\u0142odkie jab\u0142ko i tropikalny ananas z ch\u0142odnym, lodowym finiszem \ud83c\udf4f\ud83c\udf4d\u2744\ufe0f<\/li>\n<li><strong>Ananas Kokos &amp; Blue Razz &amp; Strawberry Banana:<\/strong> Tropikalna eksplozja kokosa ananasa, niebieskiego razz i banana truskawkowego \ud83e\udd65\ud83c\udf4d\ud83c\udf53<\/li>\n<li><strong>Cola Ice &amp; Cherry Cola &amp; Mr Blue:<\/strong> Zabawna mieszanka lodowej coli, coli wi\u015bniowej i orze\u017awiaj\u0105cego akcentu Mr Blue \ud83e\udd64\ud83c\udf52\ud83d\udc99<\/li>\n<li><strong>Truskawkowy Arbuz &amp; Triple Melon &amp; Strawberry Ice:<\/strong> Przepyszna mieszanka arbuza, melona i truskawki z lodowatym wydechem \ud83c\udf53\ud83c\udf49\ud83c\udf48<\/li>\n<li><strong>Strawberry Donut &amp; Love 66 &amp; Banana Ice:<\/strong> S\u0142odko-kremowy smak p\u0105czka truskawkowego z nut\u0105 love 66 i lodem bananowym \ud83c\udf69\ud83c\udf4c\ud83c\udf53<\/li>\n<li><strong>Mieszane jagody, mango, brzoskwinie i lody winogronowe:<\/strong> Bogata mieszanka mieszanych jag\u00f3d, s\u0142odkiej brzoskwini z mango i ch\u0142odnego lodu winogronowego \ud83c\udf47\ud83e\udd6d\ud83c\udf51<\/li>\n<li><strong>Ice Tea Lemon Ice &amp; Lychee Ice &amp; Mango On Ice:<\/strong> Orze\u017awiaj\u0105ca mro\u017cona herbata z cytryn\u0105, liczi i tropikalnym mango \ud83c\udf4b\ud83c\udf53\ud83e\udd6d\u2744\ufe0f<\/li>\n<\/ul>\n<h3>Idealny dla intensywnych u\u017cytkownik\u00f3w, poszukiwaczy smak\u00f3w i odbiorc\u00f3w hurtowych<\/h3>\n<p>Bang King 85K zosta\u0142 zaprojektowany dla poszukiwaczy smaku i intensywnych u\u017cytkownik\u00f3w, kt\u00f3rzy potrzebuj\u0105 d\u0142ugotrwa\u0142ej wydajno\u015bci. Dzi\u0119ki ogromnej liczbie 85 000 zaci\u0105gni\u0119\u0107, regulowanym ustawieniom o trzech smakach i najwy\u017cszej jako\u015bci pojemno\u015bci e-liquidu, jest idealny dla sklep\u00f3w z waporyzatorami i dystrybutor\u00f3w hurtowych, kt\u00f3rzy chc\u0105 zaoferowa\u0107 swoim klientom wra\u017cenia na najwy\u017cszym poziomie. Zr\u00f3b zapasy i zwi\u0119ksz sprzeda\u017c ju\u017c dzi\u015b! \ud83d\udce6\ud83d\ude80<\/p>\n<h3>Cz\u0119sto zadawane pytania<\/h3>\n<ul>\n<li><strong>Jak d\u0142ugo wytrzymuje Bang King 85K?<\/strong><br \/>\nUrz\u0105dzenie oferuje do 85 000 zaci\u0105gni\u0119\u0107, w zale\u017cno\u015bci od u\u017cytkowania, zapewniaj\u0105c d\u0142ugotrwa\u0142\u0105 satysfakcj\u0119.<\/li>\n<li><strong>Jakie moce nikotyny s\u0105 dost\u0119pne?<\/strong><br \/>\nMo\u017cesz wybra\u0107 st\u0119\u017cenie nikotyny 0%, 2%, 3% lub 5%, w zale\u017cno\u015bci od preferencji.<\/li>\n<li><strong>Jak na\u0142adowa\u0107 urz\u0105dzenie?<\/strong><br \/>\nBang King 85K jest wyposa\u017cony w szybkie \u0142adowanie typu C, dzi\u0119ki czemu mo\u017cesz szybko na\u0142adowa\u0107 urz\u0105dzenie do ci\u0105g\u0142ego u\u017cytkowania.<\/li>\n<li><strong>Jakie smaki s\u0105 uwzgl\u0119dnione?<\/strong><br \/>\nBang King 85K zawiera 16 potr\u00f3jnych kombinacji smakowych, oferuj\u0105cych za ka\u017cdym razem wyj\u0105tkowe i ekscytuj\u0105ce wra\u017cenia z wapowania.<\/li>\n<li><strong>Czy mog\u0119 kupi\u0107 to hurtowo do mojego sklepu z waporyzatorami?<\/strong><br \/>\nTak, Bang King 85K jest dost\u0119pny w opakowaniach po 10 sztuk, dzi\u0119ki czemu idealnie nadaje si\u0119 do sklep\u00f3w z waporyzatorami i dystrybucji hurtowej.<\/li>\n<\/ul>\n","protected":false},"excerpt":{"rendered":"<p>Odkryj Bang King 85K z mo\u017cliwo\u015bci\u0105 do 85 000 zaci\u0105gni\u0119\u0107, regulowanymi kombinacjami trzech smak\u00f3w i akumulatorem 600 mAh. Idealny dla sklep\u00f3w z waporyzacj\u0105, hurtownik\u00f3w i ci\u0119\u017ckich u\u017cytkownik\u00f3w poszukuj\u0105cych konfigurowalnych i d\u0142ugotrwa\u0142ych wra\u017ce\u0144 z waporyzacji. \ud83d\udca8\ud83c\udf53\ud83c\udf49<\/p>\n","protected":false},"featured_media":4002,"comment_status":"open","ping_status":"closed","template":"","meta":[],"product_brand":[],"product_cat":[348],"product_tag":[],"class_list":{"0":"post-43123","1":"product","2":"type-product","3":"status-publish","4":"has-post-thumbnail","6":"product_cat-bang","8":"first","9":"instock","10":"shipping-taxable","11":"purchasable","12":"product-type-variable","13":"has-default-attributes"},"tiered_pricing_type":"fixed","tiered_pricing_fixed_rules":{"30":7.9000000000000003552713678800500929355621337890625,"50":6.1699999999999999289457264239899814128875732421875,"100":5.54999999999999982236431605997495353221893310546875,"200":5.17999999999999971578290569595992565155029296875,"400":4.75},"tiered_pricing_product_settings":{"layout":"default","base_unit_name":{"singular":null,"plural":null},"default_variation":null},"tiered_pricing_minimum_quantity":10,"tiered_pricing_roles_data":[],"tiered_pricing_percentage_rules":[],"tiered_pricing_maximum_quantity":null,"tiered_pricing_quantity_step":"10","_links":{"self":[{"href":"https:\/\/stage.jrfer.com\/pl\/wp-json\/wp\/v2\/product\/43123","targetHints":{"allow":["GET"]}}],"collection":[{"href":"https:\/\/stage.jrfer.com\/pl\/wp-json\/wp\/v2\/product"}],"about":[{"href":"https:\/\/stage.jrfer.com\/pl\/wp-json\/wp\/v2\/types\/product"}],"replies":[{"embeddable":true,"href":"https:\/\/stage.jrfer.com\/pl\/wp-json\/wp\/v2\/comments?post=43123"}],"wp:featuredmedia":[{"embeddable":true,"href":"https:\/\/stage.jrfer.com\/pl\/wp-json\/wp\/v2\/media\/4002"}],"wp:attachment":[{"href":"https:\/\/stage.jrfer.com\/pl\/wp-json\/wp\/v2\/media?parent=43123"}],"wp:term":[{"taxonomy":"product_brand","embeddable":true,"href":"https:\/\/stage.jrfer.com\/pl\/wp-json\/wp\/v2\/product_brand?post=43123"},{"taxonomy":"product_cat","embeddable":true,"href":"https:\/\/stage.jrfer.com\/pl\/wp-json\/wp\/v2\/product_cat?post=43123"},{"taxonomy":"product_tag","embeddable":true,"href":"https:\/\/stage.jrfer.com\/pl\/wp-json\/wp\/v2\/product_tag?post=43123"}],"curies":[{"name":"wp","href":"https:\/\/api.w.org\/{rel}","templated":true}]}}