{"id":43879,"date":"2025-07-07T09:20:50","date_gmt":"2025-07-07T09:20:50","guid":{"rendered":"https:\/\/stage.jrfer.com\/product\/fizzy-nova-20000-puffow-jednorazowy-waporyzator-z-podwojna-siateczka-i-ekranem-lcd\/"},"modified":"2026-04-07T13:17:09","modified_gmt":"2026-04-07T13:17:09","slug":"fizzy-nova-20000-puffs","status":"publish","type":"product","link":"https:\/\/stage.jrfer.com\/pl\/produkt\/fizzy-nova-20000-puffs\/","title":{"rendered":"Fizzy Nova 20000 Puff\u00f3w | Jednorazowy waporyzator z podw\u00f3jn\u0105 siateczk\u0105 i ekranem LCD"},"content":{"rendered":"<h2>Dlaczego warto wybra\u0107 Fizzy Nova 20000 Puff\u00f3w?<\/h2>\n<ul>\n<li><strong>20 000 zaci\u0105gni\u0119\u0107:<\/strong> wyj\u0105tkowo trwa\u0142y, przeznaczony dla os\u00f3b intensywnie waporyzuj\u0105cych i kupuj\u0105cych masowo \ud83d\udd25<\/li>\n<li><strong>Podw\u00f3jna cewka siatkowa:<\/strong> Bogaty, g\u0142adki smak przy ka\u017cdym zaci\u0105gni\u0119ciu \ud83c\udf2c\ufe0f<\/li>\n<li><strong>Akumulator:<\/strong> moc 850 mAh z szybkim \u0142adowaniem typu C \u26a1<\/li>\n<li><strong>Inteligentny wy\u015bwietlacz LCD:<\/strong> natychmiast sprawdzaj poziom e-p\u0142ynu i baterii \ud83d\udcca<\/li>\n<li><strong>Tryby Eco i Turbo:<\/strong> prze\u0142\u0105czaj mi\u0119dzy oszcz\u0119dzaniem energii a intensywnym wzmocnieniem smaku \ud83d\udd04<\/li>\n<li><strong>Opcje nikotynowe:<\/strong> 2% lub 5% w zale\u017cno\u015bci od r\u00f3\u017cnych preferencji \ud83d\udcaf<\/li>\n<li><strong>Wysokiej jako\u015bci metalowa konstrukcja:<\/strong> elegancki, trwa\u0142y i stylowy \u2728<\/li>\n<li><strong>Szeroki wyb\u00f3r smak\u00f3w:<\/strong> Od mieszanek owocowych po musuj\u0105ce \ud83c\udf53\ud83c\udf4b\ud83e\udd6d<\/li>\n<\/ul>\n<h3>Specyfikacje<\/h3>\n<tr>\n<td><strong>Wydajno\u015b\u0107 zaci\u0105gni\u0119cia:<\/strong><\/td>\n<td>Do 20 000 zaci\u0105gni\u0119\u0107<\/td>\n<\/tr>\n<tr>\n<td><strong>Bateria:<\/strong><\/td>\n<td>Akumulator 850 mAh, szybkie \u0142adowanie typu C<\/td>\n<\/tr>\n<tr>\n<td><strong>Typ cewki:<\/strong><\/td>\n<td>Podw\u00f3jna cewka siatkowa<\/td>\n<\/tr>\n<tr>\n<td><strong>Wy\u015bwietlacz:<\/strong><\/td>\n<td>Inteligentny ekran LCD (poziom baterii + e-p\u0142ynu)<\/td>\n<\/tr>\n<tr>\n<td><strong>Tryby zasilania:<\/strong><\/td>\n<td>Tryb Eco i Tryb Turbo<\/td>\n<\/tr>\n<tr>\n<td><strong>Mocne strony nikotyny:<\/strong><\/td>\n<td>2% \/ 5%<\/td>\n<\/tr>\n<tr>\n<td><strong>Kompilacja:<\/strong><\/td>\n<td>Wysokiej jako\u015bci metalowe wyko\u0144czenie, elegancki wygl\u0105d<\/td>\n<\/tr>\n<\/tbody>\n<h3>Wyb\u00f3r smaku<\/h3>\n<p> <strong>Fizzy Nova 20000 Puffs<\/strong> jest dost\u0119pny w szerokiej gamie pysznych, starannie przygotowanych smak\u00f3w, kt\u00f3re zaspokoj\u0105 ka\u017cdy gust \ud83c\udf1f:<\/p>\n<ul>\n<li><strong>Cytryna Limonka:<\/strong> Ostry, cytrusowy duet zapewniaj\u0105cy orze\u017awiaj\u0105cy nastr\u00f3j \ud83c\udf4b<\/li>\n<li><strong>Gazowana Wi\u015bnia:<\/strong> S\u0142odki, pikantny i inspirowany napojami gazowanymi \ud83c\udf52\ud83e\udd64<\/li>\n<li><strong>Mieszana Jagoda:<\/strong> Mieszanka soczystych jag\u00f3d \ud83e\uded0\ud83c\udf53<\/li>\n<li><strong>Truskawkowy Kiwi:<\/strong> S\u0142odycz spotyka si\u0119 z tart\u0105 w idealnej harmonii \ud83c\udf53\ud83e\udd5d<\/li>\n<li><strong>Arbuz:<\/strong> Klasyczny, orze\u017awiaj\u0105cy i soczysty \ud83c\udf49<\/li>\n<li><strong>R\u00f3\u017cowa lemoniada:<\/strong> s\u0142odka, kwa\u015bna i gazowana \ud83c\udf38\ud83c\udf4b<\/li>\n<li><strong>Truskawka:<\/strong> Prosta, s\u0142odka i ponadczasowa \ud83c\udf53<\/li>\n<li><strong>Brzoskwinia:<\/strong> g\u0142adka, \u0142agodna i owocowa \ud83c\udf51<\/li>\n<li><strong>Malinowo-cytrynowa:<\/strong> Pikantna, cierpka i doskonale zbilansowana \ud83c\udf4b\ud83c\udf47<\/li>\n<li><strong>Kwa\u015bne jab\u0142ko:<\/strong> chrupi\u0105ce, kwa\u015bne i energetyzuj\u0105ce \ud83c\udf4f<\/li>\n<li><strong>Ananas Brzoskwinia Marakuja:<\/strong> Egzotyczne tropikalne trio \ud83c\udf4d\ud83c\udf51\ud83e\udd6d<\/li>\n<li><strong>Kiwi Marakuja Gujawa:<\/strong> Wibruj\u0105ca mieszanka tropikalna \ud83e\udd5d\ud83c\udf48<\/li>\n<\/ul>\n<h3>Idealny dla waper\u00f3w hurtowych i ci\u0119\u017ckich<\/h3>\n<p> <strong>Fizzy Nova 20000 Puffs<\/strong> jest przeznaczony dla <strong>intensywnych u\u017cytkownik\u00f3w, mi\u0142o\u015bnik\u00f3w smak\u00f3w i sklep\u00f3w z waporyzatorami<\/strong>, kt\u00f3rzy potrzebuj\u0105 niezawodnego i trwa\u0142ego urz\u0105dzenia jednorazowego. Dzi\u0119ki <strong>doskona\u0142ej konstrukcji, inteligentnemu wy\u015bwietlaczowi i odwa\u017cnym opcjom smakowym<\/strong> jest to pozycja obowi\u0105zkowa dla sprzedawc\u00f3w detalicznych i dystrybutor\u00f3w masowych. \ud83d\udce6\ud83d\udd25<\/p>\n<h3>Cz\u0119sto zadawane pytania<\/h3>\n<ul>\n<li><strong>Ile zaci\u0105gni\u0119\u0107 oferuje?<\/strong><br \/>\nDo 20 000 zaci\u0105gni\u0119\u0107 na urz\u0105dzenie, w zale\u017cno\u015bci od stylu u\u017cytkowania.<\/li>\n<li><strong>Czy mo\u017cna go \u0142adowa\u0107?<\/strong><br \/>\nTak, z wydajnym akumulatorem typu C o pojemno\u015bci 850 mAh.<\/li>\n<li><strong>Czy ma r\u00f3\u017cne tryby?<\/strong><br \/>\nTak, tryb Eco zapewniaj\u0105cy d\u0142u\u017csz\u0105 \u017cywotno\u015b\u0107 i tryb Turbo zapewniaj\u0105cy mocniejsze uderzenia.<\/li>\n<li><strong>Jakie s\u0105 dost\u0119pne poziomy nikotyny?<\/strong><br \/>\nWybierz moc nikotyny 2% lub 5%.<\/li>\n<li><strong>Czy nadaje si\u0119 do sprzeda\u017cy hurtowej?<\/strong><br \/>\nAbsolutnie! Jego doskona\u0142a konstrukcja i du\u017ca liczba zaci\u0105gni\u0119\u0107 sprawiaj\u0105, \u017ce idealnie nadaje si\u0119 do zam\u00f3wie\u0144 masowych i sprzeda\u017cy detalicznej.<\/li>\n<\/ul>\n","protected":false},"excerpt":{"rendered":"<p> <strong>Fizzy Nova 20000 Puffs<\/strong> \ud83d\udca8 zapewnia ogromn\u0105 pojemno\u015b\u0107 zaci\u0105gni\u0119cia si\u0119, odwa\u017cne smaki i inteligentn\u0105 technologi\u0119 \u2014 idealne dla dystrybutor\u00f3w, hurtownik\u00f3w i intensywnych u\u017cytkownik\u00f3w poszukuj\u0105cych jednorazowych waporyzator\u00f3w premium.<\/p>\n","protected":false},"featured_media":1533,"comment_status":"open","ping_status":"closed","template":"","meta":[],"product_brand":[],"product_cat":[1826,522],"product_tag":[],"class_list":{"0":"post-43879","1":"product","2":"type-product","3":"status-publish","4":"has-post-thumbnail","6":"product_cat-gazowany","7":"product_cat-jednorazowy-waporyzator-o-pojemnosci-20000-zaciagniec","9":"first","10":"instock","11":"shipping-taxable","12":"purchasable","13":"product-type-variable","14":"has-default-attributes"},"tiered_pricing_type":"fixed","tiered_pricing_fixed_rules":{"200":6.5999999999999996447286321199499070644378662109375,"500":5.9000000000000003552713678800500929355621337890625},"tiered_pricing_product_settings":{"layout":"default","base_unit_name":{"singular":null,"plural":null},"default_variation":null},"tiered_pricing_minimum_quantity":100,"tiered_pricing_roles_data":[],"tiered_pricing_percentage_rules":[],"tiered_pricing_maximum_quantity":null,"tiered_pricing_quantity_step":"10","_links":{"self":[{"href":"https:\/\/stage.jrfer.com\/pl\/wp-json\/wp\/v2\/product\/43879","targetHints":{"allow":["GET"]}}],"collection":[{"href":"https:\/\/stage.jrfer.com\/pl\/wp-json\/wp\/v2\/product"}],"about":[{"href":"https:\/\/stage.jrfer.com\/pl\/wp-json\/wp\/v2\/types\/product"}],"replies":[{"embeddable":true,"href":"https:\/\/stage.jrfer.com\/pl\/wp-json\/wp\/v2\/comments?post=43879"}],"wp:featuredmedia":[{"embeddable":true,"href":"https:\/\/stage.jrfer.com\/pl\/wp-json\/wp\/v2\/media\/1533"}],"wp:attachment":[{"href":"https:\/\/stage.jrfer.com\/pl\/wp-json\/wp\/v2\/media?parent=43879"}],"wp:term":[{"taxonomy":"product_brand","embeddable":true,"href":"https:\/\/stage.jrfer.com\/pl\/wp-json\/wp\/v2\/product_brand?post=43879"},{"taxonomy":"product_cat","embeddable":true,"href":"https:\/\/stage.jrfer.com\/pl\/wp-json\/wp\/v2\/product_cat?post=43879"},{"taxonomy":"product_tag","embeddable":true,"href":"https:\/\/stage.jrfer.com\/pl\/wp-json\/wp\/v2\/product_tag?post=43879"}],"curies":[{"name":"wp","href":"https:\/\/api.w.org\/{rel}","templated":true}]}}