{"id":44576,"date":"2025-07-07T09:20:50","date_gmt":"2025-07-07T09:20:50","guid":{"rendered":"https:\/\/stage.jrfer.com\/product\/%f0%9f%8e%81-tajemnicze-jednorazowe-pudelko-na-e-papierosy-odblokuj-smaki-odblokuj-zabawe-%f0%9f%92%a8\/"},"modified":"2026-04-07T03:13:45","modified_gmt":"2026-04-07T03:13:45","slug":"mystery-disposable-vape-box","status":"publish","type":"product","link":"https:\/\/stage.jrfer.com\/pl\/produkt\/mystery-disposable-vape-box\/","title":{"rendered":"\ud83c\udf81 Tajemnicze jednorazowe pude\u0142ko na e-papierosy \u2013 odblokuj smaki, odblokuj zabaw\u0119! \ud83d\udca8"},"content":{"rendered":"<p>Przygotuj si\u0119 na ekscytuj\u0105c\u0105 przygod\u0119 z naszym <strong>Tajemniczym jednorazowym pude\u0142kiem na vape<\/strong>, kt\u00f3rego ka\u017cde rozpakowanie jest wspania\u0142\u0105 niespodziank\u0105. Wewn\u0105trz znajdziesz starannie dobrany wyb\u00f3r jednorazowych urz\u0105dze\u0144 do waporyzacji, oferuj\u0105cych smaki od orze\u017awiaj\u0105cych klasyk\u00f3w po odwa\u017cne, egzotyczne mieszanki. \ud83c\udf53\ud83c\udf4d\ud83e\udd6d<\/p>\n<p>Bez wzgl\u0119du na to, czy jeste\u015b ciekawym pocz\u0105tkuj\u0105cym, czy do\u015bwiadczonym vaperem, to pude\u0142ko zosta\u0142o zaprojektowane tak, aby\u015b m\u00f3g\u0142 zgadywa\u0107 i u\u015bmiecha\u0107 si\u0119 przy ka\u017cdym zaci\u0105gni\u0119ciu. Ka\u017cde urz\u0105dzenie jest wybrane spo\u015br\u00f3d naszych najlepiej sprzedaj\u0105cych si\u0119 produkt\u00f3w, co daje przedsmak nowych i popularnych modeli, kt\u00f3rych by\u0107 mo\u017ce wcze\u015bniej nie pr\u00f3bowa\u0142e\u015b. \ud83c\udf08<\/p>\n<p><strong>Je\u015bli masz specjalne wymagania dotycz\u0105ce nikotyny, daj nam zna\u0107 przed z\u0142o\u017ceniem zam\u00f3wienia.<\/strong><\/p>\n<h3>\ud83d\udce6 Co jest w pude\u0142ku?<\/h3>\n<p>Ka\u017cde Mystery Box zawiera <strong>10 jednorazowych waporyzator\u00f3w premium<\/strong>, wybranych losowo spo\u015br\u00f3d najlepszych modeli w naszym sklepie. Mo\u017cesz znale\u017a\u0107 niespodzianki takie jak:<\/p>\n<ul>\n<li><a href=\"https:\/\/stage.jrfer.com\/pl\/produkt\/waspe-40k-twins-40000-puffs\/\">WASPE 40K Twins \u2013 40 000 zaci\u0105gni\u0119\u0107<\/a><\/li>\n<li><a href=\"https:\/\/stage.jrfer.com\/pl\/produkt\/waspe-100k-4-w-1-100-000-zaciagniec-jednorazowy-waporyzator-o-czterech-smakach\/\">WASPE 100K 4-w-1 \u2013 100 000 zaci\u0105gni\u0119\u0107<\/a><\/li>\n<li><a href=\"https:\/\/stage.jrfer.com\/pl\/produkt\/randm-tornado-15k-15000-zaciagniec-jednorazowy-waporyzator-z-duza-chmura-z-siatki\/\">RandM Tornado \u2013 15 000 zaci\u0105gni\u0119\u0107<\/a><\/li>\n<li>Bang King 30K o podw\u00f3jnym smaku<\/li>\n<li>RandM Tornado 9000<\/li>\n<\/ul>\n<p>\u2026i wiele wi\u0119cej! Dzi\u0119ki <strong>ponad 100 unikalnym smakom<\/strong> w naszej ofercie ka\u017cde pude\u0142ko to przygoda. \ud83e\ude84<\/p>\n<h3>\ud83d\uded2 Instrukcje zakupu<\/h3>\n<ul>\n<li><strong>Wszystkie transakcje sprzeda\u017cy s\u0105 ostateczne<\/strong> \u2013 nie ma \u017cadnych zwrot\u00f3w ani wymian, chyba \u017ce wyst\u0105pi\u0105 problemy z jako\u015bci\u0105.<\/li>\n<li><strong>Bezp\u0142atna dostawa<\/strong> ka\u017cdego zam\u00f3wienia Mystery Box.<\/li>\n<li><strong>Wymagania wiekowe:<\/strong> musisz by\u0107 w wieku, w kt\u00f3rym mo\u017cna pali\u0107 legalnie w swoim kraju.<\/li>\n<li>Sk\u0142adaj\u0105c zam\u00f3wienie, wyra\u017casz zgod\u0119 na niniejsze warunki.<\/li>\n<\/ul>\n<h3>\ud83d\ude9a Informacje o wysy\u0142ce<\/h3>\n<p>Wsp\u00f3\u0142pracujemy z zaufanymi przewo\u017anikami, takimi jak UPS, DHL, FedEx i DPD, aby zapewni\u0107 bezpieczn\u0105 i szybk\u0105 dostaw\u0119.<\/p>\n<ul>\n<li><strong>Europa:<\/strong> Dostawa w ci\u0105gu 12\u201315 dni.<\/li>\n<li><strong>Stany Zjednoczone:<\/strong> zwykle dociera w ci\u0105gu 10 dni.<\/li>\n<li><strong>\u015aledzenie:<\/strong> dost\u0119pne aktualizacje w czasie rzeczywistym.<\/li>\n<\/ul>\n<p>Bez obaw celnych \u2705 \u2013 zajmujemy si\u0119 odpraw\u0105 celn\u0105, a <strong>100% naszych produkt\u00f3w przechodzi przez odpraw\u0119 celn\u0105<\/strong>. \u017badnych dodatkowych op\u0142at podatkowych!<\/p>\n<h2>\u2753 FAQ \u2013 najcz\u0119\u015bciej zadawane pytania<\/h2>\n<h4>1. Czy mog\u0119 wybra\u0107 swoje smaki?<\/h4>\n<p>Nie \u2013 zabawa w Mystery Box jest niespodziank\u0105! Otrzymasz mieszank\u0119 naszych najpopularniejszych i najbardziej ekscytuj\u0105cych opcji.<\/p>\n<h4>2. Ile waporyzator\u00f3w znajduje si\u0119 w jednym pude\u0142ku?<\/h4>\n<p>Ka\u017cde Mystery Box zawiera <strong>10 jednorazowych waporyzator\u00f3w<\/strong>, starannie zapakowanych i zapiecz\u0119towanych.<\/p>\n<h4>3. Czy s\u0105 to produkty oryginalne?<\/h4>\n<p>Tak! \u2705 Wszystkie produkty s\u0105 autentyczne i pochodz\u0105 bezpo\u015brednio od zaufanych producent\u00f3w.<\/p>\n<h4>4. Czy nikotyna jest wliczona w cen\u0119?<\/h4>\n<p>Wi\u0119kszo\u015b\u0107 naszych urz\u0105dze\u0144 zawiera nikotyn\u0119, ale je\u015bli potrzebujesz specjalnych wymaga\u0144, poinformuj nas o tym przed z\u0142o\u017ceniem zam\u00f3wienia.<\/p>\n<h4>5. Czy wysy\u0142acie na ca\u0142y \u015bwiat?<\/h4>\n<p>Obecnie wysy\u0142amy g\u0142\u00f3wnie do USA, Europy i wybranych kraj\u00f3w. Sprawd\u017a dost\u0119pno\u015b\u0107 wysy\u0142ki przy kasie.<\/p>\n<h2>\ud83d\udd25 Dlaczego warto wybra\u0107 tajemnicze pude\u0142ko na e-papierosy?<\/h2>\n<ul>\n<li>\ud83c\udf89 Nieko\u0144cz\u0105ce si\u0119 emocje \u2013 za ka\u017cdym razem odkrywaj nowe smaki.<\/li>\n<li>\ud83d\udca8 Liczy si\u0119 ogromna liczba zaci\u0105gni\u0119\u0107 \u2013 od 9 000 do 100 000 zaci\u0105gni\u0119\u0107!<\/li>\n<li>\ud83d\udee1\ufe0f Produkty w 100% autentyczne i bezpieczne.<\/li>\n<li>\ud83d\ude80 Szybka, bezp\u0142atna wysy\u0142ka z aktualizacjami \u015bledzenia.<\/li>\n<li>\ud83c\udf0d Odprawa celna \u2013 \u017cadnych ukrytych op\u0142at.<\/li>\n<\/ul>\n<p>\ud83d\udc49 Gotowy na ekscytuj\u0105c\u0105 przygod\u0119 z vape? Nie przegap tej okazji \u2013 zam\u00f3w <strong>Mystery jednorazowe pude\u0142ko na Vape<\/strong> ju\u017c dzi\u015b!<\/p>\n<p>.tier-pricing-summary-table {display:none !important<br \/>\n.tier-pricing-summary-table {display:none !important<\/p>\n","protected":false},"excerpt":{"rendered":"<p>\ud83c\udf81 Odkryj pude\u0142ko pe\u0142ne niespodzianek! Ka\u017cde <strong>Mystery jednorazowe pude\u0142ko na vape<\/strong> jest wype\u0142nione ekscytuj\u0105cymi smakami, najwy\u017cszej jako\u015bci zaci\u0105gni\u0119ciami i nieko\u0144cz\u0105cymi si\u0119 przygodami z vape. Idealny dla tych, kt\u00f3rzy lubi\u0105 dreszczyk niespodzianek! \ud83d\ude80<\/p>\n","protected":false},"featured_media":1527,"comment_status":"open","ping_status":"closed","template":"","meta":[],"product_brand":[],"product_cat":[1234],"product_tag":[],"class_list":{"0":"post-44576","1":"product","2":"type-product","3":"status-publish","4":"has-post-thumbnail","6":"product_cat-jednorazowe-waporyzatory-w-europie","8":"first","9":"instock","10":"sale","11":"shipping-taxable","12":"purchasable","13":"product-type-simple"},"tiered_pricing_type":"fixed","tiered_pricing_fixed_rules":[],"tiered_pricing_product_settings":{"layout":"default","base_unit_name":{"singular":null,"plural":null},"default_variation":null},"tiered_pricing_minimum_quantity":null,"tiered_pricing_roles_data":[],"tiered_pricing_percentage_rules":[],"tiered_pricing_maximum_quantity":null,"tiered_pricing_quantity_step":null,"_links":{"self":[{"href":"https:\/\/stage.jrfer.com\/pl\/wp-json\/wp\/v2\/product\/44576","targetHints":{"allow":["GET"]}}],"collection":[{"href":"https:\/\/stage.jrfer.com\/pl\/wp-json\/wp\/v2\/product"}],"about":[{"href":"https:\/\/stage.jrfer.com\/pl\/wp-json\/wp\/v2\/types\/product"}],"replies":[{"embeddable":true,"href":"https:\/\/stage.jrfer.com\/pl\/wp-json\/wp\/v2\/comments?post=44576"}],"wp:featuredmedia":[{"embeddable":true,"href":"https:\/\/stage.jrfer.com\/pl\/wp-json\/wp\/v2\/media\/1527"}],"wp:attachment":[{"href":"https:\/\/stage.jrfer.com\/pl\/wp-json\/wp\/v2\/media?parent=44576"}],"wp:term":[{"taxonomy":"product_brand","embeddable":true,"href":"https:\/\/stage.jrfer.com\/pl\/wp-json\/wp\/v2\/product_brand?post=44576"},{"taxonomy":"product_cat","embeddable":true,"href":"https:\/\/stage.jrfer.com\/pl\/wp-json\/wp\/v2\/product_cat?post=44576"},{"taxonomy":"product_tag","embeddable":true,"href":"https:\/\/stage.jrfer.com\/pl\/wp-json\/wp\/v2\/product_tag?post=44576"}],"curies":[{"name":"wp","href":"https:\/\/api.w.org\/{rel}","templated":true}]}}