{"id":47242,"date":"2025-07-07T09:28:39","date_gmt":"2025-07-07T09:28:39","guid":{"rendered":"https:\/\/stage.jrfer.com\/product\/uwin-crystal-twins-40k-2-w-1-40-000-zaciagniec-jednorazowy-waporyzator-o-podwojnym-smaku\/"},"modified":"2026-04-07T12:26:50","modified_gmt":"2026-04-07T12:26:50","slug":"uwin-crystal-twins-40k","status":"publish","type":"product","link":"https:\/\/stage.jrfer.com\/pl\/produkt\/uwin-crystal-twins-40k\/","title":{"rendered":"Uwin Crystal Twins 40K 2 w 1 40 000 zaci\u0105gni\u0119\u0107 | Jednorazowy waporyzator o podw\u00f3jnym smaku"},"content":{"rendered":"<h2>Dlaczego warto wybra\u0107 Uwin Crystal Twins 40K?<\/h2>\n<ul>\n<li><strong>40 000 zaci\u0105gni\u0119\u0107:<\/strong> Ogromna pojemno\u015b\u0107 zaci\u0105gni\u0119cia zapewniaj\u0105ca d\u0142ugotrwa\u0142e wapowanie \ud83d\udd25<\/li>\n<li><strong>Podw\u00f3jne kapsu\u0142ki smakowe:<\/strong> natychmiastowa zmiana smak\u00f3w bez zmiany urz\u0105dzenia \ud83c\udf08<\/li>\n<li><strong>Inteligentny ekran:<\/strong> pokazuje poziom baterii i e-p\u0142ynu w celu \u0142atwego \u015bledzenia \ud83d\udcca<\/li>\n<li><strong>Mocna bateria:<\/strong> 850 mAh z szybkim \u0142adowaniem typu C \u26a1<\/li>\n<li><strong>Zaawansowana cewka siatkowa 0,6 \u03a9:<\/strong> G\u0142adka, aromatyczna i sta\u0142a para przy ka\u017cdym zaci\u0105gni\u0119ciu \ud83d\ude0b<\/li>\n<li><strong>Krystalicznie przejrzysty design:<\/strong> elegancki i stylowy wygl\u0105d, kt\u00f3ry si\u0119 wyr\u00f3\u017cnia \u2728<\/li>\n<li><strong>Wiele opcji nikotyny:<\/strong> wybierz 0%, 2%, 3% lub 5% w zale\u017cno\u015bci od preferencji \ud83d\udca8<\/li>\n<li><strong>Przyjazny dla sprzeda\u017cy hurtowej:<\/strong> Idealny dla sklep\u00f3w z waporyzatorami, dystrybutor\u00f3w i odbiorc\u00f3w hurtowych \ud83c\udfea<\/li>\n<\/ul>\n<h3>Specyfikacje<\/h3>\n<tr>\n<td><strong>Wydajno\u015b\u0107 zaci\u0105gni\u0119cia:<\/strong><\/td>\n<td>Do 40 000 zaci\u0105gni\u0119\u0107<\/td>\n<\/tr>\n<tr>\n<td><strong>Pojemno\u015b\u0107 e-p\u0142ynu:<\/strong><\/td>\n<td>32 ml<\/td>\n<\/tr>\n<tr>\n<td><strong>Si\u0142a nikotyny:<\/strong><\/td>\n<td>0%, 2%, 3%, 5%<\/td>\n<\/tr>\n<tr>\n<td><strong>Bateria:<\/strong><\/td>\n<td>850 mAh, akumulator typu C<\/td>\n<\/tr>\n<tr>\n<td><strong>Typ cewki:<\/strong><\/td>\n<td>Cewka siatkowa 0,6 \u03a9<\/td>\n<\/tr>\n<tr>\n<td><strong>Wy\u015bwietlacz:<\/strong><\/td>\n<td>Inteligentny ekran (bateria i e-p\u0142yn)<\/td>\n<\/tr>\n<tr>\n<td><strong>Projekt:<\/strong><\/td>\n<td>Elegancki, przezroczysty korpus<\/td>\n<\/tr>\n<tr>\n<td><strong>Smaki:<\/strong><\/td>\n<td>Str\u0105ki o dw\u00f3ch smakach do natychmiastowej zmiany<\/td>\n<\/tr>\n<\/tbody>\n<h3>Wyb\u00f3r smaku<\/h3>\n<p>Uwin Crystal Twins 40K zawiera ekscytuj\u0105ce kombinacje dw\u00f3ch smak\u00f3w na ka\u017cdy nastr\u00f3j:<\/p>\n<ul>\n<li><strong>Jagoda na lodzie \/ Letni l\u00f3d brzoskwiniowy:<\/strong> Ch\u0142odna jagoda spotyka si\u0119 z soczyst\u0105 brzoskwini\u0105 \u2744\ufe0f\ud83c\udf51<\/li>\n<li><strong>Kiwi Marakuja Gujawa \/ Jagoda Malina:<\/strong> Egzotyczna tropikalna fuzja ze s\u0142odkimi jagodami \ud83e\udd5d\ud83e\uded0<\/li>\n<li><strong>Truskawkowy Kiwi \/ Lody winogronowe:<\/strong> Klasyczna s\u0142odko-cierpka mieszanka z lodowymi winogronami \ud83c\udf53\ud83c\udf47<\/li>\n<li><strong>Kiwi Marakuja \/ Dwa Jab\u0142ka:<\/strong> Owoce tropikalne z mieszank\u0105 chrupi\u0105cych jab\u0142ek \ud83c\udf4f\ud83e\udd6d<\/li>\n<li><strong>Truskawkowy Arbuz \/ Cytrynowo-Limonkowy:<\/strong> S\u0142odkie orze\u017awienie z cytrusow\u0105 nut\u0105 \ud83c\udf49\ud83c\udf4b<\/li>\n<li><strong>Malina jagodowa \/ L\u00f3d wi\u015bniowy:<\/strong> Mieszanka pikantnych jag\u00f3d z mro\u017an\u0105 wi\u015bni\u0105 \ud83e\uded0\ud83c\udf52<\/li>\n<li><strong>Truskawka Malina Wi\u015bnia \/ Panie Niebieski:<\/strong> Eksplozja jag\u00f3d z tajemniczymi nutami \ud83c\udf0c<\/li>\n<li><strong>Brzoskwiniowe Mango Ananas \/ Red Bullaaa:<\/strong> Tropikalna mieszanka spotyka si\u0119 z zastrzykiem energii \ud83c\udf4d\u26a1<\/li>\n<li><strong>L\u00f3d Arbuzowy \/ Mieszane Jagody:<\/strong> Ch\u0142odz\u0105cy arbuz z owocowym ponczem \ud83c\udf49\ud83c\udf53<\/li>\n<li><strong>Truskawkowy Banan \/ Love 66 (Marakuja Melon Ice):<\/strong> Kremowo-bananowo-truskawkowy z egzotycznym akcentem \ud83c\udf4c\ud83c\udf48<\/li>\n<li><strong>Smoczy Owoc Banan Wi\u015bnia \/ R\u00f3\u017cowa Lemoniada:<\/strong> Tropikalne i cytrusowe orze\u017awienie \ud83c\udf52\ud83c\udf79<\/li>\n<li><strong>Brzoskwiniowe Mango \/Wi\u015bniowa Cola:<\/strong> Owocowa mieszanka inspirowana napojami gazowanymi \ud83e\udd6d\ud83e\udd64<\/li>\n<li><strong>L\u00f3d truskawkowy \/ Mango na lodzie:<\/strong> S\u0142odka truskawka spotyka si\u0119 z lodowym mango \ud83c\udf53\u2744\ufe0f<\/li>\n<li><strong>Niebieski Razz L\u00f3d \/ Ice Dragon Fruit:<\/strong> Pikantny niebieski razz z egzotycznym smoczym owocem \u2744\ufe0f\ud83d\udc09<\/li>\n<li><strong>Truskawkowy Czerwony Byk \/ Wi\u015bniowy l\u00f3d:<\/strong> S\u0142odka truskawkowa fuzja energetyczna z ch\u0142odn\u0105 wi\u015bni\u0105 \ud83c\udf53\u26a1\ud83c\udf52<\/li>\n<\/ul>\n<h3>Idealny dla intensywnych u\u017cytkownik\u00f3w i odbiorc\u00f3w hurtowych<\/h3>\n<p>Uwin Crystal Twins 40K zosta\u0142 stworzony dla powa\u017cnych vaper\u00f3w, kt\u00f3rzy oczekuj\u0105 du\u017cej liczby zaci\u0105gni\u0119\u0107, mocnego smaku i elastyczno\u015bci. Dzi\u0119ki dw\u00f3m smakom, inteligentnemu wy\u015bwietlaczowi i wygodzie \u0142adowania jest idealny dla intensywnych u\u017cytkownik\u00f3w, \u0142owc\u00f3w smak\u00f3w, sklep\u00f3w z waporyzatorami i dystrybutor\u00f3w masowych. \ud83c\udfec<\/p>\n<h3>Cz\u0119sto zadawane pytania<\/h3>\n<ul>\n<li><strong>Ile zaci\u0105gni\u0119\u0107 oferuje?<\/strong><br \/>\nDo 40 000 zaci\u0105gni\u0119\u0107 na urz\u0105dzenie, co wystarcza na kilka tygodni, w zale\u017cno\u015bci od u\u017cycia.<\/li>\n<li><strong>Czy obs\u0142uguje \u0142adowanie?<\/strong><br \/>\nTak! Jest wyposa\u017cony w bateri\u0119 850 mAh i szybkie \u0142adowanie typu C.<\/li>\n<li><strong>Jakie moce nikotyny s\u0105 dost\u0119pne?<\/strong><br \/>\nWybierz poziom nikotyny 0%, 2%, 3% lub 5%.<\/li>\n<li><strong>Jak dzia\u0142aj\u0105 smaki?<\/strong><br \/>\nKa\u017cde urz\u0105dzenie ma kapsu\u0142ki o dw\u00f3ch smakach, dzi\u0119ki czemu mo\u017cesz b\u0142yskawicznie zmienia\u0107 smaki bez konieczno\u015bci kupowania nowego urz\u0105dzenia.<\/li>\n<li><strong>Czy to dobre dla sprzeda\u017cy hurtowej?<\/strong><br \/>\nTak, Crystal Twins 40K jest przeznaczony do dystrybucji masowej, co czyni go idealnym rozwi\u0105zaniem dla sklep\u00f3w i dystrybutor\u00f3w vape na ca\u0142ym \u015bwiecie.<\/li>\n<\/ul>\n","protected":false},"excerpt":{"rendered":"<p data-start=\"212\" data-end=\"391\">Uwin Crystal Twins 40K zapewnia do 40 000 zaci\u0105gni\u0119\u0107 dzi\u0119ki systemowi kapsu\u0142ek o dw\u00f3ch smakach, dzi\u0119ki czemu waporyzatorzy mog\u0105 zmienia\u0107 smaki w dowolnym momencie. \ud83d\ude80 Idealny dla mi\u0142o\u015bnik\u00f3w smaku, intensywnych u\u017cytkownik\u00f3w i odbiorc\u00f3w hurtowych poszukuj\u0105cych jednorazowego vape premium.<\/p>\n","protected":false},"featured_media":3898,"comment_status":"open","ping_status":"closed","template":"","meta":[],"product_brand":[],"product_cat":[357],"product_tag":[],"class_list":{"0":"post-47242","1":"product","2":"type-product","3":"status-publish","4":"has-post-thumbnail","6":"product_cat-uwina","8":"first","9":"instock","10":"shipping-taxable","11":"purchasable","12":"product-type-variable","13":"has-default-attributes"},"tiered_pricing_type":"fixed","tiered_pricing_fixed_rules":{"30":6.96999999999999975131004248396493494510650634765625,"50":5.589999999999999857891452847979962825775146484375,"100":5.339999999999999857891452847979962825775146484375,"200":4.96999999999999975131004248396493494510650634765625,"400":4.4199999999999999289457264239899814128875732421875},"tiered_pricing_product_settings":{"layout":"default","base_unit_name":{"singular":null,"plural":null},"default_variation":null},"tiered_pricing_minimum_quantity":10,"tiered_pricing_roles_data":[],"tiered_pricing_percentage_rules":[],"tiered_pricing_maximum_quantity":null,"tiered_pricing_quantity_step":"10","_links":{"self":[{"href":"https:\/\/stage.jrfer.com\/pl\/wp-json\/wp\/v2\/product\/47242","targetHints":{"allow":["GET"]}}],"collection":[{"href":"https:\/\/stage.jrfer.com\/pl\/wp-json\/wp\/v2\/product"}],"about":[{"href":"https:\/\/stage.jrfer.com\/pl\/wp-json\/wp\/v2\/types\/product"}],"replies":[{"embeddable":true,"href":"https:\/\/stage.jrfer.com\/pl\/wp-json\/wp\/v2\/comments?post=47242"}],"wp:featuredmedia":[{"embeddable":true,"href":"https:\/\/stage.jrfer.com\/pl\/wp-json\/wp\/v2\/media\/3898"}],"wp:attachment":[{"href":"https:\/\/stage.jrfer.com\/pl\/wp-json\/wp\/v2\/media?parent=47242"}],"wp:term":[{"taxonomy":"product_brand","embeddable":true,"href":"https:\/\/stage.jrfer.com\/pl\/wp-json\/wp\/v2\/product_brand?post=47242"},{"taxonomy":"product_cat","embeddable":true,"href":"https:\/\/stage.jrfer.com\/pl\/wp-json\/wp\/v2\/product_cat?post=47242"},{"taxonomy":"product_tag","embeddable":true,"href":"https:\/\/stage.jrfer.com\/pl\/wp-json\/wp\/v2\/product_tag?post=47242"}],"curies":[{"name":"wp","href":"https:\/\/api.w.org\/{rel}","templated":true}]}}