{"id":48252,"date":"2025-06-28T05:43:28","date_gmt":"2025-06-28T05:43:28","guid":{"rendered":"https:\/\/stage.jrfer.com\/product\/waspe-60k-3-w-1-60000-zaciagniec-jednorazowy-waporyzator-o-potrojnym-smaku\/"},"modified":"2026-04-07T14:34:00","modified_gmt":"2026-04-07T14:34:00","slug":"waspe-60k-3-in-1-60000-puffs","status":"publish","type":"product","link":"https:\/\/stage.jrfer.com\/pl\/produkt\/waspe-60k-3-in-1-60000-puffs\/","title":{"rendered":"WASPE 60K 3 w 1 60000 zaci\u0105gni\u0119\u0107 | Jednorazowy waporyzator o potr\u00f3jnym smaku"},"content":{"rendered":"<h2>Dlaczego warto wybra\u0107 urz\u0105dzenie 3 w 1 WASPE 60K?<\/h2>\n<ul>\n<li><strong>Niezr\u00f3wnana liczba zaci\u0105gni\u0119\u0107:<\/strong> do 60 000 zaci\u0105gni\u0119\u0107 podczas bardzo d\u0142ugich sesji wapowania \ud83d\udd25<\/li>\n<li><strong>System smakowy 3 w 1:<\/strong> B\u0142yskawiczne prze\u0142\u0105czanie pomi\u0119dzy trzema wbudowanymi smakami \ud83c\udf53\ud83c\udf49\ud83c\udf47<\/li>\n<li><strong>Elastyczne opcje nikotyny:<\/strong> Dost\u0119pne w wersji z nikotyn\u0105 0%, 2% lub 5% \u2705<\/li>\n<li><strong>Ogromna pojemno\u015b\u0107 e-liquidu:<\/strong> zbiornik o pojemno\u015bci 54 ml zapewnia nieprzerwan\u0105 przyjemno\u015b\u0107 \ud83d\udca7<\/li>\n<li><strong>Grza\u0142ka z potr\u00f3jn\u0105 siatk\u0105:<\/strong> G\u0142adkie, sp\u00f3jne chmury o bogatym smaku \ud83c\udf2c\ufe0f<\/li>\n<li><strong>Ekran LED:<\/strong> Wyczy\u015b\u0107 monitorowanie baterii i e-p\u0142ynu \ud83d\udd0b<\/li>\n<li><strong>Szybkie \u0142adowanie:<\/strong> akumulator typu C umo\u017cliwiaj\u0105cy szybkie \u0142adowanie \u26a1<\/li>\n<li><strong>Przeno\u015bny i stylowy:<\/strong> Kompaktowa konstrukcja 47x47x116 mm \u0142atwo mie\u015bci si\u0119 w d\u0142oni lub kieszeni \u2728<\/li>\n<li><strong>Przyjazny B2B:<\/strong> Idealny dla rynk\u00f3w hurtowych w Holandii, Niemczech, Belgii i Hiszpanii \ud83d\udce6<\/li>\n<\/ul>\n<h3>Specyfikacje<\/h3>\n<tr>\n<td><strong>Liczba zaci\u0105gni\u0119\u0107:<\/strong><\/td>\n<td>Do 60 000 zaci\u0105gni\u0119\u0107<\/td>\n<\/tr>\n<tr>\n<td><strong>Opcje smakowe:<\/strong><\/td>\n<td>Wymienne smaki 3 w 1<\/td>\n<\/tr>\n<tr>\n<td><strong>Mocne strony nikotyny:<\/strong><\/td>\n<td>0%, 2% lub 5%<\/td>\n<\/tr>\n<tr>\n<td><strong>Pojemno\u015b\u0107 e-p\u0142ynu:<\/strong><\/td>\n<td>54ml<\/td>\n<\/tr>\n<tr>\n<td><strong>Wy\u015bwietlacz:<\/strong><\/td>\n<td>Ekran LED (bateria i e-liquid)<\/td>\n<\/tr>\n<tr>\n<td><strong>Cewki:<\/strong><\/td>\n<td>Potr\u00f3jne cewki siatkowe<\/td>\n<\/tr>\n<tr>\n<td><strong>\u0141adowanie:<\/strong><\/td>\n<td>Akumulator typu C<\/td>\n<\/tr>\n<tr>\n<td><strong>Przeno\u015bno\u015b\u0107:<\/strong><\/td>\n<td>47 mm x 47 mm x 116 mm<\/td>\n<\/tr>\n<\/tbody>\n<h3>Wyb\u00f3r smaku<\/h3>\n<p><strong>WASPE 60K 3 w 1<\/strong> zawiera <strong>ponad 30 ekscytuj\u0105cych smak\u00f3w<\/strong> pogrupowanych w potr\u00f3jne zestawy, dzi\u0119ki czemu mo\u017cesz cieszy\u0107 si\u0119 trzema smakami w jednym urz\u0105dzeniu \ud83c\udf89:<\/p>\n<ul>\n<li><strong>Arbuzowy l\u00f3d, truskawkowy kiwi, cytrynowo-limonkowy<\/strong> \u2013 \u015bwie\u017ca owocowa klasyka \ud83c\udf49\ud83c\udf53\ud83c\udf4b<\/li>\n<li><strong>Truskawkowy arbuz, truskawkowo-malinowe cukierki, lody winogronowe<\/strong> \u2013 r\u00f3wnowaga s\u0142odyczy i lodu \ud83c\udf53\ud83c\udf6c\ud83c\udf47<\/li>\n<li><strong>L\u00f3d jagodowy, l\u00f3d czarnego smoka, l\u00f3d musuj\u0105cy wi\u015bniowy<\/strong> \u2013 odwa\u017cny, fajny i musuj\u0105cy \ud83e\uded0\ud83d\udc09\ud83c\udf52<\/li>\n<li><strong>Strawberry Raspberry Cherry, Love 666, Cherry Candy Ice<\/strong> \u2013 Egzotyczne mieszanki inspirowane shish\u0105 \u2764\ufe0f\ud83c\udf52<\/li>\n<li><strong>L\u00f3d brzoskwiniowy, brzoskwinia ananasowo-mango, cytryna \u017curawinowa<\/strong> \u2013 soczysta i pikantna \ud83c\udf51\ud83c\udf4d\ud83c\udf4b<\/li>\n<li><strong>Red Bull Ice, Strawberry Mango, Truskawkowa Arbuzowa Guma Balonowa<\/strong> \u2013 Energia i s\u0142odycz \u26a1\ud83c\udf53\ud83c\udf49<\/li>\n<li><strong>Mieszane jagody, \u017celki, mieszane owoce<\/strong> \u2013 zabawna odmiana przypominaj\u0105ca cukierki \ud83c\udf53\ud83e\uddf8\ud83c\udf47<\/li>\n<li><strong>Triple Melon Ice, Rainbow Candy, Blueberry Candy<\/strong> \u2013 zabawne owocowe smaki cukierk\u00f3w \ud83c\udf48\ud83c\udf08\ud83c\udf6c<\/li>\n<li><strong>L\u00f3d winogronowy, cukierek truskawkowy, truskawka malinowa wi\u015bnia<\/strong> \u2013 po\u0142\u0105czenie s\u0142odkiej jagody i winogron \ud83c\udf47\ud83c\udf53<\/li>\n<li><strong>Truskawkowo-Bananowy, Ananasowo-Kokosowy Ice, Mango Ice<\/strong> \u2013 G\u0142adkie tropikalne mieszanki \ud83c\udf4c\ud83e\udd6d\ud83e\udd65<\/li>\n<li><strong>Cherry Cola Ice, Strawberry Cola, Cola Ice<\/strong> \u2013 trio inspirowane gazowanymi napojami gazowanymi \ud83e\udd64\ud83c\udf52<\/li>\n<li><strong>Malina jagodowa, wata cukrowa jagodowa, l\u00f3d z podw\u00f3jnym jab\u0142kiem<\/strong> \u2013 s\u0142odki, ale orze\u017awiaj\u0105cy \ud83e\uded0\ud83c\udf4f\ud83c\udf6d<\/li>\n<\/ul>\n<h3>Idealny dla intensywnych u\u017cytkownik\u00f3w i sprzeda\u017cy hurtowej<\/h3>\n<p><strong>WASPE 60K 3 w 1<\/strong> to bezkonkurencyjny wyb\u00f3r dla <strong>intensywnych waper\u00f3w, \u0142owc\u00f3w smak\u00f3w, sklep\u00f3w z waporyzacj\u0105 i dystrybutor\u00f3w<\/strong>. Dzi\u0119ki <strong>ogromnej liczbie zaci\u0105gni\u0119\u0107, mo\u017cliwo\u015bci\u0105 prze\u0142\u0105czania smak\u00f3w i konstrukcji przyjaznej dla masowych<\/strong>, jest dostosowany do rynk\u00f3w B2B w Europie.<\/p>\n<h3>Cz\u0119sto zadawane pytania<\/h3>\n<ul>\n<li><strong>Ile smak\u00f3w zawiera?<\/strong><br \/>\nKa\u017cde urz\u0105dzenie ma wbudowane 3 smaki, oferuj\u0105c r\u00f3\u017cnorodno\u015b\u0107 w jednym urz\u0105dzeniu.<\/li>\n<li><strong>Czy mo\u017cna go \u0142adowa\u0107?<\/strong><br \/>\nTak, obs\u0142uguje szybkie \u0142adowanie typu C.<\/li>\n<li><strong>Jakie moce nikotyny s\u0105 dost\u0119pne?<\/strong><br \/>\nWybierz warto\u015b\u0107 0%, 2% lub 5%, aby dopasowa\u0107 j\u0105 do swoich preferencji.<\/li>\n<li><strong>Czy ma wy\u015bwietlacz?<\/strong><br \/>\nTak, ekran LED pokazuje zar\u00f3wno poziom na\u0142adowania baterii, jak i stan e-liquidu.<\/li>\n<li><strong>Kto powinien to kupi\u0107?<\/strong><br \/>\nIdealny dla <strong>intensywnych u\u017cytkownik\u00f3w, sklep\u00f3w i hurtowni<\/strong> w Holandii, Niemczech, Belgii, Hiszpanii i nie tylko.<\/li>\n<\/ul>\n","protected":false},"excerpt":{"rendered":"<p><strong>WASPE 60K 3 w 1<\/strong> \ud83d\udca8 to rewolucyjny jednorazowy waporyzator oferuj\u0105cy <strong>60 000 zaci\u0105gni\u0119\u0107<\/strong>, <strong>3 prze\u0142\u0105czalne smaki w jednym urz\u0105dzeniu<\/strong> i ogromn\u0105 <strong>pojemno\u015b\u0107 e-liquidu wynosz\u0105c\u0105 54 ml<\/strong>. Idealny dla dystrybutor\u00f3w, hurtownik\u00f3w i ci\u0119\u017ckich u\u017cytkownik\u00f3w w ca\u0142ej Europie.<\/p>\n","protected":false},"featured_media":753,"comment_status":"open","ping_status":"closed","template":"","meta":[],"product_brand":[],"product_cat":[394],"product_tag":[],"class_list":{"0":"post-48252","1":"product","2":"type-product","3":"status-publish","4":"has-post-thumbnail","6":"product_cat-waspe","8":"first","9":"instock","10":"shipping-taxable","11":"purchasable","12":"product-type-variable","13":"has-default-attributes"},"tiered_pricing_type":"fixed","tiered_pricing_fixed_rules":{"30":8.269999999999999573674358543939888477325439453125,"50":7.160000000000000142108547152020037174224853515625,"100":6.660000000000000142108547152020037174224853515625,"200":6.04999999999999982236431605997495353221893310546875,"400":5.7400000000000002131628207280300557613372802734375},"tiered_pricing_product_settings":{"layout":"default","base_unit_name":{"singular":null,"plural":null},"default_variation":null},"tiered_pricing_minimum_quantity":10,"tiered_pricing_roles_data":[],"tiered_pricing_percentage_rules":[],"tiered_pricing_maximum_quantity":null,"tiered_pricing_quantity_step":"10","_links":{"self":[{"href":"https:\/\/stage.jrfer.com\/pl\/wp-json\/wp\/v2\/product\/48252","targetHints":{"allow":["GET"]}}],"collection":[{"href":"https:\/\/stage.jrfer.com\/pl\/wp-json\/wp\/v2\/product"}],"about":[{"href":"https:\/\/stage.jrfer.com\/pl\/wp-json\/wp\/v2\/types\/product"}],"replies":[{"embeddable":true,"href":"https:\/\/stage.jrfer.com\/pl\/wp-json\/wp\/v2\/comments?post=48252"}],"wp:featuredmedia":[{"embeddable":true,"href":"https:\/\/stage.jrfer.com\/pl\/wp-json\/wp\/v2\/media\/753"}],"wp:attachment":[{"href":"https:\/\/stage.jrfer.com\/pl\/wp-json\/wp\/v2\/media?parent=48252"}],"wp:term":[{"taxonomy":"product_brand","embeddable":true,"href":"https:\/\/stage.jrfer.com\/pl\/wp-json\/wp\/v2\/product_brand?post=48252"},{"taxonomy":"product_cat","embeddable":true,"href":"https:\/\/stage.jrfer.com\/pl\/wp-json\/wp\/v2\/product_cat?post=48252"},{"taxonomy":"product_tag","embeddable":true,"href":"https:\/\/stage.jrfer.com\/pl\/wp-json\/wp\/v2\/product_tag?post=48252"}],"curies":[{"name":"wp","href":"https:\/\/api.w.org\/{rel}","templated":true}]}}