{"id":48916,"date":"2025-07-07T09:20:27","date_gmt":"2025-07-07T09:20:27","guid":{"rendered":"https:\/\/stage.jrfer.com\/product\/aivono-boom-patriot-edition-25k-jednorazowy-waporyzator-z-podwojna-siateczka-i-wyswietlaczem-lcd-o-pojemnosci-25000-zaciagniec\/"},"modified":"2026-04-07T13:30:22","modified_gmt":"2026-04-07T13:30:22","slug":"aivono-boom-25000","status":"publish","type":"product","link":"https:\/\/stage.jrfer.com\/pl\/produkt\/aivono-boom-25000\/","title":{"rendered":"AIVONO BOOM Patriot Edition 25K | Jednorazowy waporyzator z podw\u00f3jn\u0105 siateczk\u0105 i wy\u015bwietlaczem LCD o pojemno\u015bci 25000 zaci\u0105gni\u0119\u0107"},"content":{"rendered":"<h2>Dlaczego warto wybra\u0107 AIVONO BOOM Patriot Edition 25000?<\/h2>\n<ul>\n<li><strong>Du\u017ca liczba zaci\u0105gni\u0119\u0107:<\/strong> do 25 000 zaci\u0105gni\u0119\u0107 dla d\u0142ugotrwa\u0142ej przyjemno\u015bci \ud83d\ude80<\/li>\n<li><strong>Du\u017cy zbiornik na sok:<\/strong> 28 ml wst\u0119pnie nape\u0142nionego e-p\u0142ynu na d\u0142u\u017csze sesje \ud83d\udca7<\/li>\n<li><strong>Inteligentny wy\u015bwietlacz:<\/strong> ekran LCD pokazuje w czasie rzeczywistym stan baterii i liczb\u0119 zaci\u0105gni\u0119\u0107 \ud83d\udcdf<\/li>\n<li><strong>Grza\u0142ki z podw\u00f3jn\u0105 siatk\u0105:<\/strong> G\u0142adki, sp\u00f3jny smak przy ka\u017cdym zaci\u0105gni\u0119ciu \ud83d\udd25<\/li>\n<li><strong>Akumulator:<\/strong> pojemno\u015b\u0107 650 mAh z szybkim \u0142adowaniem typu C \ud83d\udd0b<\/li>\n<li><strong>Odmiana nikotyny:<\/strong> Opcje 0%, 2%, 3% i 5% w zale\u017cno\u015bci od r\u00f3\u017cnych potrzeb \u26a1<\/li>\n<li><strong>Gotowy do dzia\u0142ania:<\/strong> Mo\u017cliwo\u015b\u0107 sprzeda\u017cy masowej dla sklep\u00f3w z e-papierosami i odbiorc\u00f3w hurtowych \ud83d\udce6<\/li>\n<\/ul>\n<h3>Specyfikacje<\/h3>\n<tr>\n<td><strong>Wydajno\u015b\u0107 zaci\u0105gni\u0119cia:<\/strong><\/td>\n<td>Do 25 000 zaci\u0105gni\u0119\u0107<\/td>\n<\/tr>\n<tr>\n<td><strong>Pojemno\u015b\u0107 e-p\u0142ynu:<\/strong><\/td>\n<td>28 ml wst\u0119pnie nape\u0142nione<\/td>\n<\/tr>\n<tr>\n<td><strong>Mocne strony nikotyny:<\/strong><\/td>\n<td>0%, 2%, 3%, 5%<\/td>\n<\/tr>\n<tr>\n<td><strong>Bateria:<\/strong><\/td>\n<td>Akumulator 650 mAh<\/td>\n<\/tr>\n<tr>\n<td><strong>\u0141adowanie:<\/strong><\/td>\n<td>Szybkie \u0142adowanie typu C<\/td>\n<\/tr>\n<tr>\n<td><strong>Typ cewki:<\/strong><\/td>\n<td>Podw\u00f3jna cewka siatkowa<\/td>\n<\/tr>\n<tr>\n<td><strong>Wy\u015bwietlacz:<\/strong><\/td>\n<td>Ekran LCD do monitorowania zaci\u0105gni\u0119cia i baterii<\/td>\n<\/tr>\n<\/tbody>\n<h3>Wyb\u00f3r smaku<\/h3>\n<p><strong>AIVONO BOOM Patriot Edition<\/strong> oferuje gam\u0119 <strong>10 ekscytuj\u0105cych smak\u00f3w<\/strong> na ka\u017cdy gust \ud83c\udf08:<\/p>\n<ul>\n<li><strong>Mro\u017cona wi\u015bnia arbuzowa:<\/strong> S\u0142odka wi\u015bnia i arbuz z lodow\u0105 nut\u0105 \ud83c\udf49\ud83c\udf52\u2744\ufe0f<\/li>\n<li><strong>Malina Brzoskwinia Limonka:<\/strong> Owocowa mieszanka malin, brzoskwi\u0144 i limonki dla pikantnego kopa \ud83e\uded0\ud83c\udf51\ud83c\udf4b<\/li>\n<li><strong>L\u00f3d Arbuzowy:<\/strong> Klasyczny soczysty arbuz sch\u0142odzony do perfekcji \ud83c\udf49\u2744\ufe0f<\/li>\n<li><strong>Melon Cytryna:<\/strong> Orze\u017awiaj\u0105ce po\u0142\u0105czenie s\u0142odyczy melona i cytrynowej nuty \ud83c\udf48\ud83c\udf4b<\/li>\n<li><strong>Niebieski Razz L\u00f3d:<\/strong> Odwa\u017cny niebieski malinowy z ch\u0142odnym wyko\u0144czeniem \ud83e\uded0\u2744\ufe0f<\/li>\n<li><strong>Sour Mango Ananas:<\/strong> Tropikalne mango i ananas z kwa\u015bnymi nutami \ud83e\udd6d\ud83c\udf4d\ud83d\ude0b<\/li>\n<li><strong>Zielone jab\u0142ko, winogrono:<\/strong> Chrupi\u0105ce zielone jab\u0142ko spotyka si\u0119 ze s\u0142odkimi winogronami \ud83c\udf4f\ud83c\udf47<\/li>\n<li><strong>Mennica w Miami:<\/strong> \u015bwie\u017ca, lodowata mi\u0119ta z klimatem Miami \ud83c\udf34\u2744\ufe0f<\/li>\n<li><strong>Niebieski Ranczer:<\/strong> S\u0142odki, cukierkowy smak jagodowy \ud83c\udf6c\ud83e\uded0<\/li>\n<li><strong>Truskawkowy B-POP:<\/strong> Zabawny, musuj\u0105cy smak truskawkowego popu \ud83c\udf53\ud83e\udd64<\/li>\n<\/ul>\n<h3>Idealny do sprzeda\u017cy detalicznej i hurtowej<\/h3>\n<p><strong>AIVONO BOOM Patriot Edition 25000<\/strong> jest przeznaczony dla <strong>intensywnych u\u017cytkownik\u00f3w, poszukiwaczy smak\u00f3w, sklep\u00f3w z waporyzatorami i dystrybutor\u00f3w masowych<\/strong>. Dzi\u0119ki <strong>ogromnej liczbie zaci\u0105gni\u0119\u0107, podw\u00f3jnym cewkom siatkowym i inteligentnemu wy\u015bwietlaczowi LCD<\/strong> wyr\u00f3\u017cnia si\u0119 na konkurencyjnym rynku jednorazowych waporyzator\u00f3w \ud83d\udce6\ud83d\udca8.<\/p>\n<h3>Cz\u0119sto zadawane pytania<\/h3>\n<ul>\n<li><strong>Ile zaci\u0105gni\u0119\u0107 dostarcza?<\/strong><br \/>\nKa\u017cda jednostka zapewnia do 25 000 zaci\u0105gni\u0119\u0107.<\/li>\n<li><strong>Czy mo\u017cna go \u0142adowa\u0107?<\/strong><br \/>\nTak, ma akumulator 650 mAh z \u0142adowaniem typu C.<\/li>\n<li><strong>Czy ma wy\u015bwietlacz?<\/strong><br \/>\nTak, ekran LCD pokazuje liczb\u0119 zaci\u0105gni\u0119\u0107 i stan baterii.<\/li>\n<li><strong>Jakie s\u0105 dost\u0119pne poziomy nikotyny?<\/strong><br \/>\nDost\u0119pne s\u0105 opcje 0%, 2%, 3% i 5%.<\/li>\n<li><strong>Dla kogo jest najlepszy?<\/strong><br \/>\nIdealny dla <strong>intensywnych waper\u00f3w, mi\u0142o\u015bnik\u00f3w smak\u00f3w, sklep\u00f3w z waporyzatorami i odbiorc\u00f3w hurtowych<\/strong>.<\/li>\n<\/ul>\n","protected":false},"excerpt":{"rendered":"<p><strong>AIVONO BOOM Patriot Edition 25000 Puffs<\/strong> \ud83c\uddfa\ud83c\uddf8 to jednorazowy waporyzator premium z <strong>podw\u00f3jn\u0105 cewk\u0105 siatkow\u0105, 28 ml e-liquidu i wy\u015bwietlaczem LCD<\/strong>. Idealny dla sklep\u00f3w z waporyzacj\u0105, dystrybutor\u00f3w i waper\u00f3w intensywnie poszukuj\u0105cych niezawodnej wydajno\u015bci i odwa\u017cnych smak\u00f3w.<\/p>\n","protected":false},"featured_media":1322,"comment_status":"open","ping_status":"closed","template":"","meta":[],"product_brand":[],"product_cat":[545,1775,1026,1059,839,1416,1273,1306,1613,1484,1383,1520,1555,2179,1686,1650,1342,1450,1234,576,404,875,1096,911],"product_tag":[],"class_list":{"0":"post-48916","1":"product","2":"type-product","3":"status-publish","4":"has-post-thumbnail","6":"product_cat-25000-zaciagniec-jednorazowych-waporyzatorow","7":"product_cat-aivono","8":"product_cat-cyfrowe-pude-ko-vape","9":"product_cat-inteligentne-waporyzatory-ekranowe","10":"product_cat-jednorazowe-typy-waporyzatorow","11":"product_cat-jednorazowe-vapes-na-wegrzech","12":"product_cat-jednorazowe-vapes-w-austrii","13":"product_cat-jednorazowe-vapes-w-belgii","14":"product_cat-jednorazowe-vapes-w-hiszpanii","15":"product_cat-jednorazowe-vapes-w-holandii","16":"product_cat-jednorazowe-vapes-w-niemczech","17":"product_cat-jednorazowe-vapes-w-norwegii","18":"product_cat-jednorazowe-vapes-w-polsce","19":"product_cat-jednorazowe-vapes-w-portugalii","20":"product_cat-jednorazowe-vapes-w-szwajcarii","21":"product_cat-jednorazowe-vapes-w-szwecji","22":"product_cat-jednorazowe-vapes-we-francji","23":"product_cat-jednorazowe-vapes-we-w-oszech","24":"product_cat-jednorazowe-waporyzatory-w-europie","25":"product_cat-jednorazowy-waporyzator-o-pojemnosci-30000-zaciagniec","26":"product_cat-rozne-zaciagniecia-jednorazowych-waporyzatorow","27":"product_cat-vape-big-puffs","28":"product_cat-vape-z-podwojna-siatka","29":"product_cat-waporyzatory-akumulatorowe","31":"first","32":"instock","33":"shipping-taxable","34":"purchasable","35":"product-type-variable","36":"has-default-attributes"},"tiered_pricing_type":"fixed","tiered_pricing_fixed_rules":{"30":9.9900000000000002131628207280300557613372802734375,"50":9.0099999999999997868371792719699442386627197265625,"100":8.3800000000000007815970093361102044582366943359375,"200":7.69000000000000039079850466805510222911834716796875,"400":7.480000000000000426325641456060111522674560546875},"tiered_pricing_product_settings":{"layout":"default","base_unit_name":{"singular":null,"plural":null},"default_variation":null},"tiered_pricing_minimum_quantity":10,"tiered_pricing_roles_data":[],"tiered_pricing_percentage_rules":[],"tiered_pricing_maximum_quantity":null,"tiered_pricing_quantity_step":"10","_links":{"self":[{"href":"https:\/\/stage.jrfer.com\/pl\/wp-json\/wp\/v2\/product\/48916","targetHints":{"allow":["GET"]}}],"collection":[{"href":"https:\/\/stage.jrfer.com\/pl\/wp-json\/wp\/v2\/product"}],"about":[{"href":"https:\/\/stage.jrfer.com\/pl\/wp-json\/wp\/v2\/types\/product"}],"replies":[{"embeddable":true,"href":"https:\/\/stage.jrfer.com\/pl\/wp-json\/wp\/v2\/comments?post=48916"}],"wp:featuredmedia":[{"embeddable":true,"href":"https:\/\/stage.jrfer.com\/pl\/wp-json\/wp\/v2\/media\/1322"}],"wp:attachment":[{"href":"https:\/\/stage.jrfer.com\/pl\/wp-json\/wp\/v2\/media?parent=48916"}],"wp:term":[{"taxonomy":"product_brand","embeddable":true,"href":"https:\/\/stage.jrfer.com\/pl\/wp-json\/wp\/v2\/product_brand?post=48916"},{"taxonomy":"product_cat","embeddable":true,"href":"https:\/\/stage.jrfer.com\/pl\/wp-json\/wp\/v2\/product_cat?post=48916"},{"taxonomy":"product_tag","embeddable":true,"href":"https:\/\/stage.jrfer.com\/pl\/wp-json\/wp\/v2\/product_tag?post=48916"}],"curies":[{"name":"wp","href":"https:\/\/api.w.org\/{rel}","templated":true}]}}