{"id":49918,"date":"2025-07-07T09:20:27","date_gmt":"2025-07-07T09:20:27","guid":{"rendered":"https:\/\/stage.jrfer.com\/product\/bang-box-20k-jednorazowy-waporyzator-o-pojemnosci-20000-zaciagniec-o-pojemnosci-35-ml-z-cewka-siatkowa\/"},"modified":"2026-04-07T03:10:52","modified_gmt":"2026-04-07T03:10:52","slug":"bang-box-20000-puffs","status":"publish","type":"product","link":"https:\/\/stage.jrfer.com\/pl\/produkt\/bang-box-20000-puffs\/","title":{"rendered":"Bang Box 20K | Jednorazowy waporyzator o pojemno\u015bci 20000 zaci\u0105gni\u0119\u0107, o pojemno\u015bci 35 ml, z cewk\u0105 siatkow\u0105"},"content":{"rendered":"<h2>Dlaczego warto wybra\u0107 Bang Box 20000?<\/h2>\n<ul>\n<li><strong>Ogromna liczba zaci\u0105gni\u0119\u0107:<\/strong> do 20 000 zaci\u0105gni\u0119\u0107 dla d\u0142ugotrwa\u0142ej przyjemno\u015bci \ud83d\ude80<\/li>\n<li><strong>Du\u017cy zbiornik na sok:<\/strong> 35 ml wst\u0119pnie nape\u0142nionego e-liquidu oznacza mniej wymian \ud83d\udca7<\/li>\n<li><strong>Mocna bateria:<\/strong> akumulator 850 mAh z szybkim \u0142adowaniem typu C \ud83d\udd0b<\/li>\n<li><strong>Moc cewki siatkowej:<\/strong> G\u0142adki, odwa\u017cny i sp\u00f3jny smak przy ka\u017cdym zaci\u0105gni\u0119ciu \ud83d\udd25<\/li>\n<li><strong>Opcje nikotyny:<\/strong> 0%, 2%, 3% lub 5% w zale\u017cno\u015bci od wszystkich preferencji \u26a1<\/li>\n<li><strong>\u0141atwy w u\u017cyciu:<\/strong> bez konieczno\u015bci uzupe\u0142niania, bez k\u0142opot\u00f3w \u2014 po prostu na\u0142aduj i ciesz si\u0119 \ud83d\udc4d<\/li>\n<li><strong>Gotowy do sprzeda\u017cy hurtowej:<\/strong> Idealny do zakup\u00f3w hurtowych, dystrybucji i sprzeda\u017cy detalicznej \ud83d\udce6<\/li>\n<\/ul>\n<h3>Specyfikacje<\/h3>\n<tr>\n<td><strong>Wydajno\u015b\u0107 zaci\u0105gni\u0119cia:<\/strong><\/td>\n<td>Do 20 000 zaci\u0105gni\u0119\u0107<\/td>\n<\/tr>\n<tr>\n<td><strong>Pojemno\u015b\u0107 e-p\u0142ynu:<\/strong><\/td>\n<td>35 ml wst\u0119pnie nape\u0142nione<\/td>\n<\/tr>\n<tr>\n<td><strong>Mocne strony nikotyny:<\/strong><\/td>\n<td>0%, 2%, 3%, 5%<\/td>\n<\/tr>\n<tr>\n<td><strong>Bateria:<\/strong><\/td>\n<td>Akumulator 850 mAh<\/td>\n<\/tr>\n<tr>\n<td><strong>\u0141adowanie:<\/strong><\/td>\n<td>Szybkie \u0142adowanie typu C<\/td>\n<\/tr>\n<tr>\n<td><strong>Typ cewki:<\/strong><\/td>\n<td>Cewka siatkowa<\/td>\n<\/tr>\n<\/tbody>\n<h3>Wyb\u00f3r smaku<\/h3>\n<p><strong>Bang Box 20000<\/strong> oferuje <strong>12 pysznych smak\u00f3w<\/strong>, kt\u00f3re zaspokoj\u0105 ka\u017cde pragnienie \ud83c\udf08:<\/p>\n<ul>\n<li><strong>Truskawkowy Kiwi:<\/strong> S\u0142odkie truskawki spotykaj\u0105 si\u0119 z pikantnym kiwi \ud83c\udf53\ud83e\udd5d<\/li>\n<li><strong>Kiwi Marakuja Gujawa:<\/strong> Egzotyczna mieszanka tropikalna \ud83e\udd5d\ud83c\udf48\ud83c\udf4d<\/li>\n<li><strong>Truskawkowy Arbuz:<\/strong> Soczysty owocowy duet \ud83c\udf53\ud83c\udf49<\/li>\n<li><strong>Arspberry Arbuz:<\/strong> Tarta malinowa ze \u015bwie\u017cym arbuzem \ud83e\uded0\ud83c\udf49<\/li>\n<li><strong>Jagodowy, kwa\u015bny, malinowy l\u00f3d:<\/strong> S\u0142odki, kwa\u015bny i lodowaty \ud83e\uded0\u2744\ufe0f<\/li>\n<li><strong>L\u00f3d arbuzowy:<\/strong> Orze\u017awiaj\u0105cy lodowaty arbuz \ud83c\udf49\u2744\ufe0f<\/li>\n<li><strong>L\u00f3d bananowy:<\/strong> Kremowy banan z fajnym kopni\u0119ciem \ud83c\udf4c\u2744\ufe0f<\/li>\n<li><strong>Mango Brzoskwinia:<\/strong> Tropikalna i soczysta doskona\u0142o\u015b\u0107 \ud83e\udd6d\ud83c\udf51<\/li>\n<li><strong>Blue Razz Ice:<\/strong> Odwa\u017cna niebieska malina z mentolem \ud83e\uded0\u2744\ufe0f<\/li>\n<li><strong>Pan. Niebieski:<\/strong> tajemnicza owocowa mieszanka lodu \ud83c\udf0c\u2744\ufe0f<\/li>\n<li><strong>L\u00f3d winogronowy:<\/strong> S\u0142odkie winogrona sch\u0142odzone lodem \ud83c\udf47\u2744\ufe0f<\/li>\n<li><strong>Mango On Ice:<\/strong> S\u0142odkie mango z lodowat\u0105 \u015bwie\u017co\u015bci\u0105 \ud83e\udd6d\u2744\ufe0f<\/li>\n<\/ul>\n<h3>Idealny do sprzeda\u017cy detalicznej i hurtowej<\/h3>\n<p><strong>Bang Box 20000<\/strong> jest przeznaczony dla <strong>intensywnych waper\u00f3w, mi\u0142o\u015bnik\u00f3w smak\u00f3w, sklep\u00f3w z waporyzatorami i dystrybutor\u00f3w hurtowych<\/strong>. Dzi\u0119ki <strong>du\u017cej liczbie zaci\u0105gni\u0119\u0107, du\u017cemu zbiornikowi na sok i systemowi grza\u0142ek z g\u0142adk\u0105 siatk\u0105<\/strong> jest to pozycja obowi\u0105zkowa na rynku jednorazowych waporyzator\u00f3w \ud83d\udce6\ud83d\udca8.<\/p>\n<h3>Cz\u0119sto zadawane pytania<\/h3>\n<ul>\n<li><strong>Ile zaci\u0105gni\u0119\u0107 na urz\u0105dzenie?<\/strong><br \/>\nKa\u017cda jednostka zapewnia do 20 000 zaci\u0105gni\u0119\u0107.<\/li>\n<li><strong>Czy mo\u017cna go \u0142adowa\u0107?<\/strong><br \/>\nTak, z bateri\u0105 850 mAh i szybkim \u0142adowaniem typu C.<\/li>\n<li><strong>Jakie moce nikotyny s\u0105 dost\u0119pne?<\/strong><br \/>\nOpcje 0%, 2%, 3% i 5% nikotyny.<\/li>\n<li><strong>Czy wykorzystuje cewk\u0119 siatkow\u0105?<\/strong><br \/>\nTak, cewka siatkowa zapewniaj\u0105ca g\u0142adki, sp\u00f3jny smak.<\/li>\n<li><strong>Kto powinien to kupi\u0107?<\/strong><br \/>\nIdealny dla <strong>intensywnych u\u017cytkownik\u00f3w, poszukiwaczy smak\u00f3w, sklep\u00f3w z waporyzatorami i odbiorc\u00f3w hurtowych<\/strong>.<\/li>\n<\/ul>\n","protected":false},"excerpt":{"rendered":"<p><strong>Bang Box 20000 Puffs<\/strong> \ud83d\udca8 to jednorazowy waporyzator o du\u017cej pojemno\u015bci, zawieraj\u0105cy <strong>35 ml e-liquidu, technologi\u0119 cewki siatkowej i umo\u017cliwiaj\u0105cy wykonanie do 20 000 zaci\u0105gni\u0119\u0107<\/strong>. Najlepszy wyb\u00f3r dla sklep\u00f3w z waporyzatorami, hurtownik\u00f3w i intensywnych u\u017cytkownik\u00f3w, kt\u00f3rzy wymagaj\u0105 wydajno\u015bci i warto\u015bci.<\/p>\n","protected":false},"featured_media":1309,"comment_status":"open","ping_status":"closed","template":"","meta":[],"product_brand":[],"product_cat":[348,1059,839,1416,1273,1306,1613,1484,1383,1520,1555,2179,1686,1650,1342,1450,1234,522,404,875,911],"product_tag":[],"class_list":{"0":"post-49918","1":"product","2":"type-product","3":"status-publish","4":"has-post-thumbnail","6":"product_cat-bang","7":"product_cat-inteligentne-waporyzatory-ekranowe","8":"product_cat-jednorazowe-typy-waporyzatorow","9":"product_cat-jednorazowe-vapes-na-wegrzech","10":"product_cat-jednorazowe-vapes-w-austrii","11":"product_cat-jednorazowe-vapes-w-belgii","12":"product_cat-jednorazowe-vapes-w-hiszpanii","13":"product_cat-jednorazowe-vapes-w-holandii","14":"product_cat-jednorazowe-vapes-w-niemczech","15":"product_cat-jednorazowe-vapes-w-norwegii","16":"product_cat-jednorazowe-vapes-w-polsce","17":"product_cat-jednorazowe-vapes-w-portugalii","18":"product_cat-jednorazowe-vapes-w-szwajcarii","19":"product_cat-jednorazowe-vapes-w-szwecji","20":"product_cat-jednorazowe-vapes-we-francji","21":"product_cat-jednorazowe-vapes-we-w-oszech","22":"product_cat-jednorazowe-waporyzatory-w-europie","23":"product_cat-jednorazowy-waporyzator-o-pojemnosci-20000-zaciagniec","24":"product_cat-rozne-zaciagniecia-jednorazowych-waporyzatorow","25":"product_cat-vape-big-puffs","26":"product_cat-waporyzatory-akumulatorowe","28":"first","29":"instock","30":"shipping-taxable","31":"purchasable","32":"product-type-variable","33":"has-default-attributes"},"tiered_pricing_type":"fixed","tiered_pricing_fixed_rules":{"30":6.4199999999999999289457264239899814128875732421875,"50":5.42999999999999971578290569595992565155029296875,"100":4.69000000000000039079850466805510222911834716796875,"200":4.32000000000000028421709430404007434844970703125,"400":3.7599999999999997868371792719699442386627197265625},"tiered_pricing_product_settings":{"layout":"default","base_unit_name":{"singular":null,"plural":null},"default_variation":null},"tiered_pricing_minimum_quantity":10,"tiered_pricing_roles_data":[],"tiered_pricing_percentage_rules":[],"tiered_pricing_maximum_quantity":null,"tiered_pricing_quantity_step":"10","_links":{"self":[{"href":"https:\/\/stage.jrfer.com\/pl\/wp-json\/wp\/v2\/product\/49918","targetHints":{"allow":["GET"]}}],"collection":[{"href":"https:\/\/stage.jrfer.com\/pl\/wp-json\/wp\/v2\/product"}],"about":[{"href":"https:\/\/stage.jrfer.com\/pl\/wp-json\/wp\/v2\/types\/product"}],"replies":[{"embeddable":true,"href":"https:\/\/stage.jrfer.com\/pl\/wp-json\/wp\/v2\/comments?post=49918"}],"wp:featuredmedia":[{"embeddable":true,"href":"https:\/\/stage.jrfer.com\/pl\/wp-json\/wp\/v2\/media\/1309"}],"wp:attachment":[{"href":"https:\/\/stage.jrfer.com\/pl\/wp-json\/wp\/v2\/media?parent=49918"}],"wp:term":[{"taxonomy":"product_brand","embeddable":true,"href":"https:\/\/stage.jrfer.com\/pl\/wp-json\/wp\/v2\/product_brand?post=49918"},{"taxonomy":"product_cat","embeddable":true,"href":"https:\/\/stage.jrfer.com\/pl\/wp-json\/wp\/v2\/product_cat?post=49918"},{"taxonomy":"product_tag","embeddable":true,"href":"https:\/\/stage.jrfer.com\/pl\/wp-json\/wp\/v2\/product_tag?post=49918"}],"curies":[{"name":"wp","href":"https:\/\/api.w.org\/{rel}","templated":true}]}}