{"id":51097,"date":"2025-06-28T05:30:23","date_gmt":"2025-06-28T05:30:23","guid":{"rendered":"https:\/\/stage.jrfer.com\/product\/waspe-40k-double-flavour-twins-40000-ptysi-jednorazowy-waporyzator-o-podwojnym-smaku\/"},"modified":"2026-04-07T14:42:10","modified_gmt":"2026-04-07T14:42:10","slug":"waspe-40k-twins-40000-puffs","status":"publish","type":"product","link":"https:\/\/stage.jrfer.com\/pl\/produkt\/waspe-40k-twins-40000-puffs\/","title":{"rendered":"WASPE 40K Double Flavour Twins 40000 Ptysi | Jednorazowy waporyzator o podw\u00f3jnym smaku"},"content":{"rendered":"<h2>Dlaczego warto wybra\u0107 bli\u017aniaki o podw\u00f3jnym smaku WASPE 40K?<\/h2>\n<ul>\n<li><strong>Ogromna pojemno\u015b\u0107 zaci\u0105gni\u0119cia:<\/strong> do 40 000 zaci\u0105gni\u0119\u0107 przy d\u0142u\u017cszym u\u017cytkowaniu \ud83d\ude80<\/li>\n<li><strong>System podw\u00f3jnego smaku:<\/strong> Ciesz si\u0119 2 smakami w 1 urz\u0105dzeniu, aby uzyska\u0107 niesko\u0144czon\u0105 r\u00f3\u017cnorodno\u015b\u0107 \ud83c\udf53\ud83c\udf47<\/li>\n<li><strong>Ogromny zbiornik:<\/strong> 36 ml e-liquidu oznacza mniej uzupe\u0142nie\u0144 i wi\u0119cej przyjemno\u015bci \ud83d\udca7<\/li>\n<li><strong>Wydajna bateria:<\/strong> 850 mAh z mo\u017cliwo\u015bci\u0105 szybkiego \u0142adowania typu C \u26a1<\/li>\n<li><strong>Nikotyna do wyboru:<\/strong> 0%, 2% lub 5% w zale\u017cno\u015bci od preferencji \u2705<\/li>\n<li><strong>Grza\u0142ki z podw\u00f3jn\u0105 siatk\u0105:<\/strong> Odwa\u017cny smak, g\u0142adkie uderzenia i sta\u0142a para \ud83c\udf2c\ufe0f<\/li>\n<li><strong>Przeno\u015bny i bezproblemowy:<\/strong> nie wymaga uzupe\u0142niania ani konserwacji \u2014 po prostu zaci\u0105gnij si\u0119 i ciesz si\u0119 \ud83c\udfaf<\/li>\n<li><strong>Gotowy na B2B:<\/strong> Idealny dla hurtownik\u00f3w, sprzedawc\u00f3w detalicznych i salon\u00f3w shisha \ud83d\udce6<\/li>\n<\/ul>\n<h3>Specyfikacje<\/h3>\n<tr>\n<td><strong>Liczba zaci\u0105gni\u0119\u0107:<\/strong><\/td>\n<td>Do 40 000 zaci\u0105gni\u0119\u0107<\/td>\n<\/tr>\n<tr>\n<td><strong>Pojemno\u015b\u0107 e-p\u0142ynu:<\/strong><\/td>\n<td>36ml<\/td>\n<\/tr>\n<tr>\n<td><strong>Bateria:<\/strong><\/td>\n<td>Akumulator 850 mAh<\/td>\n<\/tr>\n<tr>\n<td><strong>Mocne strony nikotyny:<\/strong><\/td>\n<td>0%, 2%, 5%<\/td>\n<\/tr>\n<tr>\n<td><strong>Cewki:<\/strong><\/td>\n<td>Podw\u00f3jne cewki siatkowe<\/td>\n<\/tr>\n<tr>\n<td><strong>\u0141adowanie:<\/strong><\/td>\n<td>Szybkie \u0142adowanie typu C<\/td>\n<\/tr>\n<tr>\n<td><strong>Cecha specjalna:<\/strong><\/td>\n<td>Do\u015bwiadczenie o dw\u00f3ch smakach<\/td>\n<\/tr>\n<\/tbody>\n<h3>Po\u0142\u0105czenia smakowe<\/h3>\n<p><strong>WASPE 40K Twins<\/strong> oferuje <strong>20 ekscytuj\u0105cych fuzji o dw\u00f3ch smakach<\/strong>, kt\u00f3re urozmaicaj\u0105 ka\u017cde zaci\u0105gni\u0119cie si\u0119 \ud83c\udf89:<\/p>\n<ul>\n<li><strong>L\u00f3d arbuzowy i limonka cytrynowa<\/strong> \u2013 orze\u017awiaj\u0105cy, s\u0142odki i pikantny \ud83c\udf49\ud83c\udf4b<\/li>\n<li><strong>Fizzy Cherry Ice &amp; Blueberry Cotton Candy<\/strong> \u2013 Gazowana i s\u0142odkawa s\u0142odycz \ud83c\udf52\ud83c\udf6d<\/li>\n<li><strong>Truskawkowy Arbuz i Bor\u00f3wka Malina<\/strong> \u2013 Eksplozja soczystych jag\u00f3d \ud83c\udf53\ud83e\uded0<\/li>\n<li><strong>Red Bull Ice &amp; Strawberry Mango<\/strong> \u2013 inspirowany energi\u0105 tropikalny klimat \u26a1\ud83e\udd6d<\/li>\n<li><strong>Peach Ice &amp; Ananas Mango Peach<\/strong> \u2013 S\u0142odki i tropikalny ch\u0142\u00f3d \ud83c\udf51\ud83c\udf4d<\/li>\n<li><strong>L\u00f3d winogronowy i kiwi truskawkowe<\/strong> \u2013 odwa\u017cne i owocowe \ud83c\udf47\ud83e\udd5d<\/li>\n<li><strong>Mieszane jagody i podw\u00f3jny l\u00f3d jab\u0142kowy<\/strong> \u2013 klasyczne po\u0142\u0105czenie w stylu sziszy \ud83c\udf4f\ud83c\udf53<\/li>\n<li><strong>Blue Razz Lemonade &amp; Arbuzowa guma balonowa<\/strong> \u2013 cierpka i s\u0142odka \ud83c\udf4b\ud83c\udf6c<\/li>\n<li><strong>Truskawka Malina Wi\u015bnia &amp; Mi\u0142o\u015b\u0107 666<\/strong> \u2013 Egzotyczna i niepowtarzalna \u2764\ufe0f\ud83c\udf52<\/li>\n<li><strong>Truskawkowo-bananowo-ananasowo-kokosowy l\u00f3d<\/strong> \u2013 kremowa mieszanka tropikalna \ud83c\udf4c\ud83e\udd65<\/li>\n<li><strong>Truskawkowa Arbuzowa Guma Balonowa i Mieszanka Owoc\u00f3w<\/strong> \u2013 S\u0142odka i Soczysta \ud83c\udf49\ud83c\udf53<\/li>\n<li><strong>Cherry Cola Ice &amp; Strawberry Raspberry Candy<\/strong> \u2013 Gazowane i s\u0142odkie \ud83e\udd64\ud83c\udf53<\/li>\n<li><strong>Kwa\u015bne Jab\u0142ko Malina &amp; Truskawka Big Bang<\/strong> \u2013 Tarta i odwa\u017cna \ud83c\udf4f\ud83c\udf53<\/li>\n<li><strong>Brzoskwinia Jagoda &amp; Arbuz Mango Brzoskwinia<\/strong> \u2013 Owocowy raj \ud83c\udf51\ud83c\udf49<\/li>\n<li><strong>L\u00f3d jagodowy i l\u00f3d czarnego smoka<\/strong> \u2013 fajne i mocne \ud83e\uded0\ud83d\udc09\u2744\ufe0f<\/li>\n<li><strong>Truskawka, Wi\u015bnia i Kiwi Marakuja<\/strong> \u2013 egzotyczna mieszanka owocowa \ud83c\udf52\ud83e\udd5d<\/li>\n<li><strong>Gummy Bear &amp; Truskawkowa Cola<\/strong> \u2013 Zabawna i gazowana \ud83c\udf6c\ud83e\udd64<\/li>\n<li><strong>Bananowo-ananasowy l\u00f3d i Red Bull Ice<\/strong> \u2013 tropikalna mieszanka energetyczna \ud83c\udf4c\ud83c\udf4d\u26a1<\/li>\n<li><strong>Red Bull Strawberry &amp; Blackcurrant Ice<\/strong> \u2013 Odwa\u017cny, energetyzuj\u0105cy kopniak \u26a1\ud83c\udf53<\/li>\n<li><strong>Potr\u00f3jny l\u00f3d melonowy i arbuz malinowy<\/strong> \u2013 S\u0142odka melonowa rozkosz \ud83c\udf48\ud83c\udf49<\/li>\n<\/ul>\n<h3>Idealny dla intensywnych u\u017cytkownik\u00f3w i odbiorc\u00f3w hurtowych<\/h3>\n<p><strong>WASPE 40K Double Flavour Twins<\/strong> jest idealny dla <strong>intensywnych u\u017cytkownik\u00f3w, poszukiwaczy smak\u00f3w, sklep\u00f3w z waporyzatorami i dystrybutor\u00f3w<\/strong>. Dzi\u0119ki <strong>ogromnej pojemno\u015bci zaci\u0105gni\u0119cia, akumulatorowi i konstrukcji o dw\u00f3ch smakach<\/strong> zosta\u0142 stworzony, aby maksymalizowa\u0107 zadowolenie klient\u00f3w i mo\u017cliwo\u015bci sprzeda\u017cy.<\/p>\n<h3>Cz\u0119sto zadawane pytania<\/h3>\n<ul>\n<li><strong>Ile smak\u00f3w znajduje si\u0119 w ka\u017cdym urz\u0105dzeniu?<\/strong><br \/>\nDla urozmaicenia ka\u017cda jednostka ma wbudowane 2 smaki.<\/li>\n<li><strong>Czy mo\u017cna go \u0142adowa\u0107?<\/strong><br \/>\nTak, z bateri\u0105 850 mAh i \u0142adowaniem typu C.<\/li>\n<li><strong>Jakie s\u0105 dost\u0119pne poziomy nikotyny?<\/strong><br \/>\nOpcje obejmuj\u0105 0%, 2% i 5% nikotyny.<\/li>\n<li><strong>Czy wymaga uzupe\u0142nienia?<\/strong><br \/>\nNie, to urz\u0105dzenie jednorazowe ze zbiornikiem o pojemno\u015bci 36 ml.<\/li>\n<li><strong>Dla kogo przeznaczony jest ten produkt?<\/strong><br \/>\nIdealny dla <strong>hurtowni B2B, sprzedawc\u00f3w vape, salon\u00f3w i ci\u0119\u017ckich vaper\u00f3w<\/strong>.<\/li>\n<\/ul>\n","protected":false},"excerpt":{"rendered":"<p><strong>WASPE 40K Twins<\/strong> \ud83d\udd25 to najwy\u017cszej jako\u015bci <strong>jednorazowy waporyzator o pojemno\u015bci 40 000 zaci\u0105gni\u0119\u0107<\/strong> z <strong>kombinacjami dw\u00f3ch smak\u00f3w<\/strong>, <strong>36 ml e-liquidu<\/strong> i <strong>podw\u00f3jn\u0105 cewk\u0105 siatkow\u0105<\/strong>. Zaprojektowany z my\u015bl\u0105 o d\u0142ugotrwa\u0142ych sesjach, p\u0142ynnych chmurach i dystrybucji hurtowej, jest niezb\u0119dny dla sklep\u00f3w z waporyzatorami, dystrybutor\u00f3w i intensywnych u\u017cytkownik\u00f3w.<\/p>\n","protected":false},"featured_media":767,"comment_status":"open","ping_status":"closed","template":"","meta":[],"product_brand":[],"product_cat":[394],"product_tag":[],"class_list":{"0":"post-51097","1":"product","2":"type-product","3":"status-publish","4":"has-post-thumbnail","6":"product_cat-waspe","8":"first","9":"instock","10":"shipping-taxable","11":"purchasable","12":"product-type-variable","13":"has-default-attributes"},"tiered_pricing_type":"fixed","tiered_pricing_fixed_rules":{"30":7.339999999999999857891452847979962825775146484375,"50":5.980000000000000426325641456060111522674560546875,"100":5.7400000000000002131628207280300557613372802734375,"200":5.37000000000000010658141036401502788066864013671875,"400":4.80999999999999960920149533194489777088165283203125},"tiered_pricing_product_settings":{"layout":"default","base_unit_name":{"singular":null,"plural":null},"default_variation":null},"tiered_pricing_minimum_quantity":10,"tiered_pricing_roles_data":[],"tiered_pricing_percentage_rules":[],"tiered_pricing_maximum_quantity":null,"tiered_pricing_quantity_step":"10","_links":{"self":[{"href":"https:\/\/stage.jrfer.com\/pl\/wp-json\/wp\/v2\/product\/51097","targetHints":{"allow":["GET"]}}],"collection":[{"href":"https:\/\/stage.jrfer.com\/pl\/wp-json\/wp\/v2\/product"}],"about":[{"href":"https:\/\/stage.jrfer.com\/pl\/wp-json\/wp\/v2\/types\/product"}],"replies":[{"embeddable":true,"href":"https:\/\/stage.jrfer.com\/pl\/wp-json\/wp\/v2\/comments?post=51097"}],"wp:featuredmedia":[{"embeddable":true,"href":"https:\/\/stage.jrfer.com\/pl\/wp-json\/wp\/v2\/media\/767"}],"wp:attachment":[{"href":"https:\/\/stage.jrfer.com\/pl\/wp-json\/wp\/v2\/media?parent=51097"}],"wp:term":[{"taxonomy":"product_brand","embeddable":true,"href":"https:\/\/stage.jrfer.com\/pl\/wp-json\/wp\/v2\/product_brand?post=51097"},{"taxonomy":"product_cat","embeddable":true,"href":"https:\/\/stage.jrfer.com\/pl\/wp-json\/wp\/v2\/product_cat?post=51097"},{"taxonomy":"product_tag","embeddable":true,"href":"https:\/\/stage.jrfer.com\/pl\/wp-json\/wp\/v2\/product_tag?post=51097"}],"curies":[{"name":"wp","href":"https:\/\/api.w.org\/{rel}","templated":true}]}}