{"id":54915,"date":"2025-06-28T04:24:43","date_gmt":"2025-06-28T04:24:43","guid":{"rendered":"https:\/\/stage.jrfer.com\/product\/bang-leader-80k-3-w-1-80000-zaciagniec-jednorazowy-waporyzator-o-potrojnym-smaku\/"},"modified":"2026-04-07T15:02:59","modified_gmt":"2026-04-07T15:02:59","slug":"bang-leader-80k-puffs","status":"publish","type":"product","link":"https:\/\/stage.jrfer.com\/pl\/produkt\/bang-leader-80k-puffs\/","title":{"rendered":"Bang Leader 80K 3 w 1 80000 zaci\u0105gni\u0119\u0107 | Jednorazowy waporyzator o potr\u00f3jnym smaku"},"content":{"rendered":"<h2>Dlaczego warto wybra\u0107 Bang Leader 80K?<\/h2>\n<ul>\n<li><strong>System potr\u00f3jnego smaku:<\/strong> natychmiastowe prze\u0142\u0105czanie pomi\u0119dzy 3 wbudowanymi smakami w 1 urz\u0105dzeniu \ud83c\udf49\ud83e\udd6d\ud83c\udf4c<\/li>\n<li><strong>Bardzo du\u017ca liczba zaci\u0105gni\u0119\u0107:<\/strong> do 80 000 zaci\u0105gni\u0119\u0107, co zapewnia niezr\u00f3wnan\u0105 trwa\u0142o\u015b\u0107 \ud83d\ude80<\/li>\n<li><strong>Opcje nikotyny:<\/strong> 0%, 2%, 3% lub 5% \u2014 dostosowane do wszystkich preferencji \u2705<\/li>\n<li><strong>Podw\u00f3jna cewka siatkowa:<\/strong> Bogatszy smak, g\u0142adsza para i szybsze nagrzewanie \ud83c\udf2c\ufe0f<\/li>\n<li><strong>Moc \u0142adowania:<\/strong> bateria 850 mAh z szybkim \u0142adowaniem typu C \u26a1<\/li>\n<li><strong>Gotowy do sprzeda\u017cy hurtowej:<\/strong> ka\u017cde opakowanie zawiera 10 sztuk \u2014 idealne dla sprzedawc\u00f3w \ud83d\udce6<\/li>\n<\/ul>\n<h3>Specyfikacje<\/h3>\n<tr>\n<td><strong>Liczba zaci\u0105gni\u0119\u0107:<\/strong><\/td>\n<td>Do 80 000 zaci\u0105gni\u0119\u0107<\/td>\n<\/tr>\n<tr>\n<td><strong>System smakowy:<\/strong><\/td>\n<td>Potr\u00f3jne prze\u0142\u0105czanie smak\u00f3w 3 w 1<\/td>\n<\/tr>\n<tr>\n<td><strong>Mocne strony nikotyny:<\/strong><\/td>\n<td>0%, 2%, 3%, 5%<\/td>\n<\/tr>\n<tr>\n<td><strong>Cewka:<\/strong><\/td>\n<td>Podw\u00f3jna cewka siatkowa<\/td>\n<\/tr>\n<tr>\n<td><strong>Bateria:<\/strong><\/td>\n<td>Akumulator 850 mAh<\/td>\n<\/tr>\n<tr>\n<td><strong>\u0141adowanie:<\/strong><\/td>\n<td>Szybkie \u0142adowanie typu C<\/td>\n<\/tr>\n<tr>\n<td><strong>Opakowanie pude\u0142kowe:<\/strong><\/td>\n<td>10 sztuk w pude\u0142ku (przyjazne dla B2B)<\/td>\n<\/tr>\n<\/tbody>\n<h3>Do\u015bwiadczenia smakowe<\/h3>\n<p>Dzi\u0119ki <strong>Bang Leader 80K<\/strong> otrzymujesz <strong>3 smaki w ka\u017cdym urz\u0105dzeniu<\/strong> \u2014 idealne po\u0142\u0105czenie zapewniaj\u0105ce niesko\u0144czon\u0105 r\u00f3\u017cnorodno\u015b\u0107 \ud83d\ude0d:<\/p>\n<ul>\n<li><strong>L\u00f3d Arbuzowy + Truskawkowe Mango + Banan<\/strong> \u2013 Orze\u017awiaj\u0105ce owocowe trio \ud83c\udf49\ud83c\udf53\ud83c\udf4c<\/li>\n<li><strong>Malinowy Mojito Brzoskwiniowy L\u00f3d + Truskawkowy Arbuz + Kiwi Marakuja Gujawa<\/strong> \u2013 Egzotyczny i fajny \ud83e\udd5d\ud83c\udf51<\/li>\n<li><strong>Truskawkowy arbuz + l\u00f3d winogronowy + t\u0119czowe cukierki<\/strong> \u2013 s\u0142odki, lodowaty i kolorowy \ud83c\udf53\ud83c\udf6c<\/li>\n<li><strong>Cola L\u00f3d + Jagoda Malina + Peach Mango Arbuz<\/strong> \u2013 Gazowany, pikantny i tropikalny \ud83e\udd64\ud83c\udf47<\/li>\n<li><strong>Arbuz jagodowy + Mango truskawkowe + Czarna porzeczka<\/strong> \u2013 Odwa\u017cna eksplozja owoc\u00f3w \ud83e\uded0\ud83c\udf49<\/li>\n<li><strong>L\u00f3d jagodowy + l\u00f3d czarnego smoka + brzoskwinia mango<\/strong> \u2013 lodowaty i mocny \ud83d\udc09\ud83e\udd6d<\/li>\n<li><strong>L\u00f3d Jagodowy + Truskawkowy Banan + Mieszane Jagody<\/strong> \u2013 Kremowo-owocowa mieszanka \ud83c\udf4c\ud83e\uded0<\/li>\n<li><strong>Red Bull + Bor\u00f3wka Arbuz + Jab\u0142ko Gruszka<\/strong> \u2013 Zastrzyk energii z owocowym kopni\u0119ciem \u26a1\ud83c\udf4f<\/li>\n<li><strong>Red Bull + Arbuzowe Cukierki B\u0105belkowe + Lody Truskawkowe<\/strong> \u2013 Zabawne i deserowe \ud83c\udf6c\ud83c\udf66<\/li>\n<li><strong>Truskawkowe Kiwi + Brzoskwiniowy L\u00f3d + Wi\u015bniowa Cola<\/strong> \u2013 S\u0142odki, pikantny i gazowany \ud83c\udf52\ud83e\udd64<\/li>\n<li><strong>Kiwi Gujawa + L\u00f3d Liczi + Ananas Mango Brzoskwinia<\/strong> \u2013 Egzotyczny tropikalny raj \ud83e\udd6d\ud83c\udf4d<\/li>\n<li><strong>L\u00f3d z awokado + limonka cytrynowa + malina arbuzowa<\/strong> \u2013 wyj\u0105tkowy, pikantny i orze\u017awiaj\u0105cy \ud83e\udd51\ud83c\udf4b<\/li>\n<\/ul>\n<h3>Idealny dla intensywnych u\u017cytkownik\u00f3w i hurtownik\u00f3w<\/h3>\n<p><strong>Bang Leader 80K<\/strong> jest przeznaczony dla <strong>intensywnych waper\u00f3w, entuzjast\u00f3w smak\u00f3w i odbiorc\u00f3w hurtowych<\/strong>. <strong>80 000 zaci\u0105gni\u0119\u0107, potr\u00f3jny system smakowy i opakowanie przyjazne dla B2B<\/strong> sprawiaj\u0105, \u017ce jest to pozycja obowi\u0105zkowa dla sklep\u00f3w z waporyzatorami, dystrybutor\u00f3w i salon\u00f3w poszukuj\u0105cych produktu o wysokim popycie.<\/p>\n<h3>Cz\u0119sto zadawane pytania<\/h3>\n<ul>\n<li><strong>Ile smak\u00f3w znajduje si\u0119 w ka\u017cdym urz\u0105dzeniu?<\/strong><br \/>\nKa\u017cde urz\u0105dzenie ma 3 wbudowane wersje, pomi\u0119dzy kt\u00f3rymi mo\u017cesz si\u0119 prze\u0142\u0105cza\u0107.<\/li>\n<li><strong>Czy mo\u017cna go \u0142adowa\u0107?<\/strong><br \/>\nTak, zawiera port \u0142adowania typu C z bateri\u0105 850 mAh.<\/li>\n<li><strong>Jakie s\u0105 dost\u0119pne poziomy nikotyny?<\/strong><br \/>\nDost\u0119pne w 0%, 2%, 3% i 5%, aby dopasowa\u0107 si\u0119 do r\u00f3\u017cnych u\u017cytkownik\u00f3w.<\/li>\n<li><strong>Jak jest zapakowany?<\/strong><br \/>\nKa\u017cde opakowanie hurtowe zawiera 10 sztuk, idealne dla odbiorc\u00f3w B2B.<\/li>\n<li><strong>Kto powinien kupi\u0107 ten produkt?<\/strong><br \/>\nIdealny dla <strong>intensywnych u\u017cytkownik\u00f3w, mi\u0142o\u015bnik\u00f3w smak\u00f3w, sklep\u00f3w z waporyzatorami i dystrybutor\u00f3w<\/strong> poszukuj\u0105cych wysokiej jako\u015bci opcji hurtowych.<\/li>\n<\/ul>\n","protected":false},"excerpt":{"rendered":"<p><strong>Bang Leader 80K<\/strong> \ud83d\udd25 na nowo definiuje waporyzacj\u0119 jednorazowego u\u017cytku dzi\u0119ki <strong>prze\u0142\u0105cznikowi smaku 3 w 1<\/strong>, ogromnej <strong>80 000 zaci\u0105gni\u0119\u0107<\/strong> i <strong>technologii podw\u00f3jnej cewki siatkowej<\/strong>. Zaprojektowany z my\u015bl\u0105 o d\u0142ugotrwa\u0142ej przyjemno\u015bci i dystrybucji hurtowej, jest idealnym wyborem dla sklep\u00f3w z waporyzatorami, dystrybutor\u00f3w i poszukiwaczy smak\u00f3w.<\/p>\n","protected":false},"featured_media":818,"comment_status":"open","ping_status":"closed","template":"","meta":[],"product_brand":[],"product_cat":[348],"product_tag":[],"class_list":{"0":"post-54915","1":"product","2":"type-product","3":"status-publish","4":"has-post-thumbnail","6":"product_cat-bang","8":"first","9":"instock","10":"shipping-taxable","11":"purchasable","12":"product-type-variable","13":"has-default-attributes"},"tiered_pricing_type":"fixed","tiered_pricing_fixed_rules":{"30":7.4000000000000003552713678800500929355621337890625,"50":6.29000000000000003552713678800500929355621337890625,"100":5.42999999999999971578290569595992565155029296875,"200":5.05999999999999960920149533194489777088165283203125,"400":4.5},"tiered_pricing_product_settings":{"layout":"default","base_unit_name":{"singular":null,"plural":null},"default_variation":null},"tiered_pricing_minimum_quantity":10,"tiered_pricing_roles_data":[],"tiered_pricing_percentage_rules":[],"tiered_pricing_maximum_quantity":null,"tiered_pricing_quantity_step":"10","_links":{"self":[{"href":"https:\/\/stage.jrfer.com\/pl\/wp-json\/wp\/v2\/product\/54915","targetHints":{"allow":["GET"]}}],"collection":[{"href":"https:\/\/stage.jrfer.com\/pl\/wp-json\/wp\/v2\/product"}],"about":[{"href":"https:\/\/stage.jrfer.com\/pl\/wp-json\/wp\/v2\/types\/product"}],"replies":[{"embeddable":true,"href":"https:\/\/stage.jrfer.com\/pl\/wp-json\/wp\/v2\/comments?post=54915"}],"wp:featuredmedia":[{"embeddable":true,"href":"https:\/\/stage.jrfer.com\/pl\/wp-json\/wp\/v2\/media\/818"}],"wp:attachment":[{"href":"https:\/\/stage.jrfer.com\/pl\/wp-json\/wp\/v2\/media?parent=54915"}],"wp:term":[{"taxonomy":"product_brand","embeddable":true,"href":"https:\/\/stage.jrfer.com\/pl\/wp-json\/wp\/v2\/product_brand?post=54915"},{"taxonomy":"product_cat","embeddable":true,"href":"https:\/\/stage.jrfer.com\/pl\/wp-json\/wp\/v2\/product_cat?post=54915"},{"taxonomy":"product_tag","embeddable":true,"href":"https:\/\/stage.jrfer.com\/pl\/wp-json\/wp\/v2\/product_tag?post=54915"}],"curies":[{"name":"wp","href":"https:\/\/api.w.org\/{rel}","templated":true}]}}