{"id":59035,"date":"2025-06-28T04:00:41","date_gmt":"2025-06-28T04:00:41","guid":{"rendered":"https:\/\/stage.jrfer.com\/product\/uwin-crystal-10k-10000-zaciagniec-hurtownia-lekkich-jednorazowych-waporyzatorow-rgb\/"},"modified":"2026-04-07T15:12:07","modified_gmt":"2026-04-07T15:12:07","slug":"uwin-crystal-10000-puffs","status":"publish","type":"product","link":"https:\/\/stage.jrfer.com\/pl\/produkt\/uwin-crystal-10000-puffs\/","title":{"rendered":"Uwin Crystal 10K 10000 zaci\u0105gni\u0119\u0107 | Hurtownia lekkich jednorazowych waporyzator\u00f3w rgb"},"content":{"rendered":"<h2>Dlaczego warto wybra\u0107 Uwin Crystal 10K?<\/h2>\n<ul>\n<li><strong>10 000 zaci\u0105gni\u0119\u0107:<\/strong> d\u0142ugotrwa\u0142e u\u017cytkowanie i lepsza warto\u015b\u0107 \ud83d\udca8<\/li>\n<li><strong>Elastyczno\u015b\u0107 nikotyny:<\/strong> wybierz 0%, 2%, 3% lub 5%, aby dopasowa\u0107 do swoich preferencji \ud83d\udd25<\/li>\n<li><strong>Du\u017cy zbiornik o pojemno\u015bci 18 ml:<\/strong> Wst\u0119pnie nape\u0142niony, kt\u00f3ry wystarczy na tygodnie wapowania bez k\u0142opot\u00f3w \ud83c\udf53<\/li>\n<li><strong>Cewka siatkowa 0,8 \u03a9:<\/strong> Ciesz si\u0119 g\u0142adszymi chmurami i lepszym smakiem \ud83c\udf2c\ufe0f<\/li>\n<li><strong>\u015awiat\u0142a RGB:<\/strong> wyj\u0105tkowe efekty \u015bwiec\u0105ce zapewniaj\u0105ce stylowe wra\u017cenia \u2728<\/li>\n<li><strong>Moc \u0142adowania:<\/strong> bateria kobaltowa 650 mAh z szybkim \u0142adowaniem typu C \ud83d\udd0b<\/li>\n<li><strong>Gotowe do sprzeda\u017cy hurtowej:<\/strong> 200 sztuk w kartonie, opakowanie zbiorcze \ud83d\udce6<\/li>\n<\/ul>\n<h3>Specyfikacje<\/h3>\n<tr>\n<td><strong>Liczba zaci\u0105gni\u0119\u0107:<\/strong><\/td>\n<td>Do 10 000<\/td>\n<\/tr>\n<tr>\n<td><strong>Pojemno\u015b\u0107 e-liquidu:<\/strong><\/td>\n<td>18ml<\/td>\n<\/tr>\n<tr>\n<td><strong>Si\u0142a nikotyny:<\/strong><\/td>\n<td>0%, 2%, 3%, 5%<\/td>\n<\/tr>\n<tr>\n<td><strong>Bateria:<\/strong><\/td>\n<td>Akumulator kobaltowy 650 mAh<\/td>\n<\/tr>\n<tr>\n<td><strong>\u0141adowanie:<\/strong><\/td>\n<td>Szybkie \u0142adowanie typu C<\/td>\n<\/tr>\n<tr>\n<td><strong>Cewka:<\/strong><\/td>\n<td>Cewka siatkowa 0,8 \u03a9<\/td>\n<\/tr>\n<tr>\n<td><strong>Opakowanie:<\/strong><\/td>\n<td>200 sztuk w kartonie (10 sztuk w pude\u0142ku)<\/td>\n<\/tr>\n<tr>\n<td><strong>Waga:<\/strong><\/td>\n<td>17,3 kg w kartonie<\/td>\n<\/tr>\n<tr>\n<td><strong>Wymiary:<\/strong><\/td>\n<td>36,5 x 36,7 x 31,5 cm<\/td>\n<\/tr>\n<tr>\n<td><strong>Cecha specjalna:<\/strong><\/td>\n<td>\u015awiat\u0142a RGB<\/td>\n<\/tr>\n<\/tbody>\n<h3>Wyb\u00f3r smaku<\/h3>\n<p><strong>Uwin Crystal 10K<\/strong> oferuje <strong>ponad 30 pysznych smak\u00f3w<\/strong>, \u0142\u0105cz\u0105c owoce, s\u0142odycze i lodowe doznania \ud83c\udf6d\ud83c\udf47:<\/p>\n<ul>\n<li><strong>Jagoda Malina<\/strong> \u2013 S\u0142odko-cierpka mieszanka jag\u00f3d \ud83e\uded0\ud83c\udf53<\/li>\n<li><strong>Lody winogronowe<\/strong> \u2013 soczyste winogrona z ch\u0142odnym finiszem \ud83c\udf47\u2744\ufe0f<\/li>\n<li><strong>Truskawkowy Arbuz<\/strong> \u2013 Orze\u017awiaj\u0105cy owocowy duet \ud83c\udf53\ud83c\udf49<\/li>\n<li><strong>Bor\u00f3wka Na Lodzie<\/strong> \u2013 Mro\u017ana jagodowa rozkosz \ud83e\uded0\u2744\ufe0f<\/li>\n<li><strong>Wi\u015bniowy l\u00f3d<\/strong> \u2013 Odwa\u017cna wi\u015bnia z lodowatym podmuchem \ud83c\udf52\u2744\ufe0f<\/li>\n<li><strong>Kiwi Marakuja Gujawa<\/strong> \u2013 egzotyczna tropikalna mieszanka \ud83e\udd5d\ud83c\udf48<\/li>\n<li><strong>Brzoskwiniowy l\u00f3d<\/strong> \u2013 Soczysta brzoskwinia z mro\u017anym akcentem \ud83c\udf51\u2744\ufe0f<\/li>\n<li><strong>Brzoskwiniowa Jagoda<\/strong> \u2013 S\u0142odka brzoskwinia spotyka si\u0119 z jagod\u0105 \ud83c\udf51\ud83c\udf53<\/li>\n<li><strong>Wi\u015bniowa Cola<\/strong> \u2013 Gazowana cola z dodatkiem wi\u015bni \ud83e\udd64<\/li>\n<li><strong>Red Bullaaa<\/strong> \u2013 Kopni\u0119cie inspirowane napojem energetycznym \u26a1<\/li>\n<li><strong>Lemoniada Niebieski Razz<\/strong> \u2013 s\u0142odka, pikantna i orze\u017awiaj\u0105ca \ud83d\udc99\ud83c\udf4b<\/li>\n<li><strong>Truskawkowy Banan<\/strong> \u2013 G\u0142adkie owocowe po\u0142\u0105czenie \ud83c\udf53\ud83c\udf4c<\/li>\n<li><strong>Lody coli<\/strong> \u2013 Klasyczna soda z lodowym wyko\u0144czeniem \ud83e\udd64\u2744\ufe0f<\/li>\n<li><strong>Mennica w Miami<\/strong> \u2013 \u015awie\u017ca, czysta mi\u0119ta \ud83c\udf3f<\/li>\n<li><strong>Cytryna Limonka<\/strong> \u2013 eksplozja sk\u00f3rki cytrus\u00f3w \ud83c\udf4b<\/li>\n<li><strong>Lody Waniliowe<\/strong> \u2013 S\u0142odka kremowa wanilia z ch\u0142odnym akcentem \ud83c\udf66\u2744\ufe0f<\/li>\n<li><strong>Mi\u0142o\u015b\u0107 66<\/strong> \u2013 s\u0142ynna owocowa mieszanka w stylu sziszy \u2764\ufe0f<\/li>\n<li><strong>I wiele wi\u0119cej&#8230;<\/strong><\/li>\n<\/ul>\n<h3>Idealny dla ci\u0119\u017ckich waper\u00f3w i dystrybutor\u00f3w<\/h3>\n<p>Puffy <strong>Uwin Crystal 10000<\/strong> s\u0105 przeznaczone dla <strong>intensywnych waper\u00f3w, poszukiwaczy smaku, sklep\u00f3w z waporyzacj\u0105 i dystrybutor\u00f3w hurtowych<\/strong>. Dzi\u0119ki ogromnej liczbie zaci\u0105gni\u0119\u0107, <strong>pod\u015bwietleniom RGB<\/strong> i niezawodnemu dzia\u0142aniu jest to \u0142atwa sprzeda\u017c zar\u00f3wno dla klient\u00f3w B2B, jak i detalicznych.<\/p>\n<h3>Cz\u0119sto zadawane pytania<\/h3>\n<ul>\n<li><strong>Ile zaci\u0105gni\u0119\u0107 na urz\u0105dzenie?<\/strong><br \/>\nDo 10 000 zaci\u0105gni\u0119\u0107.<\/li>\n<li><strong>Czy mo\u017cna go \u0142adowa\u0107?<\/strong><br \/>\nTak, jest wyposa\u017cony w akumulator kobaltowy o pojemno\u015bci 650 mAh.<\/li>\n<li><strong>Jakie opcje nikotyny s\u0105 dost\u0119pne?<\/strong><br \/>\nMoc nikotyny 0%, 2%, 3% i 5%.<\/li>\n<li><strong>Czy ma specjalne funkcje?<\/strong><br \/>\nTak, zawiera <strong>\u015bwiat\u0142a RGB<\/strong> zapewniaj\u0105ce stylowy efekt blasku.<\/li>\n<li><strong>Czy to dobre dla sprzeda\u017cy hurtowej?<\/strong><br \/>\nTak, 200 sztuk w kartonie idealnie nadaje si\u0119 do odsprzeda\u017cy hurtowej.<\/li>\n<\/ul>\n","protected":false},"excerpt":{"rendered":"<p><strong>Uwin Crystal 10000 Puffs<\/strong> \ud83d\udc8e to stylowy, jednorazowy waporyzator z o\u015bwietleniem RGB, przeznaczony dla <strong>kupc\u00f3w hurtowych, sklep\u00f3w z waporyzatorami i intensywnych u\u017cytkownik\u00f3w<\/strong>. Dzi\u0119ki <strong>10 000 zaci\u0105gni\u0119\u0107<\/strong>, bogatemu wyborowi smak\u00f3w i akumulatorowi, to urz\u0105dzenie zapewnia zar\u00f3wno wydajno\u015b\u0107, jak i przyci\u0105gaj\u0105cy wzrok wygl\u0105d.<\/p>\n","protected":false},"featured_media":310,"comment_status":"open","ping_status":"closed","template":"","meta":[],"product_brand":[],"product_cat":[357],"product_tag":[],"class_list":{"0":"post-59035","1":"product","2":"type-product","3":"status-publish","4":"has-post-thumbnail","6":"product_cat-uwina","8":"first","9":"instock","10":"shipping-taxable","11":"purchasable","12":"product-type-variable","13":"has-default-attributes"},"tiered_pricing_type":"fixed","tiered_pricing_fixed_rules":{"30":5.12000000000000010658141036401502788066864013671875,"50":4.12999999999999989341858963598497211933135986328125,"100":3.54000000000000003552713678800500929355621337890625,"200":3.359999999999999875655021241982467472553253173828125,"400":2.95999999999999996447286321199499070644378662109375},"tiered_pricing_product_settings":{"layout":"default","base_unit_name":{"singular":null,"plural":null},"default_variation":null},"tiered_pricing_minimum_quantity":10,"tiered_pricing_roles_data":[],"tiered_pricing_percentage_rules":[],"tiered_pricing_maximum_quantity":null,"tiered_pricing_quantity_step":"10","_links":{"self":[{"href":"https:\/\/stage.jrfer.com\/pl\/wp-json\/wp\/v2\/product\/59035","targetHints":{"allow":["GET"]}}],"collection":[{"href":"https:\/\/stage.jrfer.com\/pl\/wp-json\/wp\/v2\/product"}],"about":[{"href":"https:\/\/stage.jrfer.com\/pl\/wp-json\/wp\/v2\/types\/product"}],"replies":[{"embeddable":true,"href":"https:\/\/stage.jrfer.com\/pl\/wp-json\/wp\/v2\/comments?post=59035"}],"wp:featuredmedia":[{"embeddable":true,"href":"https:\/\/stage.jrfer.com\/pl\/wp-json\/wp\/v2\/media\/310"}],"wp:attachment":[{"href":"https:\/\/stage.jrfer.com\/pl\/wp-json\/wp\/v2\/media?parent=59035"}],"wp:term":[{"taxonomy":"product_brand","embeddable":true,"href":"https:\/\/stage.jrfer.com\/pl\/wp-json\/wp\/v2\/product_brand?post=59035"},{"taxonomy":"product_cat","embeddable":true,"href":"https:\/\/stage.jrfer.com\/pl\/wp-json\/wp\/v2\/product_cat?post=59035"},{"taxonomy":"product_tag","embeddable":true,"href":"https:\/\/stage.jrfer.com\/pl\/wp-json\/wp\/v2\/product_tag?post=59035"}],"curies":[{"name":"wp","href":"https:\/\/api.w.org\/{rel}","templated":true}]}}