{"id":61343,"date":"2025-06-27T12:12:54","date_gmt":"2025-06-27T12:12:54","guid":{"rendered":"https:\/\/stage.jrfer.com\/product\/vopk-triple-60k-3-w-1-60000-zaciagniec-jednorazowy-waporyzator-o-potrojnym-smaku-z-wyswietlaczem-led\/"},"modified":"2026-04-07T15:19:15","modified_gmt":"2026-04-07T15:19:15","slug":"vopk-triple-60k-60000-puffs","status":"publish","type":"product","link":"https:\/\/stage.jrfer.com\/pl\/produkt\/vopk-triple-60k-60000-puffs\/","title":{"rendered":"Vopk Triple 60K 3 w 1 60000 zaci\u0105gni\u0119\u0107 | Jednorazowy waporyzator o potr\u00f3jnym smaku z wy\u015bwietlaczem LED"},"content":{"rendered":"<h2>Dlaczego warto wybra\u0107 Vopk Triple 60000 Puff\u00f3w?<\/h2>\n<ul>\n<li><strong>Ogromna pojemno\u015b\u0107 60 000 zaci\u0105gni\u0119\u0107:<\/strong> Zaprojektowany z my\u015bl\u0105 o d\u0142ugotrwa\u0142ych sesjach bez konieczno\u015bci ci\u0105g\u0142ej wymiany \ud83d\udd25<\/li>\n<li><strong>Prze\u0142\u0105cznik smak\u00f3w 3 w 1:<\/strong> natychmiast prze\u0142\u0105czaj si\u0119 mi\u0119dzy trzema pysznymi smakami w jednym urz\u0105dzeniu \ud83c\udf53\ud83c\udf4d\ud83c\udf49<\/li>\n<li><strong>Opcje podw\u00f3jnej nikotyny:<\/strong> wybierz pomi\u0119dzy 2%, aby uzyska\u0107 g\u0142adsze trafienia, lub 5%, aby uzyska\u0107 wi\u0119ksz\u0105 satysfakcj\u0119 \ud83d\udeac\u27a1\ufe0f\ud83d\udca8<\/li>\n<li><strong>Grza\u0142ki z potr\u00f3jn\u0105 siatk\u0105 (0,9 \u03a9):<\/strong> Wytwarzaj\u0105 g\u0119ste chmury i odwa\u017cny smak \ud83c\udf2c\ufe0f<\/li>\n<li><strong>Zbiornik na e-liquid o pojemno\u015bci 54 ml:<\/strong> Bardzo du\u017ca pojemno\u015b\u0107 soku zapewniaj\u0105ca nieprzerwan\u0105 przyjemno\u015b\u0107 z wapowania \ud83e\udd64<\/li>\n<li><strong>Akumulator 650 mAh:<\/strong> Kompaktowy, ale mocny, pozwala na wapowanie przez ca\u0142y dzie\u0144 \u26a1<\/li>\n<li><strong>Szybkie \u0142adowanie typu C:<\/strong> szybkie \u0142adowanie przy minimalnym czasie przestoju \ud83d\udd0b<\/li>\n<li><strong>Inteligentny wy\u015bwietlacz LED:<\/strong> pokazuje czas pracy baterii i poziom e-p\u0142ynu w czasie rzeczywistym \ud83d\udca1<\/li>\n<li><strong>Gotowy do sprzeda\u017cy hurtowej:<\/strong> Produkt przystosowany do sprzeda\u017cy hurtowej i b\u0119d\u0105cy przedmiotem sprzeda\u017cy na gor\u0105co dla dystrybutor\u00f3w \ud83d\udce6<\/li>\n<\/ul>\n<h3>Specyfikacje<\/h3>\n<tr>\n<td><strong>Liczba zaci\u0105gni\u0119\u0107:<\/strong><\/td>\n<td>Do 60 000<\/td>\n<\/tr>\n<tr>\n<td><strong>Pojemno\u015b\u0107 e-p\u0142ynu:<\/strong><\/td>\n<td>54ml<\/td>\n<\/tr>\n<tr>\n<td><strong>Si\u0142a nikotyny:<\/strong><\/td>\n<td>2% \/ 5%<\/td>\n<\/tr>\n<tr>\n<td><strong>Bateria:<\/strong><\/td>\n<td>Akumulator 650 mAh<\/td>\n<\/tr>\n<tr>\n<td><strong>\u0141adowanie:<\/strong><\/td>\n<td>Szybkie \u0142adowanie typu C<\/td>\n<\/tr>\n<tr>\n<td><strong>Cewki:<\/strong><\/td>\n<td>Potr\u00f3jne cewki siatkowe 0,9 \u03a9<\/td>\n<\/tr>\n<tr>\n<td><strong>Wy\u015bwietlacz:<\/strong><\/td>\n<td>Inteligentna dioda LED (bateria + poziom na\u0142adowania baterii)<\/td>\n<\/tr>\n<tr>\n<td><strong>Tryb smaku:<\/strong><\/td>\n<td>Wymienne smaki 3 w 1<\/td>\n<\/tr>\n<\/tbody>\n<h3>Wyb\u00f3r smaku<\/h3>\n<p>Spr\u00f3buj <strong>10 wst\u0119pnie zmiksowanych potr\u00f3jnych kombinacji smakowych<\/strong> zaprojektowanych z my\u015bl\u0105 o r\u00f3\u017cnorodno\u015bci i ekscytacji \ud83c\udf6d\ud83c\udf49\ud83e\udd5d:<\/p>\n<ul>\n<li><strong>L\u00f3d Arbuzowy + L\u00f3d Potr\u00f3jny Melon + Lody Truskawkowe<\/strong> \u2013 \u015awie\u017cy, owocowy i kremowy.<\/li>\n<li><strong>Truskawkowy Banan + Malinowy Arbuz + Ananasowy Kokos<\/strong> \u2013 G\u0142adka i tropikalna fuzja.<\/li>\n<li><strong>Peach Berry + Blue Razz Ice + Arbuz Peach Mango<\/strong> \u2013 S\u0142odka, lodowata i soczysta mieszanka.<\/li>\n<li><strong>Ananas z kwa\u015bnym mango + truskawka Red Bull + l\u00f3d z czarnej porzeczki<\/strong> \u2013 pikantny, musuj\u0105cy i orze\u017awiaj\u0105cy.<\/li>\n<li><strong>Kiwi Marakuja + Truskawka Wi\u015bnia + Mi\u0142o\u015b\u0107 66<\/strong> \u2013 Egzotyczna mieszanka z akcentem inspirowanym shish\u0105.<\/li>\n<li><strong>Podw\u00f3jne lody jab\u0142kowe + owoce tropikalne + truskawkowa guma balonowa z arbuzem<\/strong> \u2013 klasyczna fajka wodna w po\u0142\u0105czeniu z owocowymi cukierkami.<\/li>\n<li><strong>Grape Ice + Strawberry Kiwi + Arbuz Red Bull<\/strong> \u2013 Odwa\u017cne winogrono z energetyzuj\u0105cym kopni\u0119ciem.<\/li>\n<li><strong>Truskawkowy Arbuz + Jagoda Malina + Cytryna Limonka<\/strong> \u2013 trio s\u0142odkie, cierpkie i cytrusowe.<\/li>\n<li><strong>Banana-Ananas + Red Bull Ice + Strawberry Mango<\/strong> \u2013 Kremowy banan z wibracj\u0105 tropikalnej energii.<\/li>\n<li><strong>Gummy Bear + Strawberry Vanilla Coke + Jagodowa Wata Cukrowa<\/strong> \u2013 Zabawna, s\u0142odka mieszanka w stylu karnawa\u0142owym.<\/li>\n<\/ul>\n<h3>Idealny do sprzeda\u017cy detalicznej i hurtowej<\/h3>\n<p> <strong>Vopk Triple 60000 Puffs<\/strong> to idealny wyb\u00f3r dla <strong>poszukiwaczy smak\u00f3w, ci\u0119\u017ckich waporyzator\u00f3w, sklep\u00f3w z waporyzacj\u0105 i odbiorc\u00f3w hurtowych<\/strong>. Dzi\u0119ki ogromnej liczbie zaci\u0105gni\u0119\u0107, unikalnemu systemowi smakowemu 3 w 1 i konstrukcji o du\u017cej pojemno\u015bci, zosta\u0142 on stworzony, aby zwi\u0119kszy\u0107 sprzeda\u017c i zapewni\u0107 satysfakcj\u0119.<\/p>\n<h3>Cz\u0119sto zadawane pytania<\/h3>\n<ul>\n<li><strong>Ile smak\u00f3w na urz\u0105dzenie?<\/strong><br \/>\nKa\u017cda jednostka oferuje 3 smaki w jednym urz\u0105dzeniu.<\/li>\n<li><strong>Jak zmieni\u0107 smak?<\/strong><br \/>\nPo prostu obr\u00f3\u0107 prze\u0142\u0105cznik smaku \u2013 nie ma potrzeby uzupe\u0142niania.<\/li>\n<li><strong>Jak d\u0142ugo to trwa?<\/strong><br \/>\nDo 60 000 zaci\u0105gni\u0119\u0107, w zale\u017cno\u015bci od u\u017cytkowania.<\/li>\n<li><strong>Czy mo\u017cna go \u0142adowa\u0107?<\/strong><br \/>\nTak, z bateri\u0105 650 mAh i szybkim \u0142adowaniem typu C.<\/li>\n<li><strong>Co go wyr\u00f3\u017cnia?<\/strong><br \/>\nSystem cewek z potr\u00f3jn\u0105 siatk\u0105 + wy\u015bwietlacz LED + prze\u0142\u0105cznik smaku 3 w 1 wyr\u00f3\u017cnia go na rynku.<\/li>\n<li><strong>Czy to dobre dla sprzeda\u017cy hurtowej?<\/strong><br \/>\nBez w\u0105tpienia jest to produkt gotowy do sprzeda\u017cy hurtowej i szybko zbywalny w sprzeda\u017cy detalicznej.<\/li>\n<\/ul>\n","protected":false},"excerpt":{"rendered":"<p><strong>Vopk Triple 60000 Puffs<\/strong> \ud83d\udca8 to najwy\u017cszej jako\u015bci <strong>jednorazowy waporyzator 3 w 1<\/strong> przeznaczony dla intensywnych u\u017cytkownik\u00f3w, sklep\u00f3w z waporyzatorami i dystrybucji hurtowej. Dzi\u0119ki potr\u00f3jnemu prze\u0142\u0105czaniu smak\u00f3w, ogromnej liczbie zaci\u0105gni\u0119\u0107 i inteligentnemu wy\u015bwietlaczowi LED zapewnia zar\u00f3wno wydajno\u015b\u0107, jak i wygod\u0119.<\/p>\n","protected":false},"featured_media":102,"comment_status":"open","ping_status":"closed","template":"","meta":[],"product_brand":[],"product_cat":[352],"product_tag":[],"class_list":{"0":"post-61343","1":"product","2":"type-product","3":"status-publish","4":"has-post-thumbnail","6":"product_cat-wopk","8":"first","9":"instock","10":"shipping-taxable","11":"purchasable","12":"product-type-variable","13":"has-default-attributes"},"tiered_pricing_type":"fixed","tiered_pricing_fixed_rules":{"30":7.9000000000000003552713678800500929355621337890625,"50":7.03000000000000024868995751603506505489349365234375,"100":6.29000000000000003552713678800500929355621337890625,"200":5.9199999999999999289457264239899814128875732421875,"400":4.62999999999999989341858963598497211933135986328125},"tiered_pricing_product_settings":{"layout":"default","base_unit_name":{"singular":null,"plural":null},"default_variation":null},"tiered_pricing_minimum_quantity":10,"tiered_pricing_roles_data":[],"tiered_pricing_percentage_rules":[],"tiered_pricing_maximum_quantity":null,"tiered_pricing_quantity_step":"10","_links":{"self":[{"href":"https:\/\/stage.jrfer.com\/pl\/wp-json\/wp\/v2\/product\/61343","targetHints":{"allow":["GET"]}}],"collection":[{"href":"https:\/\/stage.jrfer.com\/pl\/wp-json\/wp\/v2\/product"}],"about":[{"href":"https:\/\/stage.jrfer.com\/pl\/wp-json\/wp\/v2\/types\/product"}],"replies":[{"embeddable":true,"href":"https:\/\/stage.jrfer.com\/pl\/wp-json\/wp\/v2\/comments?post=61343"}],"wp:featuredmedia":[{"embeddable":true,"href":"https:\/\/stage.jrfer.com\/pl\/wp-json\/wp\/v2\/media\/102"}],"wp:attachment":[{"href":"https:\/\/stage.jrfer.com\/pl\/wp-json\/wp\/v2\/media?parent=61343"}],"wp:term":[{"taxonomy":"product_brand","embeddable":true,"href":"https:\/\/stage.jrfer.com\/pl\/wp-json\/wp\/v2\/product_brand?post=61343"},{"taxonomy":"product_cat","embeddable":true,"href":"https:\/\/stage.jrfer.com\/pl\/wp-json\/wp\/v2\/product_cat?post=61343"},{"taxonomy":"product_tag","embeddable":true,"href":"https:\/\/stage.jrfer.com\/pl\/wp-json\/wp\/v2\/product_tag?post=61343"}],"curies":[{"name":"wp","href":"https:\/\/api.w.org\/{rel}","templated":true}]}}