{"id":9668,"date":"2026-03-25T02:54:13","date_gmt":"2026-03-25T02:54:13","guid":{"rendered":"https:\/\/stage.jrfer.com\/product\/happ-bar-gr100k-pro-100000-zaciagniec-56ml-cewka-siatkowa-15-smakow-jednorazowy-waporyzator-zbiorczy\/"},"modified":"2026-04-07T10:46:24","modified_gmt":"2026-04-07T10:46:24","slug":"happ-bar-gr100k-pro-100000-puffs-56ml-mesh-coil-15-flavors-bulk-disposable-vape","status":"publish","type":"product","link":"https:\/\/stage.jrfer.com\/pl\/produkt\/happ-bar-gr100k-pro-100000-puffs-56ml-mesh-coil-15-flavors-bulk-disposable-vape\/","title":{"rendered":"Happ Bar GR100K Pro | 100000 zaci\u0105gni\u0119\u0107, 56ml, cewka siatkowa, 15 smak\u00f3w, jednorazowy waporyzator zbiorczy"},"content":{"rendered":"<h2>Poznaj Happ Bar GR100K Pro \ud83d\udd25<\/h2>\n<p>Szukasz jednorazowego vape, kt\u00f3ry po prostu dzia\u0142a? <strong>Happ Bar GR100K Pro<\/strong> zapewnia do <strong>100 000 zaci\u0105gni\u0119\u0107<\/strong> przy ogromnej pojemno\u015bci <strong>56 ml<\/strong> e-p\u0142ynu, a wszystko to zapakowane w eleganckie, przyci\u0105gaj\u0105ce wzrok opakowanie. To najnowsze i najpot\u0119\u017cniejsze urz\u0105dzenie z serii Happ Bar GR \u2014 stworzone z my\u015bl\u0105 o waperach, kt\u00f3rzy nie chc\u0105 ci\u0105gle wymienia\u0107 swojego urz\u0105dzenia, oraz inteligentny dodatek dla sklep\u00f3w i odbiorc\u00f3w hurtowych poszukuj\u0105cych produktu o wysokim popycie.<\/p>\n<h2>Dlaczego warto wybra\u0107 Happ Bar GR100K Pro? \u2705<\/h2>\n<ul>\n<li><strong>Do 100 000 zaci\u0105gni\u0119\u0107<\/strong> dla wyj\u0105tkowo d\u0142ugotrwa\u0142ego waporyzacji \u2014 mniej wymian, wi\u0119cej przyjemno\u015bci \ud83d\udd25<\/li>\n<li><strong>Pojemno\u015b\u0107 e-liquidu 56 ml<\/strong>, dzi\u0119ki czemu mo\u017cesz wapowa\u0107 tygodniami bez wyczerpania<\/li>\n<li><strong>Cewka siatkowa 1,0 \u03a9<\/strong> zapewniaj\u0105ca za ka\u017cdym razem g\u0142adk\u0105, sp\u00f3jn\u0105 i aromatyczn\u0105 par\u0119 \u2601\ufe0f<\/li>\n<li><strong>Akumulator 650 mAh<\/strong> z \u0142adowaniem typu C umo\u017cliwiaj\u0105cym szybkie do\u0142adowanie \u26a1<\/li>\n<li><strong>15 pysznych smak\u00f3w<\/strong> od owocowych, przez lodowe, a\u017c po klasyczne mieszanki \ud83c\udf53<\/li>\n<li><strong>Opcje nikotyny: 2% i 5%<\/strong> w celu dopasowania do r\u00f3\u017cnych rynk\u00f3w i preferencji<\/li>\n<li><strong>Kultowa konstrukcja serii GR<\/strong> \u2014 unowocze\u015bniona w stosunku do popularnych modeli GR30K i GR50K<\/li>\n<li><strong>\u015awietne dla sklep\u00f3w i hurtowni<\/strong> \u2014 kategoria pufek o du\u017cym popycie, 100 tys., kt\u00f3ra szybko si\u0119 zmienia \ud83d\udce6<\/li>\n<\/ul>\n<h2>Dane techniczne Happ Bar GR100K Pro \ud83d\udccc<\/h2>\n<tr>\n<td><strong>Nazwa produktu<\/strong><\/td>\n<td>Jednorazowy Vape Happ Bar GR100K Pro<\/td>\n<\/tr>\n<tr>\n<td><strong>Maksymalna liczba zaci\u0105gni\u0119\u0107<\/strong><\/td>\n<td>Do 100 000 zaci\u0105gni\u0119\u0107<\/td>\n<\/tr>\n<tr>\n<td><strong>Pojemno\u015b\u0107 e-p\u0142ynu<\/strong><\/td>\n<td>56ml<\/td>\n<\/tr>\n<tr>\n<td><strong>Cewka<\/strong><\/td>\n<td>Cewka siatkowa 1,0 \u03a9<\/td>\n<\/tr>\n<tr>\n<td><strong>Si\u0142a nikotyny<\/strong><\/td>\n<td>2% \/ 5%<\/td>\n<\/tr>\n<tr>\n<td><strong>Bateria<\/strong><\/td>\n<td>650 mAh<\/td>\n<\/tr>\n<tr>\n<td><strong>\u0141adowanie<\/strong><\/td>\n<td>Akumulator USB typu C<\/td>\n<\/tr>\n<\/tbody>\n<h2>Happ Bar GR100K Pro Lista smak\u00f3w \ud83c\udf53\ud83c\udf49\ud83e\uddca<\/h2>\n<p>GR100K Pro jest dost\u0119pny w <strong>15 niesamowitych smakach<\/strong> \u2014 od orze\u017awiaj\u0105cych lodowych owoc\u00f3w po mieszanki inspirowane s\u0142odkimi cukierkami. Jest co\u015b na ka\u017cdy gust!<\/p>\n<ul>\n<li><strong>L\u00f3d kokosowo-melonowy<\/strong> \u2014 kremowy kokos spotyka si\u0119 ze s\u0142odkim melonem i ch\u0142odnym finiszem \ud83e\udd65\ud83c\udf48<\/li>\n<li><strong>R\u00f3\u017cowa lemoniada<\/strong> \u2014 s\u0142odka i pikantna r\u00f3\u017cowa lemoniada, jasna i orze\u017awiaj\u0105ca \ud83c\udf4b\ud83d\udc97<\/li>\n<li><strong>Cytrynowy grad<\/strong> \u2014 pikantna cytryna z lodowat\u0105 nut\u0105 \ud83c\udf4b\ud83e\uddca<\/li>\n<li><strong>San Franciszek<\/strong> \u2014 wyj\u0105tkowa mieszanka pomara\u0144czy, cytryny i brzoskwini \ud83c\udf4a\ud83c\udf51<\/li>\n<li><strong>L\u00f3d z owoc\u00f3w tropikalnych<\/strong> \u2014 egzotyczne owoce tropikalne z ch\u0142odnym kopni\u0119ciem \ud83c\udf34\u2744\ufe0f<\/li>\n<li><strong>B\u0142\u0119kitna G\u00f3ra<\/strong> \u2014 ch\u0142odna mi\u0119ta zmieszana z czerwonymi jagodami \ud83e\uded0\ud83e\uddca<\/li>\n<li><strong>Mi\u0142o\u015b\u0107 66<\/strong> \u2014 s\u0142odki, tajemniczy smak inspirowany cukierkami \ud83d\udc9c<\/li>\n<li><strong>Truskawkowe Kiwi<\/strong> \u2014 klasyczne po\u0142\u0105czenie truskawek i kiwi, \u015bwie\u017ce i owocowe \ud83c\udf53\ud83e\udd5d<\/li>\n<li><strong>Arbuzowy l\u00f3d<\/strong> \u2014 soczysty arbuz z mro\u017anym wyko\u0144czeniem \ud83c\udf49\u2744\ufe0f<\/li>\n<li><strong>Lody Truskawkowe Czarnego Smoka<\/strong> \u2014 odwa\u017cny smoczy owoc spotyka si\u0119 ze s\u0142odk\u0105 truskawk\u0105 z lodem \ud83d\udc09\ud83c\udf53<\/li>\n<li><strong>Truskawkowy Arbuz<\/strong> \u2014 duet s\u0142odkich truskawek i arbuza \ud83c\udf53\ud83c\udf49<\/li>\n<li><strong>Panie Niebieski<\/strong> \u2014 fajny, niebieski, malinowy klasyk \ud83d\udc99<\/li>\n<li><strong>Peach Grad<\/strong> \u2014 dojrza\u0142a brzoskwinia z lodowat\u0105 burz\u0105 \ud83c\udf51\ud83e\uddca<\/li>\n<li><strong>Letni sen<\/strong> \u2014 g\u0142adka, owocowa mieszanka na lato \ud83c\udf1e<\/li>\n<li><strong>Niebieski l\u00f3d truskawkowy<\/strong> \u2014 jagody i truskawki w ch\u0142odnym wydaniu \ud83e\uded0\ud83c\udf53\u2744\ufe0f<\/li>\n<\/ul>\n<h2>Stworzone z my\u015bl\u0105 o sukcesie w handlu detalicznym i sprzeda\u017cy hurtowej \ud83c\udfea\ud83d\udce6<\/h2>\n<p> <strong>Happ Bar GR100K Pro<\/strong> to idealne rozwi\u0105zanie dla <strong>intensywnych waper\u00f3w<\/strong>, kt\u00f3rzy chc\u0105 trwa\u0142ego urz\u0105dzenia, <strong>mi\u0142o\u015bnik\u00f3w smaku<\/strong>, kt\u00f3rzy lubi\u0105 r\u00f3\u017cnorodno\u015b\u0107 dzi\u0119ki 15 opcjom, oraz <strong>sklep\u00f3w z waporyzatorami<\/strong>, kt\u00f3rzy szukaj\u0105 atrakcyjnego wygl\u0105du na p\u00f3\u0142ce premium dzi\u0119ki kultowej konstrukcji serii GR. Dla <strong>dystrybutor\u00f3w i hurtownik\u00f3w<\/strong> kategoria zaci\u0105gni\u0119\u0107 100 tys. jest jednym z najszybciej rozwijaj\u0105cych si\u0119 segment\u00f3w \u2014 to urz\u0105dzenie spe\u0142nia wszystkie wymagania dzi\u0119ki du\u017cej liczbie zaci\u0105gni\u0119\u0107, du\u017cej pojemno\u015bci e-liquidu i szerokiej gamie smak\u00f3w.<\/p>\n<h2>Najcz\u0119stsze pytania na temat paska Happ GR100K Pro \u2753<\/h2>\n<h3>Ile zaci\u0105gni\u0119\u0107 daje Happ Bar GR100K Pro?<\/h3>\n<p>Wystarcza do <strong>100 000 zaci\u0105gni\u0119\u0107<\/strong>, co czyni go jednym z najtrwalszych dost\u0119pnych jednorazowych waporyzator\u00f3w. \ud83d\udd25<\/p>\n<h3>Czy Happ Bar GR100K Pro mo\u017cna \u0142adowa\u0107?<\/h3>\n<p>Tak! Posiada bateri\u0119 <strong>650 mAh<\/strong> z \u0142adowaniem <strong>USB Type-C<\/strong>, co umo\u017cliwia szybkie i \u0142atwe \u0142adowanie. \u26a1<\/p>\n<h3>Jakie moce nikotyny s\u0105 dost\u0119pne?<\/h3>\n<p>Wyst\u0119puje w dawkach <strong>2%<\/strong> i <strong>5%<\/strong> nikotyny, aby dopasowa\u0107 si\u0119 do r\u00f3\u017cnych preferencji i przepis\u00f3w rynkowych.<\/p>\n<h3>Jakiej cewki u\u017cywa GR100K Pro?<\/h3>\n<p>Wykorzystuje <strong>cewk\u0119 z siatk\u0105 1,0 \u03a9<\/strong>, kt\u00f3ra zapewnia p\u0142ynn\u0105, sp\u00f3jn\u0105 i aromatyczn\u0105 produkcj\u0119 pary. \u2601\ufe0f<\/p>\n<h3>Ile e-liquidu znajduje si\u0119 w \u015brodku?<\/h3>\n<p>Jest fabrycznie nape\u0142niony <strong>56ml<\/strong> najwy\u017cszej jako\u015bci e-liquidem, kt\u00f3ry zapewnia d\u0142u\u017cszy czas wapowania.<\/p>\n<h3>Ile smak\u00f3w jest dost\u0119pnych?<\/h3>\n<p>Do wyboru jest <strong>15 smak\u00f3w<\/strong>, w tym owocowe, lodowe, cukierkowe i tropikalne. \ud83c\udf53<\/p>\n<h3>Czy jest to dobre dla sklep\u00f3w z waporyzatorami i zam\u00f3wie\u0144 hurtowych?<\/h3>\n<p>Absolutnie. Kategoria ptysi\u00f3w 100 tys. cieszy si\u0119 ogromn\u0105 popularno\u015bci\u0105, a seria GR cieszy si\u0119 siln\u0105 rozpoznawalno\u015bci\u0105 marki, co czyni j\u0105 doskona\u0142ym wyborem dla <strong>p\u00f3\u0142ek detalicznych<\/strong> i <strong>dystrybucji hurtowej<\/strong>. \ud83d\udce6<\/p>\n","protected":false},"excerpt":{"rendered":"<p>Jednorazowy waporyzator Happ Bar GR100K Pro z 100 000 zaci\u0105gni\u0119\u0107, 56 ml e-liquidu, cewk\u0105 siatkow\u0105 i \u0142adowaniem typu C. Do wyboru 15 odwa\u017cnych smak\u00f3w \u2013 idealnych dla odbiorc\u00f3w detalicznych i hurtowych. \u2728<\/p>\n","protected":false},"featured_media":8493,"comment_status":"open","ping_status":"closed","template":"","meta":[],"product_brand":[],"product_cat":[1997,1234,772,1163,1927,1198,875,1980,911],"product_tag":[1635,618,1739,1793,828,858,1767,1819],"class_list":{"0":"post-9668","1":"product","2":"type-product","3":"status-publish","4":"has-post-thumbnail","6":"product_cat-bar-happ","7":"product_cat-jednorazowe-waporyzatory-w-europie","8":"product_cat-jednorazowy-vape-100-tys-puffow","9":"product_cat-najlepsze-jednorazowe-waporyzatory","10":"product_cat-nowy","11":"product_cat-tanie-jednorazowe-waporyzatory-z-akumulatorem","12":"product_cat-vape-big-puffs","13":"product_cat-w-magazynie-jednorazowe-waporyzatory-w-magazynie-ue","14":"product_cat-waporyzatory-akumulatorowe","15":"product_tag-100-tys-zaciagniec-vape","16":"product_tag-100000-puffow-jednorazowy-vape","17":"product_tag-bar-happ","18":"product_tag-happ-bar-gr100k-pro","19":"product_tag-hurtownia-100000-zaciagniec-vape","20":"product_tag-jednorazowy-vape-o-wartosci-100-tys","21":"product_tag-jednorazowy-waporyzator-happ-bar","22":"product_tag-jednorazowy-waporyzator-wielokrotnego-adowania-o-pojemnosci-100-000-zaciagniec","24":"first","25":"instock","26":"shipping-taxable","27":"purchasable","28":"product-type-variable","29":"has-default-attributes"},"tiered_pricing_type":"fixed","tiered_pricing_fixed_rules":{"100":7.38999999999999968025576890795491635799407958984375,"200":6.87000000000000010658141036401502788066864013671875,"400":6.61000000000000031974423109204508364200592041015625},"tiered_pricing_product_settings":{"layout":"default","base_unit_name":{"singular":null,"plural":null},"default_variation":null},"tiered_pricing_minimum_quantity":50,"tiered_pricing_roles_data":[],"tiered_pricing_percentage_rules":[],"tiered_pricing_maximum_quantity":null,"tiered_pricing_quantity_step":"10","_links":{"self":[{"href":"https:\/\/stage.jrfer.com\/pl\/wp-json\/wp\/v2\/product\/9668","targetHints":{"allow":["GET"]}}],"collection":[{"href":"https:\/\/stage.jrfer.com\/pl\/wp-json\/wp\/v2\/product"}],"about":[{"href":"https:\/\/stage.jrfer.com\/pl\/wp-json\/wp\/v2\/types\/product"}],"replies":[{"embeddable":true,"href":"https:\/\/stage.jrfer.com\/pl\/wp-json\/wp\/v2\/comments?post=9668"}],"wp:featuredmedia":[{"embeddable":true,"href":"https:\/\/stage.jrfer.com\/pl\/wp-json\/wp\/v2\/media\/8493"}],"wp:attachment":[{"href":"https:\/\/stage.jrfer.com\/pl\/wp-json\/wp\/v2\/media?parent=9668"}],"wp:term":[{"taxonomy":"product_brand","embeddable":true,"href":"https:\/\/stage.jrfer.com\/pl\/wp-json\/wp\/v2\/product_brand?post=9668"},{"taxonomy":"product_cat","embeddable":true,"href":"https:\/\/stage.jrfer.com\/pl\/wp-json\/wp\/v2\/product_cat?post=9668"},{"taxonomy":"product_tag","embeddable":true,"href":"https:\/\/stage.jrfer.com\/pl\/wp-json\/wp\/v2\/product_tag?post=9668"}],"curies":[{"name":"wp","href":"https:\/\/api.w.org\/{rel}","templated":true}]}}