{"id":9992,"date":"2026-03-25T02:54:13","date_gmt":"2026-03-25T02:54:13","guid":{"rendered":"https:\/\/stage.jrfer.com\/product\/waspe-bar-60k-60000-zaciagniec-dlugotrwale-16-opcji-smakowych-jednorazowy-waporyzator-zbiorczy\/"},"modified":"2026-04-07T10:47:33","modified_gmt":"2026-04-07T10:47:33","slug":"waspe-bar-60k-60000-puffs-long-lasting-16-flavor-options-bulk-disposable-vape","status":"publish","type":"product","link":"https:\/\/stage.jrfer.com\/pl\/produkt\/waspe-bar-60k-60000-puffs-long-lasting-16-flavor-options-bulk-disposable-vape\/","title":{"rendered":"WASPE Bar 60K | 60000 zaci\u0105gni\u0119\u0107, d\u0142ugotrwa\u0142e, 16 opcji smakowych, jednorazowy waporyzator zbiorczy"},"content":{"rendered":"<p><img decoding=\"async\" class=\"alignnone size-full wp-image-114648\" src=\"https:\/\/aiviouvapes.com\/wp-content\/uploads\/2026\/03\/WASPE-Bar-60K-Puffs-25.jpg\" alt=\"WASPE Bar 60K Puffs\" title=\"\"><\/p>\n<h3>Dlaczego warto wybra\u0107 baton WASPE 60K?<\/h3>\n<ul>\n<li>\ud83d\udca8 <strong>Do 60 000 zaci\u0105gni\u0119\u0107<\/strong> dla d\u0142ugotrwa\u0142ego u\u017cytkowania i lepszej jako\u015bci<\/li>\n<li>\ud83c\udf53 <strong>16 popularnych smak\u00f3w owoc\u00f3w i lod\u00f3w<\/strong> odpowiadaj\u0105cych r\u00f3\u017cnym gustom klient\u00f3w<\/li>\n<li>\ud83e\uddca G\u0142adki i przyjemny smak podczas codziennego wapowania<\/li>\n<li>\ud83d\udd0b Zaprojektowane dla intensywnych u\u017cytkownik\u00f3w, kt\u00f3rzy chc\u0105 jednorazowego urz\u0105dzenia o d\u0142ugim czasie u\u017cytkowania<\/li>\n<li>\ud83c\udf0d Dost\u0119pne w <strong>0%, 2% i 5% nikotynie<\/strong> dla r\u00f3\u017cnych potrzeb rynku<\/li>\n<li>\ud83d\udce6 <strong>160 sztuk w kartonie<\/strong> i <strong>10 sztuk w pude\u0142ku<\/strong>, idealne do zam\u00f3wie\u0144 hurtowych<\/li>\n<li>\ud83c\udfea Idealne dla sklep\u00f3w z waporyzatorami, dystrybutor\u00f3w, importer\u00f3w i sprzedawc\u00f3w internetowych z waporyzatorami<\/li>\n<li>\ud83d\ude80 Mocny produkt o wysokim zaci\u0105gni\u0119ciu do tworzenia atrakcyjnej oferty jednorazowych waporyzator\u00f3w<\/li>\n<\/ul>\n<h3>Szczeg\u00f3\u0142y jednorazowego vape WASPE Bar 60 tys.<\/h3>\n<p>Jednorazowy waporyzator <strong>WASPE Bar 60K Puffs<\/strong> to urz\u0105dzenie o du\u017cej pojemno\u015bci stworzone z my\u015bl\u0105 o klientach, kt\u00f3rzy chc\u0105 wi\u0119cej zaci\u0105gni\u0119\u0107, wi\u0119cej smaku i wi\u0119kszej wygody w jednym produkcie. Jest to \u015bwietna opcja dla rynk\u00f3w wymagaj\u0105cych trwa\u0142ych jednorazowych waporyzator\u00f3w z przyci\u0105gaj\u0105cymi wzrok wyborami smakowymi i elastyczn\u0105 moc\u0105 nikotyny.<\/p>\n<p>Dla nabywc\u00f3w B2B WASPE Bar 60K to produkt, kt\u00f3ry mo\u017cna \u0142atwo doda\u0107 do katalogu hurtowego. Pojemno\u015b\u0107 60000 zaci\u0105gni\u0119\u0107 pomaga mu wyr\u00f3\u017cni\u0107 si\u0119 na konkurencyjnym rynku jednorazowych waporyzator\u00f3w, a wyb\u00f3r smak\u00f3w obejmuje profile owocowe, lodowe, s\u0142odkie i mieszane, kt\u00f3re s\u0105 popularne w\u015br\u00f3d wielu konsument\u00f3w. U\u0142atwia to dystrybutorom i sklepom z waporyzacj\u0105 dotarcie do zar\u00f3wno codziennych waporyst\u00f3w, jak i klient\u00f3w poszukuj\u0105cych nowych, odwa\u017cnych wra\u017ce\u0144 smakowych. \u2728<\/p>\n<h3>Specyfikacje WASPE Bar 60K<\/h3>\n<tr>\n<th>Nazwa produktu<\/th>\n<td>WASPE Bar 60 tys. zaci\u0105gni\u0119\u0107<\/td>\n<\/tr>\n<tr>\n<th>Typ urz\u0105dzenia<\/th>\n<td>Jednorazowe urz\u0105dzenie Vape<\/td>\n<\/tr>\n<tr>\n<th>Liczba zaci\u0105gni\u0119\u0107<\/th>\n<td>60000 zaci\u0105gni\u0119\u0107<\/td>\n<\/tr>\n<tr>\n<th>Si\u0142a nikotyny<\/th>\n<td>0% \/ 2% \/ 5%<\/td>\n<\/tr>\n<tr>\n<th>Opcje smakowe<\/th>\n<td>16 smak\u00f3w<\/td>\n<\/tr>\n<tr>\n<th>Pakowanie<\/th>\n<td>10 sztuk\/opakowanie<\/td>\n<\/tr>\n<tr>\n<th>Ilo\u015b\u0107 w kartonie<\/th>\n<td>160 sztuk\/ct<\/td>\n<\/tr>\n<tr>\n<th>Masa brutto<\/th>\n<td>20,8 kg<\/td>\n<\/tr>\n<tr>\n<th>Docelowi nabywcy<\/th>\n<td>Hurtownicy, dystrybutorzy, sklepy z e-papierosami, sprzedawcy detaliczni<\/td>\n<\/tr>\n<\/tbody>\n<h3>Baton WASPE 60 tys. smak\u00f3w \ud83c\udf4d\ud83c\udf47\ud83c\udf49<\/h3>\n<p><strong>Arbuzowy l\u00f3d<\/strong> \u2013 soczysty smak arbuza z ch\u0142odnym, lodowym finiszem, \u015bwie\u017cy i \u0142atwy do spo\u017cycia.<\/p>\n<p><strong>Lody jagodowe<\/strong> \u2013 S\u0142odki smak jag\u00f3d zmieszany z rze\u015bk\u0105 nut\u0105 ch\u0142odz\u0105c\u0105.<\/p>\n<p><strong>Lody winogronowe<\/strong> \u2013 Bogata s\u0142odycz winogron z orze\u017awiaj\u0105c\u0105 nut\u0105 lodu.<\/p>\n<p><strong>Cytryna Limonka<\/strong> \u2013 Jasny cytrusowy smak o pikantnym i \u017cywym smaku.<\/p>\n<p><strong>Truskawkowy Banan<\/strong> \u2013 g\u0142adka i s\u0142odka mieszanka owocowa, uwielbiana przez wielu u\u017cytkownik\u00f3w waporyzator\u00f3w.<\/p>\n<p><strong>Mieszane jagody<\/strong> \u2013 odwa\u017cna mieszanka jag\u00f3d z warstwowymi s\u0142odkimi i cierpkimi nutami.<\/p>\n<p><strong>Lody Red Bulla<\/strong> \u2013 smak inspirowany napojem energetycznym z ch\u0142odnym finiszem zapewniaj\u0105cym mocniejszy akcent smakowy.<\/p>\n<p><strong>Arbuz Kiwi<\/strong> \u2013 Zr\u00f3wnowa\u017cona mieszanka soczystego arbuza i pikantnego kiwi.<\/p>\n<p><strong>Truskawkowy arbuz<\/strong> \u2013 s\u0142odkie i orze\u017awiaj\u0105ce po\u0142\u0105czenie owoc\u00f3w, kt\u00f3re cieszy si\u0119 du\u017cym zainteresowaniem klient\u00f3w.<\/p>\n<p><strong>Jagoda Malina Wi\u015bnia<\/strong> \u2013 Bogaty profil potr\u00f3jnych jag\u00f3d z g\u0142\u0119bok\u0105 s\u0142odycz\u0105 i owocow\u0105 z\u0142o\u017cono\u015bci\u0105.<\/p>\n<p><strong>Je\u017cyna Czarna porzeczka<\/strong> \u2013 Smak ciemnych jag\u00f3d z odwa\u017cnym i lekko pikantnym finiszem.<\/p>\n<p><strong>L\u00f3d Truskawkowy Czarny Smok<\/strong> \u2013 specjalna mieszanka owocowa ze s\u0142odk\u0105 truskawk\u0105 i ch\u0142odnym, egzotycznym akcentem.<\/p>\n<p><strong>Truskawkowy Kiwi<\/strong> \u2013 Klasyczne po\u0142\u0105czenie owoc\u00f3w z r\u00f3wnowag\u0105 s\u0142odyczy i pikantno\u015bci.<\/p>\n<p><strong>Niebiesko-Wi\u015bniowa Cola<\/strong> \u2013 zabawna i wyj\u0105tkowa mieszanka smaku jag\u00f3d, wi\u015bni i coli.<\/p>\n<p><strong>Kiwi Melonowy l\u00f3d<\/strong> \u2013 Mieszanka \u015bwie\u017cego melona o jasno\u015bci kiwi i lodowatej g\u0142adko\u015bci.<\/p>\n<p><strong>Peach Mango Ananas<\/strong> \u2013 Mieszanka owoc\u00f3w tropikalnych pe\u0142na s\u0142odkiego, soczystego i s\u0142onecznego smaku. \ud83c\udf34<\/p>\n<p><img decoding=\"async\" class=\"alignnone size-full wp-image-114647\" src=\"https:\/\/aiviouvapes.com\/wp-content\/uploads\/2026\/03\/WASPE-Bar-60K-Puffs-24.jpg\" alt=\"WASPE Bar 60K Puffs\" height=\"1080\" title=\"\"> <img decoding=\"async\" class=\"alignnone size-full wp-image-114646\" src=\"https:\/\/aiviouvapes.com\/wp-content\/uploads\/2026\/03\/WASPE-Bar-60K-Puffs-23.jpg\" alt=\"WASPE Bar 60K Puffs\" height=\"1080\" title=\"\"><\/p>\n<h3>FAQ dotycz\u0105ce WASPE Bar 60K \u2753<\/h3>\n<h4>1. Ile zaci\u0105gni\u0119\u0107 oferuje WASPE Bar 60K?<\/h4>\n<p>WASPE Bar 60K oferuje do <strong>60 000 zaci\u0105gni\u0119\u0107<\/strong>, co czyni go doskona\u0142ym wyborem dla u\u017cytkownik\u00f3w, kt\u00f3rzy chc\u0105 trwa\u0142ego jednorazowego vape.<\/p>\n<h4>2. Jakie moce nikotyny s\u0105 dost\u0119pne?<\/h4>\n<p>To urz\u0105dzenie jest dost\u0119pne w wersji <strong>0%, 2% i 5% nikotyny<\/strong>, dzi\u0119ki czemu mo\u017ce odpowiada\u0107 r\u00f3\u017cnym preferencjom klient\u00f3w i wymaganiom rynku.<\/p>\n<h4>3. Ile smak\u00f3w ma ten model?<\/h4>\n<p>Baton WASPE 60K jest dost\u0119pny w <strong>16 opcjach smakowych<\/strong>, w tym owocowych, lodowych, jagodowych, tropikalnych i inspirowanych napojami.<\/p>\n<h4>4. Czy WASPE Bar 60K nadaje si\u0119 do sprzeda\u017cy hurtowej?<\/h4>\n<p>Tak. Dzi\u0119ki <strong>10 sztuk w pude\u0142ku<\/strong> i <strong>160 sztuk w kartonie<\/strong> jest to bardzo odpowiednie rozwi\u0105zanie dla hurtownik\u00f3w, dystrybutor\u00f3w i sklep\u00f3w z vape, poszukuj\u0105cych masowych jednorazowych dostaw vape.<\/p>\n<h4>5. Dla kogo ten produkt jest najlepszy?<\/h4>\n<p>Ten produkt jest idealny dla intensywnych u\u017cytkownik\u00f3w, mi\u0142o\u015bnik\u00f3w smak\u00f3w, sprzedawc\u00f3w detalicznych jednorazowych vape i nabywc\u00f3w B2B, kt\u00f3rzy chc\u0105 modelu o wysokim zaci\u0105gni\u0119ciu i szerokim potencjale sprzeda\u017cowym.<\/p>\n<h4>6. Dlaczego WASPE Bar 60K jest atrakcyjny dla sklep\u00f3w z vape?<\/h4>\n<p>\u0141\u0105czy w jednym urz\u0105dzeniu bardzo du\u017c\u0105 liczb\u0119 zaci\u0105gni\u0119\u0107, elastyczny wyb\u00f3r nikotyny i popularne smaki, dzi\u0119ki czemu sklepy z waporyzatorami mog\u0105 oferowa\u0107 bardziej konkurencyjny i atrakcyjny wyb\u00f3r produkt\u00f3w.<\/p>\n<h3>Przegl\u0105d WASPE Bar 60K<\/h3>\n<p><strong>Jednorazowy waporyzator WASPE Bar 60K<\/strong> to dobra opcja dla <strong>intensywnych u\u017cytkownik\u00f3w<\/strong>, kt\u00f3rzy chc\u0105 d\u0142u\u017cszego u\u017cytkowania, dla <strong>poszukiwaczy smak\u00f3w<\/strong>, kt\u00f3rzy lubi\u0105 owocowe i lodowe mieszanki, a tak\u017ce dla <strong>sklep\u00f3w i hurtownik\u00f3w z waporyzatorami<\/strong>, kt\u00f3rzy szukaj\u0105 jednorazowego waporyzatora o du\u017cym popycie. Dzi\u0119ki pojemno\u015bci do 60 000 zaci\u0105gni\u0119\u0107, elastycznym poziomom nikotyny i opakowaniu gotowym do sprzeda\u017cy hurtowej, model ten zosta\u0142 stworzony, aby wspiera\u0107 zar\u00f3wno sukces w handlu detalicznym, jak i rozw\u00f3j dystrybucji hurtowej. \ud83d\udcc8<\/p>\n","protected":false},"excerpt":{"rendered":"<p>Ciesz si\u0119 pot\u0119\u017cnym jednorazowym waporyzatorem <strong>WASPE Bar 60K<\/strong> z maksymalnie <strong>60000 zaci\u0105gni\u0119\u0107<\/strong>, bogatymi smakami owoc\u00f3w i lodu oraz elastycznymi opcjami <strong>0% \/ 2% \/ 5% nikotyny<\/strong>. Inteligentny wyb\u00f3r dla hurtownik\u00f3w, dystrybutor\u00f3w i intensywnych u\u017cytkownik\u00f3w poszukuj\u0105cych jednorazowego vape o du\u017cej sile zaci\u0105gni\u0119cia, ciesz\u0105cego si\u0119 du\u017cym zainteresowaniem rynkowym. \ud83d\ude80<\/p>\n","protected":false},"featured_media":7064,"comment_status":"open","ping_status":"closed","template":"","meta":[],"product_brand":[],"product_cat":[701,1927,394],"product_tag":[],"class_list":{"0":"post-9992","1":"product","2":"type-product","3":"status-publish","4":"has-post-thumbnail","6":"product_cat-jednorazowy-waporyzator-o-pojemnosci-60000-zaciagniec","7":"product_cat-nowy","8":"product_cat-waspe","10":"first","11":"instock","12":"shipping-taxable","13":"purchasable","14":"product-type-variable","15":"has-default-attributes"},"tiered_pricing_type":"fixed","tiered_pricing_fixed_rules":{"30":8.3599999999999994315658113919198513031005859375,"50":7.12999999999999989341858963598497211933135986328125,"100":6.589999999999999857891452847979962825775146484375,"200":6.29000000000000003552713678800500929355621337890625,"400":5.9900000000000002131628207280300557613372802734375},"tiered_pricing_product_settings":{"layout":"default","base_unit_name":{"singular":null,"plural":null},"default_variation":null},"tiered_pricing_minimum_quantity":10,"tiered_pricing_roles_data":[],"tiered_pricing_percentage_rules":[],"tiered_pricing_maximum_quantity":null,"tiered_pricing_quantity_step":"10","_links":{"self":[{"href":"https:\/\/stage.jrfer.com\/pl\/wp-json\/wp\/v2\/product\/9992","targetHints":{"allow":["GET"]}}],"collection":[{"href":"https:\/\/stage.jrfer.com\/pl\/wp-json\/wp\/v2\/product"}],"about":[{"href":"https:\/\/stage.jrfer.com\/pl\/wp-json\/wp\/v2\/types\/product"}],"replies":[{"embeddable":true,"href":"https:\/\/stage.jrfer.com\/pl\/wp-json\/wp\/v2\/comments?post=9992"}],"wp:featuredmedia":[{"embeddable":true,"href":"https:\/\/stage.jrfer.com\/pl\/wp-json\/wp\/v2\/media\/7064"}],"wp:attachment":[{"href":"https:\/\/stage.jrfer.com\/pl\/wp-json\/wp\/v2\/media?parent=9992"}],"wp:term":[{"taxonomy":"product_brand","embeddable":true,"href":"https:\/\/stage.jrfer.com\/pl\/wp-json\/wp\/v2\/product_brand?post=9992"},{"taxonomy":"product_cat","embeddable":true,"href":"https:\/\/stage.jrfer.com\/pl\/wp-json\/wp\/v2\/product_cat?post=9992"},{"taxonomy":"product_tag","embeddable":true,"href":"https:\/\/stage.jrfer.com\/pl\/wp-json\/wp\/v2\/product_tag?post=9992"}],"curies":[{"name":"wp","href":"https:\/\/api.w.org\/{rel}","templated":true}]}}