{"id":8678,"date":"2025-06-23T04:47:15","date_gmt":"2025-06-23T04:47:15","guid":{"rendered":"https:\/\/stage.jrfer.com\/inicio\/"},"modified":"2026-04-06T12:50:20","modified_gmt":"2026-04-06T12:50:20","slug":"inicio","status":"publish","type":"page","link":"https:\/\/stage.jrfer.com\/pt\/","title":{"rendered":"Lar"},"content":{"rendered":"<h4>Pagamento seguro<\/h4>\n<p>Compre com confian\u00e7a, sabendo que suas informa\u00e7\u00f5es de pagamento est\u00e3o protegidas pelos padr\u00f5es de seguran\u00e7a l\u00edderes do setor.<\/p>\n<h4>Excelente servi\u00e7o<\/h4>\n<p>Experimente um atendimento ao cliente de alto n\u00edvel com nossa equipe dedicada, pronta para ajud\u00e1-lo com qualquer d\u00favida ou preocupa\u00e7\u00e3o.<\/p>\n<h4>Entrega r\u00e1pida<\/h4>\n<p>Aproveite o envio r\u00e1pido e confi\u00e1vel em todos os pedidos, garantindo que voc\u00ea receba seus produtos prontamente e em perfeitas condi\u00e7\u00f5es.<\/p>\n<h4>Produtos Genu\u00ednos<\/h4>\n<p>Garantimos que todos os nossos produtos s\u00e3o 100% aut\u00eanticos, provenientes diretamente de fabricantes confi\u00e1veis.<\/p>\n<h3 id=\"brxe-xhtvan\" class=\"brxe-heading\">Novidades<\/h3>\n<div id=\"brxe-aezrzz\" class=\"brxe-text-basic\">Fique \u00e0 frente com o que h\u00e1 de melhor e mais recente em tecnologia de vaping.<\/div>\n<h3 id=\"brxe-kobdsx\" class=\"brxe-heading\">Os <em>produtos mais populares<\/em><\/h3>\n<div id=\"brxe-vxehmw\" class=\"brxe-text-basic\">A HolaVapes oferece cigarros eletr\u00f4nicos descart\u00e1veis \u200b\u200bpr\u00e9-cheios e convenientes em v\u00e1rios sabores. F\u00e1cil de usar e sem manuten\u00e7\u00e3o, proporciona uma experi\u00eancia de vaporiza\u00e7\u00e3o suave, tornando-o uma \u00f3tima alternativa ao fumo tradicional para iniciantes e usu\u00e1rios experientes. Compacto e port\u00e1til para uso em qualquer lugar.<\/div>\n<h3 id=\"brxe-juvpfn\" class=\"brxe-heading\" style=\"text-align: center;\">Blog.  <em>Para come\u00e7ar<\/em><\/h3>\n<p>WASPE Bar 60K: 60.000 baforadas de sabor duradouro<\/p>\n<p>60 mil folhados e 16 op\u00e7\u00f5es de sabores. A <em>WASPE Bar 60K<\/em> n\u00e3o brinca \u2013 ela foi constru\u00edda para durar e ter desempenho superior. Qualidade de constru\u00e7\u00e3o premium, consist\u00eancia suave e uma linha de sabores que cobre tudo, desde frutado at\u00e9 gelado. Compre o bar que faz com que seus clientes voltem sempre.<\/p>\n<p>Comprar agora<\/p>\n<p>Happ Bar GR100K Pro: 100.000 baforadas de energia de bobina de malha<\/p>\n<p>100.000 baforadas. 56ml de e-l\u00edquido premium. O <em>Happ Bar GR100K Pro<\/em> traz a tecnologia mesh coil para o jogo de alta sopro &#8211; proporcionando um sabor mais rico e nuvens mais densas do primeiro ao \u00faltimo sopro. 15 sabores, zero compromissos. Este \u00e9 o volume de vapor que suas prateleiras precisam.<\/p>\n<p>Comprar agora<\/p>\n<p>Happ Bar MT50000: 50.000 baforadas com display LCD<\/p>\n<p>50.000 baforadas, uma tela LCD n\u00edtida e 45 ml de suco embalados em um dispositivo elegante. O <em>Happ Bar MT50000<\/em> mant\u00e9m os vapers informados e satisfeitos &#8211; recarreg\u00e1vel tipo C, 15 op\u00e7\u00f5es de sabores e um design que parece t\u00e3o bom quanto seu desempenho. Pre\u00e7os de atacado que fazem sentido.<\/p>\n<p>Comprar agora<\/p>\n","protected":false},"excerpt":{"rendered":"<p>Pagamento seguro Compre com confian\u00e7a, sabendo que suas informa\u00e7\u00f5es de pagamento est\u00e3o protegidas pelos padr\u00f5es de seguran\u00e7a l\u00edderes do setor. Excelente servi\u00e7o Experimente um atendimento ao cliente de alto n\u00edvel com nossa equipe dedicada, pronta para ajud\u00e1-lo com qualquer d\u00favida ou preocupa\u00e7\u00e3o. Entrega r\u00e1pida Aproveite o envio r\u00e1pido e confi\u00e1vel em todos os pedidos, garantindo [&hellip;]<\/p>\n","protected":false},"author":1,"featured_media":0,"parent":0,"menu_order":0,"comment_status":"closed","ping_status":"open","template":"","meta":{"footnotes":""},"class_list":["post-8678","page","type-page","status-publish","hentry"],"_links":{"self":[{"href":"https:\/\/stage.jrfer.com\/pt\/wp-json\/wp\/v2\/pages\/8678","targetHints":{"allow":["GET"]}}],"collection":[{"href":"https:\/\/stage.jrfer.com\/pt\/wp-json\/wp\/v2\/pages"}],"about":[{"href":"https:\/\/stage.jrfer.com\/pt\/wp-json\/wp\/v2\/types\/page"}],"author":[{"embeddable":true,"href":"https:\/\/stage.jrfer.com\/pt\/wp-json\/wp\/v2\/users\/1"}],"replies":[{"embeddable":true,"href":"https:\/\/stage.jrfer.com\/pt\/wp-json\/wp\/v2\/comments?post=8678"}],"version-history":[{"count":2,"href":"https:\/\/stage.jrfer.com\/pt\/wp-json\/wp\/v2\/pages\/8678\/revisions"}],"predecessor-version":[{"id":24230,"href":"https:\/\/stage.jrfer.com\/pt\/wp-json\/wp\/v2\/pages\/8678\/revisions\/24230"}],"wp:attachment":[{"href":"https:\/\/stage.jrfer.com\/pt\/wp-json\/wp\/v2\/media?parent=8678"}],"curies":[{"name":"wp","href":"https:\/\/api.w.org\/{rel}","templated":true}]}}