{"id":9102,"date":"2025-07-16T04:58:54","date_gmt":"2025-07-16T04:58:54","guid":{"rendered":"https:\/\/stage.jrfer.com\/politica-de-reembolso-e-devolucoes\/"},"modified":"2026-04-07T03:27:00","modified_gmt":"2026-04-07T03:27:00","slug":"refund_returns","status":"publish","type":"page","link":"https:\/\/stage.jrfer.com\/pt\/refund_returns\/","title":{"rendered":"Pol\u00edtica de Reembolso e Devolu\u00e7\u00f5es"},"content":{"rendered":"\r\n<h2 class=\"wp-block-heading\">Reembolsos<\/h2>\r\n<!-- \/wp:t\u00edtulo -->\r\n\r\n<!-- wp:par\u00e1grafo -->\r\n<p>Assim que sua devolu\u00e7\u00e3o for recebida e inspecionada, enviaremos um e-mail para notific\u00e1-lo de que recebemos seu item devolvido. Tamb\u00e9m notificaremos voc\u00ea sobre a aprova\u00e7\u00e3o ou rejei\u00e7\u00e3o do seu reembolso.<\/p>\r\n<!-- \/wp:par\u00e1grafo -->\r\n\r\n<!-- wp:par\u00e1grafo -->\r\n<p>Se voc\u00ea for aprovado, seu reembolso ser\u00e1 processado e um cr\u00e9dito ser\u00e1 automaticamente aplicado ao seu cart\u00e3o de cr\u00e9dito ou m\u00e9todo de pagamento original, dentro de um determinado per\u00edodo de dias.<\/p>\r\n<!-- \/wp:par\u00e1grafo -->\r\n\r\n\r\n<h3 class=\"wp-block-heading\">Reembolsos atrasados ou faltantes<\/h3>\r\n<!-- \/wp:t\u00edtulo -->\r\n\r\n<!-- wp:par\u00e1grafo -->\r\n<p>Se voc\u00ea ainda n\u00e3o recebeu um reembolso, primeiro verifique sua conta banc\u00e1ria novamente.<\/p>\r\n<!-- \/wp:par\u00e1grafo -->\r\n\r\n<!-- wp:par\u00e1grafo -->\r\n<p>Em seguida, entre em contato com a administradora do seu cart\u00e3o de cr\u00e9dito. Pode levar algum tempo at\u00e9 que seu reembolso seja publicado oficialmente.<\/p>\r\n<!-- \/wp:par\u00e1grafo -->\r\n\r\n<!-- wp:par\u00e1grafo -->\r\n<p>Em seguida, entre em contato com seu banco. Geralmente, leva algum tempo de processamento antes que um reembolso seja publicado.<\/p>\r\n<!-- \/wp:par\u00e1grafo -->\r\n\r\n<!-- wp:par\u00e1grafo -->\r\n<p>Se voc\u00ea fez tudo isso e ainda n\u00e3o recebeu seu reembolso, entre em contato conosco pelo e-mail {email address}.<\/p>\r\n<!-- \/wp:par\u00e1grafo -->\r\n\r\n\r\n<h3 class=\"wp-block-heading\">Itens em promo\u00e7\u00e3o<\/h3>\r\n<!-- \/wp:t\u00edtulo -->\r\n\r\n<!-- wp:par\u00e1grafo -->\r\n<p>Somente itens com pre\u00e7o normal podem ser reembolsados. Itens em promo\u00e7\u00e3o n\u00e3o podem ser reembolsados.<\/p>\r\n<!-- \/wp:par\u00e1grafo -->\r\n\r\n<!-- wp:t\u00edtulo -->\r\n<h2 class=\"wp-block-heading\">Trocas<\/h2>\r\n<!-- \/wp:t\u00edtulo --><!-- wp:par\u00e1grafo -->\r\n<p>S\u00f3 substitu\u00edmos itens se estiverem com defeito ou danificados. Caso necessite troc\u00e1-lo pelo mesmo item, envie-nos um e-mail para {email address} e envie seu item para: {physical address}.<\/p>\r\n<!-- \/wp:par\u00e1grafo -->\r\n\r\n<!-- wp:t\u00edtulo -->\r\n<h2 class=\"wp-block-heading\">Presentes<\/h2>\r\n<!-- \/wp:t\u00edtulo -->\r\n\r\n<!-- wp:par\u00e1grafo -->\r\n<p>Se o item foi marcado como presente quando comprado e enviado diretamente para voc\u00ea, voc\u00ea receber\u00e1 um cr\u00e9dito de presente no valor da sua devolu\u00e7\u00e3o. Assim que o item devolvido for recebido, um vale-presente ser\u00e1 enviado a voc\u00ea.<\/p>\r\n<!-- \/wp:par\u00e1grafo -->\r\n\r\n<!-- wp:par\u00e1grafo -->\r\n<p>Se o item n\u00e3o foi marcado como presente quando comprado, ou se o presenteador tiver enviado o pedido para si mesmo para entreg\u00e1-lo mais tarde, enviaremos um reembolso ao presenteador e ele saber\u00e1 sobre sua devolu\u00e7\u00e3o.<\/p>\r\n<!-- \/wp:par\u00e1grafo -->\r\n\r\n<!-- wp:t\u00edtulo -->\r\n<h2 class=\"wp-block-heading\">Devolu\u00e7\u00f5es de envio<\/h2>\r\n<!-- \/wp:t\u00edtulo -->\r\n\r\n<!-- wp:par\u00e1grafo -->\r\n<p>Para devolver seu produto, voc\u00ea deve envi\u00e1-lo para: {endere\u00e7o f\u00edsico}.<\/p>\r\n<!-- \/wp:par\u00e1grafo -->\r\n\r\n<!-- wp:par\u00e1grafo -->\r\n<p>Voc\u00ea ser\u00e1 respons\u00e1vel por pagar seus pr\u00f3prios custos de envio para devolver seu item. Os custos de envio n\u00e3o s\u00e3o reembols\u00e1veis. Se voc\u00ea receber um reembolso, o custo do frete de devolu\u00e7\u00e3o ser\u00e1 deduzido do seu reembolso.<\/p>\r\n<!-- \/wp:par\u00e1grafo -->\r\n\r\n<!-- wp:par\u00e1grafo -->\r\n<p>Dependendo de onde voc\u00ea mora, o tempo que o produto trocado pode levar para chegar at\u00e9 voc\u00ea pode variar.<\/p>\r\n<!-- \/wp:par\u00e1grafo -->\r\n\r\n<!-- wp:par\u00e1grafo -->\r\n<p>Se voc\u00ea estiver devolvendo itens mais caros, considere usar um servi\u00e7o de remessa rastre\u00e1vel ou adquirir um seguro de remessa. N\u00e3o garantimos que receberemos seu item devolvido.<\/p>\r\n<!-- \/wp:par\u00e1grafo --><!-- wp:t\u00edtulo -->\r\n<h2 class=\"wp-block-heading\">Precisa de ajuda?<\/h2>\r\n<!-- \/wp:t\u00edtulo -->\r\n\r\n<!-- wp:par\u00e1grafo -->\r\n<p>Entre em contato pelo e-mail {email} para perguntas relacionadas a reembolsos e devolu\u00e7\u00f5es.<\/p>\r\n<!-- \/wp:par\u00e1grafo -->\r\n\r\n<!-- wp:t\u00edtulo -->\r\n<h2 class=\"wp-block-heading\">Reembolsos<\/h2>\r\n<!-- \/wp:t\u00edtulo -->\r\n\r\n<!-- wp:par\u00e1grafo -->\r\n<p>Assim que sua devolu\u00e7\u00e3o for recebida e inspecionada, enviaremos um e-mail para notific\u00e1-lo de que recebemos seu item devolvido. Tamb\u00e9m notificaremos voc\u00ea sobre a aprova\u00e7\u00e3o ou rejei\u00e7\u00e3o do seu reembolso.<\/p>\r\n<!-- \/wp:par\u00e1grafo -->\r\n\r\n<!-- wp:par\u00e1grafo -->\r\n<p>Se voc\u00ea for aprovado, seu reembolso ser\u00e1 processado e um cr\u00e9dito ser\u00e1 automaticamente aplicado ao seu cart\u00e3o de cr\u00e9dito ou m\u00e9todo de pagamento original, dentro de um determinado per\u00edodo de dias.<\/p>\r\n<!-- \/wp:par\u00e1grafo -->\r\n\r\n\r\n<h3 class=\"wp-block-heading\">Reembolsos atrasados ou faltantes<\/h3>\r\n<!-- \/wp:t\u00edtulo -->\r\n\r\n<!-- wp:par\u00e1grafo -->\r\n<p>Se voc\u00ea ainda n\u00e3o recebeu um reembolso, primeiro verifique sua conta banc\u00e1ria novamente.<\/p>\r\n<!-- \/wp:par\u00e1grafo -->\r\n\r\n<!-- wp:par\u00e1grafo -->\r\n<p>Em seguida, entre em contato com a administradora do seu cart\u00e3o de cr\u00e9dito. Pode levar algum tempo at\u00e9 que seu reembolso seja publicado oficialmente.<\/p>\r\n<!-- \/wp:par\u00e1grafo -->\r\n\r\n<!-- wp:par\u00e1grafo -->\r\n<p>Em seguida, entre em contato com seu banco. Geralmente, leva algum tempo de processamento antes que um reembolso seja publicado.<\/p>\r\n<!-- \/wp:par\u00e1grafo -->\r\n\r\n<!-- wp:par\u00e1grafo -->\r\n<p>Se voc\u00ea fez tudo isso e ainda n\u00e3o recebeu seu reembolso, entre em contato conosco pelo e-mail {email address}.<\/p>\r\n<!-- \/wp:par\u00e1grafo -->\r\n\r\n\r\n<h3 class=\"wp-block-heading\">Itens em promo\u00e7\u00e3o<\/h3>\r\n<!-- \/wp:t\u00edtulo -->\r\n\r\n<!-- wp:par\u00e1grafo -->\r\n<p>Somente itens com pre\u00e7o normal podem ser reembolsados. Itens em promo\u00e7\u00e3o n\u00e3o podem ser reembolsados.<\/p>\r\n<!-- \/wp:par\u00e1grafo -->\r\n\r\n<!-- wp:t\u00edtulo -->\r\n<h2 class=\"wp-block-heading\">Trocas<\/h2>\r\n<!-- \/wp:t\u00edtulo --><!-- wp:par\u00e1grafo -->\r\n<p>S\u00f3 substitu\u00edmos itens se estiverem com defeito ou danificados. Caso necessite troc\u00e1-lo pelo mesmo item, envie-nos um e-mail para {email address} e envie seu item para: {physical address}.<\/p>\r\n<!-- \/wp:par\u00e1grafo -->\r\n\r\n<!-- wp:t\u00edtulo -->\r\n<h2 class=\"wp-block-heading\">Presentes<\/h2>\r\n<!-- \/wp:t\u00edtulo -->\r\n\r\n<!-- wp:par\u00e1grafo -->\r\n<p>Se o item foi marcado como presente quando comprado e enviado diretamente para voc\u00ea, voc\u00ea receber\u00e1 um cr\u00e9dito de presente no valor da sua devolu\u00e7\u00e3o. Assim que o item devolvido for recebido, um vale-presente ser\u00e1 enviado a voc\u00ea.<\/p>\r\n<!-- \/wp:par\u00e1grafo -->\r\n\r\n<!-- wp:par\u00e1grafo -->\r\n<p>Se o item n\u00e3o foi marcado como presente quando comprado, ou se o presenteador tiver enviado o pedido para si mesmo para entreg\u00e1-lo mais tarde, enviaremos um reembolso ao presenteador e ele saber\u00e1 sobre sua devolu\u00e7\u00e3o.<\/p>\r\n<!-- \/wp:par\u00e1grafo -->\r\n\r\n<!-- wp:t\u00edtulo -->\r\n<h2 class=\"wp-block-heading\">Devolu\u00e7\u00f5es de envio<\/h2>\r\n<!-- \/wp:t\u00edtulo -->\r\n\r\n<!-- wp:par\u00e1grafo -->\r\n<p>Para devolver seu produto, voc\u00ea deve envi\u00e1-lo para: {endere\u00e7o f\u00edsico}.<\/p>\r\n<!-- \/wp:par\u00e1grafo -->\r\n\r\n<!-- wp:par\u00e1grafo -->\r\n<p>Voc\u00ea ser\u00e1 respons\u00e1vel por pagar seus pr\u00f3prios custos de envio para devolver seu item. Os custos de envio n\u00e3o s\u00e3o reembols\u00e1veis. Se voc\u00ea receber um reembolso, o custo do frete de devolu\u00e7\u00e3o ser\u00e1 deduzido do seu reembolso.<\/p>\r\n<!-- \/wp:par\u00e1grafo -->\r\n\r\n<!-- wp:par\u00e1grafo -->\r\n<p>Dependendo de onde voc\u00ea mora, o tempo que o produto trocado pode levar para chegar at\u00e9 voc\u00ea pode variar.<\/p>\r\n<!-- \/wp:par\u00e1grafo -->\r\n\r\n<!-- wp:par\u00e1grafo -->\r\n<p>Se voc\u00ea estiver devolvendo itens mais caros, considere usar um servi\u00e7o de remessa rastre\u00e1vel ou adquirir um seguro de remessa. N\u00e3o garantimos que receberemos seu item devolvido.<\/p>\r\n<!-- \/wp:par\u00e1grafo --><!-- wp:t\u00edtulo -->\r\n<h2 class=\"wp-block-heading\">Precisa de ajuda?<\/h2>\r\n<!-- \/wp:t\u00edtulo -->\r\n\r\n<!-- wp:par\u00e1grafo -->\r\n<p>Entre em contato pelo e-mail {email} para perguntas relacionadas a reembolsos e devolu\u00e7\u00f5es.<\/p>\r\n<!-- \/wp:par\u00e1grafo --><div class=\"entry-content wp-block-post-content\">\r\n<h2 class=\"wp-block-heading is-layout-flow wp-block-post-content-is-layout-flow\">Reembolsos<\/h2>\r\n<!-- \/wp:t\u00edtulo -->\r\n\r\n<!-- wp:par\u00e1grafo -->\r\n<p>Assim que sua devolu\u00e7\u00e3o for recebida e inspecionada, enviaremos um e-mail para notific\u00e1-lo de que recebemos seu item devolvido. Tamb\u00e9m notificaremos voc\u00ea sobre a aprova\u00e7\u00e3o ou rejei\u00e7\u00e3o do seu reembolso.<\/p>\r\n<!-- \/wp:par\u00e1grafo -->\r\n\r\n<!-- wp:par\u00e1grafo -->\r\n<p>Se voc\u00ea for aprovado, seu reembolso ser\u00e1 processado e um cr\u00e9dito ser\u00e1 automaticamente aplicado ao seu cart\u00e3o de cr\u00e9dito ou m\u00e9todo de pagamento original, dentro de um determinado per\u00edodo de dias.<\/p>\r\n<!-- \/wp:par\u00e1grafo -->\r\n\r\n\r\n<h3 class=\"wp-block-heading\">Reembolsos atrasados ou faltantes<\/h3>\r\n<!-- \/wp:t\u00edtulo -->\r\n\r\n<!-- wp:par\u00e1grafo -->\r\n<p>Se voc\u00ea ainda n\u00e3o recebeu um reembolso, primeiro verifique sua conta banc\u00e1ria novamente.<\/p>\r\n<!-- \/wp:par\u00e1grafo -->\r\n\r\n<!-- wp:par\u00e1grafo -->\r\n<p>Em seguida, entre em contato com a administradora do seu cart\u00e3o de cr\u00e9dito. Pode levar algum tempo at\u00e9 que seu reembolso seja publicado oficialmente.<\/p>\r\n<!-- \/wp:par\u00e1grafo -->\r\n\r\n<!-- wp:par\u00e1grafo -->\r\n<p>Em seguida, entre em contato com seu banco. Geralmente, leva algum tempo de processamento antes que um reembolso seja publicado.<\/p>\r\n<!-- \/wp:par\u00e1grafo -->\r\n\r\n<!-- wp:par\u00e1grafo -->\r\n<p>Se voc\u00ea fez tudo isso e ainda n\u00e3o recebeu seu reembolso, entre em contato conosco pelo e-mail {email address}.<\/p>\r\n<!-- \/wp:par\u00e1grafo -->\r\n\r\n\r\n<h3 class=\"wp-block-heading\">Itens em promo\u00e7\u00e3o<\/h3>\r\n<!-- \/wp:t\u00edtulo -->\r\n\r\n<!-- wp:par\u00e1grafo -->\r\n<p>Somente itens com pre\u00e7o normal podem ser reembolsados. Itens em promo\u00e7\u00e3o n\u00e3o podem ser reembolsados.<\/p>\r\n<!-- \/wp:par\u00e1grafo -->\r\n\r\n<!-- wp:t\u00edtulo -->\r\n<h2 class=\"wp-block-heading\">Trocas<\/h2>\r\n<!-- \/wp:t\u00edtulo --><!-- wp:par\u00e1grafo -->\r\n<p>S\u00f3 substitu\u00edmos itens se estiverem com defeito ou danificados. Caso necessite troc\u00e1-lo pelo mesmo item, envie-nos um e-mail para {email address} e envie seu item para: {physical address}.<\/p>\r\n<!-- \/wp:par\u00e1grafo -->\r\n\r\n<!-- wp:t\u00edtulo -->\r\n<h2 class=\"wp-block-heading\">Presentes<\/h2>\r\n<!-- \/wp:t\u00edtulo -->\r\n\r\n<!-- wp:par\u00e1grafo -->\r\n<p>Se o item foi marcado como presente quando comprado e enviado diretamente para voc\u00ea, voc\u00ea receber\u00e1 um cr\u00e9dito de presente no valor da sua devolu\u00e7\u00e3o. Assim que o item devolvido for recebido, um vale-presente ser\u00e1 enviado a voc\u00ea.<\/p>\r\n<!-- \/wp:par\u00e1grafo -->\r\n\r\n<!-- wp:par\u00e1grafo -->\r\n<p>Se o item n\u00e3o foi marcado como presente quando comprado, ou se o presenteador tiver enviado o pedido para si mesmo para entreg\u00e1-lo mais tarde, enviaremos um reembolso ao presenteador e ele saber\u00e1 sobre sua devolu\u00e7\u00e3o.<\/p>\r\n<!-- \/wp:par\u00e1grafo -->\r\n\r\n<!-- wp:t\u00edtulo -->\r\n<h2 class=\"wp-block-heading\">Devolu\u00e7\u00f5es de envio<\/h2>\r\n<!-- \/wp:t\u00edtulo -->\r\n\r\n<!-- wp:par\u00e1grafo -->\r\n<p>Para devolver seu produto, voc\u00ea deve envi\u00e1-lo para: {endere\u00e7o f\u00edsico}.<\/p>\r\n<!-- \/wp:par\u00e1grafo -->\r\n\r\n<!-- wp:par\u00e1grafo -->\r\n<p>Voc\u00ea ser\u00e1 respons\u00e1vel por pagar seus pr\u00f3prios custos de envio para devolver seu item. Os custos de envio n\u00e3o s\u00e3o reembols\u00e1veis. Se voc\u00ea receber um reembolso, o custo do frete de devolu\u00e7\u00e3o ser\u00e1 deduzido do seu reembolso.<\/p>\r\n<!-- \/wp:par\u00e1grafo -->\r\n\r\n<!-- wp:par\u00e1grafo -->\r\n<p>Dependendo de onde voc\u00ea mora, o tempo que o produto trocado pode levar para chegar at\u00e9 voc\u00ea pode variar.<\/p>\r\n<!-- \/wp:par\u00e1grafo -->\r\n\r\n<!-- wp:par\u00e1grafo -->\r\n<p>Se voc\u00ea estiver devolvendo itens mais caros, considere usar um servi\u00e7o de remessa rastre\u00e1vel ou adquirir um seguro de remessa. N\u00e3o garantimos que receberemos seu item devolvido.<\/p>\r\n<!-- \/wp:par\u00e1grafo --><!-- wp:t\u00edtulo -->\r\n<h2 class=\"wp-block-heading\">Precisa de ajuda?<\/h2>\r\n<!-- \/wp:t\u00edtulo -->\r\n\r\n<!-- wp:par\u00e1grafo -->\r\n<p>Entre em contato pelo e-mail {email} para perguntas relacionadas a reembolsos e devolu\u00e7\u00f5es.<\/p>\r\n<!-- \/wp:par\u00e1grafo -->\r\n\r\n<!-- wp:t\u00edtulo -->\r\n<h2 class=\"wp-block-heading\">Reembolsos<\/h2>\r\n<!-- \/wp:t\u00edtulo -->\r\n\r\n<!-- wp:par\u00e1grafo -->\r\n<p>Assim que sua devolu\u00e7\u00e3o for recebida e inspecionada, enviaremos um e-mail para notific\u00e1-lo de que recebemos seu item devolvido. Tamb\u00e9m notificaremos voc\u00ea sobre a aprova\u00e7\u00e3o ou rejei\u00e7\u00e3o do seu reembolso.<\/p>\r\n<!-- \/wp:par\u00e1grafo -->\r\n\r\n<!-- wp:par\u00e1grafo -->\r\n<p>Se voc\u00ea for aprovado, seu reembolso ser\u00e1 processado e um cr\u00e9dito ser\u00e1 automaticamente aplicado ao seu cart\u00e3o de cr\u00e9dito ou m\u00e9todo de pagamento original, dentro de um determinado per\u00edodo de dias.<\/p>\r\n<!-- \/wp:par\u00e1grafo -->\r\n\r\n\r\n<h3 class=\"wp-block-heading\">Reembolsos atrasados ou faltantes<\/h3>\r\n<!-- \/wp:t\u00edtulo -->\r\n\r\n<!-- wp:par\u00e1grafo -->\r\n<p>Se voc\u00ea ainda n\u00e3o recebeu um reembolso, primeiro verifique sua conta banc\u00e1ria novamente.<\/p>\r\n<!-- \/wp:par\u00e1grafo -->\r\n\r\n<!-- wp:par\u00e1grafo -->\r\n<p>Em seguida, entre em contato com a administradora do seu cart\u00e3o de cr\u00e9dito. Pode levar algum tempo at\u00e9 que seu reembolso seja publicado oficialmente.<\/p>\r\n<!-- \/wp:par\u00e1grafo -->\r\n\r\n<!-- wp:par\u00e1grafo -->\r\n<p>Em seguida, entre em contato com seu banco. Geralmente, leva algum tempo de processamento antes que um reembolso seja publicado.<\/p>\r\n<!-- \/wp:par\u00e1grafo -->\r\n\r\n<!-- wp:par\u00e1grafo -->\r\n<p>Se voc\u00ea fez tudo isso e ainda n\u00e3o recebeu seu reembolso, entre em contato conosco pelo e-mail {email address}.<\/p>\r\n<!-- \/wp:par\u00e1grafo -->\r\n\r\n\r\n<h3 class=\"wp-block-heading\">Itens em promo\u00e7\u00e3o<\/h3>\r\n<!-- \/wp:t\u00edtulo -->\r\n\r\n<!-- wp:par\u00e1grafo -->\r\n<p>Somente itens com pre\u00e7o normal podem ser reembolsados. Itens em promo\u00e7\u00e3o n\u00e3o podem ser reembolsados.<\/p>\r\n<!-- \/wp:par\u00e1grafo -->\r\n\r\n<!-- wp:t\u00edtulo -->\r\n<h2 class=\"wp-block-heading\">Trocas<\/h2>\r\n<!-- \/wp:t\u00edtulo --><!-- wp:par\u00e1grafo -->\r\n<p>S\u00f3 substitu\u00edmos itens se estiverem com defeito ou danificados. Caso necessite troc\u00e1-lo pelo mesmo item, envie-nos um e-mail para {email address} e envie seu item para: {physical address}.<\/p>\r\n<!-- \/wp:par\u00e1grafo -->\r\n\r\n<!-- wp:t\u00edtulo -->\r\n<h2 class=\"wp-block-heading\">Presentes<\/h2>\r\n<!-- \/wp:t\u00edtulo -->\r\n\r\n<!-- wp:par\u00e1grafo -->\r\n<p>Se o item foi marcado como presente quando comprado e enviado diretamente para voc\u00ea, voc\u00ea receber\u00e1 um cr\u00e9dito de presente no valor da sua devolu\u00e7\u00e3o. Assim que o item devolvido for recebido, um vale-presente ser\u00e1 enviado a voc\u00ea.<\/p>\r\n<!-- \/wp:par\u00e1grafo -->\r\n\r\n<!-- wp:par\u00e1grafo -->\r\n<p>Se o item n\u00e3o foi marcado como presente quando comprado, ou se o presenteador tiver enviado o pedido para si mesmo para entreg\u00e1-lo mais tarde, enviaremos um reembolso ao presenteador e ele saber\u00e1 sobre sua devolu\u00e7\u00e3o.<\/p>\r\n<!-- \/wp:par\u00e1grafo -->\r\n\r\n<!-- wp:t\u00edtulo -->\r\n<h2 class=\"wp-block-heading\">Devolu\u00e7\u00f5es de envio<\/h2>\r\n<!-- \/wp:t\u00edtulo -->\r\n\r\n<!-- wp:par\u00e1grafo -->\r\n<p>Para devolver seu produto, voc\u00ea deve envi\u00e1-lo para: {endere\u00e7o f\u00edsico}.<\/p>\r\n<!-- \/wp:par\u00e1grafo -->\r\n\r\n<!-- wp:par\u00e1grafo -->\r\n<p>Voc\u00ea ser\u00e1 respons\u00e1vel por pagar seus pr\u00f3prios custos de envio para devolver seu item. Os custos de envio n\u00e3o s\u00e3o reembols\u00e1veis. Se voc\u00ea receber um reembolso, o custo do frete de devolu\u00e7\u00e3o ser\u00e1 deduzido do seu reembolso.<\/p>\r\n<!-- \/wp:par\u00e1grafo -->\r\n\r\n<!-- wp:par\u00e1grafo -->\r\n<p>Dependendo de onde voc\u00ea mora, o tempo que o produto trocado pode levar para chegar at\u00e9 voc\u00ea pode variar.<\/p>\r\n<!-- \/wp:par\u00e1grafo -->\r\n\r\n<!-- wp:par\u00e1grafo -->\r\n<p>Se voc\u00ea estiver devolvendo itens mais caros, considere usar um servi\u00e7o de remessa rastre\u00e1vel ou adquirir um seguro de remessa. N\u00e3o garantimos que receberemos seu item devolvido.<\/p>\r\n<!-- \/wp:par\u00e1grafo --><!-- wp:t\u00edtulo -->\r\n<h2 class=\"wp-block-heading\">Precisa de ajuda?<\/h2>\r\n<!-- \/wp:t\u00edtulo -->\r\n\r\n<!-- wp:par\u00e1grafo -->\r\n<p>Entre em contato pelo e-mail {email} para perguntas relacionadas a reembolsos e devolu\u00e7\u00f5es.<\/p>\r\n<!-- \/wp:par\u00e1grafo --><\/div>","protected":false},"excerpt":{"rendered":"<p>Reembolsos Assim que sua devolu\u00e7\u00e3o for recebida e inspecionada, enviaremos um e-mail para notific\u00e1-lo de que recebemos seu item devolvido. Tamb\u00e9m notificaremos voc\u00ea sobre a aprova\u00e7\u00e3o ou rejei\u00e7\u00e3o do seu reembolso. Se voc\u00ea for aprovado, seu reembolso ser\u00e1 processado e um cr\u00e9dito ser\u00e1 automaticamente aplicado ao seu cart\u00e3o de cr\u00e9dito ou m\u00e9todo de pagamento original, [&hellip;]<\/p>\n","protected":false},"author":1,"featured_media":0,"parent":0,"menu_order":0,"comment_status":"closed","ping_status":"closed","template":"","meta":{"footnotes":""},"class_list":["post-9102","page","type-page","status-publish","hentry"],"_links":{"self":[{"href":"https:\/\/stage.jrfer.com\/pt\/wp-json\/wp\/v2\/pages\/9102","targetHints":{"allow":["GET"]}}],"collection":[{"href":"https:\/\/stage.jrfer.com\/pt\/wp-json\/wp\/v2\/pages"}],"about":[{"href":"https:\/\/stage.jrfer.com\/pt\/wp-json\/wp\/v2\/types\/page"}],"author":[{"embeddable":true,"href":"https:\/\/stage.jrfer.com\/pt\/wp-json\/wp\/v2\/users\/1"}],"replies":[{"embeddable":true,"href":"https:\/\/stage.jrfer.com\/pt\/wp-json\/wp\/v2\/comments?post=9102"}],"version-history":[{"count":5,"href":"https:\/\/stage.jrfer.com\/pt\/wp-json\/wp\/v2\/pages\/9102\/revisions"}],"predecessor-version":[{"id":63235,"href":"https:\/\/stage.jrfer.com\/pt\/wp-json\/wp\/v2\/pages\/9102\/revisions\/63235"}],"wp:attachment":[{"href":"https:\/\/stage.jrfer.com\/pt\/wp-json\/wp\/v2\/media?parent=9102"}],"curies":[{"name":"wp","href":"https:\/\/api.w.org\/{rel}","templated":true}]}}