{"id":9121,"date":"2025-07-16T04:36:50","date_gmt":"2025-07-16T04:36:50","guid":{"rendered":"https:\/\/stage.jrfer.com\/sobre-nos\/"},"modified":"2026-04-07T07:18:39","modified_gmt":"2026-04-07T07:18:39","slug":"about","status":"publish","type":"page","link":"https:\/\/stage.jrfer.com\/pt\/about\/","title":{"rendered":"Sobre n\u00f3s"},"content":{"rendered":"<div class=\"jr-page jr-page--about\">\n<section class=\"jr-hero\">\n<p class=\"jr-kicker\">Rico Vape<\/p>\n<h1>Sobre n\u00f3s<\/h1>\n<div class=\"jr-hero-copy\">\n<p>Bem-vindo \u00e0 RicoVapes, seu destino preferido para cigarros eletr\u00f4nicos descart\u00e1veis \u200b\u200bpremium e produtos vape.<br \/>Nossa miss\u00e3o \u00e9 fornecer solu\u00e7\u00f5es de vaping inovadoras e de alta qualidade, adaptadas \u00e0s suas necessidades.<\/p>\n<\/div>\n<\/section>\n<div class=\"jr-card-grid\">\n<article class=\"jr-info-card\">\n<h3>Nossos produtos<\/h3>\n<div class=\"jr-card-copy\">\n<div>Oferecemos cigarros eletr\u00f4nicos descart\u00e1veis de alta qualidade e fornecemos servi\u00e7os OEM para produtos vape personalizados. Todos os nossos produtos passam por testes rigorosos para garantir que atendam aos mais altos padr\u00f5es.<\/div>\n<\/div>\n<\/article>\n<article class=\"jr-info-card\">\n<h3>Servi\u00e7os de atacado e OEM<\/h3>\n<div class=\"jr-card-copy\">\n<div>Oferecemos cigarros eletr\u00f4nicos descart\u00e1veis de alta qualidade e fornecemos servi\u00e7os OEM para produtos vape personalizados. Todos os nossos produtos passam por testes rigorosos para garantir que atendam aos mais altos padr\u00f5es.<\/div>\n<\/div>\n<\/article>\n<article class=\"jr-info-card\">\n<h3>Envio r\u00e1pido e seguro<\/h3>\n<div class=\"jr-card-copy\">\n<div>Processamos pedidos dentro de 1 a 3 dias \u00fateis e enviamos usando transportadoras confi\u00e1veis como DHL, DPD, UPS e servi\u00e7os postais locais.\n<\/div>\n<div>Nosso envio eficiente garante uma entrega r\u00e1pida e segura.<\/div>\n<\/div>\n<\/article>\n<article class=\"jr-info-card\">\n<h3>Pagamentos Seguros<\/h3>\n<div class=\"jr-card-copy\">\n<div>Apoiamos pagamentos via PayPal, cart\u00f5es de cr\u00e9dito, transfer\u00eancias banc\u00e1rias e criptomoedas, usando criptografia SSL para transmiss\u00e3o de dados.<\/div>\n<\/div>\n<\/article>\n<article class=\"jr-info-card\">\n<h3>Suporte ao Cliente<\/h3>\n<div class=\"jr-card-copy\">\n<div>Nossa equipe dedicada de suporte ao cliente est\u00e1 aqui para ajudar. Contate-nos por e-mail em support@ricovape.com ou Whatsapp <a href=\"https:\/\/api.whatsapp.com\/send?phone=8618241953968\" target=\"_blank\" rel=\"noopener\">+8618241953968<\/a>. Estamos dispon\u00edveis de segunda a sexta, das 9h \u00e0s 20h. Hor\u00e1rio padr\u00e3o da China.<\/div>\n<\/div>\n<\/article>\n<\/div>\n<\/div>\n","protected":false},"excerpt":{"rendered":"<p>Rico Vape Sobre n\u00f3s Bem-vindo \u00e0 RicoVapes, seu destino preferido para cigarros eletr\u00f4nicos descart\u00e1veis \u200b\u200bpremium e produtos vape.Nossa miss\u00e3o \u00e9 fornecer solu\u00e7\u00f5es de vaping inovadoras e de alta qualidade, adaptadas \u00e0s suas necessidades. Nossos produtos Oferecemos cigarros eletr\u00f4nicos descart\u00e1veis de alta qualidade e fornecemos servi\u00e7os OEM para produtos vape personalizados. Todos os nossos produtos passam [&hellip;]<\/p>\n","protected":false},"author":1,"featured_media":0,"parent":0,"menu_order":0,"comment_status":"closed","ping_status":"closed","template":"","meta":{"footnotes":""},"class_list":["post-9121","page","type-page","status-publish","hentry"],"_links":{"self":[{"href":"https:\/\/stage.jrfer.com\/pt\/wp-json\/wp\/v2\/pages\/9121","targetHints":{"allow":["GET"]}}],"collection":[{"href":"https:\/\/stage.jrfer.com\/pt\/wp-json\/wp\/v2\/pages"}],"about":[{"href":"https:\/\/stage.jrfer.com\/pt\/wp-json\/wp\/v2\/types\/page"}],"author":[{"embeddable":true,"href":"https:\/\/stage.jrfer.com\/pt\/wp-json\/wp\/v2\/users\/1"}],"replies":[{"embeddable":true,"href":"https:\/\/stage.jrfer.com\/pt\/wp-json\/wp\/v2\/comments?post=9121"}],"version-history":[{"count":2,"href":"https:\/\/stage.jrfer.com\/pt\/wp-json\/wp\/v2\/pages\/9121\/revisions"}],"predecessor-version":[{"id":69392,"href":"https:\/\/stage.jrfer.com\/pt\/wp-json\/wp\/v2\/pages\/9121\/revisions\/69392"}],"wp:attachment":[{"href":"https:\/\/stage.jrfer.com\/pt\/wp-json\/wp\/v2\/media?parent=9121"}],"curies":[{"name":"wp","href":"https:\/\/api.w.org\/{rel}","templated":true}]}}