{"id":9129,"date":"2025-07-16T04:36:55","date_gmt":"2025-07-16T04:36:55","guid":{"rendered":"https:\/\/stage.jrfer.com\/contate-nos\/"},"modified":"2026-04-07T07:19:00","modified_gmt":"2026-04-07T07:19:00","slug":"contact","status":"publish","type":"page","link":"https:\/\/stage.jrfer.com\/pt\/contact\/","title":{"rendered":"Contate-nos"},"content":{"rendered":"<div class=\"jr-page jr-page--contact\">\n<section class=\"jr-hero\">\n<p class=\"jr-kicker\">Rico Vape<\/p>\n<h1>Entre em contato conosco<\/h1>\n<div class=\"jr-hero-copy\">\n<div>\n<p>Estamos aqui para ajud\u00e1-lo com qualquer d\u00favida ou preocupa\u00e7\u00e3o que voc\u00ea possa ter. Sinta-se \u00e0 vontade para entrar em contato conosco atrav\u00e9s de qualquer um dos seguintes m\u00e9todos:<\/p>\n<\/div>\n<\/div>\n<\/section>\n<div class=\"jr-contact-grid\">\n<article class=\"jr-contact-card\">\n<h3>E-mail<\/h3>\n<div class=\"jr-card-copy\">\n<p><a href=\"mailto:support@ricovape.com\">support@ricovape.com<\/a><\/p>\n<\/div>\n<\/article>\n<article class=\"jr-contact-card\">\n<h3>WhatsApp<\/h3>\n<div class=\"jr-card-copy\">\n<p><a href=\"https:\/\/api.whatsapp.com\/send?phone=8618241953968\" target=\"_blank\" rel=\"noopener\">+8618241953968<\/a><\/p>\n<\/div>\n<\/article>\n<article class=\"jr-contact-card\">\n<h3>Localiza\u00e7\u00e3o<\/h3>\n<div class=\"jr-card-copy\">\n<p>Sede da Hola<br \/>Sala 2002, 20\u00ba andar, Edif\u00edcio Huasheng,<br \/>555 Zhongxin Avenue, Subdistrito de Shajing,<br \/>Distrito de Bao\u2019an, Shenzhen, 518125.<br \/>China<\/p>\n<\/div>\n<\/article>\n<\/div>\n<section class=\"jr-contact-cta\">\n<h2>Deixe uma mensagem<\/h2>\n<div class=\"jr-contact-actions\"><a class=\"jr-action\" href=\"mailto:support@ricovape.com\">support@ricovape.com<\/a><a class=\"jr-action\" href=\"https:\/\/api.whatsapp.com\/send?phone=8618241953968\" target=\"_blank\" rel=\"noopener\">+8618241953968<\/a><\/div>\n<\/section>\n<\/div>\n","protected":false},"excerpt":{"rendered":"<p>Rico Vape Entre em contato conosco Estamos aqui para ajud\u00e1-lo com qualquer d\u00favida ou preocupa\u00e7\u00e3o que voc\u00ea possa ter. Sinta-se \u00e0 vontade para entrar em contato conosco atrav\u00e9s de qualquer um dos seguintes m\u00e9todos: E-mail support@ricovape.com WhatsApp +8618241953968 Localiza\u00e7\u00e3o Sede da HolaSala 2002, 20\u00ba andar, Edif\u00edcio Huasheng,555 Zhongxin Avenue, Subdistrito de Shajing,Distrito de Bao\u2019an, Shenzhen, [&hellip;]<\/p>\n","protected":false},"author":1,"featured_media":0,"parent":0,"menu_order":0,"comment_status":"closed","ping_status":"closed","template":"","meta":{"footnotes":""},"class_list":["post-9129","page","type-page","status-publish","hentry"],"_links":{"self":[{"href":"https:\/\/stage.jrfer.com\/pt\/wp-json\/wp\/v2\/pages\/9129","targetHints":{"allow":["GET"]}}],"collection":[{"href":"https:\/\/stage.jrfer.com\/pt\/wp-json\/wp\/v2\/pages"}],"about":[{"href":"https:\/\/stage.jrfer.com\/pt\/wp-json\/wp\/v2\/types\/page"}],"author":[{"embeddable":true,"href":"https:\/\/stage.jrfer.com\/pt\/wp-json\/wp\/v2\/users\/1"}],"replies":[{"embeddable":true,"href":"https:\/\/stage.jrfer.com\/pt\/wp-json\/wp\/v2\/comments?post=9129"}],"version-history":[{"count":2,"href":"https:\/\/stage.jrfer.com\/pt\/wp-json\/wp\/v2\/pages\/9129\/revisions"}],"predecessor-version":[{"id":69401,"href":"https:\/\/stage.jrfer.com\/pt\/wp-json\/wp\/v2\/pages\/9129\/revisions\/69401"}],"wp:attachment":[{"href":"https:\/\/stage.jrfer.com\/pt\/wp-json\/wp\/v2\/media?parent=9129"}],"curies":[{"name":"wp","href":"https:\/\/api.w.org\/{rel}","templated":true}]}}