{"id":9145,"date":"2025-07-16T04:37:29","date_gmt":"2025-07-16T04:37:29","guid":{"rendered":"https:\/\/stage.jrfer.com\/perguntas-frequentes\/"},"modified":"2026-04-07T03:28:01","modified_gmt":"2026-04-07T03:28:01","slug":"faq","status":"publish","type":"page","link":"https:\/\/stage.jrfer.com\/pt\/faq\/","title":{"rendered":"Perguntas frequentes"},"content":{"rendered":"<section id=\"faq\">\n<h2>Perguntas frequentes \u2013 Rico\u00a0Vape<\/h2>\n<h3>Sobre nossos produtos e servi\u00e7os<\/h3>\n<dl>\n<dt>Quais produtos a Rico\u00a0Vape oferece?<\/dt>\n<dd>Rico\u00a0Vape oferece uma variedade de dispositivos vape descart\u00e1veis \u200b\u200bde alto desempenho, e-l\u00edquidos premium e acess\u00f3rios vape. Tamb\u00e9m fornecemos servi\u00e7os de OEM para produtos de marca personalizada.<\/dd>\n<dt>Os produtos Rico\u00a0Vape s\u00e3o de alta qualidade?<\/dt>\n<dd>Sim! Fazemos parcerias com fabricantes confi\u00e1veis \u200b\u200be realizamos verifica\u00e7\u00f5es de qualidade rigorosas para garantir que cada dispositivo e l\u00edquido atenda aos nossos mais altos padr\u00f5es.<\/dd>\n<dt>Voc\u00eas oferecem servi\u00e7os OEM?<\/dt>\n<dd>Com certeza. A Rico\u00a0Vape fornece servi\u00e7os OEM completos: entre em contato com o suporte para discutir marcas, sabores, embalagens e muito mais.<\/dd>\n<dt>Voc\u00eas oferecem suporte para pedidos no atacado?<\/dt>\n<dd>Sim, oferecemos pre\u00e7os competitivos no atacado. Entre em contato para obter detalhes do pedido em massa.<\/dd>\n<\/dl>\n<h3>Pagamento<\/h3>\n<dl>\n<dt>Quais m\u00e9todos de pagamento s\u00e3o aceitos?<\/dt>\n<dd>Aceitamos os principais cart\u00f5es de cr\u00e9dito\/d\u00e9bito, PayPal, Stripe, transfer\u00eancias banc\u00e1rias (incluindo SEPA\/IBAN) e determinadas criptomoedas.<\/dd>\n<dt>Minhas informa\u00e7\u00f5es de pagamento est\u00e3o seguras?<\/dt>\n<dd>Sim, todos os pagamentos s\u00e3o criptografados usando protocolos seguros e n\u00e3o armazenamos seu pagamento. detalhes.<\/dd>\n<\/dl>\n<h3>Envio e rastreamento de pedidos<\/h3>\n<dl>\n<dt>Quanto tempo leva o processamento do pedido?<\/dt>\n<dd>Os pedidos normalmente s\u00e3o processados dentro de 1 a 3 dias \u00fateis.<\/dd>\n<dt>Quanto tempo leva o envio?<\/dt>\n<dd>O envio geralmente leva de 7 a 14 dias \u00fateis, dependendo da sua localiza\u00e7\u00e3o.<\/dd>\n<dt>Quais transportadoras voc\u00ea usa?<\/dt>\n<dd>Temos parceria com transportadoras confi\u00e1veis, como DHL, UPS, FedEx e correio local servi\u00e7os.<\/dd>\n<dt>Como posso rastrear meu pedido?<\/dt>\n<dd>Ap\u00f3s o envio, voc\u00ea receber\u00e1 um n\u00famero de rastreamento por e-mail para monitorar sua entrega.<\/dd>\n<dt>Posso cancelar meu pedido ap\u00f3s o envio?<\/dt>\n<dd>Infelizmente, os pedidos n\u00e3o podem ser cancelados depois de enviados. Confirme todos os detalhes antes de fazer seu pedido.<\/dd>\n<\/dl>\n<h3>Devolu\u00e7\u00f5es e garantia<\/h3>\n<dl>\n<dt>E se meu produto chegar danificado ou com defeito?<\/dt>\n<dd>Entre em contato com nossa equipe de suporte imediatamente e providenciaremos uma substitui\u00e7\u00e3o ou reembolso.<\/dd>\n<dt>Voc\u00eas oferecem garantias?<\/dt>\n<dd>Sim, muitos de nossos produtos incluem garantias do fabricante. Consulte as p\u00e1ginas individuais dos produtos para obter detalhes.<\/dd>\n<dt>Posso devolver ou trocar uma compra?<\/dt>\n<dd>Sim, oferecemos devolu\u00e7\u00f5es e trocas sem complica\u00e7\u00f5es. Consulte nossa p\u00e1gina Pol\u00edtica de devolu\u00e7\u00e3o para obter instru\u00e7\u00f5es completas.<\/dd>\n<\/dl>\n<h3>Suporte ao cliente<\/h3>\n<dl>\n<dt>Como posso entrar em contato com o suporte ao cliente?<\/dt>\n<dd>Envie-nos um e-mail para <a href=\"mailto:support@rico\u2011vape.com\">support@rico\u2011vape.com<\/a> ou<br \/>WhatsApp para +8618241953968. O suporte est\u00e1 dispon\u00edvel de segunda a sexta, das 9h \u00e0s 21h (UTC+8).<\/dd>\n<\/dl>\n<\/section>\n","protected":false},"excerpt":{"rendered":"<p>Perguntas frequentes \u2013 Rico\u00a0Vape Sobre nossos produtos e servi\u00e7os Quais produtos a Rico\u00a0Vape oferece? Rico\u00a0Vape oferece uma variedade de dispositivos vape descart\u00e1veis \u200b\u200bde alto desempenho, e-l\u00edquidos premium e acess\u00f3rios vape. Tamb\u00e9m fornecemos servi\u00e7os de OEM para produtos de marca personalizada. Os produtos Rico\u00a0Vape s\u00e3o de alta qualidade? Sim! Fazemos parcerias com fabricantes confi\u00e1veis \u200b\u200be realizamos [&hellip;]<\/p>\n","protected":false},"author":1,"featured_media":0,"parent":0,"menu_order":0,"comment_status":"closed","ping_status":"closed","template":"","meta":{"footnotes":""},"class_list":["post-9145","page","type-page","status-publish","hentry"],"_links":{"self":[{"href":"https:\/\/stage.jrfer.com\/pt\/wp-json\/wp\/v2\/pages\/9145","targetHints":{"allow":["GET"]}}],"collection":[{"href":"https:\/\/stage.jrfer.com\/pt\/wp-json\/wp\/v2\/pages"}],"about":[{"href":"https:\/\/stage.jrfer.com\/pt\/wp-json\/wp\/v2\/types\/page"}],"author":[{"embeddable":true,"href":"https:\/\/stage.jrfer.com\/pt\/wp-json\/wp\/v2\/users\/1"}],"replies":[{"embeddable":true,"href":"https:\/\/stage.jrfer.com\/pt\/wp-json\/wp\/v2\/comments?post=9145"}],"version-history":[{"count":1,"href":"https:\/\/stage.jrfer.com\/pt\/wp-json\/wp\/v2\/pages\/9145\/revisions"}],"predecessor-version":[{"id":26283,"href":"https:\/\/stage.jrfer.com\/pt\/wp-json\/wp\/v2\/pages\/9145\/revisions\/26283"}],"wp:attachment":[{"href":"https:\/\/stage.jrfer.com\/pt\/wp-json\/wp\/v2\/media?parent=9145"}],"curies":[{"name":"wp","href":"https:\/\/api.w.org\/{rel}","templated":true}]}}