{"id":9177,"date":"2025-07-16T05:44:51","date_gmt":"2025-07-16T05:44:51","guid":{"rendered":"https:\/\/stage.jrfer.com\/atacado\/"},"modified":"2026-04-07T07:19:24","modified_gmt":"2026-04-07T07:19:24","slug":"wholesale","status":"publish","type":"page","link":"https:\/\/stage.jrfer.com\/pt\/wholesale\/","title":{"rendered":"Atacado"},"content":{"rendered":"<div class=\"jr-page jr-page--wholesale\">\n<section class=\"jr-hero\">\n<p class=\"jr-kicker\">Rico Vape B2B<\/p>\n<h1>Atacado<\/h1>\n<p class=\"jr-subhead\">Compras no atacado<\/p>\n<div class=\"jr-hero-copy\">\n<p>Dedicamo-nos a fornecer cigarros eletr\u00f4nicos e acess\u00f3rios de alta qualidade para varejistas e distribuidores em todo o mundo. Como fornecedor l\u00edder no setor, oferecemos uma ampla gama de produtos e pre\u00e7os de atacado competitivos para atender \u00e0s diversas necessidades do seu neg\u00f3cio.<\/p>\n<\/div>\n<\/section>\n<section class=\"jr-checklist-panel\">\n<h2>Por que nos escolher?<\/h2>\n<ul class=\"jr-checklist\">\n<li><strong>Ampla sele\u00e7\u00e3o de produtos<\/strong>: desde os mais recentes dispositivos de cigarro eletr\u00f4nico at\u00e9 uma variedade de sabores de e-l\u00edquidos, temos tudo o que voc\u00ea precisa.<\/li>\n<li><strong>Qualidade Premium<\/strong>: Todos os nossos produtos passam por rigorosos testes de qualidade para garantir seguran\u00e7a e confiabilidade.<\/li>\n<li><strong>Quantidades de pedidos flex\u00edveis<\/strong>: seja voc\u00ea um pequeno varejista ou um grande distribuidor, podemos atender \u00e0s suas necessidades de pedidos.<\/li>\n<li><strong>Servi\u00e7os de remessa r\u00e1pida<\/strong>: em parceria com v\u00e1rias empresas de log\u00edstica globais, garantimos que seus pedidos sejam entregues de forma r\u00e1pida e segura, com rastreamento on-line em tempo real.<\/li>\n<li><strong>Excelente suporte ao cliente<\/strong>: nossa equipe dedicada est\u00e1 aqui para ajud\u00e1-lo com qualquer d\u00favida ou problema que voc\u00ea possa ter. temos.<\/li>\n<\/ul>\n<\/section>\n<section class=\"jr-closing\">\n<p>Entre em contato com nossa equipe de atacado hoje mesmo para saber mais sobre nossas ofertas e descontos no atacado.<\/p>\n<p>Estamos ansiosos para fazer parceria com voc\u00ea e alcan\u00e7ar grande sucesso juntos!<\/p>\n<\/section>\n<\/div>\n","protected":false},"excerpt":{"rendered":"<p>Rico Vape B2B Atacado Compras no atacado Dedicamo-nos a fornecer cigarros eletr\u00f4nicos e acess\u00f3rios de alta qualidade para varejistas e distribuidores em todo o mundo. Como fornecedor l\u00edder no setor, oferecemos uma ampla gama de produtos e pre\u00e7os de atacado competitivos para atender \u00e0s diversas necessidades do seu neg\u00f3cio. Por que nos escolher? Ampla sele\u00e7\u00e3o [&hellip;]<\/p>\n","protected":false},"author":1,"featured_media":0,"parent":0,"menu_order":0,"comment_status":"closed","ping_status":"closed","template":"","meta":{"footnotes":""},"class_list":["post-9177","page","type-page","status-publish","hentry"],"_links":{"self":[{"href":"https:\/\/stage.jrfer.com\/pt\/wp-json\/wp\/v2\/pages\/9177","targetHints":{"allow":["GET"]}}],"collection":[{"href":"https:\/\/stage.jrfer.com\/pt\/wp-json\/wp\/v2\/pages"}],"about":[{"href":"https:\/\/stage.jrfer.com\/pt\/wp-json\/wp\/v2\/types\/page"}],"author":[{"embeddable":true,"href":"https:\/\/stage.jrfer.com\/pt\/wp-json\/wp\/v2\/users\/1"}],"replies":[{"embeddable":true,"href":"https:\/\/stage.jrfer.com\/pt\/wp-json\/wp\/v2\/comments?post=9177"}],"version-history":[{"count":2,"href":"https:\/\/stage.jrfer.com\/pt\/wp-json\/wp\/v2\/pages\/9177\/revisions"}],"predecessor-version":[{"id":69410,"href":"https:\/\/stage.jrfer.com\/pt\/wp-json\/wp\/v2\/pages\/9177\/revisions\/69410"}],"wp:attachment":[{"href":"https:\/\/stage.jrfer.com\/pt\/wp-json\/wp\/v2\/media?parent=9177"}],"curies":[{"name":"wp","href":"https:\/\/api.w.org\/{rel}","templated":true}]}}