{"id":10043,"date":"2026-03-25T02:54:13","date_gmt":"2026-03-25T02:54:13","guid":{"rendered":"https:\/\/stage.jrfer.com\/product\/barra-wasp-60k-60-000-baforadas-longa-duracao-16-opcoes-de-sabores-vape-descartavel-a-granel\/"},"modified":"2026-04-07T10:47:40","modified_gmt":"2026-04-07T10:47:40","slug":"waspe-bar-60k-60000-puffs-long-lasting-16-flavor-options-bulk-disposable-vape","status":"publish","type":"product","link":"https:\/\/stage.jrfer.com\/pt\/product\/waspe-bar-60k-60000-puffs-long-lasting-16-flavor-options-bulk-disposable-vape\/","title":{"rendered":"WASPE Bar 60K | 60.000 baforadas, longa dura\u00e7\u00e3o, 16 op\u00e7\u00f5es de sabores, vape descart\u00e1vel a granel"},"content":{"rendered":"<p><img loading=\"lazy\" decoding=\"async\" class=\"alignnone size-full wp-image-114648\" src=\"https:\/\/aiviouvapes.com\/wp-content\/uploads\/2026\/03\/WASPE-Bar-60K-Puffs-25.jpg\" alt=\"WASPE Bar 60K Puffs\" width=\"1643\" height=\"1920\" title=\"\"><\/p>\n<h3>Por que escolher a barra WASPE 60K?<\/h3>\n<ul>\n<li>\ud83d\udca8 <strong>At\u00e9 60.000 baforadas<\/strong> para uso duradouro e melhor valor<\/li>\n<li>\ud83c\udf53 <strong>16 sabores populares de frutas e gelo<\/strong> para atender aos diferentes gostos dos clientes<\/li>\n<li>\ud83e\uddca Experi\u00eancia de sabor suave e agrad\u00e1vel para vaporiza\u00e7\u00e3o di\u00e1ria<\/li>\n<li>\ud83d\udd0b Projetado para usu\u00e1rios intensos que desejam um dispositivo descart\u00e1vel de uso prolongado<\/li>\n<li>\ud83c\udf0d Dispon\u00edvel em <strong>0%, 2% e 5% de nicotina<\/strong> para diferentes necessidades do mercado<\/li>\n<li>\ud83d\udce6 <strong>160 unidades por caixa<\/strong> e <strong>10 unidades por caixa<\/strong>, ideal para pedidos no atacado<\/li>\n<li>\ud83c\udfea \u00d3timo para lojas de vaporiza\u00e7\u00e3o, distribuidores, importadores e vendedores on-line de vaporiza\u00e7\u00e3o<\/li>\n<li>\ud83d\ude80 Produto forte e de alto volume para construir uma linha atraente de vaporizador descart\u00e1vel<\/li>\n<\/ul>\n<h3>Detalhes do Vape Descart\u00e1vel WASPE Bar 60K<\/h3>\n<p>O <strong>vape descart\u00e1vel WASPE Bar 60K Puffs<\/strong> \u00e9 um dispositivo de alta capacidade desenvolvido para clientes que desejam mais puffs, mais sabor e mais conveni\u00eancia em um \u00fanico produto. \u00c9 uma \u00f3tima op\u00e7\u00e3o para mercados que exigem vapes descart\u00e1veis de longa dura\u00e7\u00e3o, com op\u00e7\u00f5es de sabores atraentes e n\u00edveis de nicotina flex\u00edveis.<\/p>\n<p>Para compradores B2B, a WASPE Bar 60K \u00e9 um produto f\u00e1cil de adicionar a um cat\u00e1logo de atacado. A capacidade de 60.000 baforadas ajuda-o a se destacar no competitivo mercado de vape descart\u00e1vel, enquanto a sele\u00e7\u00e3o de sabores inclui perfis frutados, gelados, doces e mistos que s\u00e3o populares entre muitos consumidores. Isso torna mais f\u00e1cil para os distribuidores e lojas de vapor atingirem tanto os vapers do dia a dia quanto os clientes que procuram uma experi\u00eancia de sabor novo e ousado. \u2728<\/p>\n<h3>Especifica\u00e7\u00f5es da barra WASPE 60K<\/h3>\n<tr>\n<th>Nome do produto<\/th>\n<td>Barra WASPE 60K Puffs<\/td>\n<\/tr>\n<tr>\n<th>Tipo de dispositivo<\/th>\n<td>Dispositivo Vape descart\u00e1vel<\/td>\n<\/tr>\n<tr>\n<th>Contagem de sopros<\/th>\n<td>60.000 baforadas<\/td>\n<\/tr>\n<tr>\n<th>For\u00e7a da Nicotina<\/th>\n<td>0% \/ 2% \/ 5%<\/td>\n<\/tr>\n<tr>\n<th>Op\u00e7\u00f5es de sabores<\/th>\n<td>16 sabores<\/td>\n<\/tr>\n<tr>\n<th>Embalagem<\/th>\n<td>10 unidades\/caixa<\/td>\n<\/tr>\n<tr>\n<th>Quantidade da caixa<\/th>\n<td>160 unidades\/ctn<\/td>\n<\/tr>\n<tr>\n<th>Peso Bruto<\/th>\n<td>20,8 kg<\/td>\n<\/tr>\n<tr>\n<th>Compradores-alvo<\/th>\n<td>Atacadistas, distribuidores, lojas de vapor, varejistas<\/td>\n<\/tr>\n<\/tbody>\n<h3>WASPE Bar 60K Sabores \ud83c\udf4d\ud83c\udf47\ud83c\udf49<\/h3>\n<p><strong>Gelo de melancia<\/strong> \u2013 Um sabor suculento de melancia com um final gelado, fresco e f\u00e1cil de saborear.<\/p>\n<p><strong>Gelo de mirtilo<\/strong> \u2013 Sabor doce de mirtilo misturado com um toque refrescante e crocante.<\/p>\n<p><strong>Gelo de Uva<\/strong> \u2013 Rica do\u00e7ura de uva com uma nota refrescante de gelo.<\/p>\n<p><strong>Lim\u00e3o Lim\u00e3o<\/strong> \u2013 Sabor c\u00edtrico brilhante com um sabor picante e vivo.<\/p>\n<p><strong>Morango Banana<\/strong> \u2013 Uma mistura de frutas suave e doce adorada por muitos usu\u00e1rios de vape.<\/p>\n<p><strong>Bagas Mistas<\/strong> \u2013 Uma mistura ousada de frutas silvestres com camadas de notas doces e \u00e1cidas.<\/p>\n<p><strong>Gelo Red Bull<\/strong> \u2013 Um sabor inspirado em bebidas energ\u00e9ticas com um final fresco para um sabor mais forte.<\/p>\n<p><strong>Melancia Kiwi<\/strong> \u2013 Uma mistura equilibrada de melancia suculenta e kiwi picante.<\/p>\n<p><strong>Melancia com Morango<\/strong> \u2013 Uma combina\u00e7\u00e3o de frutas doce e refrescante com amplo apelo ao cliente.<\/p>\n<p><strong>Mirtilo Framboesa Cereja<\/strong> \u2013 Um perfil rico de tr\u00eas frutas com do\u00e7ura profunda e complexidade frutada.<\/p>\n<p><strong>Groselha Preta<\/strong> \u2013 Sabor de frutas escuras com um final ousado e levemente picante.<\/p>\n<p><strong>Morango Black Dragon Ice<\/strong> \u2013 Uma mistura especial de frutas com morango doce e um toque ex\u00f3tico e fresco.<\/p>\n<p><strong>Morango Kiwi<\/strong> \u2013 Uma combina\u00e7\u00e3o cl\u00e1ssica de frutas com equil\u00edbrio doce e picante.<\/p>\n<p><strong>Cola Cereja Azul<\/strong> \u2013 Uma mistura divertida e \u00fanica de sabores inspirados em frutas vermelhas, cereja e cola.<\/p>\n<p><strong>Gelo De Mel\u00e3o Kiwi<\/strong> \u2013 Uma mistura fresca de mel\u00e3o com brilho de kiwi e suavidade gelada.<\/p>\n<p><strong>P\u00eassego Manga Abacaxi<\/strong> \u2013 Uma mistura de frutas tropicais cheia de sabor doce, suculento e ensolarado. \ud83c\udf34<\/p>\n<p><img loading=\"lazy\" decoding=\"async\" class=\"alignnone size-full wp-image-114647\" src=\"https:\/\/aiviouvapes.com\/wp-content\/uploads\/2026\/03\/WASPE-Bar-60K-Puffs-24.jpg\" alt=\"WASPE Bar 60K Puffs\" width=\"1920\" height=\"1080\" title=\"\"> <img loading=\"lazy\" decoding=\"async\" class=\"alignnone size-full wp-image-114646\" src=\"https:\/\/aiviouvapes.com\/wp-content\/uploads\/2026\/03\/WASPE-Bar-60K-Puffs-23.jpg\" alt=\"WASPE Bar 60K Puffs\" width=\"1920\" height=\"1080\" title=\"\"><\/p>\n<h3>Perguntas frequentes sobre a barra WASPE 60K \u2753<\/h3>\n<h4>1. Quantas baforadas a WASPE Bar 60K oferece?<\/h4>\n<p>A WASPE Bar 60K oferece at\u00e9 <strong>60.000 baforadas<\/strong>, sendo uma \u00f3tima op\u00e7\u00e3o para usu\u00e1rios que desejam um vaporizador descart\u00e1vel de longa dura\u00e7\u00e3o.<\/p>\n<h4>2. Quais dosagens de nicotina est\u00e3o dispon\u00edveis?<\/h4>\n<p>Este dispositivo est\u00e1 dispon\u00edvel em <strong>0%, 2% e 5% de nicotina<\/strong>, portanto pode atender \u00e0s diferentes prefer\u00eancias dos clientes e demandas do mercado.<\/p>\n<h4>3. Quantos sabores tem este modelo?<\/h4>\n<p>A WASPE Bar 60K vem em <strong>16 op\u00e7\u00f5es de sabores<\/strong>, incluindo sabores de frutas, gelo, frutas vermelhas, tropicais e inspirados em bebidas.<\/p>\n<h4>4. A WASPE Bar 60K \u00e9 boa para atacado?<\/h4>\n<p>Sim. Com <strong>10 unidades por caixa<\/strong> e <strong>160 unidades por caixa<\/strong>, \u00e9 muito adequado para atacadistas, distribuidores e lojas de vapor que procuram fornecimento de vapor descart\u00e1vel em massa.<\/p>\n<h4>5. Para quem este produto \u00e9 melhor?<\/h4>\n<p>Este produto \u00e9 ideal para usu\u00e1rios frequentes, amantes de sabores, varejistas de vaporizadores descart\u00e1veis e compradores B2B que desejam um modelo de alto volume com amplo potencial de vendas.<\/p>\n<h4>6. Por que o WASPE Bar 60K \u00e9 atraente para lojas de vapor?<\/h4>\n<p>Ele combina uma contagem muito alta de inala\u00e7\u00f5es, op\u00e7\u00f5es flex\u00edveis de nicotina e sabores populares em um \u00fanico dispositivo, o que ajuda as lojas de vapor a oferecer uma sele\u00e7\u00e3o de produtos mais competitiva e atraente.<\/p>\n<h3>Vis\u00e3o geral da barra WASPE 60K<\/h3>\n<p><strong>WASPE Bar 60K vape descart\u00e1vel<\/strong> \u00e9 uma forte op\u00e7\u00e3o para <strong>usu\u00e1rios pesados<\/strong> que desejam um uso mais prolongado, para <strong>ca\u00e7adores de sabores<\/strong> que gostam de misturas frutadas e geladas, e para <strong>lojas de vape e distribuidores atacadistas<\/strong> que procuram um produto vape descart\u00e1vel de alta demanda. Com at\u00e9 60.000 inala\u00e7\u00f5es, n\u00edveis flex\u00edveis de nicotina e embalagens prontas para atacado, este modelo foi desenvolvido para apoiar o sucesso do varejo e o crescimento da distribui\u00e7\u00e3o a granel. \ud83d\udcc8<\/p>\n","protected":false},"excerpt":{"rendered":"<p>Aproveite o poderoso vape descart\u00e1vel <strong>WASPE Bar 60K<\/strong> com at\u00e9 <strong>60.000 baforadas<\/strong>, sabores ricos de frutas e gelo e op\u00e7\u00f5es flex\u00edveis de <strong>0% \/ 2% \/ 5% de nicotina<\/strong>. Uma escolha inteligente para atacadistas, distribuidores e usu\u00e1rios pesados \u200b\u200bde vape que procuram um vape descart\u00e1vel de alto volume e com forte apelo de mercado. \ud83d\ude80<\/p>\n","protected":false},"featured_media":7064,"comment_status":"open","ping_status":"closed","template":"","meta":[],"product_brand":[],"product_cat":[705,1929,395],"product_tag":[],"class_list":{"0":"post-10043","1":"product","2":"type-product","3":"status-publish","4":"has-post-thumbnail","6":"product_cat-60000-sopros-vape-descartaveis","7":"product_cat-novo","8":"product_cat-waspe","10":"first","11":"instock","12":"shipping-taxable","13":"purchasable","14":"product-type-variable","15":"has-default-attributes"},"tiered_pricing_type":"fixed","tiered_pricing_fixed_rules":{"30":8.3599999999999994315658113919198513031005859375,"50":7.12999999999999989341858963598497211933135986328125,"100":6.589999999999999857891452847979962825775146484375,"200":6.29000000000000003552713678800500929355621337890625,"400":5.9900000000000002131628207280300557613372802734375},"tiered_pricing_product_settings":{"layout":"default","base_unit_name":{"singular":null,"plural":null},"default_variation":null},"tiered_pricing_minimum_quantity":10,"tiered_pricing_roles_data":[],"tiered_pricing_percentage_rules":[],"tiered_pricing_maximum_quantity":null,"tiered_pricing_quantity_step":"10","_links":{"self":[{"href":"https:\/\/stage.jrfer.com\/pt\/wp-json\/wp\/v2\/product\/10043","targetHints":{"allow":["GET"]}}],"collection":[{"href":"https:\/\/stage.jrfer.com\/pt\/wp-json\/wp\/v2\/product"}],"about":[{"href":"https:\/\/stage.jrfer.com\/pt\/wp-json\/wp\/v2\/types\/product"}],"replies":[{"embeddable":true,"href":"https:\/\/stage.jrfer.com\/pt\/wp-json\/wp\/v2\/comments?post=10043"}],"wp:featuredmedia":[{"embeddable":true,"href":"https:\/\/stage.jrfer.com\/pt\/wp-json\/wp\/v2\/media\/7064"}],"wp:attachment":[{"href":"https:\/\/stage.jrfer.com\/pt\/wp-json\/wp\/v2\/media?parent=10043"}],"wp:term":[{"taxonomy":"product_brand","embeddable":true,"href":"https:\/\/stage.jrfer.com\/pt\/wp-json\/wp\/v2\/product_brand?post=10043"},{"taxonomy":"product_cat","embeddable":true,"href":"https:\/\/stage.jrfer.com\/pt\/wp-json\/wp\/v2\/product_cat?post=10043"},{"taxonomy":"product_tag","embeddable":true,"href":"https:\/\/stage.jrfer.com\/pt\/wp-json\/wp\/v2\/product_tag?post=10043"}],"curies":[{"name":"wp","href":"https:\/\/api.w.org\/{rel}","templated":true}]}}