{"id":10220,"date":"2026-03-12T04:25:07","date_gmt":"2026-03-12T04:25:07","guid":{"rendered":"https:\/\/stage.jrfer.com\/product\/bang-lider-350k-8-sabores-8-em-1-350-000-baforadas-display-inteligente-vaporizador-descartavel-em-massa\/"},"modified":"2026-04-07T03:50:11","modified_gmt":"2026-04-07T03:50:11","slug":"bang-leader-350k-8-flavors-8-in-1-350000-puffs-smart-display-bulk-disposable-vape","status":"publish","type":"product","link":"https:\/\/stage.jrfer.com\/pt\/product\/bang-leader-350k-8-flavors-8-in-1-350000-puffs-smart-display-bulk-disposable-vape\/","title":{"rendered":"Bang L\u00edder 350K | 8 sabores, 8 em 1, 350.000 baforadas, display inteligente, vaporizador descart\u00e1vel em massa"},"content":{"rendered":"<p><img loading=\"lazy\" decoding=\"async\" class=\"alignnone size-full wp-image-114792\" src=\"https:\/\/aiviouvapes.com\/wp-content\/uploads\/2026\/03\/BANG-LEADER-350K-16.jpg\" alt=\"Bang Leader 350K\" width=\"1920\" height=\"1138\" title=\"\"><\/p>\n<p>Procurando um vaporizador mega puff premium para atacado? Bang Leader 350K combina longo tempo de uso, sa\u00edda de sabor suave, personaliza\u00e7\u00e3o OEM\/ODM e op\u00e7\u00f5es flex\u00edveis de nicotina para mercados globais.<\/p>\n<h3>Por que escolher Bang Leader 350K?<\/h3>\n<ul>\n<li>\ud83d\udd25 At\u00e9 350.000 baforadas para uso duradouro<\/li>\n<li>\ud83c\udf08 Design de troca de sabor 8 em 1 para mais variedade em um \u00fanico dispositivo<\/li>\n<li>\u26a1 Recarreg\u00e1vel com porta de carregamento Tipo C<\/li>\n<li>\ud83d\udca8 Bobina de malha 1.0 para sabor mais suave e vapor est\u00e1vel<\/li>\n<li>\ud83d\udd0b Constru\u00eddo com bateria 17350 850mAh<\/li>\n<li>\ud83d\udee0\ufe0f OEM\/ODM suportado para projetos de marcas personalizadas<\/li>\n<li>\ud83c\udf0d O idioma da embalagem pode ser personalizado em ingl\u00eas, russo, espanhol e muito mais<\/li>\n<li>\ud83e\uddea Op\u00e7\u00f5es de concentra\u00e7\u00e3o de nicotina: 0%, 2%, 3%, 5%<\/li>\n<li>\ud83c\udfea \u00d3timo para atacadistas, distribuidores e lojas de varejo de vaporiza\u00e7\u00e3o<\/li>\n<\/ul>\n<h3>Vis\u00e3o geral do Bang Leader 350K<\/h3>\n<p>O Bang Leader 350K foi projetado para clientes que desejam uma contagem de baforadas muito alta e mais op\u00e7\u00f5es de sabores em um vaporizador descart\u00e1vel. A configura\u00e7\u00e3o 8 em 1 oferece aos usu\u00e1rios 4 sabores principais mais 4 combina\u00e7\u00f5es mistas de sabores, tornando a experi\u00eancia de vaporiza\u00e7\u00e3o mais interessante e flex\u00edvel. Isso torna o dispositivo especialmente atraente para clientes que gostam de trocar sabores sem carregar v\u00e1rios vapes.<\/p>\n<p>Para compradores B2B, esse modelo tamb\u00e9m tem forte valor comercial. Ele oferece suporte a servi\u00e7os OEM\/ODM, m\u00faltiplas op\u00e7\u00f5es de nicotina e embalagens multil\u00edngues, o que ajuda os distribuidores a adaptar o produto a diferentes mercados. Sua apar\u00eancia arrojada, grande capacidade e conceito rico em sabor o tornam adequado como um produto carro-chefe de alto volume em lojas de vapor e cat\u00e1logos de atacado.<\/p>\n<p>Bang Leader 350K \u00e9 um vape descart\u00e1vel mega puff ousado desenvolvido para clientes que desejam um longo tempo de uso, variedade mais rica e forte apelo de mercado. Com combina\u00e7\u00f5es de sabores 8 em 1, design tipo C recarreg\u00e1vel, sa\u00edda de bobina de malha e suporte OEM\/ODM, \u00e9 uma op\u00e7\u00e3o poderosa para usu\u00e1rios pesados, ca\u00e7adores de sabores, lojas de vapor e compradores atacadistas globais. Se voc\u00ea deseja um produto premium de alto volume para fortalecer seu cat\u00e1logo, o Bang Leader 350K \u00e9 um forte candidato carro-chefe.<\/p>\n<h3>Especifica\u00e7\u00f5es do Bang Leader 350K<\/h3>\n<tr>\n<th>Recurso<\/th>\n<th>Detalhes<\/th>\n<\/tr>\n<tr>\n<td>Nome do produto<\/td>\n<td>Bang L\u00edder 350K<\/td>\n<\/tr>\n<tr>\n<td>Tipo de dispositivo<\/td>\n<td>Vape descart\u00e1vel 8 em 1<\/td>\n<\/tr>\n<tr>\n<td>Contagem de sopros<\/td>\n<td>At\u00e9 350.000 baforadas<\/td>\n<\/tr>\n<tr>\n<td>Bateria<\/td>\n<td>17350 850mAh<\/td>\n<\/tr>\n<tr>\n<td>Tipo de bobina<\/td>\n<td>Bobina de malha 1.0<\/td>\n<\/tr>\n<tr>\n<td>Porta de carregamento<\/td>\n<td>Tipo C<\/td>\n<\/tr>\n<tr>\n<td>For\u00e7a da Nicotina<\/td>\n<td>0%\/2%\/3%\/5%<\/td>\n<\/tr>\n<tr>\n<td>Personaliza\u00e7\u00e3o<\/td>\n<td>OEM\/ODM suportado<\/td>\n<\/tr>\n<tr>\n<td>Linguagens de empacotamento<\/td>\n<td>Ingl\u00eas\/Russo\/Espanhol\/idiomas personalizados<\/td>\n<\/tr>\n<tr>\n<td>Peso de dispositivo \u00fanico<\/td>\n<td>140g<\/td>\n<\/tr>\n<tr>\n<td>Peso de 10 dispositivos<\/td>\n<td>1400g<\/td>\n<\/tr>\n<tr>\n<td>Quantidade da caixa<\/td>\n<td>200 unidades<\/td>\n<\/tr>\n<tr>\n<td>Tamanho da caixa<\/td>\n<td>51,5 \u00d7 51,5 \u00d7 30,5 cm<\/td>\n<\/tr>\n<tr>\n<td>Peso da caixa<\/td>\n<td>28kg (sem peso externo da caixa)<\/td>\n<\/tr>\n<tr>\n<td>Quantidade m\u00ednima<\/td>\n<td>10 unidades por conjunto de sabor \u00fanico<\/td>\n<\/tr>\n<\/tbody>\n<h3><img loading=\"lazy\" decoding=\"async\" class=\"alignnone size-full wp-image-114777\" src=\"https:\/\/aiviouvapes.com\/wp-content\/uploads\/2026\/03\/BANG-LEADER-350K-1.jpg\" alt=\"Bang Leader 350K\" width=\"1920\" height=\"700\" title=\"\"><\/h3>\n<h3>Combina\u00e7\u00f5es de sabores<\/h3>\n<p>Bang Leader 350K usa um inovador <strong>sistema de troca de sabores 8 em 1<\/strong>. Cada dispositivo inclui quatro sabores principais mais quatro combina\u00e7\u00f5es de mistura autom\u00e1tica (1+2, 2+3, 3+4 e 4+1), permitindo aos usu\u00e1rios desfrutar de sabores puros e sabores misturados em um vape.<\/p>\n<p>Os conjuntos de sabores abrangem uma ampla variedade de perfis populares. Alguns se concentram em <strong>cl\u00e1ssicos de frutas frescas<\/strong> como Blue Razz Ice, Watermelon Ice, Strawberry Ice e Lemon Lime. Outros trazem <strong>frutas doces e misturas tropicais<\/strong>, como Blueberry Ice, Frutas Tropicais, Ma\u00e7\u00e3 Kiwi Ice e Blue Razz Cherry.<\/p>\n<p>H\u00e1 tamb\u00e9m combina\u00e7\u00f5es mais l\u00fadicas inspiradas em bebidas e sobremesas, incluindo Cherry Cola, Pink Lemonade, Manga Maracuj\u00e1 e Lim\u00e3o P\u00eassego. Para os amantes tropicais, sabores como abacaxi e coco gelado, kiwi, maracuj\u00e1, goiaba e p\u00eassego, manga e melancia proporcionam um sabor ex\u00f3tico mais rico.<\/p>\n<p>Muitos conjuntos destacam misturas populares de frutas vermelhas e melancia, como melancia de morango, melancia de framboesa, framboesa de mirtilo e banana de morango, enquanto outros apresentam sabores exclusivos como gelo de fruta do drag\u00e3o, rom\u00e3 de cereja, amor 66 e o conhecido perfil Fucking Fab.<\/p>\n<p>No geral, a linha de sabores Bang Leader 350K foi projetada para manter a experi\u00eancia fresca e interessante. Quer os usu\u00e1rios prefiram frutas geladas, misturas tropicais, frutas vermelhas doces ou sabores de bebidas, o sistema de troca de v\u00e1rios sabores facilita a explora\u00e7\u00e3o de diferentes sabores sem trocar de dispositivo.<\/p>\n<h3>Para quem este Vape \u00e9 melhor?<\/h3>\n<ul>\n<li>Usu\u00e1rios intensivos que desejam um dispositivo de alta intensidade e longa dura\u00e7\u00e3o<\/li>\n<li>Ca\u00e7adores de sabores que gostam de alternar entre v\u00e1rios sabores<\/li>\n<li>Lojas de vaporizadores que desejam um vaporizador descart\u00e1vel carro-chefe de destaque<\/li>\n<li>Atacadistas e distribuidores que procuram produtos mega puff prontos para OEM<\/li>\n<li>Compradores de exporta\u00e7\u00e3o que precisam de op\u00e7\u00f5es flex\u00edveis de nicotina e embalagens<\/li>\n<\/ul>\n<h3>Perguntas frequentes<\/h3>\n<h4>1. Quantas baforadas o Bang Leader 350K oferece?<\/h4>\n<p>O Bang Leader 350K oferece at\u00e9 350.000 baforadas, o que o torna um vaporizador descart\u00e1vel de alt\u00edssima capacidade para uso a longo prazo.<\/p>\n<h4>2. O Bang Leader 350K \u00e9 recarreg\u00e1vel?<\/h4>\n<p>Sim. Ele suporta carregamento Tipo C, o que ajuda os usu\u00e1rios a aproveitar toda a capacidade do dispositivo de maneira mais conveniente.<\/p>\n<h4>3. Que bateria este dispositivo usa?<\/h4>\n<p>O dispositivo usa uma bateria 17350 de 850mAh.<\/p>\n<h4>4. Qual bobina \u00e9 usada no Bang Leader 350K?<\/h4>\n<p>Ele usa uma bobina de malha 1.0 para aquecimento est\u00e1vel, vapor mais suave e melhor desempenho de sabor.<\/p>\n<h4>5. Quais dosagens de nicotina est\u00e3o dispon\u00edveis?<\/h4>\n<p>As op\u00e7\u00f5es de concentra\u00e7\u00e3o de nicotina incluem 0%, 2%, 3% e 5%.<\/p>\n<h4>6. Este produto suporta OEM ou ODM?<\/h4>\n<p>Sim. Bang Leader 350K suporta personaliza\u00e7\u00e3o OEM e ODM, o que \u00e9 ideal para projetos de marca pr\u00f3pria e atacado.<\/p>\n<h4>7. Quais idiomas de embalagem est\u00e3o dispon\u00edveis?<\/h4>\n<p>As embalagens podem ser personalizadas em ingl\u00eas, russo, espanhol e outros idiomas com base nas necessidades do mercado.<\/p>\n<h4>8. Quantas op\u00e7\u00f5es de sabores h\u00e1 em um dispositivo?<\/h4>\n<p>Cada dispositivo Bang Leader 350K \u00e9 projetado como um vaporizador 8 em 1, com 4 sabores principais e 4 combina\u00e7\u00f5es mistas.<\/p>\n<h4>9. Qual \u00e9 a quantidade m\u00ednima?<\/h4>\n<p>A quantidade m\u00ednima de pedido \u00e9 de 10 pe\u00e7as para um \u00fanico conjunto de sabores.<\/p>\n<h4>10. O Bang Leader 350K \u00e9 adequado para atacado?<\/h4>\n<p>Sim. Seu alto n\u00famero de puffs, suporte \u00e0 personaliza\u00e7\u00e3o, op\u00e7\u00f5es de embalagem f\u00e1ceis de exportar e sistema de sabores atraente fazem dele uma forte escolha para distribui\u00e7\u00e3o no atacado.<\/p>\n<h3><img loading=\"lazy\" decoding=\"async\" class=\"alignnone size-full wp-image-114793\" src=\"https:\/\/aiviouvapes.com\/wp-content\/uploads\/2026\/03\/BANG-LEADER-350K-17.jpg\" alt=\"Bang Leader 350K\" width=\"800\" height=\"1920\" title=\"\"><\/h3>\n","protected":false},"excerpt":{"rendered":"<p>Bang Leader 350K \u00e9 um vaporizador descart\u00e1vel 8 em 1 de alta capacidade feito para usu\u00e1rios frequentes, amantes de sabores e compradores atacadistas. Com at\u00e9 350.000 baforadas, carregamento tipo C recarreg\u00e1vel, desempenho de bobina de malha e 8 modos de sabor em um dispositivo, \u00e9 uma escolha forte para lojas e distribuidores de vapor.<\/p>\n","protected":false},"featured_media":7106,"comment_status":"open","ping_status":"closed","template":"","meta":[],"product_brand":[],"product_cat":[363],"product_tag":[],"class_list":{"0":"post-10220","1":"product","2":"type-product","3":"status-publish","4":"has-post-thumbnail","6":"product_cat-bang","8":"first","9":"instock","10":"shipping-taxable","11":"product-type-simple"},"tiered_pricing_type":"fixed","tiered_pricing_fixed_rules":[],"tiered_pricing_product_settings":{"layout":"default","base_unit_name":{"singular":null,"plural":null},"default_variation":null},"tiered_pricing_minimum_quantity":null,"tiered_pricing_roles_data":[],"tiered_pricing_percentage_rules":[],"tiered_pricing_maximum_quantity":null,"tiered_pricing_quantity_step":null,"_links":{"self":[{"href":"https:\/\/stage.jrfer.com\/pt\/wp-json\/wp\/v2\/product\/10220","targetHints":{"allow":["GET"]}}],"collection":[{"href":"https:\/\/stage.jrfer.com\/pt\/wp-json\/wp\/v2\/product"}],"about":[{"href":"https:\/\/stage.jrfer.com\/pt\/wp-json\/wp\/v2\/types\/product"}],"replies":[{"embeddable":true,"href":"https:\/\/stage.jrfer.com\/pt\/wp-json\/wp\/v2\/comments?post=10220"}],"wp:featuredmedia":[{"embeddable":true,"href":"https:\/\/stage.jrfer.com\/pt\/wp-json\/wp\/v2\/media\/7106"}],"wp:attachment":[{"href":"https:\/\/stage.jrfer.com\/pt\/wp-json\/wp\/v2\/media?parent=10220"}],"wp:term":[{"taxonomy":"product_brand","embeddable":true,"href":"https:\/\/stage.jrfer.com\/pt\/wp-json\/wp\/v2\/product_brand?post=10220"},{"taxonomy":"product_cat","embeddable":true,"href":"https:\/\/stage.jrfer.com\/pt\/wp-json\/wp\/v2\/product_cat?post=10220"},{"taxonomy":"product_tag","embeddable":true,"href":"https:\/\/stage.jrfer.com\/pt\/wp-json\/wp\/v2\/product_tag?post=10220"}],"curies":[{"name":"wp","href":"https:\/\/api.w.org\/{rel}","templated":true}]}}