{"id":13729,"date":"2025-07-07T09:28:39","date_gmt":"2025-07-07T09:28:39","guid":{"rendered":"https:\/\/stage.jrfer.com\/product\/mrvi-crescendo-60k-3t-spin-60000-puffs-vape-descartavel-em-massa-de-sabor-triplo\/"},"modified":"2026-04-07T12:36:39","modified_gmt":"2026-04-07T12:36:39","slug":"mrvi-growing-60k","status":"publish","type":"product","link":"https:\/\/stage.jrfer.com\/pt\/product\/mrvi-growing-60k\/","title":{"rendered":"MRVI CRESCENDO 60K 3T SPIN 60000 Puffs | vape descart\u00e1vel em massa de sabor triplo"},"content":{"rendered":"<h2>Por que escolher MRVI GROWING 60K 3T SPIN?<\/h2>\n<ul>\n<li><strong>Grande contagem de baforadas:<\/strong> obtenha at\u00e9 60.000 baforadas, proporcionando satisfa\u00e7\u00e3o duradoura sem a necessidade de substitui\u00e7\u00f5es frequentes.<\/li>\n<li><strong>Excel\u00eancia de Sabor Triplo:<\/strong> Desfrute de uma variedade de sabores vibrantes e deliciosos em cada tragada, oferecendo algo para cada prefer\u00eancia de gosto.<\/li>\n<li><strong>Bobina de malha dupla:<\/strong> tecnologia de bobina aprimorada para uma produ\u00e7\u00e3o de vapor mais suave e rica e desempenho consistente.<\/li>\n<li><strong>Tipo C recarreg\u00e1vel:<\/strong> o carregamento f\u00e1cil com uma porta Tipo C garante que voc\u00ea esteja sempre pronto para usar com o m\u00ednimo de tempo de inatividade.<\/li>\n<li><strong>Display inteligente:<\/strong> uma tela inteligente de energia e e-l\u00edquido permite monitorar facilmente o desempenho e os n\u00edveis de fluido do seu vape.<\/li>\n<li><strong>Design cristalino:<\/strong> um corpo transparente permite que voc\u00ea visualize o status do seu e-l\u00edquido e da bateria, adicionando estilo \u00e0 funcionalidade.<\/li>\n<\/ul>\n<h3>Especifica\u00e7\u00f5es<\/h3>\n<table border=\"1\" cellpadding=\"10\">\n<tr>\n<th>Recurso<\/th>\n<th>Detalhes<\/th>\n<\/tr>\n<tr>\n<td>Capacidade de sopro<\/td>\n<td>60.000 baforadas<\/td>\n<\/tr>\n<tr>\n<td>Capacidade do E-l\u00edquido<\/td>\n<td>48mL<\/td>\n<\/tr>\n<tr>\n<td>Bateria<\/td>\n<td>650mAh, tipo C recarreg\u00e1vel<\/td>\n<\/tr>\n<tr>\n<td>Tipo de bobina<\/td>\n<td>Bobina de malha dupla<\/td>\n<\/tr>\n<tr>\n<td>Op\u00e7\u00f5es de nicotina<\/td>\n<td>2%, 5%<\/td>\n<\/tr>\n<tr>\n<td>Exibi\u00e7\u00e3o<\/td>\n<td>Tela inteligente de energia e l\u00edquido eletr\u00f4nico<\/td>\n<\/tr>\n<tr>\n<td>Projeto<\/td>\n<td>Corpo cristalino<\/td>\n<\/tr>\n<\/tbody>\n<h3>Sabores<\/h3>\n<p>O MRVI GROWING 60K 3T SPIN oferece uma variedade de sabores de dar \u00e1gua na boca para todas as prefer\u00eancias de gosto:<\/p>\n<ul>\n<li><strong>Gelo de melancia, Red Bull e kiwi de morango:<\/strong> uma mistura doce, picante e energizante para um vapor refrescante.<\/li>\n<li><strong>Lim\u00e3o, lim\u00e3o e morango, melancia e gelo de mirtilo:<\/strong> uma combina\u00e7\u00e3o picante e doce com um final fresco e crocante.<\/li>\n<li><strong>Abacaxi, Coco, Banana e Blue Razz Ice:<\/strong> Sabores de frutas tropicais com uma explos\u00e3o de frescor gelado.<\/li>\n<li><strong>Melancia Framboesa e Cola Ice &amp; Sour Apple:<\/strong> Uma fus\u00e3o \u00fanica de doce e azedo, perfeita para vapers aventureiros.<\/li>\n<li><strong>Tropical Mix &amp; Sorvete de Morango e Gelo de Manga:<\/strong> Uma del\u00edcia tropical deliciosa e cremosa com notas geladas.<\/li>\n<li><strong>Morango Framboesa Cereja &amp; Love 666 &amp; Cereja:<\/strong> Uma mistura doce e frutada com um rico final de cereja.<\/li>\n<li><strong>Mixed Berries &amp; Gummy Bear &amp; Peach Ice:<\/strong> Uma explos\u00e3o frutada de frutos silvestres com um final fresco.<\/li>\n<li><strong>Gelo de uva, doce de morango e picol\u00e9:<\/strong> uma combina\u00e7\u00e3o de sabores nost\u00e1lgicos, doces e gelados.<\/li>\n<\/ul>\n<h3>Por que \u00e9 perfeito para voc\u00ea<\/h3>\n<p>O MRVI GROWING 60K 3T SPIN foi desenvolvido para atender tanto vapers casuais quanto profissionais do setor. Quer voc\u00ea seja um usu\u00e1rio frequente que precisa de longevidade, um entusiasta de sabores que gosta de variedade ou uma loja de vapor em busca de op\u00e7\u00f5es no atacado, este dispositivo \u00e9 ideal para voc\u00ea. Seu design elegante, combinado com seu desempenho robusto e bateria de longa dura\u00e7\u00e3o, torna-o a escolha perfeita para uso di\u00e1rio e distribui\u00e7\u00e3o em massa.<\/p>\n<h3>Perguntas frequentes<\/h3>\n<ul>\n<li><strong>Quantas inala\u00e7\u00f5es o MRVI GROWING 60K 3T SPIN fornece?<\/strong> Ele fornece at\u00e9 60.000 inala\u00e7\u00f5es, perfeito para uso a longo prazo sem substitui\u00e7\u00f5es constantes.<\/li>\n<li><strong>O dispositivo vape \u00e9 recarreg\u00e1vel?<\/strong> Sim, ele possui uma bateria recarreg\u00e1vel Tipo C com capacidade de 650mAh.<\/li>\n<li><strong>Quais op\u00e7\u00f5es de concentra\u00e7\u00e3o de nicotina est\u00e3o dispon\u00edveis?<\/strong> O dispositivo vem com duas op\u00e7\u00f5es de nicotina: 2% e 5%.<\/li>\n<li><strong>Qual \u00e9 o tipo de bobina usada no MRVI GROWING 60K 3T SPIN?<\/strong> O dispositivo usa uma bobina de malha dupla para produ\u00e7\u00e3o de vapor suave e consistente.<\/li>\n<li><strong>Como posso verificar os n\u00edveis do e-l\u00edquido e da bateria?<\/strong> O MRVI GROWING 60K 3T SPIN possui uma tela inteligente para mostrar os n\u00edveis de pot\u00eancia e do e-l\u00edquido.<\/li>\n<\/ul>\n","protected":false},"excerpt":{"rendered":"<p>O MRVI GROWING 60K 3T SPIN \u00e9 o seu vape descart\u00e1vel ideal para uma experi\u00eancia satisfat\u00f3ria com at\u00e9 60.000 baforadas! Com um corpo elegante e cristalino e op\u00e7\u00f5es de sabores triplos, ele foi projetado para atender tanto os ca\u00e7adores de sabores quanto os usu\u00e1rios frequentes.<\/p>\n","protected":false},"featured_media":3860,"comment_status":"open","ping_status":"closed","template":"","meta":[],"product_brand":[],"product_cat":[1722],"product_tag":[],"class_list":{"0":"post-13729","1":"product","2":"type-product","3":"status-publish","4":"has-post-thumbnail","6":"product_cat-mrvi","8":"first","9":"instock","10":"shipping-taxable","11":"purchasable","12":"product-type-variable","13":"has-default-attributes"},"tiered_pricing_type":"fixed","tiered_pricing_fixed_rules":{"100":6.29000000000000003552713678800500929355621337890625,"200":5.9199999999999999289457264239899814128875732421875,"400":5.4900000000000002131628207280300557613372802734375},"tiered_pricing_product_settings":{"layout":"default","base_unit_name":{"singular":null,"plural":null},"default_variation":null},"tiered_pricing_minimum_quantity":50,"tiered_pricing_roles_data":[],"tiered_pricing_percentage_rules":[],"tiered_pricing_maximum_quantity":null,"tiered_pricing_quantity_step":"10","_links":{"self":[{"href":"https:\/\/stage.jrfer.com\/pt\/wp-json\/wp\/v2\/product\/13729","targetHints":{"allow":["GET"]}}],"collection":[{"href":"https:\/\/stage.jrfer.com\/pt\/wp-json\/wp\/v2\/product"}],"about":[{"href":"https:\/\/stage.jrfer.com\/pt\/wp-json\/wp\/v2\/types\/product"}],"replies":[{"embeddable":true,"href":"https:\/\/stage.jrfer.com\/pt\/wp-json\/wp\/v2\/comments?post=13729"}],"wp:featuredmedia":[{"embeddable":true,"href":"https:\/\/stage.jrfer.com\/pt\/wp-json\/wp\/v2\/media\/3860"}],"wp:attachment":[{"href":"https:\/\/stage.jrfer.com\/pt\/wp-json\/wp\/v2\/media?parent=13729"}],"wp:term":[{"taxonomy":"product_brand","embeddable":true,"href":"https:\/\/stage.jrfer.com\/pt\/wp-json\/wp\/v2\/product_brand?post=13729"},{"taxonomy":"product_cat","embeddable":true,"href":"https:\/\/stage.jrfer.com\/pt\/wp-json\/wp\/v2\/product_cat?post=13729"},{"taxonomy":"product_tag","embeddable":true,"href":"https:\/\/stage.jrfer.com\/pt\/wp-json\/wp\/v2\/product_tag?post=13729"}],"curies":[{"name":"wp","href":"https:\/\/api.w.org\/{rel}","templated":true}]}}