{"id":16506,"date":"2025-11-03T07:33:55","date_gmt":"2025-11-03T07:33:55","guid":{"rendered":"https:\/\/stage.jrfer.com\/product\/jnr-rage-gorila-55k-vape-descartavel-inteligente-de-malha-dupla-55000-baforadas\/"},"modified":"2026-04-07T11:22:28","modified_gmt":"2026-04-07T11:22:28","slug":"jnr-rage-gorilla-55k-dual-mesh-55000-puffs-smart-disposable-vape","status":"publish","type":"product","link":"https:\/\/stage.jrfer.com\/pt\/product\/jnr-rage-gorilla-55k-dual-mesh-55000-puffs-smart-disposable-vape\/","title":{"rendered":"JNR Rage Gorila 55K | vape descart\u00e1vel inteligente de malha dupla 55000 baforadas"},"content":{"rendered":"<h2>JNR Rage Gorila 55K | vaporizador descart\u00e1vel com tela inteligente de malha dupla 55000 baforadas<\/h2>\n<h3>Por que escolher JNR Rage Gorilla 55K?<\/h3>\n<ul>\n<li>\ud83d\udcaa <strong>Massivas 55.000 baforadas<\/strong> \u2013 Constru\u00eddo para durabilidade e sabor consistente at\u00e9 a \u00faltima baforada.<\/li>\n<li>\u26a1 <strong>Bobina de malha dupla<\/strong> \u2013 Desfrute de um sabor mais rico, vapor mais suave e aquecimento mais r\u00e1pido.<\/li>\n<li>\ud83d\udd0b <strong>Bateria recarreg\u00e1vel de 950mAh<\/strong> \u2013 Continue vaporizando por mais tempo com o carregamento r\u00e1pido Tipo C.<\/li>\n<li>\ud83d\udcf1 <strong>Tela LED inteligente<\/strong> \u2013 Exibi\u00e7\u00e3o em tempo real da contagem de baforadas e do n\u00edvel da bateria.<\/li>\n<li>\ud83c\udf08 <strong>Ampla variedade de sabores<\/strong> \u2013 20 op\u00e7\u00f5es deliciosas, de misturas frutadas a geladas.<\/li>\n<li>\ud83d\udca7 <strong>Enorme capacidade de e-l\u00edquido de 42ml<\/strong> \u2013 N\u00e3o s\u00e3o necess\u00e1rias recargas, apenas pura satisfa\u00e7\u00e3o.<\/li>\n<li>\ud83d\udcbc Ideal para <strong>distribui\u00e7\u00e3o no atacado, lojas de vapor ou pedidos em massa B2B<\/strong>.<\/li>\n<\/ul>\n<p><img style=\"max-width: 100%;height: auto;display: block;margin: 0 auto\" \/><\/p>\n<h3>Especifica\u00e7\u00f5es<\/h3>\n<table border=\"1\" cellpadding=\"6\">\n<tr>\n<td><strong>Contagem aproximada de baforadas<\/strong><\/td>\n<td>55.000<\/td>\n<\/tr>\n<tr>\n<td><strong>Capacidade de e-l\u00edquido<\/strong><\/td>\n<td>42 ml<\/td>\n<\/tr>\n<tr>\n<td><strong>Bateria<\/strong><\/td>\n<td>950 mAh (recarreg\u00e1vel via tipo C)<\/td>\n<\/tr>\n<tr>\n<td><strong>Sistema de bobina<\/strong><\/td>\n<td>Bobina de malha dupla<\/td>\n<\/tr>\n<tr>\n<td><strong>For\u00e7a da nicotina<\/strong><\/td>\n<td>0%, 2%, 5%<\/td>\n<\/tr>\n<tr>\n<td><strong>Exibi\u00e7\u00e3o na tela<\/strong><\/td>\n<td>LED inteligente (bateria e contagem de baforadas)<\/td>\n<\/tr>\n<tr>\n<td><strong>Porta de carregamento<\/strong><\/td>\n<td>Carregamento r\u00e1pido tipo C<\/td>\n<\/tr>\n<\/tbody>\n<h3>Sabores Dispon\u00edveis \ud83c\udf53\ud83c\udf4d\ud83c\udf49<\/h3>\n<p>Descubra sabores ousados e suculentos feitos para todos os gostos:<\/p>\n<ul>\n<li><strong>Gelado de Morango<\/strong> \u2013 Do\u00e7ura cl\u00e1ssica de frutas vermelhas com um toque gelado.<\/li>\n<li><strong>Coca-Cola Cereja<\/strong> \u2013 Uma cola efervescente e picante com um pop de cereja. \ud83e\udd64<\/li>\n<li><strong>Gelo de melancia<\/strong> \u2013 Vibra\u00e7\u00f5es refrescantes de ver\u00e3o com frescor gelado. \ud83c\udf49<\/li>\n<li><strong>Cereja Razz Azul<\/strong> \u2013 Explos\u00e3o doce, azeda e suculenta em cada tragada.<\/li>\n<li><strong>Morango Kiwi<\/strong> \u2013 Harmonia de frutas tropicais para uma satisfa\u00e7\u00e3o suave. \ud83c\udf53\ud83e\udd5d<\/li>\n<li><strong>P\u00eassegos Suculentos<\/strong> \u2013 Sabor de p\u00eassego maduro e aveludado que perdura. \ud83c\udf51<\/li>\n<li><strong>Gelo de mirtilo<\/strong> \u2013 Mirtilo ousado equilibrado por frescor gelado. \u2744\ufe0f<\/li>\n<li><strong>Bagas Mistas<\/strong> \u2013 Uma mistura de frutas doces com tons picantes.<\/li>\n<li><strong>Ma\u00e7\u00e3 Dupla<\/strong> \u2013 Ma\u00e7\u00e3s vermelhas e verdes crocantes com notas doces. \ud83c\udf4f\ud83c\udf4e<\/li>\n<li><strong>Cereja<\/strong> \u2013 Mistura frutada e doce de cereja e frutas silvestres.<\/li>\n<li><strong>Blueberry Framboesa Cereja<\/strong> \u2013 Fus\u00e3o tripla de frutas silvestres para f\u00e3s de sabores profundos.<\/li>\n<li><strong>Gelo de melancia e morango<\/strong> \u2013 A do\u00e7ura suculenta encontra o refresco gelado. \u2744\ufe0f<\/li>\n<li><strong>Gelo De Melancia Kiwi<\/strong> \u2013 Um toque picante de kiwi em uma base de mel\u00e3o fresco.<\/li>\n<li><strong>Framboesa Azeda de Mirtilo<\/strong> \u2013 O azedo encontra o doce nesta mistura picante.<\/li>\n<li><strong>Razz de p\u00eassego branco<\/strong> \u2013 P\u00eassego suave e cremoso com acabamento de framboesa.<\/li>\n<li><strong>Manga Maracuj\u00e1<\/strong> \u2013 Explos\u00e3o tropical ex\u00f3tica com um toque picante. \ud83e\udd6d<\/li>\n<li><strong>Melancia P\u00eassego Manga<\/strong> \u2013 Del\u00edcia de frutas com m\u00faltiplas camadas em cada folhada.<\/li>\n<li><strong>Chiclete de melancia<\/strong> \u2013 Pop divertido, doce e nost\u00e1lgico. \ud83c\udf6c<\/li>\n<li><strong>Morango Banana<\/strong> \u2013 Banana suave e cremosa com morango doce. \ud83c\udf53\ud83c\udf4c<\/li>\n<li><strong>Kiwi Passion Goiaba<\/strong> \u2013 Ousado, tropical e vibrante \u2013 o sonho de qualquer ca\u00e7ador de sabores!<\/li>\n<\/ul>\n<h3>Perfeito para<\/h3>\n<p>O <strong>JNR Rage Gorilla 55K<\/strong> \u00e9 perfeito para usu\u00e1rios exigentes, ca\u00e7adores de sabores e amantes da nuvem que desejam pot\u00eancia duradoura e sabor premium. \ud83d\udca8 As lojas e distribuidores Vape v\u00e3o adorar seu desempenho confi\u00e1vel, longa vida \u00fatil e impressionante variedade de sabores &#8211; uma escolha ideal para <strong>pedidos em grandes quantidades no atacado<\/strong>.<\/p>\n<h3>Perguntas frequentes \ud83e\uddd0<\/h3>\n<ul>\n<li><strong>P: O JNR Rage Gorilla \u00e9 recarreg\u00e1vel?<\/strong><br \/>\nR: Sim! Inclui uma bateria de 950mAh com suporte para carregamento r\u00e1pido Tipo C.<\/li>\n<li><strong>P: Posso verificar a contagem de baforadas e o n\u00edvel da bateria?<\/strong><br \/>\nR: Absolutamente. A tela LED inteligente mostra informa\u00e7\u00f5es em tempo real sobre o sopro e a bateria.<\/li>\n<li><strong>P: Quantos sabores est\u00e3o dispon\u00edveis?<\/strong><br \/>\nR: Mais de 15 op\u00e7\u00f5es com misturas de frutas e geladas para todos os gostos.<\/li>\n<li><strong>P: Para quem este vape \u00e9 ideal?<\/strong><br \/>\nR: \u00d3timo para uso pessoal, lojas de vapor, distribuidores e atacadistas B2B.<\/li>\n<li><strong>P: A nicotina \u00e9 opcional?<\/strong><br \/>\nR: Sim, dispon\u00edvel em concentra\u00e7\u00f5es de 0%, 2% e 5% de nicotina.<\/li>\n<\/ul>\n<p>\ud83d\ude80 Obtenha o <strong>JNR Rage Gorilla 55000 Puffs Vape descart\u00e1vel<\/strong> hoje e experimente poder, sabor e conveni\u00eancia incompar\u00e1veis &#8211; um ajuste perfeito tanto para vapers modernos quanto para compradores empresariais!<\/p>\n","protected":false},"excerpt":{"rendered":"<p>\ud83d\udd25 Poder encontra sabor! O <strong>JNR Rage Gorilla 55000 Puffs Vape descart\u00e1vel<\/strong> oferece nuvens enormes, extra\u00e7\u00f5es ultra-suaves e desempenho duradouro &#8211; perfeito para amantes de vape e compradores atacadistas. \ud83d\udca8<\/p>\n","protected":false},"featured_media":6550,"comment_status":"open","ping_status":"closed","template":"","meta":[],"product_brand":[],"product_cat":[705,1805,1101,1204],"product_tag":[1228,1156,1122,467,1083,1190],"class_list":{"0":"post-16506","1":"product","2":"type-product","3":"status-publish","4":"has-post-thumbnail","6":"product_cat-60000-sopros-vape-descartaveis","7":"product_cat-jnr","8":"product_cat-vapes-de-malha-dupla","9":"product_cat-vapes-descartaveis-recarregaveis-baratos","10":"product_tag-dispositivo-vape-de-tela-inteligente","11":"product_tag-jnr-rage-gorila-55k","12":"product_tag-melhores-vapes-descartaveis","13":"product_tag-vape-de-bobina-de-malha-dupla","14":"product_tag-vape-descartavel-de-55-000-sopros","15":"product_tag-vape-recarregavel-de-longa-duracao","17":"first","18":"instock","19":"shipping-taxable","20":"purchasable","21":"product-type-variable","22":"has-default-attributes"},"tiered_pricing_type":"fixed","tiered_pricing_fixed_rules":{"30":9.6899999999999995026200849679298698902130126953125,"50":7.95999999999999996447286321199499070644378662109375,"100":7.3499999999999996447286321199499070644378662109375,"200":6.980000000000000426325641456060111522674560546875,"400":6.480000000000000426325641456060111522674560546875},"tiered_pricing_product_settings":{"layout":"default","base_unit_name":{"singular":null,"plural":null},"default_variation":null},"tiered_pricing_minimum_quantity":10,"tiered_pricing_roles_data":[],"tiered_pricing_percentage_rules":[],"tiered_pricing_maximum_quantity":null,"tiered_pricing_quantity_step":"10","_links":{"self":[{"href":"https:\/\/stage.jrfer.com\/pt\/wp-json\/wp\/v2\/product\/16506","targetHints":{"allow":["GET"]}}],"collection":[{"href":"https:\/\/stage.jrfer.com\/pt\/wp-json\/wp\/v2\/product"}],"about":[{"href":"https:\/\/stage.jrfer.com\/pt\/wp-json\/wp\/v2\/types\/product"}],"replies":[{"embeddable":true,"href":"https:\/\/stage.jrfer.com\/pt\/wp-json\/wp\/v2\/comments?post=16506"}],"wp:featuredmedia":[{"embeddable":true,"href":"https:\/\/stage.jrfer.com\/pt\/wp-json\/wp\/v2\/media\/6550"}],"wp:attachment":[{"href":"https:\/\/stage.jrfer.com\/pt\/wp-json\/wp\/v2\/media?parent=16506"}],"wp:term":[{"taxonomy":"product_brand","embeddable":true,"href":"https:\/\/stage.jrfer.com\/pt\/wp-json\/wp\/v2\/product_brand?post=16506"},{"taxonomy":"product_cat","embeddable":true,"href":"https:\/\/stage.jrfer.com\/pt\/wp-json\/wp\/v2\/product_cat?post=16506"},{"taxonomy":"product_tag","embeddable":true,"href":"https:\/\/stage.jrfer.com\/pt\/wp-json\/wp\/v2\/product_tag?post=16506"}],"curies":[{"name":"wp","href":"https:\/\/api.w.org\/{rel}","templated":true}]}}