{"id":20050,"date":"2025-10-21T03:02:24","date_gmt":"2025-10-21T03:02:24","guid":{"rendered":"https:\/\/stage.jrfer.com\/product\/vopk-quatro-sabores-80k-puffs-vaporizador-recarregavel-com-sabor-ajustavel-4-em-1\/"},"modified":"2026-04-07T11:32:31","modified_gmt":"2026-04-07T11:32:31","slug":"vopk-four-flavors-80k-puffs-4-in-1-adjustable-flavor-rechargeable-vape","status":"publish","type":"product","link":"https:\/\/stage.jrfer.com\/pt\/product\/vopk-four-flavors-80k-puffs-4-in-1-adjustable-flavor-rechargeable-vape\/","title":{"rendered":"Vopk Quatro Sabores 80K Puffs | Vaporizador recarreg\u00e1vel com sabor ajust\u00e1vel 4 em 1"},"content":{"rendered":"<h2>Vopk Quatro Sabores 80K Puffs \ud83d\udca8 | Vaporizador recarreg\u00e1vel com sabor ajust\u00e1vel 4 em 1<\/h2>\n<h3>\ud83d\udd25 Por que escolher Vopk Quatro Sabores 80K?<\/h3>\n<ul>\n<li>\ud83c\udf08 <strong>4 sabores ajust\u00e1veis<\/strong> \u2014 Alterne facilmente entre quatro tanques integrados para obter variedade ininterrupta.<\/li>\n<li>\ud83d\udca8 <strong>Massivas 80.000 baforadas<\/strong> \u2014 Constru\u00eddas para durar semanas de satisfa\u00e7\u00e3o vaping.<\/li>\n<li>\u26a1 <strong>0.9\u03a9 Mesh Coil<\/strong> \u2014 Fornece vapor ultra-suave e sa\u00edda de sabor aut\u00eantico.<\/li>\n<li>\ud83d\udd0b <strong>Bateria recarreg\u00e1vel de 650mAh<\/strong> \u2014 O carregamento r\u00e1pido via Type-C garante desempenho constante.<\/li>\n<li>\ud83d\udda5\ufe0f <strong>Tela LED<\/strong> \u2014 Indicadores de pot\u00eancia e n\u00edvel de e-l\u00edquido em tempo real.<\/li>\n<li>\ud83d\udc8e <strong>Constru\u00e7\u00e3o Premium<\/strong> \u2014 Design elegante, fluxo de ar poderoso e materiais dur\u00e1veis.<\/li>\n<li>\ud83c\udf0d <strong>Op\u00e7\u00f5es de nicotina<\/strong> \u2014 Dispon\u00edvel em 2% e 5%, ideal para os mercados da UE e do Reino Unido.<\/li>\n<\/ul>\n<h3>\u2699\ufe0f Especifica\u00e7\u00f5es<\/h3>\n<tr>\n<td><strong>Contagem de sopros<\/strong><\/td>\n<td>At\u00e9 80.000<\/td>\n<\/tr>\n<tr>\n<td><strong>For\u00e7a da nicotina<\/strong><\/td>\n<td>2%\/5%<\/td>\n<\/tr>\n<tr>\n<td><strong>Modos de sabor<\/strong><\/td>\n<td>4 ajust\u00e1veis<\/td>\n<\/tr>\n<tr>\n<td><strong>Bateria<\/strong><\/td>\n<td>650mAh recarreg\u00e1vel<\/td>\n<\/tr>\n<tr>\n<td><strong>Bobina<\/strong><\/td>\n<td>bobina de malha de 0,9\u03a9<\/td>\n<\/tr>\n<tr>\n<td><strong>Tela LED<\/strong><\/td>\n<td>Sim<\/td>\n<\/tr>\n<tr>\n<td><strong>Porta de carregamento<\/strong><\/td>\n<td>USB tipo C<\/td>\n<\/tr>\n<tr>\n<td><strong>Embalagem<\/strong><\/td>\n<td>10 unidades\/pacote<\/td>\n<\/tr>\n<\/tbody>\n<h3>\ud83c\udf6d Combina\u00e7\u00f5es de sabores<\/h3>\n<ol>\n<li>Gelo de melancia \u2022 Gelo de mel\u00e3o triplo \u2022 Gelo Blue Razz \u2022 Sorvete de morango<\/li>\n<li>Framboesa com mirtilo \u2022 Gelo Fuji \u2022 Frutas mistas \u2022 Doce de coco com mirtilo<\/li>\n<li>Melancia com morango \u2022 Uva com cranberry \u2022 Gelo de manga \u2022 Doce de morango e framboesa<\/li>\n<li>Gelo Red Bull \u2022 Maracuj\u00e1, Kiwi, Lim\u00e3o \u2022 Ma\u00e7\u00e3 Azeda, Framboesa \u2022 Chiclete de Morango e Melancia<\/li>\n<li>Gelo de mirtilo \u2022 P\u00eassego, manga, melancia \u2022 Mel\u00e3o, ma\u00e7\u00e3 \u2022 Gelo de cereja efervescente<\/li>\n<li>Manga Morango \u2022 Kiwi Morango \u2022 Dragona Melancia \u2022 Ursinho Goma<\/li>\n<li>Amor 66 \u2022 Framboesa Melancia \u2022 Morango Framboesa Cereja \u2022 Cereja Doce Gelo<\/li>\n<li>Morango, Banana \u2022 Abacaxi, Coco, Gelo \u2022 Manga, P\u00eassego, Damasco \u2022 Aloe, Manga, Mel\u00e3o<\/li>\n<li>Doce arco-\u00edris \u2022 Gelo de p\u00eassego \u2022 Laranja azeda com lim\u00e3o \u2022 Lim\u00e3o com cranberry<\/li>\n<li>Kiwi Maracuj\u00e1 Goiaba \u2022 Morango Cereja \u2022 Gelo de Uva \u2022 Doce de Morango<\/li>\n<\/ol>\n<h3>\ud83d\udcac Perguntas frequentes<\/h3>\n<p><strong>P:<\/strong> Como posso trocar de sabor?<br \/>\n<strong>R:<\/strong> Voc\u00ea pode alternar entre quatro sabores diferentes girando o bocal.<\/p>\n<p><strong>P:<\/strong> O Vopk 80K \u00e9 recarreg\u00e1vel?<br \/>\n<strong>R:<\/strong> Sim, inclui uma porta de carregamento Tipo C para recarga r\u00e1pida e conveniente.<\/p>\n<p><strong>P:<\/strong> Para quem \u00e9 isso?<br \/>\n<strong>R:<\/strong> Ideal para amantes de sabores, vapers casuais e qualquer pessoa que queira quatro experi\u00eancias em um dispositivo.<\/p>\n<p>\u00a0<\/p>\n<p><strong>Vopk Four Flavors 80K<\/strong> \u00e9 o seu sistema vape 4 em 1 definitivo &#8211; duradouro, saboroso e perfeito para uso pessoal e no varejo. Desfrute de satisfa\u00e7\u00e3o ininterrupta com este vaporizador descart\u00e1vel premium e de alta capacidade.<\/p>\n","protected":false},"excerpt":{"rendered":"<p>Experimente o poder do sabor com o <strong>Vopk 80K 4 em 1 Vape descart\u00e1vel<\/strong> \u2014 at\u00e9 80.000 baforadas, 4 sabores selecion\u00e1veis, bobina de malha e bateria recarreg\u00e1vel. Projetado para batidas suaves, sabor forte e divers\u00e3o vaping duradoura!<\/p>\n","protected":false},"featured_media":6333,"comment_status":"open","ping_status":"closed","template":"","meta":[],"product_brand":[],"product_cat":[369,1929],"product_tag":[],"class_list":{"0":"post-20050","1":"product","2":"type-product","3":"status-publish","4":"has-post-thumbnail","6":"product_cat-vopk","7":"product_cat-novo","9":"first","10":"instock","11":"shipping-taxable","12":"purchasable","13":"product-type-variable","14":"has-default-attributes"},"tiered_pricing_type":"fixed","tiered_pricing_fixed_rules":{"30":9.5099999999999997868371792719699442386627197265625,"50":7.78000000000000024868995751603506505489349365234375,"100":7.160000000000000142108547152020037174224853515625,"200":6.6699999999999999289457264239899814128875732421875,"400":5.9900000000000002131628207280300557613372802734375},"tiered_pricing_product_settings":{"layout":"default","base_unit_name":{"singular":null,"plural":null},"default_variation":null},"tiered_pricing_minimum_quantity":10,"tiered_pricing_roles_data":[],"tiered_pricing_percentage_rules":[],"tiered_pricing_maximum_quantity":null,"tiered_pricing_quantity_step":"10","_links":{"self":[{"href":"https:\/\/stage.jrfer.com\/pt\/wp-json\/wp\/v2\/product\/20050","targetHints":{"allow":["GET"]}}],"collection":[{"href":"https:\/\/stage.jrfer.com\/pt\/wp-json\/wp\/v2\/product"}],"about":[{"href":"https:\/\/stage.jrfer.com\/pt\/wp-json\/wp\/v2\/types\/product"}],"replies":[{"embeddable":true,"href":"https:\/\/stage.jrfer.com\/pt\/wp-json\/wp\/v2\/comments?post=20050"}],"wp:featuredmedia":[{"embeddable":true,"href":"https:\/\/stage.jrfer.com\/pt\/wp-json\/wp\/v2\/media\/6333"}],"wp:attachment":[{"href":"https:\/\/stage.jrfer.com\/pt\/wp-json\/wp\/v2\/media?parent=20050"}],"wp:term":[{"taxonomy":"product_brand","embeddable":true,"href":"https:\/\/stage.jrfer.com\/pt\/wp-json\/wp\/v2\/product_brand?post=20050"},{"taxonomy":"product_cat","embeddable":true,"href":"https:\/\/stage.jrfer.com\/pt\/wp-json\/wp\/v2\/product_cat?post=20050"},{"taxonomy":"product_tag","embeddable":true,"href":"https:\/\/stage.jrfer.com\/pt\/wp-json\/wp\/v2\/product_tag?post=20050"}],"curies":[{"name":"wp","href":"https:\/\/api.w.org\/{rel}","templated":true}]}}