{"id":21918,"date":"2025-10-21T03:02:24","date_gmt":"2025-10-21T03:02:24","guid":{"rendered":"https:\/\/stage.jrfer.com\/product\/uwin-tornado-triplo-60k-puffs-vaporizador-recarregavel-com-sabor-ajustavel-3-em-1\/"},"modified":"2026-04-07T11:37:32","modified_gmt":"2026-04-07T11:37:32","slug":"uwin-tornado-triple-60k-puffs-3-in-1-adjustable-flavor-rechargeable-vape","status":"publish","type":"product","link":"https:\/\/stage.jrfer.com\/pt\/product\/uwin-tornado-triple-60k-puffs-3-in-1-adjustable-flavor-rechargeable-vape\/","title":{"rendered":"Uwin Tornado Triplo 60K Puffs | Vaporizador recarreg\u00e1vel com sabor ajust\u00e1vel 3 em 1"},"content":{"rendered":"<h2>Uwin Tornado Triplo 60K Puffs \ud83d\udca8 | Vaporizador recarreg\u00e1vel com sabor ajust\u00e1vel 3 em 1<\/h2>\n<h3>\ud83c\udf1f Por que escolher o Uwin Tornado Triple 60K?<\/h3>\n<ul>\n<li>\ud83d\udd25 <strong>3 sabores ajust\u00e1veis<\/strong> \u2013 Alterne entre 3 sabores integrados a qualquer hora e em qualquer lugar.<\/li>\n<li>\ud83d\udca8 <strong>Massivas 60.000 baforadas<\/strong> \u2013 Vida \u00fatil prolongada para usu\u00e1rios pesados e amantes de sabores.<\/li>\n<li>\u26a1 <strong>Bobina de malha tripla<\/strong> \u2013 Fornece vapor mais suave e sa\u00edda de sabor mais forte.<\/li>\n<li>\ud83d\udd0b <strong>Bateria recarreg\u00e1vel (650mAh)<\/strong> \u2013 Longa dura\u00e7\u00e3o com carregamento r\u00e1pido Tipo C.<\/li>\n<li>\ud83d\udcfa <strong>Tela LED<\/strong> \u2013 Mostra claramente os n\u00edveis da bateria e do e-l\u00edquido.<\/li>\n<li>\ud83d\udca7 <strong>3 tanques de \u00f3leo<\/strong> \u2013 Cada um dedicado a um sabor para uma troca de sabor pura e limpa.<\/li>\n<li>\ud83c\udf08 <strong>Op\u00e7\u00f5es de nicotina<\/strong> \u2013 Escolha entre 2%, 3% ou 5% de nicotina de acordo com sua prefer\u00eancia.<\/li>\n<\/ul>\n<h3>\u2699\ufe0f Especifica\u00e7\u00f5es<\/h3>\n<tr>\n<td><strong>Contagem de sopros<\/strong><\/td>\n<td>At\u00e9 60.000 baforadas<\/td>\n<\/tr>\n<tr>\n<td><strong>For\u00e7a da nicotina<\/strong><\/td>\n<td>2%\/3%\/5%<\/td>\n<\/tr>\n<tr>\n<td><strong>Modos de sabor<\/strong><\/td>\n<td>3 sabores ajust\u00e1veis<\/td>\n<\/tr>\n<tr>\n<td><strong>Tanque de \u00f3leo<\/strong><\/td>\n<td>3 tanques separados<\/td>\n<\/tr>\n<tr>\n<td><strong>Bateria<\/strong><\/td>\n<td>650mAh recarreg\u00e1vel<\/td>\n<\/tr>\n<tr>\n<td><strong>Bobina<\/strong><\/td>\n<td>Bobina de malha tripla<\/td>\n<\/tr>\n<tr>\n<td><strong>Tela LED<\/strong><\/td>\n<td>Sim<\/td>\n<\/tr>\n<tr>\n<td><strong>Porta de carregamento<\/strong><\/td>\n<td>Tipo C<\/td>\n<\/tr>\n<tr>\n<td><strong>Embalagem<\/strong><\/td>\n<td>10 unidades\/pacote<\/td>\n<\/tr>\n<\/tbody>\n<h3>\ud83c\udf6d Combina\u00e7\u00f5es de sabores<\/h3>\n<ol>\n<li>Gelado de Cereja \u2022 Morango Red Bull \u2022 Mirtilo Framboesa<\/li>\n<li>Gelo de mirtilo \u2022 Melancia com morango \u2022 Gelo de morango, framboesa e cereja<\/li>\n<li>Limonada Rosa \u2022 Gelo de Baunilha \u2022 Doce de Morango e Framboesa<\/li>\n<li>Morango Kiwi \u2022 Love 66 (Mel\u00e3o Maracuj\u00e1) \u2022 Blue Razz Ice<\/li>\n<li>Lim\u00e3o Lim\u00e3o \u2022 Banana Morango \u2022 Frutas Mistas<\/li>\n<li>Gelo de melancia \u2022 Gelo de cola \u2022 Mr Blue<\/li>\n<li>Gelo de p\u00eassego de ver\u00e3o \u2022 Mirtilo, framboesa \u2022 Morango Red Bull<\/li>\n<li>Kiwi Maracuj\u00e1 Goiaba \u2022 Manga P\u00eassego \u2022 Melancia Framboesa<\/li>\n<li>Red Bull \u2022 Gelo de cereja \u2022 Lim\u00e3o e lim\u00e3o<\/li>\n<li>Gelo de morango \u2022 Gelo de p\u00eassego de ver\u00e3o \u2022 Gelo de uva<\/li>\n<li>Misto de frutas vermelhas \u2022 Gelo de fruta do drag\u00e3o \u2022 Chiclete de melancia e morango<\/li>\n<li>Cola de Cereja \u2022 Coca-Cola de Morango e Baunilha \u2022 Baga de Uva<\/li>\n<\/ol>\n<h3>\ud83d\udcac Perguntas frequentes<\/h3>\n<p><strong>P: Como posso trocar de sabor?<\/strong><br \/>\nR: Basta alternar o seletor de sabores para alternar entre os tr\u00eas tanques integrados.<\/p>\n<p><strong>P: Posso recarreg\u00e1-lo?<\/strong><br \/>\nR: Sim! O Tornado Triple possui uma bateria recarreg\u00e1vel tipo C de 650mAh.<\/p>\n<p><strong>P: Para quem se destina?<\/strong><br \/>\nR: Perfeito para ca\u00e7adores de sabores, vapers pesados e usu\u00e1rios que desejam variedade em um \u00fanico dispositivo.<\/p>\n<p>\u00a0<\/p>\n<p><strong>Uwin Tornado Triple 60K<\/strong> \u00e9 mais do que apenas um vaporizador descart\u00e1vel: \u00e9 o seu laborat\u00f3rio pessoal de sabores em um dispositivo de bolso. Projetado para desempenho duradouro, sabor arrojado e uso flex\u00edvel, \u00e9 ideal tanto para usu\u00e1rios individuais quanto para lojas de varejo em toda a Europa.<\/p>\n","protected":false},"excerpt":{"rendered":"<p>Descubra o <strong>Uwin Tornado Triple 60K<\/strong> \u2013 um poderoso vape descart\u00e1vel 3 em 1 com at\u00e9 60.000 baforadas, bobina de malha tripla e modos de sabor comut\u00e1veis. Desfrute de vapor suave, bateria de longa dura\u00e7\u00e3o e sabor ousado em cada puxada.<\/p>\n","protected":false},"featured_media":6320,"comment_status":"open","ping_status":"closed","template":"","meta":[],"product_brand":[],"product_cat":[382,1929],"product_tag":[],"class_list":{"0":"post-21918","1":"product","2":"type-product","3":"status-publish","4":"has-post-thumbnail","6":"product_cat-uwin","7":"product_cat-novo","9":"first","10":"instock","11":"shipping-taxable","12":"purchasable","13":"product-type-variable","14":"has-default-attributes"},"tiered_pricing_type":"fixed","tiered_pricing_fixed_rules":{"30":9.1400000000000005684341886080801486968994140625,"50":7.410000000000000142108547152020037174224853515625,"100":6.79000000000000003552713678800500929355621337890625,"200":6.29999999999999982236431605997495353221893310546875,"400":5.86000000000000031974423109204508364200592041015625},"tiered_pricing_product_settings":{"layout":"default","base_unit_name":{"singular":null,"plural":null},"default_variation":null},"tiered_pricing_minimum_quantity":10,"tiered_pricing_roles_data":[],"tiered_pricing_percentage_rules":[],"tiered_pricing_maximum_quantity":null,"tiered_pricing_quantity_step":"10","_links":{"self":[{"href":"https:\/\/stage.jrfer.com\/pt\/wp-json\/wp\/v2\/product\/21918","targetHints":{"allow":["GET"]}}],"collection":[{"href":"https:\/\/stage.jrfer.com\/pt\/wp-json\/wp\/v2\/product"}],"about":[{"href":"https:\/\/stage.jrfer.com\/pt\/wp-json\/wp\/v2\/types\/product"}],"replies":[{"embeddable":true,"href":"https:\/\/stage.jrfer.com\/pt\/wp-json\/wp\/v2\/comments?post=21918"}],"wp:featuredmedia":[{"embeddable":true,"href":"https:\/\/stage.jrfer.com\/pt\/wp-json\/wp\/v2\/media\/6320"}],"wp:attachment":[{"href":"https:\/\/stage.jrfer.com\/pt\/wp-json\/wp\/v2\/media?parent=21918"}],"wp:term":[{"taxonomy":"product_brand","embeddable":true,"href":"https:\/\/stage.jrfer.com\/pt\/wp-json\/wp\/v2\/product_brand?post=21918"},{"taxonomy":"product_cat","embeddable":true,"href":"https:\/\/stage.jrfer.com\/pt\/wp-json\/wp\/v2\/product_cat?post=21918"},{"taxonomy":"product_tag","embeddable":true,"href":"https:\/\/stage.jrfer.com\/pt\/wp-json\/wp\/v2\/product_tag?post=21918"}],"curies":[{"name":"wp","href":"https:\/\/api.w.org\/{rel}","templated":true}]}}