{"id":23170,"date":"2025-07-07T09:22:11","date_gmt":"2025-07-07T09:22:11","guid":{"rendered":"https:\/\/stage.jrfer.com\/product\/vopk-ultra-40k-sabor-duplo-40000-puffs-vape-descartavel-a-granel-por-atacado\/"},"modified":"2026-04-07T12:51:47","modified_gmt":"2026-04-07T12:51:47","slug":"vopk-ultra-40000","status":"publish","type":"product","link":"https:\/\/stage.jrfer.com\/pt\/product\/vopk-ultra-40000\/","title":{"rendered":"VOPK ULTRA 40K Sabor Duplo 40000 Puffs | vape descart\u00e1vel a granel por atacado"},"content":{"rendered":"<h2>Por que escolher VOPK ULTRA 40000?<\/h2>\n<ul>\n<li><strong>Grande vida \u00fatil da baforada:<\/strong> at\u00e9 40.000 baforadas \u2014 desenvolvida para uso duradouro \ud83d\ude80<\/li>\n<li><strong>Sistema de sabor duplo:<\/strong> alterne entre dois sabores ou combine-os para criar misturas exclusivas \ud83c\udf49\ud83c\udf47<\/li>\n<li><strong>Op\u00e7\u00f5es de nicotina:<\/strong> 0%, 2%, 3% ou 5% para atender \u00e0 prefer\u00eancia de cada usu\u00e1rio \ud83d\udca7<\/li>\n<li><strong>E-l\u00edquido de 36mL:<\/strong> pr\u00e9-preenchido para menos recargas e mais divers\u00e3o \ud83d\udce6<\/li>\n<li><strong>Bateria forte:<\/strong> 850mAh recarreg\u00e1vel com carregamento r\u00e1pido tipo C \ud83d\udd0b\u26a1<\/li>\n<li><strong>Modos de energia personalizados:<\/strong> intensidade ajust\u00e1vel para nuvens suaves ou ousadas \ud83c\udf2c\ufe0f<\/li>\n<li><strong>Quad Mesh Coil:<\/strong> Sabor rico e vapor espesso e consistente \ud83d\udd25<\/li>\n<li><strong>Modos de desenho duplo:<\/strong> escolha o estilo de inspira\u00e7\u00e3o \u00fanica ou dupla para uma experi\u00eancia flex\u00edvel \ud83d\ude0e<\/li>\n<li><strong>Seguran\u00e7a em primeiro lugar:<\/strong> a fun\u00e7\u00e3o de bloqueio para crian\u00e7as garante um uso sem preocupa\u00e7\u00f5es \ud83d\udd12<\/li>\n<li><strong>Monitoramento inteligente:<\/strong> o display LED mostra claramente os n\u00edveis de \u00f3leo e bateria \ud83d\udcca<\/li>\n<\/ul>\n<h3>Especifica\u00e7\u00f5es<\/h3>\n<tr>\n<td><strong>Capacidade de sopro:<\/strong><\/td>\n<td>At\u00e9 40.000 baforadas<\/td>\n<\/tr>\n<tr>\n<td><strong>Sistema de sabores:<\/strong><\/td>\n<td>Sabor duplo (trocar ou combinar)<\/td>\n<\/tr>\n<tr>\n<td><strong>Op\u00e7\u00f5es de nicotina:<\/strong><\/td>\n<td>0%, 2%, 3%, 5%<\/td>\n<\/tr>\n<tr>\n<td><strong>Capacidade do e-l\u00edquido:<\/strong><\/td>\n<td>36mL pr\u00e9-preenchidos<\/td>\n<\/tr>\n<tr>\n<td><strong>Bateria:<\/strong><\/td>\n<td>850mAh recarreg\u00e1vel, tipo C<\/td>\n<\/tr>\n<tr>\n<td><strong>Tipo de bobina:<\/strong><\/td>\n<td>Bobina de malha qu\u00e1drupla, resist\u00eancia de 1,0\u03a9<\/td>\n<\/tr>\n<tr>\n<td><strong>Modos de energia:<\/strong><\/td>\n<td>Configura\u00e7\u00f5es de energia ajust\u00e1veis<\/td>\n<\/tr>\n<tr>\n<td><strong>Modos de desenho:<\/strong><\/td>\n<td>Sorteio Simples e Duplo<\/td>\n<\/tr>\n<tr>\n<td><strong>Exibi\u00e7\u00e3o:<\/strong><\/td>\n<td>\u00d3leo duplo e bateria com tela inteligente LED<\/td>\n<\/tr>\n<tr>\n<td><strong>Seguran\u00e7a:<\/strong><\/td>\n<td>Prote\u00e7\u00e3o de bloqueio infantil<\/td>\n<\/tr>\n<\/tbody>\n<h3>Lista de sabores<\/h3>\n<p>O VOPK ULTRA 40000 oferece deliciosas combina\u00e7\u00f5es de dois sabores para divers\u00e3o sem fim. Aqui est\u00e3o alguns destaques:<\/p>\n<ul>\n<li><strong>Melancia Morango \/ Kiwi Maracuj\u00e1 Goiaba:<\/strong> Uma suculenta explos\u00e3o de frutas \ud83c\udf53\ud83e\udd5d<\/li>\n<li><strong>Framboesa Mirtilo \/ Melancia Manga P\u00eassego:<\/strong> Vibra\u00e7\u00f5es doces, \u00e1cidas e tropicais \ud83e\uded0\ud83e\udd6d\ud83c\udf49<\/li>\n<li><strong>Urso de goma Blue Razz \/ Kiwi de morango:<\/strong> doce e frutado \ud83c\udf6c\ud83c\udf53<\/li>\n<li><strong>Blue Razz Cereja\/Morango Framboesa:<\/strong> Picante, ousado e suave \ud83c\udf52<\/li>\n<li><strong>Fizzy Lemon &amp; Lime \/ Melancia Hortel\u00e3 Fresca:<\/strong> Refrigerante refrescante com frescura mentolada \ud83c\udf4b\ud83c\udf49\u2744\ufe0f<\/li>\n<li><strong>Gelo de melancia \/ Gelo Razz Azul:<\/strong> Dupla gelada cl\u00e1ssica para ca\u00e7adores de sabores \u2744\ufe0f\ud83c\udf49<\/li>\n<li><strong>Abacaxi Blue Razz \/ Manga Tripla:<\/strong> Explos\u00e3o tropical ex\u00f3tica \ud83c\udf4d\ud83e\udd6d<\/li>\n<li><strong>Explos\u00e3o de uva \/ P\u00eara Ma\u00e7\u00e3 Framboesa:<\/strong> Mistura rica de pomar \ud83c\udf47\ud83c\udf4f<\/li>\n<li><strong>Morango Oxicoco Cereja \/ Abacaxi Passion Lime:<\/strong> Perfei\u00e7\u00e3o doce e picante \ud83c\udf4d\ud83c\udf52<\/li>\n<li><strong>Mentol de mirtilo e morango \/ Mentol de mirtilo e framboesa:<\/strong> Twist refrescante de mentol com ponche de frutas vermelhas \ud83e\uded0\u2744\ufe0f<\/li>\n<\/ul>\n<h3>Perfeito para vapers pesados e compradores no atacado<\/h3>\n<p>O <strong>VOPK ULTRA 40000<\/strong> foi desenvolvido para quem quer mais: mais sopros, mais sabores e mais satisfa\u00e7\u00e3o. Com seu sistema de sabor duplo, bobinas de malha qu\u00e1drupla e e-l\u00edquido de longa dura\u00e7\u00e3o de 36mL, este dispositivo \u00e9 perfeito para usu\u00e1rios frequentes, amantes de sabores, lojas de vapor e distribuidores atacadistas que procuram produtos de alta demanda. \ud83d\udce6\ud83d\udcaf<\/p>\n<h3>Perguntas frequentes<\/h3>\n<ul>\n<li><strong>Quantos sabores h\u00e1 em um dispositivo?<\/strong><br \/>\nCada VOPK ULTRA vem com 2 sabores troc\u00e1veis em uma unidade.<\/li>\n<li><strong>Quais n\u00edveis de nicotina est\u00e3o dispon\u00edveis?<\/strong><br \/>\nVoc\u00ea pode escolher entre 0%, 2%, 3% ou 5% dependendo da prefer\u00eancia.<\/li>\n<li><strong>\u00c9 recarreg\u00e1vel?<\/strong><br \/>\nSim, possui uma bateria recarreg\u00e1vel de 850mAh com carregamento r\u00e1pido Tipo C.<\/li>\n<li><strong>Como monitoro o uso?<\/strong><br \/>\nA tela LED mostra os n\u00edveis do e-l\u00edquido e da bateria em tempo real.<\/li>\n<li><strong>\u00c9 seguro para remessa no atacado?<\/strong><br \/>\nSim, ele vem com prote\u00e7\u00e3o contra bloqueio infantil e \u00e9 embalado pronto para uso em massa.<\/li>\n<\/ul>\n","protected":false},"excerpt":{"rendered":"<p>Desfrute de nuvens ininterruptas com o <strong>VOPK ULTRA 40000<\/strong> \ud83d\udca8\ud83d\udd25 \u2014 com sabores duplos, e-l\u00edquido de 36mL, 40.000 baforadas e bobinas de malha avan\u00e7adas. Perfeito para usu\u00e1rios frequentes, lojas de vapor e distribuidores atacadistas.<\/p>\n","protected":false},"featured_media":1747,"comment_status":"open","ping_status":"closed","template":"","meta":[],"product_brand":[],"product_cat":[634,369],"product_tag":[],"class_list":{"0":"post-23170","1":"product","2":"type-product","3":"status-publish","4":"has-post-thumbnail","6":"product_cat-40000-sopros-vape-descartaveis","7":"product_cat-vopk","9":"first","10":"instock","11":"shipping-taxable","12":"purchasable","13":"product-type-variable","14":"has-default-attributes"},"tiered_pricing_type":"fixed","tiered_pricing_fixed_rules":{"30":7.9000000000000003552713678800500929355621337890625,"50":6.1699999999999999289457264239899814128875732421875,"100":5.54999999999999982236431605997495353221893310546875,"200":5.17999999999999971578290569595992565155029296875,"400":4.75},"tiered_pricing_product_settings":{"layout":"default","base_unit_name":{"singular":null,"plural":null},"default_variation":null},"tiered_pricing_minimum_quantity":10,"tiered_pricing_roles_data":[],"tiered_pricing_percentage_rules":[],"tiered_pricing_maximum_quantity":null,"tiered_pricing_quantity_step":"10","_links":{"self":[{"href":"https:\/\/stage.jrfer.com\/pt\/wp-json\/wp\/v2\/product\/23170","targetHints":{"allow":["GET"]}}],"collection":[{"href":"https:\/\/stage.jrfer.com\/pt\/wp-json\/wp\/v2\/product"}],"about":[{"href":"https:\/\/stage.jrfer.com\/pt\/wp-json\/wp\/v2\/types\/product"}],"replies":[{"embeddable":true,"href":"https:\/\/stage.jrfer.com\/pt\/wp-json\/wp\/v2\/comments?post=23170"}],"wp:featuredmedia":[{"embeddable":true,"href":"https:\/\/stage.jrfer.com\/pt\/wp-json\/wp\/v2\/media\/1747"}],"wp:attachment":[{"href":"https:\/\/stage.jrfer.com\/pt\/wp-json\/wp\/v2\/media?parent=23170"}],"wp:term":[{"taxonomy":"product_brand","embeddable":true,"href":"https:\/\/stage.jrfer.com\/pt\/wp-json\/wp\/v2\/product_brand?post=23170"},{"taxonomy":"product_cat","embeddable":true,"href":"https:\/\/stage.jrfer.com\/pt\/wp-json\/wp\/v2\/product_cat?post=23170"},{"taxonomy":"product_tag","embeddable":true,"href":"https:\/\/stage.jrfer.com\/pt\/wp-json\/wp\/v2\/product_tag?post=23170"}],"curies":[{"name":"wp","href":"https:\/\/api.w.org\/{rel}","templated":true}]}}