{"id":23507,"date":"2026-03-12T04:24:32","date_gmt":"2026-03-12T04:24:32","guid":{"rendered":"https:\/\/stage.jrfer.com\/product\/bang-leader-85k-sabor-triplo-3-em-1-85-000-baforadas-70ml-vaporizador-descartavel-a-granel\/"},"modified":"2026-04-07T10:24:30","modified_gmt":"2026-04-07T10:24:30","slug":"bang-leader-85k-3-in-1-triple-flavor-85000-puffs-70ml-bulk-disposable-vape","status":"publish","type":"product","link":"https:\/\/stage.jrfer.com\/pt\/product\/bang-leader-85k-3-in-1-triple-flavor-85000-puffs-70ml-bulk-disposable-vape\/","title":{"rendered":"Bang Leader 85K | Sabor triplo 3 em 1, 85.000 baforadas, 70ml, vaporizador descart\u00e1vel a granel"},"content":{"rendered":"<p>Apresentamos o <strong>Bang Leader 85000 Puffs<\/strong>, um vaporizador descart\u00e1vel revolucion\u00e1rio projetado para quem exige mais. Este n\u00e3o \u00e9 apenas um vaporizador padr\u00e3o; \u00e9 uma pot\u00eancia de alta capacidade constru\u00edda para longevidade e satisfa\u00e7\u00e3o. Com um impressionante <strong>reservat\u00f3rio de e-l\u00edquido de 70mL<\/strong> e uma robusta <strong>bateria recarreg\u00e1vel de 850mAh<\/strong>, este dispositivo garante que voc\u00ea passe mais tempo vaping e menos tempo se preocupando em acabar. \ud83d\udd0b\u2728<\/p>\n<p>O recurso de destaque \u00e9 o inovador <strong>3-in-1 Flavor System<\/strong>. Cansado do mesmo gosto? Basta alterar as configura\u00e7\u00f5es para desfrutar de tr\u00eas sabores premium diferentes em um \u00fanico dispositivo! Projetado com uma <strong>bobina de malha de 1,0\u03a9<\/strong>, ele fornece vapor consistente, suave e rico da primeira \u00e0 \u00faltima baforada. Perfeito para <strong>donos de lojas de vaporizador<\/strong> que procuram um item de grande sucesso ou vapers pesados \u200b\u200bque buscam valor. \ud83c\udfc6\ud83d\udce6<\/p>\n<h3>\ud83c\udf1f Por que escolher Bang Leader 85000?<\/h3>\n<ul>\n<li><strong>\ud83d\udd04 Tecnologia de sabores 3 em 1:<\/strong> Desfrute de tr\u00eas sabores distintos em um dispositivo compacto. Mude instantaneamente de acordo com seu humor!<\/li>\n<li><strong>\ud83d\udca7 Capacidade enorme de 70mL:<\/strong> Uma das maiores capacidades do mercado, suportando incr\u00edveis 85.000 baforadas.<\/li>\n<li><strong>\u26a1 Tipo C recarreg\u00e1vel:<\/strong> o carregamento r\u00e1pido atrav\u00e9s da porta Tipo C garante que sua bateria de 850mAh esteja sempre pronta para uso.<\/li>\n<li><strong>\u2601\ufe0f Bobina de malha avan\u00e7ada:<\/strong> A bobina de malha de resist\u00eancia de 1,0\u03a9 garante maior pureza de sabor e produ\u00e7\u00e3o de nuvens espessas.<\/li>\n<li><strong>\ud83c\udf9a\ufe0f Op\u00e7\u00f5es flex\u00edveis de nicotina:<\/strong> dispon\u00edveis em 0%, 2%, 3% e 5% para atender \u00e0s prefer\u00eancias de cada cliente.<\/li>\n<\/ul>\n<h3>\ud83d\udcca Especifica\u00e7\u00f5es do Bang Leader 85K<\/h3>\n<thead>\n<tr>\n<th align=\"left\">Recurso<\/th>\n<th align=\"left\">Detalhes<\/th>\n<\/tr>\n<\/thead>\n<tr>\n<td><strong>Contagem de sopros<\/strong><\/td>\n<td>At\u00e9 85.000 baforadas<\/td>\n<\/tr>\n<tr>\n<td><strong>Capacidade de E-L\u00edquido<\/strong><\/td>\n<td>70 mL<\/td>\n<\/tr>\n<tr>\n<td><strong>Sistema de sabores<\/strong><\/td>\n<td>Interruptor de sabor triplo 3 em 1<\/td>\n<\/tr>\n<tr>\n<td><strong>Bateria<\/strong><\/td>\n<td>850mAh (recarreg\u00e1vel)<\/td>\n<\/tr>\n<tr>\n<td><strong>Carregamento<\/strong><\/td>\n<td>Porta Tipo C<\/td>\n<\/tr>\n<tr>\n<td><strong>Bobina<\/strong><\/td>\n<td>Bobina de malha de 1,0\u03a9<\/td>\n<\/tr>\n<tr>\n<td><strong>For\u00e7a da nicotina<\/strong><\/td>\n<td>0% (0mg), 2% (20mg), 3% (30mg), 5% (50mg)<\/td>\n<\/tr>\n<\/tbody>\n<h3>\ud83c\udf6d Combina\u00e7\u00f5es de sabores Bang Leader 85K (3 sabores por dispositivo)<\/h3>\n<p>Cada dispositivo Bang Leader vem com um trio de sabores de dar \u00e1gua na boca. Escolha sua combina\u00e7\u00e3o favorita:<\/p>\n<ul>\n<li>\ud83c\udf4c <strong>Mistura 1:<\/strong> Gelo de banana \/ Melancia com morango \/ Goma de urso<\/li>\n<li>\ud83d\udc09 <strong>Mix 2:<\/strong> gelo do drag\u00e3o negro \/ marshmallow \/ sonho de ver\u00e3o<\/li>\n<li>\ud83e\uded0 <strong>Mistura 3:<\/strong> gelo de mirtilo \/ navalha azul \/ Pera Perfumada<\/li>\n<li>\ud83c\udf4d <strong>Mistura 4:<\/strong> Cereja Cranberry \/ P\u00eassego Manga \/ Abacaxi<\/li>\n<li>\ud83e\udd64 <strong>Mistura 5:<\/strong> Coca-Cola \/ Ma\u00e7\u00e3 P\u00eassego \/ Limonada Rosa<\/li>\n<li>\ud83e\udd5d <strong>Mix 6:<\/strong> Gelo de Uva \/ Kiwi Morango \/ Goiaba de Maracuj\u00e1<\/li>\n<li>\ud83d\udc9c <strong>Mix 7:<\/strong> amor 666 \/ framboesa mirtilo \/ vimto<\/li>\n<li>\ud83c\udf79 <strong>Mix 8:<\/strong> Misto de Frutas \/ P\u00eassego Mojito \/ Mirtilo Framboesa<\/li>\n<li>\ud83c\udf53 <strong>Mistura 9:<\/strong> Gelo de abacaxi \/ Morango touro vermelho \/ Frutas mistas<\/li>\n<li>\ud83c\udf4e <strong>Mistura 10:<\/strong> Gelo de Ma\u00e7\u00e3 Vermelha \/ Melancia Framboesa \/ uva babosa vera<\/li>\n<li>\ud83c\udf66 <strong>Mix 11:<\/strong> touro vermelho \/ melancia de mirtilo \/ sorvete de morango<\/li>\n<li>\ud83c\udf4a <strong>Mistura 12:<\/strong> Gelo de morango \/ Laranja lim\u00e3o \/ Chiclete de melancia<\/li>\n<li>\ud83c\udf4c <strong>Mistura 13:<\/strong> Morango Framboesa \/ Groselha Preta \/ Morango Banana<\/li>\n<li>\ud83c\udf52 <strong>Mistura 14:<\/strong> Melancia com Morango \/ Coca-Cola de Cereja \/ Creme de Morango<\/li>\n<li>\ud83e\udd6d <strong>Mix 15:<\/strong> Gelo de melancia \/ Manga, p\u00eassego \/ Refrigerante de laranja<\/li>\n<\/ul>\n<p><strong>Bang Leader 85000 Puffs<\/strong> estabelece um novo padr\u00e3o para vaporizadores descart\u00e1veis. \u00c9 perfeitamente adequado para <strong>usu\u00e1rios intensivos<\/strong> que desejam conveni\u00eancia sem concess\u00f5es e para <strong>ca\u00e7adores de sabores<\/strong> que amam variedade. Para <strong>varejistas e atacadistas<\/strong>, esse dispositivo de alto desempenho e com v\u00e1rios sabores \u00e9 um item obrigat\u00f3rio que atrai clientes que procuram o melhor valor e a tecnologia mais recente. Atualize seu invent\u00e1rio hoje! \ud83d\ude80\ud83d\uded2<\/p>\n<h3>\u2753 Perguntas frequentes (FAQ)<\/h3>\n<p><strong>P: Como fa\u00e7o para trocar sabores no Bang Leader 85K?<\/strong><br \/>\nR: O dispositivo possui um mecanismo de comuta\u00e7\u00e3o simples que permite alternar entre os tr\u00eas tanques de l\u00edquido separados internos. \ud83d\udd00<\/p>\n<p><strong>P: A bateria \u00e9 recarreg\u00e1vel?<\/strong><br \/>\nR: Sim! Ele vem com uma bateria de 850mAh que pode ser facilmente recarregada usando um cabo de carregamento tipo C padr\u00e3o. \ud83d\udd0c<\/p>\n<p><strong>P: Este produto \u00e9 adequado para distribui\u00e7\u00e3o no atacado?<\/strong><br \/>\nR: Absolutamente. O ponto de venda exclusivo 3 em 1 e a alta contagem de puffs tornam-no um produto muito atraente para compradores B2B e lojas de vapor. \ud83c\udfed<\/p>\n<p><strong>P: Quanto tempo duram 85.000 inala\u00e7\u00f5es?<\/strong><br \/>\nR: Com 70mL de l\u00edquido, este dispositivo pode durar v\u00e1rias semanas dependendo dos seus h\u00e1bitos de uso, o que o torna extremamente econ\u00f4mico. \ud83d\uddd3\ufe0f<\/p>\n","protected":false},"excerpt":{"rendered":"<p>Enormes 85.000 baforadas, troca de sabor 3 em 1 e capacidade de 70mL! O Bang Leader 85K \u00e9 o vape recarreg\u00e1vel de longa dura\u00e7\u00e3o definitivo para atacadistas e ca\u00e7adores de sabores. \ud83c\udf2c\ufe0f\ud83d\udca8<\/p>\n","protected":false},"featured_media":6804,"comment_status":"open","ping_status":"closed","template":"","meta":[],"product_brand":[],"product_cat":[774,705,363],"product_tag":[507,532,558,586,2173],"class_list":{"0":"post-23507","1":"product","2":"type-product","3":"status-publish","4":"has-post-thumbnail","6":"product_cat-100k-sopra-vape-descartavel","7":"product_cat-60000-sopros-vape-descartaveis","8":"product_cat-bang","9":"product_tag-3-em-1-sabor-vape","10":"product_tag-85-000-sopros-descartaveis","11":"product_tag-bang-lider-85000-puffs","12":"product_tag-bang-vape-atacado","13":"product_tag-vaporizador-recarregavel","15":"first","16":"instock","17":"shipping-taxable","18":"purchasable","19":"product-type-variable","20":"has-default-attributes"},"tiered_pricing_type":"fixed","tiered_pricing_fixed_rules":{"30":9.07000000000000028421709430404007434844970703125,"50":7.519999999999999573674358543939888477325439453125,"100":7,"200":6.61000000000000031974423109204508364200592041015625,"400":5.8300000000000000710542735760100185871124267578125},"tiered_pricing_product_settings":{"layout":"default","base_unit_name":{"singular":null,"plural":null},"default_variation":null},"tiered_pricing_minimum_quantity":10,"tiered_pricing_roles_data":[],"tiered_pricing_percentage_rules":[],"tiered_pricing_maximum_quantity":null,"tiered_pricing_quantity_step":"10","_links":{"self":[{"href":"https:\/\/stage.jrfer.com\/pt\/wp-json\/wp\/v2\/product\/23507","targetHints":{"allow":["GET"]}}],"collection":[{"href":"https:\/\/stage.jrfer.com\/pt\/wp-json\/wp\/v2\/product"}],"about":[{"href":"https:\/\/stage.jrfer.com\/pt\/wp-json\/wp\/v2\/types\/product"}],"replies":[{"embeddable":true,"href":"https:\/\/stage.jrfer.com\/pt\/wp-json\/wp\/v2\/comments?post=23507"}],"wp:featuredmedia":[{"embeddable":true,"href":"https:\/\/stage.jrfer.com\/pt\/wp-json\/wp\/v2\/media\/6804"}],"wp:attachment":[{"href":"https:\/\/stage.jrfer.com\/pt\/wp-json\/wp\/v2\/media?parent=23507"}],"wp:term":[{"taxonomy":"product_brand","embeddable":true,"href":"https:\/\/stage.jrfer.com\/pt\/wp-json\/wp\/v2\/product_brand?post=23507"},{"taxonomy":"product_cat","embeddable":true,"href":"https:\/\/stage.jrfer.com\/pt\/wp-json\/wp\/v2\/product_cat?post=23507"},{"taxonomy":"product_tag","embeddable":true,"href":"https:\/\/stage.jrfer.com\/pt\/wp-json\/wp\/v2\/product_tag?post=23507"}],"curies":[{"name":"wp","href":"https:\/\/api.w.org\/{rel}","templated":true}]}}