{"id":23963,"date":"2025-10-21T03:02:24","date_gmt":"2025-10-21T03:02:24","guid":{"rendered":"https:\/\/stage.jrfer.com\/product\/uzy-crystal-100k-puffs-vape-4-em-1-bobina-de-malha-quadrupla-vape-descartavel-no-atacado\/"},"modified":"2026-04-07T11:41:44","modified_gmt":"2026-04-07T11:41:44","slug":"uzy-crystal-100k-puffs-4-in-1-vape-quad-mesh-coil-wholesale-disposable-vape","status":"publish","type":"product","link":"https:\/\/stage.jrfer.com\/pt\/product\/uzy-crystal-100k-puffs-4-in-1-vape-quad-mesh-coil-wholesale-disposable-vape\/","title":{"rendered":"UZY Crystal 100K Puffs Vape 4 em 1 | bobina de malha qu\u00e1drupla vape descart\u00e1vel no atacado"},"content":{"rendered":"<h2>UZY Crystal 100K Puffs Vape 4 em 1 | bobina de malha qu\u00e1drupla vape descart\u00e1vel no atacado<\/h2>\n<h3>\ud83d\udc8e Por que escolher UZY Crystal Four Flavours 100000 Puffs?<\/h3>\n<ul>\n<li>\ud83c\udf08 <strong>4 sabores integrados<\/strong> \u2013 Desfrute de quatro sabores diferentes em um dispositivo, alterne quando quiser.<\/li>\n<li>\ud83d\udca8 <strong>Quad Mesh Coil (1.0\u03a9)<\/strong> \u2013 Produz vapor suave e sabor puro a cada baforada.<\/li>\n<li>\ud83d\udd0b <strong>At\u00e9 100.000 baforadas<\/strong> \u2013 Grande capacidade para divers\u00e3o a longo prazo.<\/li>\n<li>\u26a1 <strong>Recarreg\u00e1vel via Type-C<\/strong> \u2013 O carregamento r\u00e1pido e conveniente mant\u00e9m voc\u00ea ligado.<\/li>\n<li>\ud83d\udca1 <strong>LED Smart Display<\/strong> \u2013 Mostra claramente os n\u00edveis da bateria e do e-l\u00edquido.<\/li>\n<li>\ud83d\udca7 <strong>Enorme capacidade de e-l\u00edquido de 56ml<\/strong> \u2013 Perfeito para uso prolongado sem reabastecer.<\/li>\n<li>\ud83d\udc8e <strong>Concha Cristal Transparente<\/strong> \u2013 Design elegante que se destaca nas prateleiras.<\/li>\n<li>\ud83c\udf0d <strong>Ideal para varejo e atacado<\/strong> \u2013 Popular em toda a UE (Espanha, Alemanha, Fran\u00e7a, It\u00e1lia, Holanda).<\/li>\n<\/ul>\n<h3>\u2699\ufe0f Especifica\u00e7\u00f5es<\/h3>\n<tr>\n<td><strong>Contagem de sopros<\/strong><\/td>\n<td>100.000 baforadas por dispositivo<\/td>\n<\/tr>\n<tr>\n<td><strong>Sabores<\/strong><\/td>\n<td>4 sabores integrados distintos<\/td>\n<\/tr>\n<tr>\n<td><strong>Bobina<\/strong><\/td>\n<td>Bobina de malha qu\u00e1drupla, 1,0\u03a9<\/td>\n<\/tr>\n<tr>\n<td><strong>Capacidade de e-l\u00edquido<\/strong><\/td>\n<td>56 ml<\/td>\n<\/tr>\n<tr>\n<td><strong>Pot\u00eancias da nicotina<\/strong><\/td>\n<td>0%, 2%, 3%, 5%<\/td>\n<\/tr>\n<tr>\n<td><strong>Bateria<\/strong><\/td>\n<td>650 mAh, recarreg\u00e1vel tipo C<\/td>\n<\/tr>\n<tr>\n<td><strong>Exibi\u00e7\u00e3o<\/strong><\/td>\n<td>Tela LED inteligente (indicadores de bateria e e-l\u00edquido)<\/td>\n<\/tr>\n<tr>\n<td><strong>Design<\/strong><\/td>\n<td>Concha transparente estilo cristal<\/td>\n<\/tr>\n<tr>\n<td><strong>Peso<\/strong><\/td>\n<td>Aprox. 140 g por dispositivo<\/td>\n<\/tr>\n<tr>\n<td><strong>Embalagem<\/strong><\/td>\n<td>10 unidades\/caixa, 120 unidades\/caixa (peso bruto ~18 kg)<\/td>\n<\/tr>\n<\/tbody>\n<p><img decoding=\"async\" style=\"max-width: 100%;height: auto;display: block;margin: 0 auto\" src=\"https:\/\/stage.jrfer.com\/wp-content\/uploads\/2025\/10\/UZY-Crystal-Four-Flavors-100000-Puffs-Authentic-Disposable-Vape-Low-Nicotine-Bulk-Buy-Wholesale-5-scaled-1.webp\" alt=\"UZY Crystal 100K Puffs Vaporizador 4 em 1\" title=\"\"><\/p>\n<h3>\ud83c\udf53 Combos de sabores (todos os 10 conjuntos)<\/h3>\n<ol>\n<li><strong>Melancia com morango<\/strong> e <strong>Gelo Blue Razz<\/strong> e <strong>Mirtilo, Framboesa, Cereja<\/strong> e <strong>Gelo de cereja efervescente<\/strong><\/li>\n<li><strong>Gelo de p\u00eassego<\/strong> e <strong>mirtilo cereja<\/strong> e <strong>bebida energ\u00e9tica<\/strong> e <strong>lichia de melancia<\/strong><\/li>\n<li><strong>Gelo de mirtilo<\/strong> e <strong>Morango, Banana<\/strong> e <strong>Duas ma\u00e7\u00e3s<\/strong> e <strong>Skittles<\/strong><\/li>\n<li><strong>Gelado de cereja<\/strong> e <strong>Gelo de uva<\/strong> e <strong>Manga de maracuj\u00e1<\/strong> e <strong>Love 66<\/strong><\/li>\n<li><strong>Gelado de mirtilo<\/strong> e <strong>damasco com manga e p\u00eassego<\/strong> e <strong>goiaba com kiwi e maracuj\u00e1<\/strong> e <strong>razz de p\u00eassego branco<\/strong><\/li>\n<li><strong>P\u00eassego, manga, abacaxi<\/strong> e <strong>mirtilo, framboesa<\/strong> e <strong>lim\u00e3o e lim\u00e3o<\/strong> e <strong>goma de melancia<\/strong><\/li>\n<li><strong>Misto de Frutas Silvestres<\/strong> e <strong>Maracuj\u00e1 Kiwi Lim\u00e3o<\/strong> e <strong>Uva Cranberry<\/strong> e <strong>Kiwi Morango<\/strong><\/li>\n<li><strong>Gelado de morango<\/strong> e <strong>Urso de goma<\/strong> e <strong>Dragona com melancia<\/strong> e <strong>Kiwi com mirtilo<\/strong><\/li>\n<li><strong>Gelo de melancia<\/strong> e <strong>Blue Razz Cherry<\/strong> e <strong>P\u00eassego azedo de melancia<\/strong> e <strong>Kiwi de maracuj\u00e1<\/strong><\/li>\n<li><strong>Manga Morango<\/strong> e <strong>MR Blue<\/strong> e <strong>Gelo de P\u00eassego de Ver\u00e3o<\/strong> e <strong>Gelo Preto<\/strong><\/li>\n<\/ol>\n<h3>\ud83d\udcac Para quem se destina?<\/h3>\n<p>Este vaporizador \u00e9 perfeito para <strong>usu\u00e1rios frequentes<\/strong>, <strong>amantes de sabores<\/strong>, <strong>lojas de vaporizadores<\/strong> e <strong>distribuidores europeus<\/strong> que desejam um vaporizador elegante e duradouro que ofere\u00e7a desempenho consistente.<\/p>\n<h3>\u2753Perguntas frequentes<\/h3>\n<p><strong>P: Quanto tempo dura o UZY Crystal 100K?<\/strong><br \/>\nR: Cada dispositivo pode fornecer at\u00e9 <strong>100.000 inala\u00e7\u00f5es<\/strong>. Dependendo do uso, pode durar v\u00e1rios meses.<\/p>\n<p><strong>P: O UZY Crystal \u00e9 recarreg\u00e1vel?<\/strong><br \/>\nR: Sim, ele possui uma <strong>bateria recarreg\u00e1vel tipo C de 650mAh<\/strong> que garante um desempenho longo e confi\u00e1vel.<\/p>\n<p><strong>P: Posso alternar facilmente entre os quatro sabores?<\/strong><br \/>\nR: Absolutamente! Voc\u00ea pode alterar os sabores a qualquer momento no mesmo dispositivo, sem necessidade de reabastecimento.<\/p>\n<p><strong>P: Quais dosagens de nicotina est\u00e3o dispon\u00edveis?<\/strong><br \/>\nR: Escolha entre <strong>0%, 2%, 3% ou 5%<\/strong> de acordo com sua prefer\u00eancia.<\/p>\n<p>\u00a0<\/p>\n<p><strong>UZY Crystal Four Flavours 100000 Puffs<\/strong> oferece qualidade premium, vida \u00fatil prolongada e m\u00faltiplas experi\u00eancias de sabores em um design \u00fanico e elegante. Quer voc\u00ea seja um entusiasta do vape ou dono de uma loja em busca de produtos de alta demanda, este \u00e9 um vape que realmente se destaca.<\/p>\n","protected":false},"excerpt":{"rendered":"<p>Experimente a pr\u00f3xima gera\u00e7\u00e3o de vaping descart\u00e1vel com <strong>UZY Crystal Four Flavours 100000 Puffs<\/strong> \u2014 uma pot\u00eancia 4 em 1 com bobinas de malha qu\u00e1drupla, bateria de longa dura\u00e7\u00e3o e quatro sabores integrados para satisfa\u00e7\u00e3o infinita. Perfeito para ca\u00e7adores de sabores, usu\u00e1rios frequentes e propriet\u00e1rios de lojas de vapor em toda a Europa.<\/p>\n","protected":false},"featured_media":6486,"comment_status":"open","ping_status":"closed","template":"","meta":[],"product_brand":[],"product_cat":[1894,1929],"product_tag":[],"class_list":{"0":"post-23963","1":"product","2":"type-product","3":"status-publish","4":"has-post-thumbnail","6":"product_cat-uzy","7":"product_cat-novo","9":"first","10":"instock","11":"shipping-taxable","12":"purchasable","13":"product-type-variable","14":"has-default-attributes"},"tiered_pricing_type":"fixed","tiered_pricing_fixed_rules":{"30":9.5099999999999997868371792719699442386627197265625,"50":7.78000000000000024868995751603506505489349365234375,"100":7.339999999999999857891452847979962825775146484375,"200":6.79999999999999982236431605997495353221893310546875,"400":6.29999999999999982236431605997495353221893310546875},"tiered_pricing_product_settings":{"layout":"default","base_unit_name":{"singular":null,"plural":null},"default_variation":null},"tiered_pricing_minimum_quantity":10,"tiered_pricing_roles_data":[],"tiered_pricing_percentage_rules":[],"tiered_pricing_maximum_quantity":null,"tiered_pricing_quantity_step":"10","_links":{"self":[{"href":"https:\/\/stage.jrfer.com\/pt\/wp-json\/wp\/v2\/product\/23963","targetHints":{"allow":["GET"]}}],"collection":[{"href":"https:\/\/stage.jrfer.com\/pt\/wp-json\/wp\/v2\/product"}],"about":[{"href":"https:\/\/stage.jrfer.com\/pt\/wp-json\/wp\/v2\/types\/product"}],"replies":[{"embeddable":true,"href":"https:\/\/stage.jrfer.com\/pt\/wp-json\/wp\/v2\/comments?post=23963"}],"wp:featuredmedia":[{"embeddable":true,"href":"https:\/\/stage.jrfer.com\/pt\/wp-json\/wp\/v2\/media\/6486"}],"wp:attachment":[{"href":"https:\/\/stage.jrfer.com\/pt\/wp-json\/wp\/v2\/media?parent=23963"}],"wp:term":[{"taxonomy":"product_brand","embeddable":true,"href":"https:\/\/stage.jrfer.com\/pt\/wp-json\/wp\/v2\/product_brand?post=23963"},{"taxonomy":"product_cat","embeddable":true,"href":"https:\/\/stage.jrfer.com\/pt\/wp-json\/wp\/v2\/product_cat?post=23963"},{"taxonomy":"product_tag","embeddable":true,"href":"https:\/\/stage.jrfer.com\/pt\/wp-json\/wp\/v2\/product_tag?post=23963"}],"curies":[{"name":"wp","href":"https:\/\/api.w.org\/{rel}","templated":true}]}}