{"id":29483,"date":"2025-09-11T12:58:17","date_gmt":"2025-09-11T12:58:17","guid":{"rendered":"https:\/\/stage.jrfer.com\/product\/bangbox-80k-3-em-1-80000-baforadas-vape-mega-descartavel-triplo-sabor\/"},"modified":"2026-04-07T03:27:06","modified_gmt":"2026-04-07T03:27:06","slug":"bangbox-80k-3-in-1-80000-puffs-triple-flavor-bulk-disposable-vape","status":"publish","type":"product","link":"https:\/\/stage.jrfer.com\/pt\/product\/bangbox-80k-3-in-1-80000-puffs-triple-flavor-bulk-disposable-vape\/","title":{"rendered":"BANGBOX 80K 3 em 1 80000 baforadas | vape mega descart\u00e1vel triplo sabor"},"content":{"rendered":"<h2>Por que escolher o BANGBOX 80K?<\/h2>\n<ul>\n<li>\ud83d\udca8 <strong>Contagem de baforadas ultra-alta:<\/strong> at\u00e9 80.000 baforadas por dispositivo \u2013 criado para uma satisfa\u00e7\u00e3o duradoura.<\/li>\n<li>\ud83d\udd0b <strong>Bateria potente:<\/strong> bateria de cobalto puro 17350 850mAh com descarga de 5A para desempenho consistente.<\/li>\n<li>\ud83c\udfaf <strong>Vagens de sabores triplos:<\/strong> troque de sabor a qualquer momento com o sistema de c\u00e1psulas 3 em 1 \u2013 chega de fadiga de sabor!<\/li>\n<li>\ud83d\udcca <strong>Display inteligente:<\/strong> indicadores de n\u00edvel de bateria e e-l\u00edquido para que voc\u00ea nunca acabe inesperadamente.<\/li>\n<li>\u26a1 <strong>Carregamento r\u00e1pido:<\/strong> carregamento r\u00e1pido tipo C \u2013 passe mais tempo vaporizando e menos tempo esperando.<\/li>\n<li>\ud83d\uded2 <strong>Pronto para atacado:<\/strong> perfeito para lojas de vapor e compradores B2B que procuram op\u00e7\u00f5es em grandes quantidades.<\/li>\n<\/ul>\n<h3>Especifica\u00e7\u00f5es<\/h3>\n<table border=\"1\" cellpadding=\"5\">\n<tr>\n<td><strong>Contagem de sopros<\/strong><\/td>\n<td>At\u00e9 80.000 baforadas<\/td>\n<\/tr>\n<tr>\n<td><strong>Bateria<\/strong><\/td>\n<td>17350-850mAh cobalto puro, descarga 5A<\/td>\n<\/tr>\n<tr>\n<td><strong>Capacidade de E-L\u00edquido<\/strong><\/td>\n<td>60ml pr\u00e9-cheio<\/td>\n<\/tr>\n<tr>\n<td><strong>Bobina<\/strong><\/td>\n<td>Bobina de malha tripla de 0,8\u03a9<\/td>\n<\/tr>\n<tr>\n<td><strong>Sistema de sabores<\/strong><\/td>\n<td>Vagens de sabor triplo 3 em 1<\/td>\n<\/tr>\n<tr>\n<td><strong>Indicadores<\/strong><\/td>\n<td>Exibi\u00e7\u00e3o do n\u00edvel da bateria e do e-l\u00edquido<\/td>\n<\/tr>\n<tr>\n<td><strong>Carregamento<\/strong><\/td>\n<td>Carregamento r\u00e1pido tipo C<\/td>\n<\/tr>\n<tr>\n<td><strong>For\u00e7a da nicotina<\/strong><\/td>\n<td>0%\/2%\/3%\/5%<\/td>\n<\/tr>\n<tr>\n<td><strong>Embalagem<\/strong><\/td>\n<td>Pronto para atacado<\/td>\n<\/tr>\n<\/tbody>\n<h3>Sabores Dispon\u00edveis \ud83c\udf6d<\/h3>\n<ul>\n<li>\ud83c\udf53\ud83c\udf4c Morango, Banana e Framboesa, Melancia e Amor 666<\/li>\n<li>\ud83e\udd6d\ud83c\udf51 Frutas Tropicais e Morango, Melancia e Lim\u00e3o, P\u00eassego<\/li>\n<li>\ud83c\udf53\ud83e\udd64 Coca-Cola com Morango e Baunilha e Ma\u00e7\u00e3 Azeda, Framboesa e Lim\u00e3o-lim\u00e3o<\/li>\n<li>\ud83c\udf47\ud83c\udf53 Gelo Duplo de Uva e Morango, Manga e Mirtilo, Framboesa Azeda<\/li>\n<li>\ud83c\udf49\u2744\ufe0f Sorvete de melancia e sorvete de morango e mel\u00e3o triplo<\/li>\n<li>\ud83e\udd64\ud83c\udf49 Refrigerante de lim\u00e3o e goma de melancia e gelo de drag\u00e3o negro<\/li>\n<li>\ud83c\udf53\ud83e\uded0 Gelo Triple Berry e Manga, P\u00eassego e Morango Kiwi<\/li>\n<li>\ud83c\udf53\ud83c\udf4d Gelo de Morango e Melancia, Morango e Abacaxi, Manga, P\u00eassego<\/li>\n<li>\ud83e\udd65\ud83c\udf53 Abacaxi, Coco, Morango e Gelo Blue Razz<\/li>\n<li>\ud83c\udf4b\ud83e\udd6d Lim\u00e3o, lim\u00e3o e manga, p\u00eassego, melancia e gelo de mirtilo<\/li>\n<li>\ud83c\udf49\u26a1 Gelo de melancia e Red Bull e kiwi de morango<\/li>\n<li>\ud83c\udf53\ud83e\udd6d Morango Kiwi e Manga Azeda Abacaxi e Morango Red Bull<\/li>\n<\/ul>\n<h3>Perfeito para<\/h3>\n<p>Este dispositivo \u00e9 ideal para vapers pesados, ca\u00e7adores de sabores, lojas de vapor e distribui\u00e7\u00e3o no atacado. Os compradores a granel podem desfrutar de estoque f\u00e1cil e clientes satisfeitos gra\u00e7as \u00e0 sua enorme contagem de puffs e sabores premium. \ud83c\udfea\ud83d\udce6<\/p>\n<h3>Perguntas frequentes \ud83e\udd14<\/h3>\n<p><strong>P: Quanto tempo dura um BANGBOX 80K?<\/strong><br \/>\nR: Com at\u00e9 80.000 inala\u00e7\u00f5es, pode durar semanas ou at\u00e9 meses, dependendo do uso.<\/p>\n<p><strong>P: Posso recarreg\u00e1-lo?<\/strong><br \/>\nR: Sim! Ele vem com carregamento r\u00e1pido Tipo C para que voc\u00ea possa continuar vaporizando sem longos per\u00edodos de inatividade.<\/p>\n<p><strong>P: Existem op\u00e7\u00f5es sem nicotina?<\/strong><br \/>\nR: Com certeza \u2013 voc\u00ea pode escolher entre 0%, 2%, 3% ou 5% de concentra\u00e7\u00e3o de nicotina.<\/p>\n<p><strong>P: Isso \u00e9 bom para lojas de vapor?<\/strong><br \/>\nR: Sim \u2013 foi projetado para embalagens prontas para atacado e perfeito para clientes B2B.<\/p>\n<p><strong>P: Como posso trocar de sabor?<\/strong><br \/>\nR: Basta trocar entre as c\u00e1psulas de sabor triplo 3 em 1 \u2013 sem bagun\u00e7a, sem recarga.<\/p>\n<p>\ud83d\ude80 Prepare-se para estocar um dos <strong>vapes descart\u00e1veis \u200b\u200bcom maior n\u00famero de baforadas<\/strong> do mercado. BANGBOX 80K traz enorme capacidade, constru\u00e7\u00e3o premium e sabores incr\u00edveis \u2013 uma escolha perfeita para revendedores e amantes de vape!<\/p>\n","protected":false},"excerpt":{"rendered":"<p>\ud83d\udd25 Experimente <strong>80.000 baforadas enormes<\/strong> com sabores triplos em um \u00fanico dispositivo \u2013 perfeito para amantes de vape, usu\u00e1rios frequentes e compradores atacadistas! \ud83d\ude80<\/p>\n","protected":false},"featured_media":5883,"comment_status":"open","ping_status":"closed","template":"","meta":[],"product_brand":[],"product_cat":[363,1929],"product_tag":[],"class_list":{"0":"post-29483","1":"product","2":"type-product","3":"status-publish","4":"has-post-thumbnail","6":"product_cat-bang","7":"product_cat-novo","9":"first","10":"instock","11":"shipping-taxable","12":"purchasable","13":"product-type-variable","14":"has-default-attributes"},"tiered_pricing_type":"fixed","tiered_pricing_fixed_rules":{"30":8.6400000000000005684341886080801486968994140625,"50":6.910000000000000142108547152020037174224853515625,"100":6.6699999999999999289457264239899814128875732421875,"200":6.04999999999999982236431605997495353221893310546875,"400":5.7400000000000002131628207280300557613372802734375},"tiered_pricing_product_settings":{"layout":"default","base_unit_name":{"singular":null,"plural":null},"default_variation":null},"tiered_pricing_minimum_quantity":10,"tiered_pricing_roles_data":[],"tiered_pricing_percentage_rules":[],"tiered_pricing_maximum_quantity":null,"tiered_pricing_quantity_step":"10","_links":{"self":[{"href":"https:\/\/stage.jrfer.com\/pt\/wp-json\/wp\/v2\/product\/29483","targetHints":{"allow":["GET"]}}],"collection":[{"href":"https:\/\/stage.jrfer.com\/pt\/wp-json\/wp\/v2\/product"}],"about":[{"href":"https:\/\/stage.jrfer.com\/pt\/wp-json\/wp\/v2\/types\/product"}],"replies":[{"embeddable":true,"href":"https:\/\/stage.jrfer.com\/pt\/wp-json\/wp\/v2\/comments?post=29483"}],"wp:featuredmedia":[{"embeddable":true,"href":"https:\/\/stage.jrfer.com\/pt\/wp-json\/wp\/v2\/media\/5883"}],"wp:attachment":[{"href":"https:\/\/stage.jrfer.com\/pt\/wp-json\/wp\/v2\/media?parent=29483"}],"wp:term":[{"taxonomy":"product_brand","embeddable":true,"href":"https:\/\/stage.jrfer.com\/pt\/wp-json\/wp\/v2\/product_brand?post=29483"},{"taxonomy":"product_cat","embeddable":true,"href":"https:\/\/stage.jrfer.com\/pt\/wp-json\/wp\/v2\/product_cat?post=29483"},{"taxonomy":"product_tag","embeddable":true,"href":"https:\/\/stage.jrfer.com\/pt\/wp-json\/wp\/v2\/product_tag?post=29483"}],"curies":[{"name":"wp","href":"https:\/\/api.w.org\/{rel}","templated":true}]}}