{"id":32532,"date":"2025-07-07T09:21:41","date_gmt":"2025-07-07T09:21:41","guid":{"rendered":"https:\/\/stage.jrfer.com\/product\/okso-shisha-hookah-mega-50k-vape-descartavel-em-massa-de-bobina-de-malha-tripla-de-50-000-baforadas\/"},"modified":"2026-04-07T13:02:29","modified_gmt":"2026-04-07T13:02:29","slug":"okso-shisha-hookah-mega-50000","status":"publish","type":"product","link":"https:\/\/stage.jrfer.com\/pt\/product\/okso-shisha-hookah-mega-50000\/","title":{"rendered":"OKSO Shisha Hookah Mega 50K | Vape descart\u00e1vel em massa de bobina de malha tripla de 50.000 baforadas"},"content":{"rendered":"<h2>Por que escolher OKSO Shisha Hookah Mega 50000?<\/h2>\n<ul>\n<li><strong>Grande capacidade de baforadas:<\/strong> at\u00e9 50.000 baforadas para sess\u00f5es ultralongas \ud83d\ude80<\/li>\n<li><strong>Triple Mesh Coil:<\/strong> Vapor denso e sabores ousados em cada tragada \ud83c\udf2c\ufe0f<\/li>\n<li><strong>Enorme tanque de E-Liquid de 40mL:<\/strong> Pr\u00e9-preenchido para semanas de vaporiza\u00e7\u00e3o ininterrupta \ud83d\udce6<\/li>\n<li><strong>Op\u00e7\u00f5es flex\u00edveis de nicotina:<\/strong> dispon\u00edveis em 0%, 2%, 3% e 5% para todas as prefer\u00eancias \ud83d\udca7<\/li>\n<li><strong>Bateria recarreg\u00e1vel de 1100mAh:<\/strong> carregamento tipo C para energia r\u00e1pida e confi\u00e1vel \ud83d\udd0b\u26a1<\/li>\n<li><strong>Tela inteligente LED:<\/strong> monitore os n\u00edveis de bateria e e-l\u00edquido em tempo real \ud83d\udcca<\/li>\n<li><strong>Fluxo de ar ajust\u00e1vel:<\/strong> personalize sua resist\u00eancia \u00e0 tra\u00e7\u00e3o para uma experi\u00eancia semelhante \u00e0 do shisha \ud83c\udfaf<\/li>\n<li><strong>Design Premium:<\/strong> Corpo compacto de 141g, confort\u00e1vel para transportar e usar em qualquer lugar \ud83d\udc5c<\/li>\n<li><strong>Pronto para atacado:<\/strong> embalagens a granel o tornam perfeito para distribuidores e varejistas \ud83c\udfea<\/li>\n<\/ul>\n<h3>Especifica\u00e7\u00f5es<\/h3>\n<tr>\n<td><strong>Capacidade de sopro:<\/strong><\/td>\n<td>At\u00e9 50.000 baforadas<\/td>\n<\/tr>\n<tr>\n<td><strong>Capacidade do e-l\u00edquido:<\/strong><\/td>\n<td>40mL<\/td>\n<\/tr>\n<tr>\n<td><strong>Tipo de bobina:<\/strong><\/td>\n<td>Bobina de malha tripla<\/td>\n<\/tr>\n<tr>\n<td><strong>Bateria:<\/strong><\/td>\n<td>1100mAh recarreg\u00e1vel, carregamento tipo C<\/td>\n<\/tr>\n<tr>\n<td><strong>Op\u00e7\u00f5es de nicotina:<\/strong><\/td>\n<td>0%, 2%, 3%, 5%<\/td>\n<\/tr>\n<tr>\n<td><strong>Exibi\u00e7\u00e3o:<\/strong><\/td>\n<td>Tela inteligente LED (n\u00edvel de bateria e e-l\u00edquido)<\/td>\n<\/tr>\n<tr>\n<td><strong>Fluxo de ar:<\/strong><\/td>\n<td>Resist\u00eancia \u00e0 tra\u00e7\u00e3o ajust\u00e1vel<\/td>\n<\/tr>\n<tr>\n<td><strong>Peso e tamanho:<\/strong><\/td>\n<td>141g | 43\u00d743\u00d7135mm<\/td>\n<\/tr>\n<\/tbody>\n<h3>Sele\u00e7\u00e3o de sabores<\/h3>\n<p>O <strong>OKSO Shisha Hookah Mega 50K<\/strong> traz sabores do estilo shisha em misturas ousadas e refrescantes. Aqui est\u00e3o os destaques:<\/p>\n<ul>\n<li><strong>Gelo Exuberante:<\/strong> melancia doce com um toque gelado \ud83c\udf49\u2744\ufe0f<\/li>\n<li><strong>Duas Ma\u00e7\u00e3s:<\/strong> Sabor cl\u00e1ssico de shisha de ma\u00e7\u00e3 dupla \ud83c\udf4f\ud83c\udf4e<\/li>\n<li><strong>Chiclete de melancia e morango:<\/strong> Frutado, suculento e doce com um toque doce \ud83c\udf53\ud83c\udf49\ud83c\udf6c<\/li>\n<li><strong>Gelo de p\u00eassego:<\/strong> P\u00eassego suculento equilibrado com gelo refrescante \ud83c\udf51\u2744\ufe0f<\/li>\n<li><strong>Blueberry Framboesa Cereja:<\/strong> Uma explos\u00e3o tripla de frutas \ud83e\uded0\ud83c\udf47\ud83c\udf52<\/li>\n<li><strong>Amor 66:<\/strong> Mistura ex\u00f3tica inspirada em shisha com um toque frutado \ud83d\udc95\ud83c\udf4d<\/li>\n<li><strong>Gelo de manga:<\/strong> Manga tropical combinada com um final gelado \ud83e\udd6d\u2744\ufe0f<\/li>\n<li><strong>Morango Kiwi:<\/strong> Doce e picante, uma dupla refrescante \ud83c\udf53\ud83e\udd5d<\/li>\n<li><strong>Senhora Killa:<\/strong> Fus\u00e3o tropical ousada com do\u00e7ura suave \ud83c\udf34\ud83c\udf53<\/li>\n<li><strong>Gelo de Uva:<\/strong> Sabor cl\u00e1ssico de uva com um toque gelado \ud83c\udf47\u2744\ufe0f<\/li>\n<\/ul>\n<h3>Perfeito para Vapers e Distribuidores<\/h3>\n<p>O <strong>OKSO Shisha Hookah Mega 50K<\/strong> foi projetado para <strong>usu\u00e1rios intensos, entusiastas de sabores e f\u00e3s de shisha<\/strong>. Com suas 50.000 baforadas, bobina de malha tripla e amplas op\u00e7\u00f5es de nicotina, \u00e9 a escolha perfeita para lojas de vapor, distribuidores e atacadistas que buscam estocar produtos de alta demanda. \ud83d\udce6\ud83d\udcaf<\/p>\n<h3>Perguntas frequentes<\/h3>\n<ul>\n<li><strong>Quanto tempo dura o OKSO 50K?<\/strong><br \/>\nCom at\u00e9 50.000 baforadas e 40mL de e-l\u00edquido, pode durar semanas dependendo do uso.<\/li>\n<li><strong>Tem op\u00e7\u00f5es sem nicotina?<\/strong><br \/>\nSim, vem em n\u00edveis de nicotina de 0%, 2%, 3% e 5%.<\/li>\n<li><strong>\u00c9 recarreg\u00e1vel?<\/strong><br \/>\nSim, possui uma poderosa bateria recarreg\u00e1vel de 1100mAh com carregamento Tipo C.<\/li>\n<li><strong>O que o torna diferente de outros descart\u00e1veis?<\/strong><br \/>\nA bobina de malha tripla, controle de fluxo de ar, tela de LED e grande contagem de baforadas tornam-no uma op\u00e7\u00e3o premium.<\/li>\n<li><strong>\u00c9 bom para atacado?<\/strong><br \/>\nAbsolutamente! Pronto para uso a granel e popular entre os amantes de sabores do estilo shisha, \u00e9 ideal para prateleiras de varejo e distribuidores.<\/li>\n<\/ul>\n","protected":false},"excerpt":{"rendered":"<p>O <strong>OKSO Shisha Hookah Mega 50000<\/strong> \ud83d\udca8 \u00e9 um vaporizador descart\u00e1vel poderoso com grande n\u00famero de baforadas, desempenho de bobina de malha tripla e sabores premium inspirados no shisha. Perfeito para vapers pesados, lojas de vape e compradores atacadistas.<\/p>\n","protected":false},"featured_media":1612,"comment_status":"open","ping_status":"closed","template":"","meta":[],"product_brand":[],"product_cat":[634,1855],"product_tag":[],"class_list":{"0":"post-32532","1":"product","2":"type-product","3":"status-publish","4":"has-post-thumbnail","6":"product_cat-40000-sopros-vape-descartaveis","7":"product_cat-okso","9":"first","10":"instock","11":"shipping-taxable","12":"purchasable","13":"product-type-variable","14":"has-default-attributes"},"tiered_pricing_type":"fixed","tiered_pricing_fixed_rules":{"30":9.5,"50":8.9000000000000003552713678800500929355621337890625,"100":7.9000000000000003552713678800500929355621337890625,"200":7.20000000000000017763568394002504646778106689453125},"tiered_pricing_product_settings":{"layout":"default","base_unit_name":{"singular":null,"plural":null},"default_variation":null},"tiered_pricing_minimum_quantity":10,"tiered_pricing_roles_data":[],"tiered_pricing_percentage_rules":[],"tiered_pricing_maximum_quantity":null,"tiered_pricing_quantity_step":"10","_links":{"self":[{"href":"https:\/\/stage.jrfer.com\/pt\/wp-json\/wp\/v2\/product\/32532","targetHints":{"allow":["GET"]}}],"collection":[{"href":"https:\/\/stage.jrfer.com\/pt\/wp-json\/wp\/v2\/product"}],"about":[{"href":"https:\/\/stage.jrfer.com\/pt\/wp-json\/wp\/v2\/types\/product"}],"replies":[{"embeddable":true,"href":"https:\/\/stage.jrfer.com\/pt\/wp-json\/wp\/v2\/comments?post=32532"}],"wp:featuredmedia":[{"embeddable":true,"href":"https:\/\/stage.jrfer.com\/pt\/wp-json\/wp\/v2\/media\/1612"}],"wp:attachment":[{"href":"https:\/\/stage.jrfer.com\/pt\/wp-json\/wp\/v2\/media?parent=32532"}],"wp:term":[{"taxonomy":"product_brand","embeddable":true,"href":"https:\/\/stage.jrfer.com\/pt\/wp-json\/wp\/v2\/product_brand?post=32532"},{"taxonomy":"product_cat","embeddable":true,"href":"https:\/\/stage.jrfer.com\/pt\/wp-json\/wp\/v2\/product_cat?post=32532"},{"taxonomy":"product_tag","embeddable":true,"href":"https:\/\/stage.jrfer.com\/pt\/wp-json\/wp\/v2\/product_tag?post=32532"}],"curies":[{"name":"wp","href":"https:\/\/api.w.org\/{rel}","templated":true}]}}