{"id":34231,"date":"2025-09-11T12:58:16","date_gmt":"2025-09-11T12:58:16","guid":{"rendered":"https:\/\/stage.jrfer.com\/product\/bang-legend-120k-5-em-1-120-000-baforadas-vape-descartavel-em-massa-de-5-modos-para-atacado\/"},"modified":"2026-04-07T12:02:24","modified_gmt":"2026-04-07T12:02:24","slug":"bang-legend-120k-5-in-1-120000-puffs-mega-disposable-vape-with-5-flavor-modes","status":"publish","type":"product","link":"https:\/\/stage.jrfer.com\/pt\/product\/bang-legend-120k-5-in-1-120000-puffs-mega-disposable-vape-with-5-flavor-modes\/","title":{"rendered":"Bang Legend 120K 5 em 1 120.000 baforadas | Vape descart\u00e1vel em massa de 5 modos para atacado"},"content":{"rendered":"<h2>Por que escolher Bang Legend 120K?<\/h2>\n<ul>\n<li>\ud83d\udca8 <strong>Grande capacidade de inala\u00e7\u00e3o<\/strong> \u2014 At\u00e9 120.000 inala\u00e7\u00f5es para semanas de vaporiza\u00e7\u00e3o consistente.<\/li>\n<li>\ud83c\udfaf <strong>5 sabores independentes<\/strong> \u2014 Cada tanque tem sua pr\u00f3pria bobina de malha para um sabor puro e sem mistura.<\/li>\n<li>\ud83d\udd04 <strong>Troca f\u00e1cil de sabor<\/strong> \u2014 Gire o bocal para mudar instantaneamente para um tanque de sabor diferente.<\/li>\n<li>\ud83d\udd0b <strong>Energia recarreg\u00e1vel<\/strong> \u2014 bateria de 850mAh com carregamento r\u00e1pido tipo C para tempo de inatividade m\u00ednimo.<\/li>\n<li>\ud83d\udcdf <strong>Tela LED inteligente<\/strong> \u2014 Exibe o n\u00edvel da bateria, a contagem de tragadas e qual sabor est\u00e1 selecionado no momento.<\/li>\n<li>\u2699\ufe0f <strong>Design Premium<\/strong> \u2014 Cinco bobinas de malha proporcionam nuvens suaves e saborosas a cada tragada.<\/li>\n<li>\ud83d\udce6 <strong>Pronto para atacado<\/strong> \u2014 Embalado com 10 unidades por caixa para distribuidores, lojas de vapor e compradores a granel.<\/li>\n<li>\u2705 <strong>M\u00faltiplas op\u00e7\u00f5es de nicotina<\/strong> \u2014 Dispon\u00edvel em concentra\u00e7\u00f5es de nicotina de 2%, 3% e 5%.<\/li>\n<\/ul>\n<h3>Especifica\u00e7\u00f5es<\/h3>\n<table border=\"1\" cellpadding=\"6\">\n<tr>\n<td><strong>Nome do produto<\/strong><\/td>\n<td>Bang Legend 120K<\/td>\n<\/tr>\n<tr>\n<td><strong>Contagem de sopros<\/strong><\/td>\n<td>At\u00e9 120.000<\/td>\n<\/tr>\n<tr>\n<td><strong>For\u00e7a da nicotina<\/strong><\/td>\n<td>2%\/3%\/5%<\/td>\n<\/tr>\n<tr>\n<td><strong>Modos de sabor<\/strong><\/td>\n<td>5 sabores independentes (alternar girando o bocal)<\/td>\n<\/tr>\n<tr>\n<td><strong>Tanque de \u00f3leo<\/strong><\/td>\n<td>5 tanques separados<\/td>\n<\/tr>\n<tr>\n<td><strong>Bobina<\/strong><\/td>\n<td>5 bobinas de malha<\/td>\n<\/tr>\n<tr>\n<td><strong>Bateria<\/strong><\/td>\n<td>850mAh recarreg\u00e1vel<\/td>\n<\/tr>\n<tr>\n<td><strong>Tela LED<\/strong><\/td>\n<td>Sim \u2014 bateria, contagem de tragadas, indicador de sabor ativo<\/td>\n<\/tr>\n<tr>\n<td><strong>Porta de carregamento<\/strong><\/td>\n<td>Carregamento r\u00e1pido tipo C<\/td>\n<\/tr>\n<tr>\n<td><strong>Embalagem<\/strong><\/td>\n<td>10 unidades\/pacote (pronto para atacado)<\/td>\n<\/tr>\n<\/tbody>\n<h3>Sabores Dispon\u00edveis \ud83c\udf53\ud83c\udf49<\/h3>\n<p>Cada posi\u00e7\u00e3o no bocal ativa um tanque \u00fanico e separado. Aqui est\u00e3o algumas das combina\u00e7\u00f5es de sabores premium dispon\u00edveis:<\/p>\n<ul>\n<li>Bebida Energ\u00e9tica \u2022 Mirtilo Cereja \u2022 Ma\u00e7\u00e3 Uva \u2022 Melancia Dragoeira \u2022 Mamba<\/li>\n<li>Bebida energ\u00e9tica \u2022 Gelo de p\u00eassego \u2022 Gelo de manga \u2022 Uva com cranberry \u2022 Groselha preta<\/li>\n<li> Mirtilo Framboesa \u2022 P\u00eassego Manga Melancia \u2022 Coca-Cola Cereja \u2022 Uva Gelo Amora \u2022 Manga P\u00eassego Damasco<\/li>\n<li>Framboesa Mirtilo \u2022 Gelo Drag\u00e3o Negro \u2022 Doce Arco-\u00cdris \u2022 Gelo Fuji \u2022 P\u00eassego Azedo de Melancia<\/li>\n<li>Gelo de mirtilo \u2022 Kiwi Maracuj\u00e1 Goiaba \u2022 Mel\u00e3o Triplo \u2022 P\u00eassego Abacaxi \u2022 Beijo Apaixonado<\/li>\n<li>Gelado de mirtilo \u2022 Chiclete de melancia \u2022 Ma\u00e7\u00e3 azeda Framboesa \u2022 Fruta de l\u00f3tus Manga Mel\u00e3o \u2022 Maracuj\u00e1 Kiwi Lim\u00e3o<\/li>\n<li>Gelo de melancia \u2022 Mistura de frutas vermelhas \u2022 Ma\u00e7\u00e3 p\u00eara \u2022 Mirtilo hortel\u00e3 \u2022 Hor\u00e1rio de ver\u00e3o<\/li>\n<li>Gelo de melancia \u2022 Manga de morango \u2022 Cereja da Calif\u00f3rnia \u2022 Gelo de mirtilo e p\u00eassego \u2022 Fruta fresca<\/li>\n<li>Melancia com morango \u2022 Gelo de uva \u2022 Mojito vermelho \u2022 Gelo de banana \u2022 Lim\u00e3o e lim\u00e3o<\/li>\n<li>Melancia Morango \u2022 Ma\u00e7\u00e3 Mel\u00e3o \u2022 Cola Ice \u2022 Manga P\u00eassego \u2022 Love 66<\/li>\n<li>Morango Kiwi \u2022 Morango Banana \u2022 Lichia Gelada \u2022 Melancia Baga \u2022 Maracuj\u00e1 Manga<\/li>\n<li>Kiwi de morango \u2022 Melancia de mirtilo \u2022 Fudge de urso \u2022 Chiclete de mirtilo \u2022 Abacaxi de manga azeda<\/li>\n<\/ul>\n<h3>Como funciona<\/h3>\n<ul>\n<li>\ud83d\udd04 <strong>Trocar sabores:<\/strong> gire o bocal superior at\u00e9 que ele se encaixe na posi\u00e7\u00e3o para ativar um novo tanque.<\/li>\n<li>\ud83d\udee2\ufe0f <strong>Separa\u00e7\u00e3o de sabores:<\/strong> Cada um dos 5 tanques \u00e9 totalmente independente com sua pr\u00f3pria bobina, garantindo que n\u00e3o haja mistura de sabores.<\/li>\n<li>\ud83d\udcdf <strong>Monitore seu Vape:<\/strong> a tela de LED mostra o n\u00edvel da bateria, a contagem de baforadas e qual tanque est\u00e1 ativo.<\/li>\n<li>\ud83d\udd0c <strong>Recarregue facilmente:<\/strong> use a porta Type-C para carregar rapidamente e continuar vaporizando.<\/li>\n<\/ul>\n<h3>Perfeito para<\/h3>\n<p>Bang Legend 120K \u00e9 a escolha definitiva para <strong>usu\u00e1rios intensivos<\/strong> que desejam desempenho duradouro, <strong>ca\u00e7adores de sabores<\/strong> que amam variedade e <strong>lojas de vapor ou atacadistas<\/strong> que precisam de produtos confi\u00e1veis e com altas margens para estocar. \ud83c\udfea\ud83d\udce6<\/p>\n<h3>Perguntas frequentes \ud83e\udd14<\/h3>\n<p><strong>P: Posso misturar sabores?<\/strong><br \/>\nR: N\u00e3o. Bang Legend 120K tem 5 tanques separados \u2013 os sabores permanecem independentes. Voc\u00ea troca de sabores girando o bocal.<\/p>\n<p><strong>P: Como alterno entre sabores?<\/strong><br \/>\nR: Gire o bocal superior at\u00e9 que ele trave na posi\u00e7\u00e3o \u2014 a tela de LED mostrar\u00e1 qual tanque de sabor est\u00e1 ativo.<\/p>\n<p><strong>P: \u00c9 recarreg\u00e1vel?<\/strong><br \/>\nR: Sim, possui uma bateria recarreg\u00e1vel de 850mAh com carregamento r\u00e1pido Tipo C.<\/p>\n<p><strong>P: Quanto tempo durar\u00e3o 120.000 inala\u00e7\u00f5es?<\/strong><br \/>\nR: Depende do uso. Usu\u00e1rios moderados podem aproveitar por semanas ou meses. O contador de puffs ajuda voc\u00ea a acompanhar.<\/p>\n<p><strong>P: Quais dosagens de nicotina est\u00e3o dispon\u00edveis?<\/strong><br \/>\nR: Escolha entre 2%, 3% ou 5% dependendo do seu mercado ou prefer\u00eancia pessoal.<\/p>\n<p><strong>P: Qual \u00e9 a embalagem para atacado?<\/strong><br \/>\nR: Cada caixa cont\u00e9m 10 unidades, perfeita para exibi\u00e7\u00e3o no varejo e pedidos em grandes quantidades.<\/p>\n<p><strong>P: Como devo armazen\u00e1-lo?<\/strong><br \/>\nR: Mantenha em local fresco e seco, longe da luz solar direta, para obter a melhor qualidade de sabor.<\/p>\n<h3>Pronto para estoque<\/h3>\n<p>Leve o <strong>Bang Legend 120K<\/strong> para sua loja: um descart\u00e1vel de v\u00e1rios sabores, de longa dura\u00e7\u00e3o, recarreg\u00e1vel e girat\u00f3rio para trocar, que satisfaz tanto usu\u00e1rios casuais quanto usu\u00e1rios frequentes. Fa\u00e7a seu pedido no atacado hoje e fa\u00e7a com que seus clientes voltem sempre! \ud83d\ude9a\ud83d\udcbc<\/p>\n","protected":false},"excerpt":{"rendered":"<p>\ud83d\udd25 <strong>At\u00e9 120.000 baforadas<\/strong> com 5 tanques de sabores independentes \u2014 basta girar o bocal superior para trocar os sabores. Recarreg\u00e1vel, tela LED e embalagem pronta para atacado o tornam perfeito para lojas de vapor e usu\u00e1rios pesados. \ud83d\ude80<\/p>\n","protected":false},"featured_media":5856,"comment_status":"open","ping_status":"closed","template":"","meta":[],"product_brand":[],"product_cat":[363,1929],"product_tag":[],"class_list":{"0":"post-34231","1":"product","2":"type-product","3":"status-publish","4":"has-post-thumbnail","6":"product_cat-bang","7":"product_cat-novo","9":"first","10":"instock","11":"shipping-taxable","12":"purchasable","13":"product-type-variable","14":"has-default-attributes"},"tiered_pricing_type":"fixed","tiered_pricing_fixed_rules":{"30":11.300000000000000710542735760100185871124267578125,"50":8.269999999999999573674358543939888477325439453125,"100":8.019999999999999573674358543939888477325439453125,"200":7.410000000000000142108547152020037174224853515625,"400":7.04000000000000003552713678800500929355621337890625},"tiered_pricing_product_settings":{"layout":"default","base_unit_name":{"singular":null,"plural":null},"default_variation":null},"tiered_pricing_minimum_quantity":10,"tiered_pricing_roles_data":[],"tiered_pricing_percentage_rules":[],"tiered_pricing_maximum_quantity":null,"tiered_pricing_quantity_step":"10","_links":{"self":[{"href":"https:\/\/stage.jrfer.com\/pt\/wp-json\/wp\/v2\/product\/34231","targetHints":{"allow":["GET"]}}],"collection":[{"href":"https:\/\/stage.jrfer.com\/pt\/wp-json\/wp\/v2\/product"}],"about":[{"href":"https:\/\/stage.jrfer.com\/pt\/wp-json\/wp\/v2\/types\/product"}],"replies":[{"embeddable":true,"href":"https:\/\/stage.jrfer.com\/pt\/wp-json\/wp\/v2\/comments?post=34231"}],"wp:featuredmedia":[{"embeddable":true,"href":"https:\/\/stage.jrfer.com\/pt\/wp-json\/wp\/v2\/media\/5856"}],"wp:attachment":[{"href":"https:\/\/stage.jrfer.com\/pt\/wp-json\/wp\/v2\/media?parent=34231"}],"wp:term":[{"taxonomy":"product_brand","embeddable":true,"href":"https:\/\/stage.jrfer.com\/pt\/wp-json\/wp\/v2\/product_brand?post=34231"},{"taxonomy":"product_cat","embeddable":true,"href":"https:\/\/stage.jrfer.com\/pt\/wp-json\/wp\/v2\/product_cat?post=34231"},{"taxonomy":"product_tag","embeddable":true,"href":"https:\/\/stage.jrfer.com\/pt\/wp-json\/wp\/v2\/product_tag?post=34231"}],"curies":[{"name":"wp","href":"https:\/\/api.w.org\/{rel}","templated":true}]}}