{"id":35297,"date":"2026-03-12T04:24:29","date_gmt":"2026-03-12T04:24:29","guid":{"rendered":"https:\/\/stage.jrfer.com\/product\/poco-fr-80k-80000-puffs-4-em-1-bobina-de-malha-quadrupla-vape-descartavel-recarregavel\/"},"modified":"2026-04-07T11:02:43","modified_gmt":"2026-04-07T11:02:43","slug":"poco-fr-80k-80000-puffs-4-in-1-quad-mesh-coil-rechargeable-disposable-vape","status":"publish","type":"product","link":"https:\/\/stage.jrfer.com\/pt\/product\/poco-fr-80k-80000-puffs-4-in-1-quad-mesh-coil-rechargeable-disposable-vape\/","title":{"rendered":"POCO FR 80K | 80000 Puffs 4 em 1 Bobina de malha qu\u00e1drupla Vape descart\u00e1vel recarreg\u00e1vel"},"content":{"rendered":"<h2>\ud83d\udd25 Por que escolher POCO FR 80000 Puffs?<\/h2>\n<ul>\n<li>\ud83d\udca8 <strong>Massivas 80.000 baforadas:<\/strong> projetadas para uso de longo prazo \u2013 ideal para vapers pesados e revendedores.<\/li>\n<li>\ud83c\udfa8 <strong>4 sabores em 1 Vape:<\/strong> alterne entre quatro sabores premium sem esfor\u00e7o para uma variedade infinita.<\/li>\n<li>\u26a1 <strong>Sistema de bobina de malha qu\u00e1drupla:<\/strong> 4 bobinas de malha que melhoram o sabor fornecem vapor suave e sabor rico.<\/li>\n<li>\ud83d\udd0b <strong>Bateria recarreg\u00e1vel de 650mAh:<\/strong> o carregamento r\u00e1pido tipo C garante energia consistente at\u00e9 a \u00faltima tragada.<\/li>\n<li>\ud83e\uddc3 <strong>Capacidade de 60ml de E-l\u00edquido:<\/strong> Volume l\u00edquido generoso para uma divers\u00e3o ultralonga.<\/li>\n<li>\ud83d\udda5\ufe0f <strong>Design compacto e dur\u00e1vel:<\/strong> cabe perfeitamente na sua m\u00e3o e \u00e9 feito para durar com uma constru\u00e7\u00e3o s\u00f3lida.<\/li>\n<li>\ud83c\udff7\ufe0f <strong>Amig\u00e1vel para atacado:<\/strong> Embalado com 10 unidades por caixa \u2013 ideal para lojas e distribuidores de vapor.<\/li>\n<\/ul>\n<p><img decoding=\"async\" style=\"max-width: 100%;height: auto;display: block;margin: 0 auto\" src=\"https:\/\/aiviouvapes.com\/wp-content\/uploads\/2025\/11\/1111.jpg\" alt=\"POCO FR 80K\" title=\"\"><br \/>\n<img decoding=\"async\" src=\"https:\/\/aiviouvapes.com\/wp-content\/uploads\/2025\/11\/2222.jpg\" alt=\"POCO FR 80K\" title=\"\"><\/p>\n<p>\u00a0<\/p>\n<h2>\u2699\ufe0f Especifica\u00e7\u00f5es<\/h2>\n<tr>\n<td><strong>Contagem de sopros<\/strong><\/td>\n<td>80.000 baforadas<\/td>\n<\/tr>\n<tr>\n<td><strong>Capacidade de e-l\u00edquido<\/strong><\/td>\n<td>60ml<\/td>\n<\/tr>\n<tr>\n<td><strong>For\u00e7a da nicotina<\/strong><\/td>\n<td>5%<\/td>\n<\/tr>\n<tr>\n<td><strong>Bateria<\/strong><\/td>\n<td>650mAh recarreg\u00e1vel<\/td>\n<\/tr>\n<tr>\n<td><strong>Porta de carregamento<\/strong><\/td>\n<td>Tipo C<\/td>\n<\/tr>\n<tr>\n<td><strong>Tipo de bobina<\/strong><\/td>\n<td>Bobina de malha qu\u00e1drupla (x4)<\/td>\n<\/tr>\n<tr>\n<td><strong>Tamanho do dispositivo<\/strong><\/td>\n<td>100,5 \u00d7 42 \u00d7 44mm<\/td>\n<\/tr>\n<tr>\n<td><strong>Embalagem<\/strong><\/td>\n<td>10 unidades por caixa de exibi\u00e7\u00e3o<\/td>\n<\/tr>\n<\/tbody>\n<h2>\ud83c\udf53 Cole\u00e7\u00e3o de Sabores<\/h2>\n<p>Experimente o <strong>sistema de sabores 4 em 1<\/strong> do POCO FR \u2013 criado para transi\u00e7\u00f5es suaves e sabor equilibrado. Cada combina\u00e7\u00e3o oferece uma fus\u00e3o \u00fanica de tons frutados, gelados e doces para satisfazer todos os paladares. \ud83d\ude0b\ud83d\udc47<\/p>\n<ul>\n<li><b>1.<\/b>Morango Framboesa Cereja \u2013 Melancia Lichia \u2013 Mirtilo Morango \u2013 Bolo de Banana<\/li>\n<li><b>2.<\/b>Morango Melancia \u2013 Morango Framboesa Kiwi \u2013 Abacaxi Ma\u00e7\u00e3 \u2013 Cereja Oxicoco<\/li>\n<li><b>3.<\/b>Mirtilo Morango \u2013 Uva Oxicoco P\u00eassego \u2013 Bebida Energ\u00e9tica \u2013 Mirtilo Melancia<\/li>\n<li><b>4.<\/b>Limonada de mirtilo e framboesa \u2013 Morango Kiwi \u2013 Morango Manga \u2013 Mix de frutas silvestres<\/li>\n<li><b>5.<\/b>Morango Cereja \u2013 Framboesa Melancia \u2013 Mirtilo Cereja Cola \u2013 Manga Abacaxi<\/li>\n<li><b>6.<\/b>Cereja P\u00eassego Lim\u00e3o \u2013 Menta Fresca \u2013 Chiclete de Melancia \u2013 Gelo de Uva<\/li>\n<li><b>7.<\/b>Amora Oxicoco \u2013 Morango Banana \u2013 Mirtilo Framboesa Cereja \u2013 Mirtilo Kiwi<\/li>\n<li><b>8.<\/b>Gelo de melancia \u2013 Abacaxi Coco \u2013 P\u00eassego Manga Melancia \u2013 Cereja P\u00eassego Lim\u00e3o<\/li>\n<li><b>9.<\/b>Morango Uva \u2013 Ma\u00e7\u00e3 P\u00eassego \u2013 Morango Melancia \u2013 Gelo Preto Fruta Do Drag\u00e3o Morango<\/li>\n<li><b>10.<\/b>Mirtilo Framboesa Azeda \u2013 Kiwi Abacaxi Gelado \u2013 Uva Cereja \u2013 Aloe Uva<\/li>\n<li><strong>11.<\/strong>Morango Framboesa \u2013 Lim\u00e3o Lim\u00e3o \u2013 Mirtilo Gelo Preto \u2013 Maracuj\u00e1 Kiwi Goiaba<\/li>\n<li><strong>12.<\/strong>Baga Cereja Lima \u2013 Azedo Ma\u00e7\u00e3 \u2013 P\u00eassego Mirtilo Macio Doce \u2013 Morango Cola<\/li>\n<li><strong>13.<\/strong>Gelo Preto Fruta do Drag\u00e3o Morango \u2013 Gelo de Melancia \u2013 Gelo de Mirtilo \u2013 Gelo de P\u00eassego<\/li>\n<li><strong>14.<\/strong>Ma\u00e7\u00e3 azeda \u2013 Melancia Lim\u00e3o \u2013 Framboesa Melancia Lichia \u2013 Morango Cola<\/li>\n<li><strong>15.<\/strong>Babosa Uva \u2013 Framboesa P\u00eassego Lim\u00e3o \u2013 P\u00eassego Manga Melancia \u2013 Coca Cola<\/li>\n<\/ul>\n<h2>\ud83d\udcac Perguntas frequentes (FAQ)<\/h2>\n<p><strong>P:<\/strong> Quanto tempo dura um POCO FR 80000?<br \/>\n<strong>R:<\/strong> Com at\u00e9 80.000 inala\u00e7\u00f5es, pode durar v\u00e1rias semanas, dependendo dos seus h\u00e1bitos de vaporiza\u00e7\u00e3o.<\/p>\n<p><strong>P:<\/strong> Posso recarreg\u00e1-lo?<br \/>\n<strong>R:<\/strong> Sim! A bateria de 650mAh \u00e9 recarreg\u00e1vel tipo C, garantindo recarga eficiente para uso a longo prazo.<\/p>\n<p><strong>P:<\/strong> Inclui v\u00e1rios sabores?<br \/>\n<strong>R:<\/strong> Com certeza \u2013 cada dispositivo inclui quatro sabores distintos que voc\u00ea pode alternar a qualquer momento!<\/p>\n<p><strong>P:<\/strong> Para quem este dispositivo \u00e9 indicado?<br \/>\n<strong>R:<\/strong> Perfeito para <strong>vapers pesados, amantes de sabores<\/strong> e <strong>distribuidores atacadistas<\/strong> que buscam desempenho premium e satisfa\u00e7\u00e3o duradoura.<\/p>\n<h2>\ud83d\ude80 Perfeito para<\/h2>\n<p>O <strong>vape descart\u00e1vel 4 em 1 POCO FR 80K<\/strong> \u00e9 uma escolha de primeira linha para <strong>varejistas, lojas de vapor<\/strong> e <strong>distribuidores<\/strong> que valorizam variedade de sabores, desempenho e conveni\u00eancia. Ideal para os <strong>mercados europeus<\/strong> e para qualquer pessoa que queira nuvens poderosas com manuten\u00e7\u00e3o m\u00ednima. \ud83c\udf2c\ufe0f\ud83d\udc8e<\/p>\n","protected":false},"excerpt":{"rendered":"<p>Descubra o <strong>Vape Descart\u00e1vel POCO FR 80000 Puffs<\/strong> &#8211; apresentando <strong>4 sabores em 1 dispositivo<\/strong>, uma <strong>bateria recarreg\u00e1vel tipo C de 650mAh<\/strong> e tecnologia de <strong>bobina de malha qu\u00e1drupla<\/strong> para a melhor experi\u00eancia de vaporiza\u00e7\u00e3o duradoura. Perfeito para mercados retalhistas e grossistas em toda a Europa! \ud83c\udf0d\ud83d\udca8<\/p>\n","protected":false},"featured_media":6675,"comment_status":"open","ping_status":"closed","template":"","meta":[],"product_brand":[],"product_cat":[1751,1386,1615,1420,1453,1558],"product_tag":[],"class_list":{"0":"post-35297","1":"product","2":"type-product","3":"status-publish","4":"has-post-thumbnail","6":"product_cat-poco","7":"product_cat-vapes-descartaveis-na-alemanha","8":"product_cat-vapes-descartaveis-na-espanha","9":"product_cat-vapes-descartaveis-na-hungria","10":"product_cat-vapes-descartaveis-na-italia","11":"product_cat-vapes-descartaveis-na-polonia","13":"first","14":"instock","15":"shipping-taxable","16":"purchasable","17":"product-type-variable","18":"has-default-attributes"},"tiered_pricing_type":"fixed","tiered_pricing_fixed_rules":{"100":9.5,"200":8.9000000000000003552713678800500929355621337890625,"500":8.4000000000000003552713678800500929355621337890625},"tiered_pricing_product_settings":{"layout":"default","base_unit_name":{"singular":null,"plural":null},"default_variation":null},"tiered_pricing_minimum_quantity":50,"tiered_pricing_roles_data":[],"tiered_pricing_percentage_rules":[],"tiered_pricing_maximum_quantity":null,"tiered_pricing_quantity_step":"10","_links":{"self":[{"href":"https:\/\/stage.jrfer.com\/pt\/wp-json\/wp\/v2\/product\/35297","targetHints":{"allow":["GET"]}}],"collection":[{"href":"https:\/\/stage.jrfer.com\/pt\/wp-json\/wp\/v2\/product"}],"about":[{"href":"https:\/\/stage.jrfer.com\/pt\/wp-json\/wp\/v2\/types\/product"}],"replies":[{"embeddable":true,"href":"https:\/\/stage.jrfer.com\/pt\/wp-json\/wp\/v2\/comments?post=35297"}],"wp:featuredmedia":[{"embeddable":true,"href":"https:\/\/stage.jrfer.com\/pt\/wp-json\/wp\/v2\/media\/6675"}],"wp:attachment":[{"href":"https:\/\/stage.jrfer.com\/pt\/wp-json\/wp\/v2\/media?parent=35297"}],"wp:term":[{"taxonomy":"product_brand","embeddable":true,"href":"https:\/\/stage.jrfer.com\/pt\/wp-json\/wp\/v2\/product_brand?post=35297"},{"taxonomy":"product_cat","embeddable":true,"href":"https:\/\/stage.jrfer.com\/pt\/wp-json\/wp\/v2\/product_cat?post=35297"},{"taxonomy":"product_tag","embeddable":true,"href":"https:\/\/stage.jrfer.com\/pt\/wp-json\/wp\/v2\/product_tag?post=35297"}],"curies":[{"name":"wp","href":"https:\/\/api.w.org\/{rel}","templated":true}]}}