{"id":36533,"date":"2025-07-07T09:21:14","date_gmt":"2025-07-07T09:21:14","guid":{"rendered":"https:\/\/stage.jrfer.com\/product\/mrvi-df-40k-sabor-duplo-vape-descartavel-de-40-000-baforadas-com-bobina-de-malha-dupla\/"},"modified":"2026-04-07T13:11:46","modified_gmt":"2026-04-07T13:11:46","slug":"mrvi-df-40000-puffs","status":"publish","type":"product","link":"https:\/\/stage.jrfer.com\/pt\/product\/mrvi-df-40000-puffs\/","title":{"rendered":"MRVI DF 40K Sabor Duplo | Vape descart\u00e1vel de 40.000 baforadas com bobina de malha dupla"},"content":{"rendered":"<h2>Por que escolher MRVI DF 40K?<\/h2>\n<ul>\n<li><strong>Grande contagem de baforadas:<\/strong> at\u00e9 40.000 baforadas para semanas de vaporiza\u00e7\u00e3o \ud83d\udd25<\/li>\n<li><strong>Dual Mesh Coil:<\/strong> Sabor rico, toque suave na garganta e vapor denso \ud83c\udf2c\ufe0f<\/li>\n<li><strong>Combos de sabores duplos:<\/strong> experi\u00eancia de sabores 2 em 1 em todos os dispositivos \ud83c\udf53\ud83e\udd6d\ud83c\udf49<\/li>\n<li><strong>Bateria recarreg\u00e1vel:<\/strong> capacidade de 850mAh com carregamento r\u00e1pido tipo C \u26a1<\/li>\n<li><strong>Tanque grande de suco:<\/strong> 40mL pr\u00e9-cheio com e-l\u00edquido premium \ud83c\udf79<\/li>\n<li><strong>Op\u00e7\u00f5es de nicotina:<\/strong> Escolha entre 2% ou 5% de nicotina sem tabaco \ud83d\udcaf<\/li>\n<li><strong>Compacto e ergon\u00f4mico:<\/strong> design de bolso para uso em qualquer lugar \ud83d\udee9\ufe0f<\/li>\n<li><strong>Pronto para atacado:<\/strong> Embalado com 10 unidades por caixa de exibi\u00e7\u00e3o, \u00f3timo para distribuidores \ud83d\udce6<\/li>\n<\/ul>\n<h3>Especifica\u00e7\u00f5es<\/h3>\n<tr>\n<td><strong>Capacidade de sopro:<\/strong><\/td>\n<td>At\u00e9 40.000 baforadas<\/td>\n<\/tr>\n<tr>\n<td><strong>Capacidade do e-l\u00edquido:<\/strong><\/td>\n<td>40mL<\/td>\n<\/tr>\n<tr>\n<td><strong>Bateria:<\/strong><\/td>\n<td>850mAh recarreg\u00e1vel (carregamento tipo C)<\/td>\n<\/tr>\n<tr>\n<td><strong>Tipo de bobina:<\/strong><\/td>\n<td>Bobina de malha dupla<\/td>\n<\/tr>\n<tr>\n<td><strong>Pot\u00eancias da nicotina:<\/strong><\/td>\n<td>2% ou 5%<\/td>\n<\/tr>\n<tr>\n<td><strong>Ativa\u00e7\u00e3o:<\/strong><\/td>\n<td>Inspire para ativar, sem bot\u00f5es<\/td>\n<\/tr>\n<tr>\n<td><strong>Tamanho do dispositivo:<\/strong><\/td>\n<td>92*41*19mm (compacto e ergon\u00f4mico)<\/td>\n<\/tr>\n<tr>\n<td><strong>Pacote de atacado:<\/strong><\/td>\n<td>10PCS por caixa de exibi\u00e7\u00e3o<\/td>\n<\/tr>\n<\/tbody>\n<h3>Op\u00e7\u00f5es de sabores<\/h3>\n<p>O <strong>MRVI DF 40K<\/strong> leva o sabor para o pr\u00f3ximo n\u00edvel com <strong>combina\u00e7\u00f5es de sabores duplos<\/strong> em cada dispositivo \u2013 o dobro do sabor, o dobro da divers\u00e3o! \ud83c\udf89<\/p>\n<ul>\n<li><strong>Blueberry Melancia e Morango Manga:<\/strong> Uma explos\u00e3o frutada de frutas vermelhas, mel\u00e3o e do\u00e7ura tropical \ud83c\udf53\ud83c\udf49\ud83e\udd6d<\/li>\n<li><strong>Gelo de melancia e doce de arco-\u00edris:<\/strong> frescor fresco do mel\u00e3o com um toque doce \ud83c\udf49\ud83c\udf6c\u2744\ufe0f<\/li>\n<li><strong>Red Bull &amp; Coffee Ice:<\/strong> mistura energ\u00e9tica de Red Bull efervescente e caf\u00e9 gelado \u2615\u26a1<\/li>\n<li><strong>Abacaxi, Coco e Limonada Rosa:<\/strong> Para\u00edso tropical com um toque c\u00edtrico \ud83c\udf4d\ud83e\udd65\ud83c\udf4b<\/li>\n<li><strong>Triple Berry Ice e Black Groselha Ice:<\/strong> medley de frutas vermelhas com um final gelado \ud83e\uded0\ud83c\udf53\u2744\ufe0f<\/li>\n<li><strong>P\u00eassego, Manga e Ma\u00e7\u00e3 Azeda:<\/strong> Do\u00e7ura suculenta equilibrada com ma\u00e7\u00e3 verde azeda \ud83c\udf51\ud83e\udd6d\ud83c\udf4f<\/li>\n<li><strong>Black Dragon Ice e Blueberry Cranberry:<\/strong> Mistura ousada e refrescante de frutas escuras ex\u00f3ticas e frutas vermelhas picantes \ud83d\udc09\ud83e\uded0<\/li>\n<li><strong>Morango, Kiwi e Gelo de Uva:<\/strong> Duo de frutas agridoces com acabamento gelado de uva \ud83c\udf53\ud83e\udd5d\ud83c\udf47<\/li>\n<\/ul>\n<h3>Perfeito para amantes de Vape e compradores por atacado<\/h3>\n<p>O <strong>MRVI DF 40K<\/strong> foi desenvolvido para <strong>vapers pesados, ca\u00e7adores de sabores e propriet\u00e1rios de lojas<\/strong> que precisam de um dispositivo que combine <strong>grande capacidade de puff, sabor premium e embalagens prontas para atacado<\/strong>. Com inova\u00e7\u00e3o de dois sabores e desempenho suave, \u00e9 a melhor escolha para os mercados <strong>B2C e B2B<\/strong>. \ud83d\udce6\ud83d\udd25<\/p>\n<h3>Perguntas frequentes<\/h3>\n<ul>\n<li><strong>Quanto tempo dura o MRVI DF 40K?<\/strong><br \/>\nAt\u00e9 40.000 baforadas, dependendo do estilo de uso.<\/li>\n<li><strong>\u00c9 recarreg\u00e1vel?<\/strong><br \/>\nSim, com bateria de 850mAh e carregamento r\u00e1pido Tipo C.<\/li>\n<li><strong>Ele usa bot\u00f5es?<\/strong><br \/>\nN\u00e3o, \u00e9 ativado por inala\u00e7\u00e3o para facilitar o uso.<\/li>\n<li><strong>O que o torna \u00fanico?<\/strong><br \/>\nO <strong>sistema de sabor duplo<\/strong>, a <strong>bobina de malha dupla<\/strong> e o <strong>design compacto inteligente<\/strong> o diferenciam.<\/li>\n<li><strong>\u00c9 bom para atacado?<\/strong><br \/>\nSim! Ele vem em caixas de exibi\u00e7\u00e3o de 10 unidades, perfeitas para distribuidores e varejistas de vapor.<\/li>\n<\/ul>\n","protected":false},"excerpt":{"rendered":"<p class=\"\" data-start=\"97\" data-end=\"366\">O <strong>MRVI DF 40K<\/strong> \ud83d\udca8 oferece at\u00e9 <strong>40.000 baforadas suaves<\/strong> com combina\u00e7\u00f5es de sabores duplos, bobinas de malha dupla e uma bateria recarreg\u00e1vel &#8211; perfeito para <strong>compradores atacadistas, lojas de vapor e usu\u00e1rios frequentes<\/strong>.<\/p>\n","protected":false},"featured_media":1576,"comment_status":"open","ping_status":"closed","template":"","meta":[],"product_brand":[],"product_cat":[634,1722,1101,1132],"product_tag":[],"class_list":{"0":"post-36533","1":"product","2":"type-product","3":"status-publish","4":"has-post-thumbnail","6":"product_cat-40000-sopros-vape-descartaveis","7":"product_cat-mrvi","8":"product_cat-vapes-de-malha-dupla","9":"product_cat-vapes-de-sabor-duplo","11":"first","12":"instock","13":"shipping-taxable","14":"purchasable","15":"product-type-variable","16":"has-default-attributes"},"tiered_pricing_type":"fixed","tiered_pricing_fixed_rules":{"100":6.11000000000000031974423109204508364200592041015625,"200":5.4900000000000002131628207280300557613372802734375,"400":5.17999999999999971578290569595992565155029296875},"tiered_pricing_product_settings":{"layout":"default","base_unit_name":{"singular":null,"plural":null},"default_variation":null},"tiered_pricing_minimum_quantity":50,"tiered_pricing_roles_data":[],"tiered_pricing_percentage_rules":[],"tiered_pricing_maximum_quantity":null,"tiered_pricing_quantity_step":"10","_links":{"self":[{"href":"https:\/\/stage.jrfer.com\/pt\/wp-json\/wp\/v2\/product\/36533","targetHints":{"allow":["GET"]}}],"collection":[{"href":"https:\/\/stage.jrfer.com\/pt\/wp-json\/wp\/v2\/product"}],"about":[{"href":"https:\/\/stage.jrfer.com\/pt\/wp-json\/wp\/v2\/types\/product"}],"replies":[{"embeddable":true,"href":"https:\/\/stage.jrfer.com\/pt\/wp-json\/wp\/v2\/comments?post=36533"}],"wp:featuredmedia":[{"embeddable":true,"href":"https:\/\/stage.jrfer.com\/pt\/wp-json\/wp\/v2\/media\/1576"}],"wp:attachment":[{"href":"https:\/\/stage.jrfer.com\/pt\/wp-json\/wp\/v2\/media?parent=36533"}],"wp:term":[{"taxonomy":"product_brand","embeddable":true,"href":"https:\/\/stage.jrfer.com\/pt\/wp-json\/wp\/v2\/product_brand?post=36533"},{"taxonomy":"product_cat","embeddable":true,"href":"https:\/\/stage.jrfer.com\/pt\/wp-json\/wp\/v2\/product_cat?post=36533"},{"taxonomy":"product_tag","embeddable":true,"href":"https:\/\/stage.jrfer.com\/pt\/wp-json\/wp\/v2\/product_tag?post=36533"}],"curies":[{"name":"wp","href":"https:\/\/api.w.org\/{rel}","templated":true}]}}