{"id":40443,"date":"2025-07-07T09:28:39","date_gmt":"2025-07-07T09:28:39","guid":{"rendered":"https:\/\/stage.jrfer.com\/product\/randm-fumot-tornado-20k-vape-descartavel-cristalino-de-20-000-baforadas\/"},"modified":"2026-04-07T12:17:35","modified_gmt":"2026-04-07T12:17:35","slug":"randm-fumot-tornado-20000-puffs","status":"publish","type":"product","link":"https:\/\/stage.jrfer.com\/pt\/product\/randm-fumot-tornado-20000-puffs\/","title":{"rendered":"RandM Fumot Tornado 20K | Vape descart\u00e1vel cristalino de 20.000 baforadas"},"content":{"rendered":"<h2>Por que escolher RandM Fumot Tornado 20K?<\/h2>\n<ul>\n<li><strong>20.000 baforadas:<\/strong> obtenha desempenho duradouro com at\u00e9 20.000 baforadas, tornando-o perfeito para vaporiza\u00e7\u00e3o durante todo o dia e usu\u00e1rios pesados \ud83d\udd25\ud83d\udca8<\/li>\n<li><strong>Bobina de malha dupla:<\/strong> Desfrute de um sabor suave e rico com a bobina de malha dupla avan\u00e7ada, proporcionando melhor sabor e produ\u00e7\u00e3o de vapor \ud83c\udfc6<\/li>\n<li><strong>Corpo cristalino:<\/strong> Um design elegante e elegante com um corpo transparente para ver o seu n\u00edvel de e-l\u00edquido em todos os momentos \ud83d\udc8e<\/li>\n<li><strong>Grande capacidade de e-l\u00edquido:<\/strong> 20mL de e-l\u00edquido garantem menos recargas e um prazer de vaporiza\u00e7\u00e3o consistente \ud83c\udf1f<\/li>\n<li><strong>Bateria recarreg\u00e1vel:<\/strong> A bateria recarreg\u00e1vel de 850mAh garante uso duradouro com carregamento r\u00e1pido tipo C \u26a1\ud83d\udd0b<\/li>\n<li><strong>Indicador de \u00f3leo e bateria:<\/strong> monitore facilmente os n\u00edveis de seu e-l\u00edquido e bateria para garantir que voc\u00ea nunca seja pego de surpresa \ud83d\udcca<\/li>\n<li><strong>Variedade de sabores:<\/strong> Uma grande variedade de sabores deliciosos para escolher, perfeitos para ca\u00e7adores de sabores que procuram variedade \ud83c\udf53\ud83c\udf49\ud83c\udf6c<\/li>\n<\/ul>\n<h3>Especifica\u00e7\u00f5es<\/h3>\n<tr>\n<td><strong>Capacidade de sopro:<\/strong><\/td>\n<td>At\u00e9 20.000 baforadas<\/td>\n<\/tr>\n<tr>\n<td><strong>Capacidade do e-l\u00edquido:<\/strong><\/td>\n<td>20mL<\/td>\n<\/tr>\n<tr>\n<td><strong>Bateria:<\/strong><\/td>\n<td>850mAh recarreg\u00e1vel (Tipo C)<\/td>\n<\/tr>\n<tr>\n<td><strong>Tipo de bobina:<\/strong><\/td>\n<td>Bobina de malha dupla<\/td>\n<\/tr>\n<tr>\n<td><strong>Op\u00e7\u00f5es de nicotina:<\/strong><\/td>\n<td>2%, 3%, 5%<\/td>\n<\/tr>\n<tr>\n<td><strong>Exibi\u00e7\u00e3o:<\/strong><\/td>\n<td>Indicador de \u00f3leo e bateria<\/td>\n<\/tr>\n<tr>\n<td><strong>Design:<\/strong><\/td>\n<td>Corpo cristalino<\/td>\n<\/tr>\n<\/tbody>\n<h3>Cole\u00e7\u00e3o de sabores<\/h3>\n<p>O RandM Fumot Tornado 20K oferece uma ampla variedade de sabores emocionantes que ir\u00e3o satisfazer o gosto de qualquer vaper. Aqui est\u00e3o alguns favoritos dos f\u00e3s:<\/p>\n<ul>\n<li><strong>Rebu\u00e7ado de Mirtilo e Framboesa:<\/strong> Uma mistura doce e azeda de mirtilo e framboesa em um sabor nost\u00e1lgico de doce \ud83c\udf47\ud83c\udf6c<\/li>\n<li><strong>Azul Razz:<\/strong> Uma framboesa azul ousada e picante que oferece um toque doce e \u00e1cido \ud83c\udf47\ud83c\udf6d<\/li>\n<li><strong>Kiwi de Morango:<\/strong> Uma deliciosa combina\u00e7\u00e3o de morangos doces e kiwi azedo para uma experi\u00eancia de vaporiza\u00e7\u00e3o refrescante \ud83c\udf53\ud83e\udd5d<\/li>\n<li><strong>P\u00eassego Abacaxi Laranja:<\/strong> Uma mistura tropical de p\u00eassego suculento, abacaxi e laranja picante \ud83c\udf51\ud83c\udf4d\ud83c\udf4a<\/li>\n<li><strong>Skittles:<\/strong> um sabor divertido e frutado inspirado no doce ic\u00f4nico \ud83c\udf6c\ud83c\udf08<\/li>\n<li><strong>Melancia P\u00eassego e Manga:<\/strong> Uma mistura suculenta de p\u00eassego, manga e melancia para um vapor doce e tropical \ud83c\udf51\ud83e\udd6d\ud83c\udf49<\/li>\n<li><strong>Sorvete de Morango:<\/strong> Delicie-se com o sabor doce e cremoso do sorvete de morango \ud83c\udf66\ud83c\udf53<\/li>\n<li><strong>Gelo de melancia:<\/strong> Um sabor refrescante e gelado de melancia, perfeito para dias quentes \ud83c\udf49\u2744\ufe0f<\/li>\n<li><strong>Baga Mista:<\/strong> Uma mistura doce e picante de v\u00e1rias frutas silvestres, perfeita para os amantes de frutas silvestres \ud83c\udf47\ud83c\udf53\ud83c\udf52<\/li>\n<li><strong>Mel\u00e3o Lichia:<\/strong> Uma fus\u00e3o tropical de lichia e mel\u00e3o para uma experi\u00eancia doce e ex\u00f3tica \ud83c\udf48\ud83c\udf47<\/li>\n<li><strong>Lim\u00e3o Cereja:<\/strong> Um equil\u00edbrio perfeito entre cereja doce e lim\u00e3o azedo \ud83c\udf52\ud83c\udf4b<\/li>\n<li><strong>Abacaxi Lim\u00e3o Ma\u00e7\u00e3:<\/strong> Uma mistura picante de abacaxi, lim\u00e3o e ma\u00e7\u00e3 para um vapor picante \ud83c\udf4d\ud83c\udf4b\ud83c\udf4f<\/li>\n<li><strong>Senhor Azul:<\/strong> Uma mistura azul misteriosa e frutada, perfeita para vapers aventureiros \ud83d\udc99<\/li>\n<li><strong>Framboesa Azeda de Mirtilo:<\/strong> Uma combina\u00e7\u00e3o agridoce de mirtilos e framboesas \ud83e\uded0\ud83c\udf47<\/li>\n<li><strong>Baga De P\u00eassego:<\/strong> Uma mistura suculenta de p\u00eassegos maduros e frutas vermelhas doces \ud83c\udf51\ud83c\udf53<\/li>\n<li><strong>Ursinho de goma Razz Azul:<\/strong> Um sabor de razz azul inspirado em doces com um toque de goma \ud83c\udf47\ud83c\udf6c<\/li>\n<li><strong>Hortel\u00e3 Fresca:<\/strong> Um sabor refrescante de menta que refresca seus sentidos \ud83c\udf3f\u2744\ufe0f<\/li>\n<li><strong>Blueberry Ice:<\/strong> Mirtilos doces com um final gelado e fresco \ud83e\uded0\u2744\ufe0f<\/li>\n<li><strong>Gelo de cacto:<\/strong> um sabor \u00fanico de cacto com um toque gelado \ud83c\udf35\u2744\ufe0f<\/li>\n<li><strong>Lim\u00e3o Uva Vermelha:<\/strong> Uma mistura picante de uvas vermelhas e lim\u00e3o para um vapor vibrante \ud83c\udf47\ud83c\udf4b<\/li>\n<li><strong>Cola Lim\u00e3o:<\/strong> um sabor cl\u00e1ssico de cola com um toque picante de lim\u00e3o \ud83e\udd64\ud83c\udf4b<\/li>\n<li><strong>Ma\u00e7\u00e3 Groselha:<\/strong> Uma mistura suave de groselha preta e ma\u00e7\u00e3 crocante \ud83c\udf4f\ud83c\udf47<\/li>\n<li><strong>Cacto Kiwi:<\/strong> Uma mistura tropical de cacto e kiwi para uma experi\u00eancia refrescante \ud83e\udd5d\ud83c\udf35<\/li>\n<li><strong>Coca-Cola Gelada:<\/strong> Uma cola com g\u00e1s com um toque gelado e refrescante \ud83e\udd64\u2744\ufe0f<\/li>\n<\/ul>\n<h3>Perfeito para usu\u00e1rios frequentes, ca\u00e7adores de sabores e compradores atacadistas<\/h3>\n<p>O RandM Fumot Tornado 20K foi projetado para ca\u00e7adores de sabores e usu\u00e1rios pesados que desejam um vape satisfat\u00f3rio e duradouro. Com suas enormes 20.000 baforadas e bateria recarreg\u00e1vel, \u00e9 perfeito para lojas de vapor e distribuidores atacadistas. Fa\u00e7a um estoque hoje e ofere\u00e7a aos seus clientes a melhor experi\u00eancia de vape descart\u00e1vel! \ud83d\uded2\ud83d\ude80<\/p>\n<h3>Perguntas frequentes<\/h3>\n<ul>\n<li><strong>Quantas tragadas dura o RandM Fumot Tornado 20K?<\/strong><br \/>\nO RandM Fumot Tornado 20K oferece at\u00e9 20.000 baforadas, proporcionando uma experi\u00eancia de vaporiza\u00e7\u00e3o duradoura.<\/li>\n<li><strong>Quais dosagens de nicotina est\u00e3o dispon\u00edveis?<\/strong><br \/>\nEscolha entre op\u00e7\u00f5es de 2%, 3% ou 5% de nicotina de acordo com suas prefer\u00eancias.<\/li>\n<li><strong>Como carrego o dispositivo?<\/strong><br \/>\nO dispositivo possui uma bateria recarreg\u00e1vel de 850mAh com carregamento Tipo C para inicializa\u00e7\u00e3o r\u00e1pida e f\u00e1cil.<\/li>\n<li><strong>Quais sabores est\u00e3o inclu\u00eddos?<\/strong><br \/>\nO RandM Fumot Tornado 20K oferece uma ampla variedade de mais de 20 sabores emocionantes, desde misturas frutadas at\u00e9 mentol fresco e op\u00e7\u00f5es inspiradas em doces.<\/li>\n<li><strong>Posso comprar a granel para minha loja de vaporiza\u00e7\u00e3o?<\/strong><br \/>\nSim, este produto est\u00e1 dispon\u00edvel para distribui\u00e7\u00e3o no atacado, o que o torna perfeito para lojas de vapor que buscam estocar produtos descart\u00e1veis de alta qualidade.<\/li>\n<\/ul>\n","protected":false},"excerpt":{"rendered":"<p>Experimente at\u00e9 20.000 baforadas com o RandM Fumot Tornado 20K! O design cristalino, a bobina de malha dupla e uma variedade de sabores ousados \u200b\u200btornam-no a melhor escolha para vapers pesados \u200b\u200be lojas de vape. Perfeito para distribuidores que desejam estocar descart\u00e1veis \u200b\u200bpremium. \ud83d\udca8\ud83c\udf53\ud83c\udf4d<\/p>\n","protected":false},"featured_media":4019,"comment_status":"open","ping_status":"closed","template":"","meta":[],"product_brand":[],"product_cat":[361,1929],"product_tag":[],"class_list":{"0":"post-40443","1":"product","2":"type-product","3":"status-publish","4":"has-post-thumbnail","6":"product_cat-aleatorio","7":"product_cat-novo","9":"first","10":"instock","11":"shipping-taxable","12":"purchasable","13":"product-type-variable","14":"has-default-attributes"},"tiered_pricing_type":"fixed","tiered_pricing_fixed_rules":{"30":8.949999999999999289457264239899814128875732421875,"50":7.21999999999999975131004248396493494510650634765625,"100":6.5999999999999996447286321199499070644378662109375,"200":6.230000000000000426325641456060111522674560546875,"400":5.79999999999999982236431605997495353221893310546875},"tiered_pricing_product_settings":{"layout":"default","base_unit_name":{"singular":null,"plural":null},"default_variation":null},"tiered_pricing_minimum_quantity":10,"tiered_pricing_roles_data":[],"tiered_pricing_percentage_rules":[],"tiered_pricing_maximum_quantity":null,"tiered_pricing_quantity_step":"10","_links":{"self":[{"href":"https:\/\/stage.jrfer.com\/pt\/wp-json\/wp\/v2\/product\/40443","targetHints":{"allow":["GET"]}}],"collection":[{"href":"https:\/\/stage.jrfer.com\/pt\/wp-json\/wp\/v2\/product"}],"about":[{"href":"https:\/\/stage.jrfer.com\/pt\/wp-json\/wp\/v2\/types\/product"}],"replies":[{"embeddable":true,"href":"https:\/\/stage.jrfer.com\/pt\/wp-json\/wp\/v2\/comments?post=40443"}],"wp:featuredmedia":[{"embeddable":true,"href":"https:\/\/stage.jrfer.com\/pt\/wp-json\/wp\/v2\/media\/4019"}],"wp:attachment":[{"href":"https:\/\/stage.jrfer.com\/pt\/wp-json\/wp\/v2\/media?parent=40443"}],"wp:term":[{"taxonomy":"product_brand","embeddable":true,"href":"https:\/\/stage.jrfer.com\/pt\/wp-json\/wp\/v2\/product_brand?post=40443"},{"taxonomy":"product_cat","embeddable":true,"href":"https:\/\/stage.jrfer.com\/pt\/wp-json\/wp\/v2\/product_cat?post=40443"},{"taxonomy":"product_tag","embeddable":true,"href":"https:\/\/stage.jrfer.com\/pt\/wp-json\/wp\/v2\/product_tag?post=40443"}],"curies":[{"name":"wp","href":"https:\/\/api.w.org\/{rel}","templated":true}]}}