{"id":43209,"date":"2025-07-07T09:28:39","date_gmt":"2025-07-07T09:28:39","guid":{"rendered":"https:\/\/stage.jrfer.com\/product\/bang-king-85k-3-em-1-85-000-baforadas-vaporizador-descartavel-a-granel-de-sabor-triplo\/"},"modified":"2026-04-07T08:57:47","modified_gmt":"2026-04-07T08:57:47","slug":"bang-king-85k","status":"publish","type":"product","link":"https:\/\/stage.jrfer.com\/pt\/product\/bang-king-85k\/","title":{"rendered":"Bang King 85K 3 em 1 | 85.000 baforadas vaporizador descart\u00e1vel a granel de sabor triplo"},"content":{"rendered":"<h2>Por que escolher Bang King 85K 3 em 1?<\/h2>\n<ul>\n<li><strong>85.000 baforadas:<\/strong> desfrute de at\u00e9 85.000 baforadas de pura satisfa\u00e7\u00e3o, perfeitas para vapers de longo prazo e usu\u00e1rios pesados \ud83d\udd25\ud83d\udca8<\/li>\n<li><strong>Ajuste triplo de sabor:<\/strong> alterne entre tr\u00eas sabores incr\u00edveis em um dispositivo para ter sempre uma experi\u00eancia \u00fanica \ud83c\udf53\ud83c\udf4d\ud83c\udf49<\/li>\n<li><strong>Bobina de malha tripla:<\/strong> Equipada com uma bobina de malha tripla de 1,0\u03a9, proporcionando batidas ultra suaves e entrega de sabor aprimorada \ud83d\udd25<\/li>\n<li><strong>Capacidade generosa de e-l\u00edquido:<\/strong> Uma enorme capacidade de e-l\u00edquido de 63mL (21mL x 3) garante menos recargas para vaporiza\u00e7\u00e3o ininterrupta \u26fd<\/li>\n<li><strong>Recarreg\u00e1vel e conveniente:<\/strong> com uma bateria recarreg\u00e1vel de 600mAh com carregamento tipo C para inicializa\u00e7\u00e3o r\u00e1pida \u26a1\ud83d\udd0b<\/li>\n<li><strong>Display LED:<\/strong> Mantenha-se informado com a tela LED do dispositivo exibindo o status da bateria e do sabor \ud83d\udcca\u2728<\/li>\n<li><strong>Embalagem a granel:<\/strong> Dispon\u00edvel em embalagens de 10, perfeitas para lojas de vapor e distribui\u00e7\u00e3o no atacado \ud83d\udce6\ud83d\udcbc<\/li>\n<\/ul>\n<h3>Especifica\u00e7\u00f5es<\/h3>\n<tr>\n<td><strong>Contagem de sopros:<\/strong><\/td>\n<td>At\u00e9 85.000 baforadas<\/td>\n<\/tr>\n<tr>\n<td><strong>For\u00e7a da nicotina:<\/strong><\/td>\n<td>0%, 2%, 3%, 5%<\/td>\n<\/tr>\n<tr>\n<td><strong>Capacidade do e-l\u00edquido:<\/strong><\/td>\n<td>63mL (21mL \u00d7 3 sabores)<\/td>\n<\/tr>\n<tr>\n<td><strong>Tipo de bobina:<\/strong><\/td>\n<td>Bobina de malha tripla (1,0\u03a9)<\/td>\n<\/tr>\n<tr>\n<td><strong>Capacidade da bateria:<\/strong><\/td>\n<td>600mAh recarreg\u00e1vel<\/td>\n<\/tr>\n<tr>\n<td><strong>Carregamento:<\/strong><\/td>\n<td>Tipo C<\/td>\n<\/tr>\n<tr>\n<td><strong>Exibi\u00e7\u00e3o:<\/strong><\/td>\n<td>Tela LED<\/td>\n<\/tr>\n<tr>\n<td><strong>Embalagem:<\/strong><\/td>\n<td>10 unidades por pacote<\/td>\n<\/tr>\n<\/tbody>\n<h3>Cole\u00e7\u00e3o de sabores<\/h3>\n<p>Com 16 combina\u00e7\u00f5es emocionantes de sabores triplos, cada vape oferece uma experi\u00eancia \u00fanica e vibrante. Aqui est\u00e3o algumas das principais op\u00e7\u00f5es:<\/p>\n<ul>\n<li><strong>Gelo de melancia, Red Bull e kiwi de morango:<\/strong> Melancia refrescante e gelo fresco, com um toque de Red Bull energizante e kiwi doce de morango \ud83c\udf49\ud83e\udd5d<\/li>\n<li><strong>Coca-Cola de Morango e Baunilha &amp; Black Dragon Ice &amp; Peach Ice:<\/strong> Uma Coca-Cola cremosa de baunilha com um toque refrescante de Black Dragon Ice e p\u00eassego suculento \ud83c\udf53\ud83e\udd64<\/li>\n<li><strong>Gelo de mirtilo, lim\u00e3o, lim\u00e3o e melancia com morango:<\/strong> Tarte de lim\u00e3o, melancia doce com morango e mirtilos gelados para um equil\u00edbrio perfeito \ud83e\uded0\ud83c\udf53\ud83c\udf4b<\/li>\n<li><strong>Kiwi Maracuj\u00e1 Goiaba e Lush Ice &amp; Straw Mango:<\/strong> Maracuj\u00e1 tropical e goiaba, combinados com um refrescante toque gelado \ud83e\udd5d\ud83c\udf53<\/li>\n<li><strong>Morango, Banana, Limonada Rosa e Melancia com Framboesa:<\/strong> Uma combina\u00e7\u00e3o doce de banana, morango e uma refrescante limonada rosa \ud83c\udf53\ud83c\udf4c\ud83c\udf49<\/li>\n<li><strong>Blue Razz Ice &amp; Strawberry Watermelon &amp; Watermelon Ice:<\/strong> Uma mistura ousada de razz de mirtilo com melancia suculenta e um final gelado \ud83c\udf47\ud83c\udf49\u2744\ufe0f<\/li>\n<li><strong>Peach Mango &amp; Blue Razz Cherry &amp; Cool Mint:<\/strong> P\u00eassego doce e manga combinados com uma cereja azul azeda e uma menta refrescante \ud83c\udf51\ud83e\udd6d\ud83c\udf52<\/li>\n<li><strong>Limonada de frutas vermelhas e morango Red Bull &amp; Pompa de morango:<\/strong> Uma limonada picante de frutas vermelhas misturada com o energizante Red Bull de morango \ud83c\udf53\ud83c\udf4b\u26a1<\/li>\n<li><strong>Frutas tropicais e lim\u00e3o, p\u00eassego e melancia com morango:<\/strong> uma mistura vibrante de frutas tropicais com refrescante lim\u00e3o, p\u00eassego e melancia com morango \ud83c\udf4d\ud83c\udf53\ud83c\udf51<\/li>\n<li><strong>Double Apple &amp; Pineapple Ice &amp; Fruity Fusion:<\/strong> Ma\u00e7\u00e3 doce e abacaxi tropical com um final gelado e fresco \ud83c\udf4f\ud83c\udf4d\u2744\ufe0f<\/li>\n<li><strong>Abacaxi, Coco, Blue Razz e Morango Banana:<\/strong> Uma explos\u00e3o tropical de abacaxi, coco, blue razz e banana morango \ud83e\udd65\ud83c\udf4d\ud83c\udf53<\/li>\n<li><strong>Cola Ice &amp; Cherry Cola &amp; Mr Blue:<\/strong> Uma mistura divertida de cola gelada, cereja cola e um toque refrescante de Mr Blue \ud83e\udd64\ud83c\udf52\ud83d\udc99<\/li>\n<li><strong>Melancia com Morango, Mel\u00e3o Triplo e Gelo de Morango:<\/strong> Uma mistura de melancia, mel\u00e3o e morango de dar \u00e1gua na boca com uma exala\u00e7\u00e3o gelada \ud83c\udf53\ud83c\udf49\ud83c\udf48<\/li>\n<li><strong>Strawberry Donut &amp; Love 66 &amp; Banana Ice:<\/strong> Um sabor doce e cremoso de donut de morango com um toque de love 66 e banana ice \ud83c\udf69\ud83c\udf4c\ud83c\udf53<\/li>\n<li><strong>Mixed Berries &amp; Mango Peach &amp; Grape Ice:<\/strong> Uma rica mistura de frutas vermelhas, manga doce, p\u00eassego e gelo de uva fresco \ud83c\udf47\ud83e\udd6d\ud83c\udf51<\/li>\n<li><strong>Ice Tea Lemon Ice &amp; Lychee Ice &amp; Mango On Ice:<\/strong> Um refrescante ch\u00e1 gelado com lim\u00e3o, lichia e manga tropical \ud83c\udf4b\ud83c\udf53\ud83e\udd6d\u2744\ufe0f<\/li>\n<\/ul>\n<h3>Perfeito para usu\u00e1rios frequentes, ca\u00e7adores de sabores e compradores atacadistas<\/h3>\n<p>O Bang King 85K foi projetado para ca\u00e7adores de sabores e usu\u00e1rios pesados que precisam de desempenho duradouro. Com enormes 85.000 baforadas, configura\u00e7\u00f5es ajust\u00e1veis \u200b\u200bde sabor triplo e capacidade de e-l\u00edquido premium, \u00e9 perfeito para lojas de vapor e distribuidores atacadistas que buscam oferecer a seus clientes uma experi\u00eancia de alto n\u00edvel. Abaste\u00e7a-se e aumente suas vendas hoje mesmo! \ud83d\udce6\ud83d\ude80<\/p>\n<h3>Perguntas frequentes<\/h3>\n<ul>\n<li><strong>Quanto tempo dura o Bang King 85K?<\/strong><br \/>\nO aparelho oferece at\u00e9 85.000 baforadas, dependendo do uso, proporcionando satisfa\u00e7\u00e3o duradoura.<\/li>\n<li><strong>Quais dosagens de nicotina est\u00e3o dispon\u00edveis?<\/strong><br \/>\nVoc\u00ea pode escolher entre 0%, 2%, 3% ou 5% de concentra\u00e7\u00e3o de nicotina de acordo com suas prefer\u00eancias.<\/li>\n<li><strong>Como carrego o dispositivo?<\/strong><br \/>\nO Bang King 85K vem com carregamento r\u00e1pido Tipo C, para que voc\u00ea possa recarregar rapidamente o dispositivo para uso cont\u00ednuo.<\/li>\n<li><strong>Quais sabores est\u00e3o inclu\u00eddos?<\/strong><br \/>\nO Bang King 85K apresenta 16 combina\u00e7\u00f5es de sabores triplos, oferecendo sempre uma experi\u00eancia de vaporiza\u00e7\u00e3o \u00fanica e emocionante.<\/li>\n<li><strong>Posso comprar a granel para minha loja de vaporiza\u00e7\u00e3o?<\/strong><br \/>\nSim, o Bang King 85K vem em embalagens de 10, o que o torna ideal para lojas de vapor e distribui\u00e7\u00e3o no atacado.<\/li>\n<\/ul>\n","protected":false},"excerpt":{"rendered":"<p>Descubra o Bang King 85K com at\u00e9 85.000 baforadas, combina\u00e7\u00f5es ajust\u00e1veis \u200b\u200bde sabores triplos e uma bateria recarreg\u00e1vel de 600mAh. Perfeito para lojas de vaporiza\u00e7\u00e3o, atacadistas e usu\u00e1rios frequentes que procuram uma experi\u00eancia de vaporiza\u00e7\u00e3o personaliz\u00e1vel e duradoura. \ud83d\udca8\ud83c\udf53\ud83c\udf49<\/p>\n","protected":false},"featured_media":4002,"comment_status":"open","ping_status":"closed","template":"","meta":[],"product_brand":[],"product_cat":[363],"product_tag":[],"class_list":{"0":"post-43209","1":"product","2":"type-product","3":"status-publish","4":"has-post-thumbnail","6":"product_cat-bang","8":"first","9":"instock","10":"shipping-taxable","11":"purchasable","12":"product-type-variable","13":"has-default-attributes"},"tiered_pricing_type":"fixed","tiered_pricing_fixed_rules":{"30":7.9000000000000003552713678800500929355621337890625,"50":6.1699999999999999289457264239899814128875732421875,"100":5.54999999999999982236431605997495353221893310546875,"200":5.17999999999999971578290569595992565155029296875,"400":4.75},"tiered_pricing_product_settings":{"layout":"default","base_unit_name":{"singular":null,"plural":null},"default_variation":null},"tiered_pricing_minimum_quantity":10,"tiered_pricing_roles_data":[],"tiered_pricing_percentage_rules":[],"tiered_pricing_maximum_quantity":null,"tiered_pricing_quantity_step":"10","_links":{"self":[{"href":"https:\/\/stage.jrfer.com\/pt\/wp-json\/wp\/v2\/product\/43209","targetHints":{"allow":["GET"]}}],"collection":[{"href":"https:\/\/stage.jrfer.com\/pt\/wp-json\/wp\/v2\/product"}],"about":[{"href":"https:\/\/stage.jrfer.com\/pt\/wp-json\/wp\/v2\/types\/product"}],"replies":[{"embeddable":true,"href":"https:\/\/stage.jrfer.com\/pt\/wp-json\/wp\/v2\/comments?post=43209"}],"wp:featuredmedia":[{"embeddable":true,"href":"https:\/\/stage.jrfer.com\/pt\/wp-json\/wp\/v2\/media\/4002"}],"wp:attachment":[{"href":"https:\/\/stage.jrfer.com\/pt\/wp-json\/wp\/v2\/media?parent=43209"}],"wp:term":[{"taxonomy":"product_brand","embeddable":true,"href":"https:\/\/stage.jrfer.com\/pt\/wp-json\/wp\/v2\/product_brand?post=43209"},{"taxonomy":"product_cat","embeddable":true,"href":"https:\/\/stage.jrfer.com\/pt\/wp-json\/wp\/v2\/product_cat?post=43209"},{"taxonomy":"product_tag","embeddable":true,"href":"https:\/\/stage.jrfer.com\/pt\/wp-json\/wp\/v2\/product_tag?post=43209"}],"curies":[{"name":"wp","href":"https:\/\/api.w.org\/{rel}","templated":true}]}}