{"id":43923,"date":"2025-07-07T09:20:50","date_gmt":"2025-07-07T09:20:50","guid":{"rendered":"https:\/\/stage.jrfer.com\/product\/fizzy-nova-20000-puffs-vape-descartavel-de-bobina-de-malha-dupla-com-tela-lcd\/"},"modified":"2026-04-07T13:17:19","modified_gmt":"2026-04-07T13:17:19","slug":"fizzy-nova-20000-puffs","status":"publish","type":"product","link":"https:\/\/stage.jrfer.com\/pt\/product\/fizzy-nova-20000-puffs\/","title":{"rendered":"Fizzy Nova 20000 Puffs | vape descart\u00e1vel de bobina de malha dupla com tela lcd"},"content":{"rendered":"<h2>Por que escolher o Fizzy Nova 20000 Puffs?<\/h2>\n<ul>\n<li><strong>20.000 puffs:<\/strong> ultraduradouros, projetados para vapers pesados e compradores em grande quantidade \ud83d\udd25<\/li>\n<li><strong>Dual Mesh Coil:<\/strong> Sabor rico e suave a cada tragada \ud83c\udf2c\ufe0f<\/li>\n<li><strong>Bateria recarreg\u00e1vel:<\/strong> 850mAh de pot\u00eancia com carregamento r\u00e1pido tipo C \u26a1<\/li>\n<li><strong>Display LCD inteligente:<\/strong> verifique os n\u00edveis de e-l\u00edquido e bateria instantaneamente \ud83d\udcca<\/li>\n<li><strong>Modos Eco e Turbo:<\/strong> alterne entre economia de energia ou intensifica\u00e7\u00e3o de sabor intenso \ud83d\udd04<\/li>\n<li><strong>Op\u00e7\u00f5es de nicotina:<\/strong> 2% ou 5% para atender diferentes prefer\u00eancias \ud83d\udcaf<\/li>\n<li><strong>Design de metal premium:<\/strong> elegante, dur\u00e1vel e moderno \u2728<\/li>\n<li><strong>Extensa sele\u00e7\u00e3o de sabores:<\/strong> De misturas frutadas a efervescentes \ud83c\udf53\ud83c\udf4b\ud83e\udd6d<\/li>\n<\/ul>\n<h3>Especifica\u00e7\u00f5es<\/h3>\n<tr>\n<td><strong>Capacidade de sopro:<\/strong><\/td>\n<td>At\u00e9 20.000 baforadas<\/td>\n<\/tr>\n<tr>\n<td><strong>Bateria:<\/strong><\/td>\n<td>850mAh recarreg\u00e1vel, carregamento r\u00e1pido tipo C<\/td>\n<\/tr>\n<tr>\n<td><strong>Tipo de bobina:<\/strong><\/td>\n<td>Bobina de malha dupla<\/td>\n<\/tr>\n<tr>\n<td><strong>Exibi\u00e7\u00e3o:<\/strong><\/td>\n<td>Tela LCD inteligente (n\u00edveis de bateria + e-l\u00edquido)<\/td>\n<\/tr>\n<tr>\n<td><strong>Modos de energia:<\/strong><\/td>\n<td>Modo Eco e Modo Turbo<\/td>\n<\/tr>\n<tr>\n<td><strong>Pot\u00eancias da nicotina:<\/strong><\/td>\n<td>2%\/5%<\/td>\n<\/tr>\n<tr>\n<td><strong>Construir:<\/strong><\/td>\n<td>Acabamento met\u00e1lico premium, design elegante<\/td>\n<\/tr>\n<\/tbody>\n<h3>Sele\u00e7\u00e3o de sabores<\/h3>\n<p>O <strong>Fizzy Nova 20000 Puffs<\/strong> vem em uma ampla variedade de sabores deliciosos e cuidadosamente elaborados para todos os gostos \ud83c\udf1f:<\/p>\n<ul>\n<li><strong>Lim\u00e3o:<\/strong> dupla c\u00edtrica picante para vibra\u00e7\u00f5es refrescantes \ud83c\udf4b<\/li>\n<li><strong>Cereja efervescente:<\/strong> doce, picante e inspirado em refrigerantes \ud83c\udf52\ud83e\udd64<\/li>\n<li><strong>Baga Mista:<\/strong> Uma suculenta mistura de frutas vermelhas \ud83e\uded0\ud83c\udf53<\/li>\n<li><strong>Morango Kiwi:<\/strong> Doce encontra torta em perfeita harmonia \ud83c\udf53\ud83e\udd5d<\/li>\n<li><strong>Melancia:<\/strong> cl\u00e1ssica, refrescante e suculenta \ud83c\udf49<\/li>\n<li><strong>Limonada Rosa:<\/strong> Doce, azedo e gasoso \ud83c\udf38\ud83c\udf4b<\/li>\n<li><strong>Morango:<\/strong> Simples, doce e atemporal \ud83c\udf53<\/li>\n<li><strong>P\u00eassego:<\/strong> Suave, suave e frutado \ud83c\udf51<\/li>\n<li><strong>Framboesa Lim\u00e3o:<\/strong> Picante, \u00e1cido e perfeitamente equilibrado \ud83c\udf4b\ud83c\udf47<\/li>\n<li><strong>Ma\u00e7\u00e3 Azeda:<\/strong> Crocante, azeda e energizante \ud83c\udf4f<\/li>\n<li><strong>Abacaxi P\u00eassego Maracuj\u00e1:<\/strong> Trio tropical ex\u00f3tico \ud83c\udf4d\ud83c\udf51\ud83e\udd6d<\/li>\n<li><strong>Kiwi Maracuj\u00e1 Goiaba:<\/strong> Mix tropical vibrante \ud83e\udd5d\ud83c\udf48<\/li>\n<\/ul>\n<h3>Perfeito para Vapers pesados e de atacado<\/h3>\n<p>O <strong>Fizzy Nova 20000 Puffs<\/strong> foi desenvolvido para <strong>usu\u00e1rios intensivos, amantes de sabores e lojas de vaporiza\u00e7\u00e3o<\/strong> que desejam um produto descart\u00e1vel confi\u00e1vel e duradouro. Com <strong>design premium, display inteligente e op\u00e7\u00f5es de sabores ousados<\/strong>, \u00e9 essencial para varejistas e distribuidores a granel. \ud83d\udce6\ud83d\udd25<\/p>\n<h3>Perguntas frequentes<\/h3>\n<ul>\n<li><strong>Quantas tragadas ele oferece?<\/strong><br \/>\nAt\u00e9 20.000 baforadas por dispositivo, dependendo do estilo de uso.<\/li>\n<li><strong>\u00c9 recarreg\u00e1vel?<\/strong><br \/>\nSim, com uma poderosa bateria recarreg\u00e1vel tipo C de 850mAh.<\/li>\n<li><strong>Tem modos diferentes?<\/strong><br \/>\nSim, Modo Eco para maior durabilidade e Modo Turbo para golpes mais fortes.<\/li>\n<li><strong>Quais n\u00edveis de nicotina est\u00e3o dispon\u00edveis?<\/strong><br \/>\nEscolha entre 2% ou 5% de concentra\u00e7\u00e3o de nicotina.<\/li>\n<li><strong>\u00c9 adequado para atacado?<\/strong><br \/>\nAbsolutamente! Sua constru\u00e7\u00e3o premium e alta contagem de puffs o tornam ideal para pedidos em grandes quantidades e vendas no varejo.<\/li>\n<\/ul>\n","protected":false},"excerpt":{"rendered":"<p>O <strong>Fizzy Nova 20000 Puffs<\/strong> \ud83d\udca8 oferece enorme capacidade de puff, sabores ousados \u200b\u200be tecnologia inteligente &#8211; perfeito para distribuidores de vaporizadores, atacadistas e usu\u00e1rios pesados \u200b\u200bque buscam vaporizadores descart\u00e1veis \u200b\u200bpremium.<\/p>\n","protected":false},"featured_media":1533,"comment_status":"open","ping_status":"closed","template":"","meta":[],"product_brand":[],"product_cat":[523,1828],"product_tag":[],"class_list":{"0":"post-43923","1":"product","2":"type-product","3":"status-publish","4":"has-post-thumbnail","6":"product_cat-20-000-sopros-vape-descartaveis","7":"product_cat-efervescente","9":"first","10":"instock","11":"shipping-taxable","12":"purchasable","13":"product-type-variable","14":"has-default-attributes"},"tiered_pricing_type":"fixed","tiered_pricing_fixed_rules":{"200":6.5999999999999996447286321199499070644378662109375,"500":5.9000000000000003552713678800500929355621337890625},"tiered_pricing_product_settings":{"layout":"default","base_unit_name":{"singular":null,"plural":null},"default_variation":null},"tiered_pricing_minimum_quantity":100,"tiered_pricing_roles_data":[],"tiered_pricing_percentage_rules":[],"tiered_pricing_maximum_quantity":null,"tiered_pricing_quantity_step":"10","_links":{"self":[{"href":"https:\/\/stage.jrfer.com\/pt\/wp-json\/wp\/v2\/product\/43923","targetHints":{"allow":["GET"]}}],"collection":[{"href":"https:\/\/stage.jrfer.com\/pt\/wp-json\/wp\/v2\/product"}],"about":[{"href":"https:\/\/stage.jrfer.com\/pt\/wp-json\/wp\/v2\/types\/product"}],"replies":[{"embeddable":true,"href":"https:\/\/stage.jrfer.com\/pt\/wp-json\/wp\/v2\/comments?post=43923"}],"wp:featuredmedia":[{"embeddable":true,"href":"https:\/\/stage.jrfer.com\/pt\/wp-json\/wp\/v2\/media\/1533"}],"wp:attachment":[{"href":"https:\/\/stage.jrfer.com\/pt\/wp-json\/wp\/v2\/media?parent=43923"}],"wp:term":[{"taxonomy":"product_brand","embeddable":true,"href":"https:\/\/stage.jrfer.com\/pt\/wp-json\/wp\/v2\/product_brand?post=43923"},{"taxonomy":"product_cat","embeddable":true,"href":"https:\/\/stage.jrfer.com\/pt\/wp-json\/wp\/v2\/product_cat?post=43923"},{"taxonomy":"product_tag","embeddable":true,"href":"https:\/\/stage.jrfer.com\/pt\/wp-json\/wp\/v2\/product_tag?post=43923"}],"curies":[{"name":"wp","href":"https:\/\/api.w.org\/{rel}","templated":true}]}}