{"id":44579,"date":"2025-07-07T09:20:50","date_gmt":"2025-07-07T09:20:50","guid":{"rendered":"https:\/\/stage.jrfer.com\/product\/%f0%9f%8e%81-caixa-vape-descartavel-misteriosa-abra-sabores-desbloqueie-diversao-%f0%9f%92%a8\/"},"modified":"2026-04-07T03:13:47","modified_gmt":"2026-04-07T03:13:47","slug":"mystery-disposable-vape-box","status":"publish","type":"product","link":"https:\/\/stage.jrfer.com\/pt\/product\/mystery-disposable-vape-box\/","title":{"rendered":"\ud83c\udf81 Caixa Vape Descart\u00e1vel Misteriosa \u2013 Abra Sabores, Desbloqueie Divers\u00e3o! \ud83d\udca8"},"content":{"rendered":"<p>Prepare-se para uma aventura emocionante com nossa <strong>Mystery Descart\u00e1vel Vape Box<\/strong>, onde cada unboxing \u00e9 uma surpresa deliciosa. Dentro, voc\u00ea encontrar\u00e1 uma sele\u00e7\u00e3o cuidadosamente selecionada de dispositivos vape descart\u00e1veis, com sabores que v\u00e3o desde cl\u00e1ssicos refrescantes at\u00e9 misturas ousadas e ex\u00f3ticas. \ud83c\udf53\ud83c\udf4d\ud83e\udd6d<\/p>\n<p>Seja voc\u00ea um iniciante curioso ou um vaper experiente, esta caixa foi projetada para mant\u00ea-lo adivinhando e sorrindo a cada tragada. Cada dispositivo \u00e9 escolhido entre nossos produtos mais vendidos, dando a voc\u00ea uma amostra de modelos novos e populares que voc\u00ea talvez nunca tenha experimentado antes. \ud83c\udf08<\/p>\n<p><strong>Se voc\u00ea tiver necessidades especiais de nicotina, informe-nos antes de fazer o pedido.<\/strong><\/p>\n<h3>\ud83d\udce6 O que h\u00e1 dentro da caixa?<\/h3>\n<p>Cada Caixa Misteriosa inclui <strong>10 vapes descart\u00e1veis premium<\/strong>, selecionados aleatoriamente entre os principais modelos da nossa loja. Voc\u00ea pode encontrar surpresas como:<\/p>\n<ul>\n<li><a href=\"https:\/\/stage.jrfer.com\/pt\/product\/waspe-40k-twins-40000-puffs\/\">WASPE 40K Twins \u2013 40.000 baforadas<\/a><\/li>\n<li><a href=\"https:\/\/stage.jrfer.com\/pt\/produto\/waspe-100k-4-em-1-100-000-baforadas-vape-descartavel-em-massa-de-sabor-quadruplo\/\">WASPE 100K 4 em 1 \u2013 100.000 baforadas<\/a><\/li>\n<li><a href=\"https:\/\/stage.jrfer.com\/pt\/produto\/randm-tornado-15k-15000-puffs-bobina-de-malha-de-nuvem-grande-vape-descartavel-em-massa\/\">RandM Tornado \u2013 15.000 baforadas<\/a><\/li>\n<li>Bang King 30K sabor duplo<\/li>\n<li>RandM Tornado 9000<\/li>\n<\/ul>\n<p>\u2026e muito mais! Com <strong>mais de 100 sabores \u00fanicos<\/strong> em nossa linha, cada caixa \u00e9 uma aventura. \ud83e\ude84<\/p>\n<h3>\ud83d\uded2 Instru\u00e7\u00f5es de compra<\/h3>\n<ul>\n<li><strong>Todas as vendas s\u00e3o finais<\/strong> \u2013 nenhum reembolso ou troca, a menos que haja um problema de qualidade.<\/li>\n<li><strong>Frete gr\u00e1tis<\/strong> em todos os pedidos de Caixa Misteriosa.<\/li>\n<li><strong>Requisito de idade:<\/strong> voc\u00ea deve ter idade legal para fumar em seu pa\u00eds.<\/li>\n<li>Ao fazer o pedido, voc\u00ea concorda com estes termos e condi\u00e7\u00f5es.<\/li>\n<\/ul>\n<h3>\ud83d\ude9a Informa\u00e7\u00f5es de envio<\/h3>\n<p>Trabalhamos com transportadoras confi\u00e1veis como UPS, DHL, FedEx e DPD para entrega segura e r\u00e1pida.<\/p>\n<ul>\n<li><strong>Europa:<\/strong> entrega dentro de 12 a 15 dias.<\/li>\n<li><strong>Estados Unidos:<\/strong> geralmente chega em 10 dias.<\/li>\n<li><strong>Rastreamento:<\/strong> atualiza\u00e7\u00f5es em tempo real dispon\u00edveis.<\/li>\n<\/ul>\n<p>Sem preocupa\u00e7\u00f5es alfandeg\u00e1rias \u2705 \u2013 n\u00f3s cuidamos do desembara\u00e7o e <strong>100% dos nossos produtos passam pela alf\u00e2ndega<\/strong>. Sem taxas extras de impostos!<\/p>\n<h2>\u2753 FAQ \u2013 Perguntas frequentes<\/h2>\n<h4>1. Posso escolher meus sabores?<\/h4>\n<p>N\u00e3o \u2013 a divers\u00e3o da Caixa Misteriosa \u00e9 a surpresa! Voc\u00ea receber\u00e1 uma combina\u00e7\u00e3o de nossas op\u00e7\u00f5es mais populares e interessantes.<\/p>\n<h4>2. Quantos vapes v\u00eam em uma caixa?<\/h4>\n<p>Cada caixa misteriosa cont\u00e9m <strong>10 vaporizadores descart\u00e1veis<\/strong>, cuidadosamente embalados e lacrados.<\/p>\n<h4>3. Esses produtos s\u00e3o originais?<\/h4>\n<p>Sim! \u2705 Todos os produtos s\u00e3o aut\u00eanticos e provenientes diretamente de fabricantes confi\u00e1veis.<\/p>\n<h4>4. A nicotina est\u00e1 inclu\u00edda?<\/h4>\n<p>A maioria dos nossos dispositivos inclui nicotina, mas se voc\u00ea precisar de algum requisito especial, informe-nos antes de fazer o pedido.<\/p>\n<h4>5. Voc\u00ea envia para todo o mundo?<\/h4>\n<p>Atualmente, enviamos principalmente para os EUA, Europa e pa\u00edses selecionados. Verifique a disponibilidade de envio na finaliza\u00e7\u00e3o da compra.<\/p>\n<h2>\ud83d\udd25 Por que escolher a caixa misteriosa Vape?<\/h2>\n<ul>\n<li>\ud83c\udf89 Emo\u00e7\u00e3o sem fim \u2013 descubra sempre novos sabores.<\/li>\n<li>\ud83d\udca8 Grande n\u00famero de tragadas \u2013 de 9.000 a 100.000 tragadas!<\/li>\n<li>\ud83d\udee1\ufe0f Produtos 100% aut\u00eanticos e seguros.<\/li>\n<li>\ud83d\ude80 Frete r\u00e1pido e gratuito com atualiza\u00e7\u00f5es de rastreamento.<\/li>\n<li>\ud83c\udf0d Libera\u00e7\u00e3o alfandeg\u00e1ria \u2013 sem taxas ocultas.<\/li>\n<\/ul>\n<p> \ud83d\udc49 Pronto para uma emocionante aventura vape? N\u00e3o perca \u2013 pe\u00e7a sua <strong>Caixa Vape Descart\u00e1vel Misteriosa<\/strong> hoje mesmo!<\/p>\n<p>.tier-pricing-summary-table {display:none !important}<br \/>\n.tier-pricing-summary-table {display:none !important}<\/p>\n","protected":false},"excerpt":{"rendered":"<p>\ud83c\udf81 Descubra uma caixa cheia de surpresas! Cada <strong>Caixa Vape Descart\u00e1vel Misteriosa<\/strong> vem repleta de sabores emocionantes, baforadas premium e infinitas aventuras de vaporiza\u00e7\u00e3o. Perfeito para quem ama a emo\u00e7\u00e3o da surpresa! \ud83d\ude80<\/p>\n","protected":false},"featured_media":1527,"comment_status":"open","ping_status":"closed","template":"","meta":[],"product_brand":[],"product_cat":[1240],"product_tag":[],"class_list":{"0":"post-44579","1":"product","2":"type-product","3":"status-publish","4":"has-post-thumbnail","6":"product_cat-vapes-descartaveis-na-europa","8":"first","9":"instock","10":"sale","11":"shipping-taxable","12":"purchasable","13":"product-type-simple"},"tiered_pricing_type":"fixed","tiered_pricing_fixed_rules":[],"tiered_pricing_product_settings":{"layout":"default","base_unit_name":{"singular":null,"plural":null},"default_variation":null},"tiered_pricing_minimum_quantity":null,"tiered_pricing_roles_data":[],"tiered_pricing_percentage_rules":[],"tiered_pricing_maximum_quantity":null,"tiered_pricing_quantity_step":null,"_links":{"self":[{"href":"https:\/\/stage.jrfer.com\/pt\/wp-json\/wp\/v2\/product\/44579","targetHints":{"allow":["GET"]}}],"collection":[{"href":"https:\/\/stage.jrfer.com\/pt\/wp-json\/wp\/v2\/product"}],"about":[{"href":"https:\/\/stage.jrfer.com\/pt\/wp-json\/wp\/v2\/types\/product"}],"replies":[{"embeddable":true,"href":"https:\/\/stage.jrfer.com\/pt\/wp-json\/wp\/v2\/comments?post=44579"}],"wp:featuredmedia":[{"embeddable":true,"href":"https:\/\/stage.jrfer.com\/pt\/wp-json\/wp\/v2\/media\/1527"}],"wp:attachment":[{"href":"https:\/\/stage.jrfer.com\/pt\/wp-json\/wp\/v2\/media?parent=44579"}],"wp:term":[{"taxonomy":"product_brand","embeddable":true,"href":"https:\/\/stage.jrfer.com\/pt\/wp-json\/wp\/v2\/product_brand?post=44579"},{"taxonomy":"product_cat","embeddable":true,"href":"https:\/\/stage.jrfer.com\/pt\/wp-json\/wp\/v2\/product_cat?post=44579"},{"taxonomy":"product_tag","embeddable":true,"href":"https:\/\/stage.jrfer.com\/pt\/wp-json\/wp\/v2\/product_tag?post=44579"}],"curies":[{"name":"wp","href":"https:\/\/api.w.org\/{rel}","templated":true}]}}