{"id":53752,"date":"2025-06-28T04:29:19","date_gmt":"2025-06-28T04:29:19","guid":{"rendered":"https:\/\/stage.jrfer.com\/product\/bang-blaze-40k-dual-flavor-40000-puffs-vape-descartavel-em-massa-slide-to-switch\/"},"modified":"2026-04-07T14:55:44","modified_gmt":"2026-04-07T14:55:44","slug":"bang-blaze-40k-40000-puffs","status":"publish","type":"product","link":"https:\/\/stage.jrfer.com\/pt\/product\/bang-blaze-40k-40000-puffs\/","title":{"rendered":"Bang Blaze 40K Dual Flavor 40000 Puffs | vape descart\u00e1vel em massa slide-to-switch"},"content":{"rendered":"<h2>Por que escolher Bang Blaze 40K?<\/h2>\n<ul>\n<li><strong>Grande contagem de baforadas:<\/strong> at\u00e9 40.000 baforadas para semanas de vaporiza\u00e7\u00e3o ininterrupta \ud83d\ude80<\/li>\n<li><strong>Troca de sabor duplo:<\/strong> deslize para alternar entre dois sabores instantaneamente \ud83c\udf49\ud83c\udf47<\/li>\n<li><strong>Big Tank:<\/strong> 40ml de e-l\u00edquido pr\u00e9-cheio para m\u00e1xima comodidade \ud83d\udca7<\/li>\n<li><strong>Op\u00e7\u00f5es de nicotina:<\/strong> Escolha entre 0%, 2%, 3% ou 5% para flexibilidade \u2705<\/li>\n<li><strong>Dual Mesh Coil:<\/strong> batidas suaves, sabores ousados e nuvens espessas \ud83c\udf2c\ufe0f<\/li>\n<li><strong>Energia recarreg\u00e1vel:<\/strong> bateria de 650mAh com carregamento r\u00e1pido tipo C \u26a1<\/li>\n<li><strong>Perfeito para B2B:<\/strong> produto em massa de alta demanda para atacadistas e varejistas \ud83d\udce6<\/li>\n<\/ul>\n<h3>Especifica\u00e7\u00f5es<\/h3>\n<tr>\n<td><strong>Contagem de sopros:<\/strong><\/td>\n<td>At\u00e9 40.000 baforadas<\/td>\n<\/tr>\n<tr>\n<td><strong>Capacidade do e-l\u00edquido:<\/strong><\/td>\n<td>40ml pr\u00e9-cheio<\/td>\n<\/tr>\n<tr>\n<td><strong>Bateria:<\/strong><\/td>\n<td>650mAh recarreg\u00e1vel<\/td>\n<\/tr>\n<tr>\n<td><strong>Pot\u00eancias da nicotina:<\/strong><\/td>\n<td>0%, 2%, 3%, 5%<\/td>\n<\/tr>\n<tr>\n<td><strong>Tipo de bobina:<\/strong><\/td>\n<td>Bobina de malha dupla (1,2\u03a9)<\/td>\n<\/tr>\n<tr>\n<td><strong>Carregamento:<\/strong><\/td>\n<td>Carregamento r\u00e1pido tipo C<\/td>\n<\/tr>\n<tr>\n<td><strong>Recurso especial:<\/strong><\/td>\n<td>Dual sabor slide-to-switch<\/td>\n<\/tr>\n<\/tbody>\n<h3>Combina\u00e7\u00f5es de sabores<\/h3>\n<p>O <strong>Bang Blaze 40K<\/strong> oferece <strong>30 op\u00e7\u00f5es emocionantes de dois sabores<\/strong> para que voc\u00ea nunca fique entediado \ud83c\udf89:<\/p>\n<ul>\n<li><strong>Melancia \/ Melancia Morango<\/strong> \u2013 Suculenta e refrescante \ud83c\udf49\ud83c\udf53<\/li>\n<li><strong>Gelo de mirtilo \/ Framboesa de mirtilo<\/strong> \u2013 Explos\u00e3o de frutas frescas \ud83e\uded0\u2744\ufe0f<\/li>\n<li><strong>Gelo de Manga \/ Manga Morango<\/strong> \u2013 Do\u00e7ura tropical \ud83e\udd6d\ud83c\udf53<\/li>\n<li><strong>Melancia \/ Chiclete de melancia<\/strong> \u2013 Doce frutado cl\u00e1ssico \ud83c\udf49\ud83c\udf6c<\/li>\n<li><strong>Gelo de Abacaxi \/ Coco de Abacaxi<\/strong> \u2013 Ex\u00f3tico e suave \ud83c\udf4d\ud83e\udd65<\/li>\n<li><strong>Frutas Mistas \/ Baga Tripla<\/strong> \u2013 Mistura de frutas suculentas \ud83c\udf47\ud83c\udf53<\/li>\n<li><strong>Gelo de P\u00eassego \/ P\u00eassego Manga<\/strong> \u2013 Doce e gelado \ud83c\udf51\u2744\ufe0f<\/li>\n<li><strong>Cereja \/ Coca-Cola De Cereja<\/strong> \u2013 Ousado e efervescente \ud83c\udf52\ud83e\udd64<\/li>\n<li><strong>Uva \/ Uva Mirtilo<\/strong> \u2013 Fus\u00e3o ousada de uva \ud83c\udf47\ud83e\uded0<\/li>\n<li><strong>Menta \/ Mirtilo Hortel\u00e3<\/strong> \u2013 Fresco e refrescante \ud83c\udf3f\ud83e\uded0<\/li>\n<li><strong>Drag\u00e3o Negro de Gelo \/ Touro Vermelho<\/strong> \u2013 Intenso e energizante \ud83d\udc09\u26a1<\/li>\n<li><strong>Gelado de Morango \/ Kiwi de Morango<\/strong> \u2013 Del\u00edcia de frutas vermelhas \ud83c\udf53\ud83e\udd5d<\/li>\n<li><strong>Frutas Tropicais \/ Melancia Tripla<\/strong> \u2013 Para\u00edso suculento \ud83c\udfdd\ufe0f\ud83c\udf49<\/li>\n<li><strong>Sour Mango Abacaxi \/ Lim\u00e3o Lim\u00e3o<\/strong> \u2013 Picante e picante \ud83e\udd6d\ud83c\udf4b<\/li>\n<li><strong>Hor\u00e1rio de ver\u00e3o \/ Gelo de ma\u00e7\u00e3<\/strong> \u2013 Crocante e refrescante \ud83c\udf4e\u2744\ufe0f<\/li>\n<li><strong>Doces arco-\u00edris \/ Congelamento \u00c1rtico<\/strong> \u2013 Doce e gelado \ud83c\udf08\u2744\ufe0f<\/li>\n<li><strong>Melancia Framboesa \/ Jieshuang<\/strong> \u2013 Ex\u00f3tico e refrescante \ud83c\udf53\ud83c\udf49<\/li>\n<li><strong>Romance de Lim\u00e3o \/ Cereja da Calif\u00f3rnia<\/strong> \u2013 Doce amor c\u00edtrico \ud83c\udf4b\ud83c\udf52<\/li>\n<li><strong>Manga P\u00eassego Damasco \/ Gomas Brancas<\/strong> \u2013 Del\u00edcia de doce frutado \ud83c\udf51\ud83c\udf6c<\/li>\n<li><strong>Mary\u2019s Dream \/ Babosa Manga Mel\u00e3o Gelo<\/strong> \u2013 Suave e refrescante \ud83c\udf48\ud83e\udd6d<\/li>\n<li><strong>Kiwi Maracuj\u00e1 Goiaba \/ Mirtilo Cereja<\/strong> \u2013 Fus\u00e3o tropical ex\u00f3tica \ud83e\udd5d\ud83c\udf52<\/li>\n<li><strong>Manga Abacaxi \/ Gelo Abacaxi Coco<\/strong> \u2013 Explos\u00e3o tropical dupla \ud83c\udf4d\ud83e\udd6d<\/li>\n<li><strong>Melancia Framboesa \/ Uva Babosa Vera<\/strong> \u2013 Doce e refrescante \ud83e\uded0\ud83c\udf47<\/li>\n<li><strong>Gelo de Lichia \/ Lichia de Morango<\/strong> \u2013 Do\u00e7ura ex\u00f3tica \ud83c\udf38\ud83c\udf53<\/li>\n<li><strong>Sexo na praia \/ Melancia Framboesa<\/strong> \u2013 Vibra\u00e7\u00f5es de praia divertidas e frutadas \ud83c\udfd6\ufe0f\ud83c\udf49<\/li>\n<li><strong>Ursinho de goma \/ Brilho Preto Framboesa<\/strong> \u2013 Del\u00edcia estilo doce \ud83c\udf6c\ud83e\uded0<\/li>\n<li><strong>Bagas Frescas, Melancia \/ P\u00eassego Azedo<\/strong> \u2013 Doce e picante \ud83c\udf53\ud83c\udf51<\/li>\n<li><strong>Morango Banana \/ Maracuj\u00e1 Kiwi<\/strong> \u2013 Mistura tropical suave \ud83c\udf4c\ud83e\udd5d<\/li>\n<li><strong>Tempestade de gelo de a\u00e7a\u00ed \/ Amor 66<\/strong> \u2013 Aventura ex\u00f3tica e ousada \ud83c\udf2a\ufe0f\u2764\ufe0f<\/li>\n<li><strong>Limonada Rosa\/Mirtilo Cereja Lim\u00e3o<\/strong> \u2013 Picante e frutado \ud83c\udf4b\ud83e\uded0<\/li>\n<li><strong>Sorvete de Morango \/ Morango Baunilha<\/strong> \u2013 Doce cremoso \ud83c\udf66\ud83c\udf53<\/li>\n<li><strong>Mirtilo Oxicoco Cereja \/ Melancia Cereja<\/strong> \u2013 Explos\u00e3o de cereja \ud83c\udf52\ud83e\uded0<\/li>\n<\/ul>\n<h3>Perfeito para usu\u00e1rios frequentes e compradores atacadistas<\/h3>\n<p>O <strong>Bang Blaze 40K<\/strong> \u00e9 feito para <strong>vapers pesados, amantes de sabores e distribui\u00e7\u00e3o B2B<\/strong>. Com <strong>sabores duplos, grande n\u00famero de tragadas e conveni\u00eancia recarreg\u00e1vel<\/strong>, \u00e9 um produto de alta demanda que maximiza a satisfa\u00e7\u00e3o e os lucros no varejo.<\/p>\n<h3>Perguntas frequentes<\/h3>\n<ul>\n<li><strong>Quantos sabores por dispositivo?<\/strong><br \/>\nCada dispositivo vem com dois sabores que voc\u00ea pode alternar.<\/li>\n<li><strong>\u00c9 recarreg\u00e1vel?<\/strong><br \/>\nSim, com bateria de 650mAh e carregamento tipo C.<\/li>\n<li><strong>Quais n\u00edveis de nicotina est\u00e3o dispon\u00edveis?<\/strong><br \/>\nOp\u00e7\u00f5es de 0%, 2%, 3% e 5% dispon\u00edveis.<\/li>\n<li><strong>Precisa ser reabastecido?<\/strong><br \/>\nN\u00e3o s\u00e3o necess\u00e1rias recargas: ele vem pr\u00e9-cheio com 40 ml de e-l\u00edquido.<\/li>\n<li><strong>Quem deve comprar este produto?<\/strong><br \/>\nPerfeito para <strong>lojas de vapor, distribuidores e usu\u00e1rios frequentes<\/strong> que desejam satisfa\u00e7\u00e3o duradoura.<\/li>\n<\/ul>\n","protected":false},"excerpt":{"rendered":"<p>O <strong>Bang Blaze 40K<\/strong> \u26a1 \u00e9 um <strong>vape descart\u00e1vel de sabor duplo<\/strong> premium que oferece at\u00e9 <strong>40.000 baforadas<\/strong>, um enorme tanque de <strong>40ml<\/strong> e um sistema suave de bobina de malha dupla. Projetado para variedade de sabores, sess\u00f5es duradouras e distribui\u00e7\u00e3o no atacado, \u00e9 perfeito para lojas de vapor, distribuidores e vapers pesados.<\/p>\n","protected":false},"featured_media":531,"comment_status":"open","ping_status":"closed","template":"","meta":[],"product_brand":[],"product_cat":[363],"product_tag":[],"class_list":{"0":"post-53752","1":"product","2":"type-product","3":"status-publish","4":"has-post-thumbnail","6":"product_cat-bang","8":"first","9":"instock","10":"shipping-taxable","11":"purchasable","12":"product-type-variable","13":"has-default-attributes"},"tiered_pricing_type":"fixed","tiered_pricing_fixed_rules":{"30":6.79000000000000003552713678800500929355621337890625,"50":5.67999999999999971578290569595992565155029296875,"100":4.80999999999999960920149533194489777088165283203125,"200":4.44000000000000039079850466805510222911834716796875,"400":3.890000000000000124344978758017532527446746826171875},"tiered_pricing_product_settings":{"layout":"default","base_unit_name":{"singular":null,"plural":null},"default_variation":null},"tiered_pricing_minimum_quantity":10,"tiered_pricing_roles_data":[],"tiered_pricing_percentage_rules":[],"tiered_pricing_maximum_quantity":null,"tiered_pricing_quantity_step":"10","_links":{"self":[{"href":"https:\/\/stage.jrfer.com\/pt\/wp-json\/wp\/v2\/product\/53752","targetHints":{"allow":["GET"]}}],"collection":[{"href":"https:\/\/stage.jrfer.com\/pt\/wp-json\/wp\/v2\/product"}],"about":[{"href":"https:\/\/stage.jrfer.com\/pt\/wp-json\/wp\/v2\/types\/product"}],"replies":[{"embeddable":true,"href":"https:\/\/stage.jrfer.com\/pt\/wp-json\/wp\/v2\/comments?post=53752"}],"wp:featuredmedia":[{"embeddable":true,"href":"https:\/\/stage.jrfer.com\/pt\/wp-json\/wp\/v2\/media\/531"}],"wp:attachment":[{"href":"https:\/\/stage.jrfer.com\/pt\/wp-json\/wp\/v2\/media?parent=53752"}],"wp:term":[{"taxonomy":"product_brand","embeddable":true,"href":"https:\/\/stage.jrfer.com\/pt\/wp-json\/wp\/v2\/product_brand?post=53752"},{"taxonomy":"product_cat","embeddable":true,"href":"https:\/\/stage.jrfer.com\/pt\/wp-json\/wp\/v2\/product_cat?post=53752"},{"taxonomy":"product_tag","embeddable":true,"href":"https:\/\/stage.jrfer.com\/pt\/wp-json\/wp\/v2\/product_tag?post=53752"}],"curies":[{"name":"wp","href":"https:\/\/api.w.org\/{rel}","templated":true}]}}