{"id":55030,"date":"2025-06-28T04:24:43","date_gmt":"2025-06-28T04:24:43","guid":{"rendered":"https:\/\/stage.jrfer.com\/product\/bang-leader-80k-3-em-1-80000-baforadas-vape-descartavel-em-massa-de-sabor-triplo\/"},"modified":"2026-04-07T15:03:31","modified_gmt":"2026-04-07T15:03:31","slug":"bang-leader-80k-puffs","status":"publish","type":"product","link":"https:\/\/stage.jrfer.com\/pt\/product\/bang-leader-80k-puffs\/","title":{"rendered":"Bang Leader 80K 3 em 1 80000 baforadas | vape descart\u00e1vel em massa de sabor triplo"},"content":{"rendered":"<h2>Por que escolher Bang Leader 80K?<\/h2>\n<ul>\n<li><strong>Sistema de sabor triplo:<\/strong> alterne instantaneamente entre tr\u00eas sabores integrados em um dispositivo \ud83c\udf49\ud83e\udd6d\ud83c\udf4c<\/li>\n<li><strong>Contagem de baforadas ultra-alta:<\/strong> at\u00e9 80.000 baforadas para uma longevidade incompar\u00e1vel \ud83d\ude80<\/li>\n<li><strong>Op\u00e7\u00f5es de nicotina:<\/strong> 0%, 2%, 3% ou 5% &#8211; atendendo a todas as prefer\u00eancias \u2705<\/li>\n<li><strong>Bobina de malha dupla:<\/strong> Sabor mais rico, vapor mais suave e aquecimento mais r\u00e1pido \ud83c\udf2c\ufe0f<\/li>\n<li><strong>Energia recarreg\u00e1vel:<\/strong> bateria de 850mAh com carregamento r\u00e1pido tipo C \u26a1<\/li>\n<li><strong>Pronto para atacado:<\/strong> cada caixa cont\u00e9m 10 unidades \u2013 perfeito para revendedores \ud83d\udce6<\/li>\n<\/ul>\n<h3>Especifica\u00e7\u00f5es<\/h3>\n<tr>\n<td><strong>Contagem de sopros:<\/strong><\/td>\n<td>At\u00e9 80.000 baforadas<\/td>\n<\/tr>\n<tr>\n<td><strong>Sistema de sabores:<\/strong><\/td>\n<td>Troca de sabor triplo 3 em 1<\/td>\n<\/tr>\n<tr>\n<td><strong>Pot\u00eancias da nicotina:<\/strong><\/td>\n<td>0%, 2%, 3%, 5%<\/td>\n<\/tr>\n<tr>\n<td><strong>Bobina:<\/strong><\/td>\n<td>Bobina de malha dupla<\/td>\n<\/tr>\n<tr>\n<td><strong>Bateria:<\/strong><\/td>\n<td>850mAh recarreg\u00e1vel<\/td>\n<\/tr>\n<tr>\n<td><strong>Carregamento:<\/strong><\/td>\n<td>Carregamento r\u00e1pido tipo C<\/td>\n<\/tr>\n<tr>\n<td><strong>Embalagem da caixa:<\/strong><\/td>\n<td>10 unidades por caixa (compat\u00edvel com B2B)<\/td>\n<\/tr>\n<\/tbody>\n<h3>Experi\u00eancia de sabor<\/h3>\n<p>Com o <strong>Bang Leader 80K<\/strong>, voc\u00ea obt\u00e9m <strong>3 sabores em cada dispositivo<\/strong> \u2013 uma combina\u00e7\u00e3o perfeita para uma variedade infinita \ud83d\ude0d:<\/p>\n<ul>\n<li><strong>Gelado de Melancia + Manga Morango + Banana<\/strong> \u2013 Um refrescante trio frutado \ud83c\udf49\ud83c\udf53\ud83c\udf4c<\/li>\n<li><strong>Mojito de Framboesa Gelo de P\u00eassego + Melancia Morango + Kiwi Maracuj\u00e1 Goiaba<\/strong> \u2013 Ex\u00f3tico e descolado \ud83e\udd5d\ud83c\udf51<\/li>\n<li><strong>Melancia com morango + gelo de uva + doce arco-\u00edris<\/strong> \u2013 Doce, gelado e colorido \ud83c\udf53\ud83c\udf6c<\/li>\n<li><strong>Cola Gelo + Mirtilo Framboesa + P\u00eassego Manga Melancia<\/strong> \u2013 Espumante, picante e tropical \ud83e\udd64\ud83c\udf47<\/li>\n<li><strong>Melancia com mirtilo + Manga com morango + Groselha preta<\/strong> \u2013 Uma ousada explos\u00e3o de frutas \ud83e\uded0\ud83c\udf49<\/li>\n<li><strong>Gelo de Mirtilo + Gelo de Drag\u00e3o Negro + P\u00eassego Manga<\/strong> \u2013 Gelado e poderoso \ud83d\udc09\ud83e\udd6d<\/li>\n<li><strong>Gelo de mirtilo + banana com morango + frutas vermelhas<\/strong> \u2013 Mistura cremosa e frutada \ud83c\udf4c\ud83e\uded0<\/li>\n<li><strong>Red Bull + Melancia Blueberry + Ma\u00e7\u00e3 P\u00eara<\/strong> \u2013 Aumento de energia com toque frutado \u26a1\ud83c\udf4f<\/li>\n<li><strong>Red Bull + Bubble Candy de melancia + Sorvete de morango<\/strong> \u2013 Divertido e parecido com uma sobremesa \ud83c\udf6c\ud83c\udf66<\/li>\n<li><strong>Kiwi de Morango + Gelo de P\u00eassego + Coca-Cola de Cereja<\/strong> \u2013 Doce, picante e efervescente \ud83c\udf52\ud83e\udd64<\/li>\n<li><strong>Kiwi Goiaba + Gelo de Lichia + Manga P\u00eassego Abacaxi<\/strong> \u2013 Para\u00edso tropical ex\u00f3tico \ud83e\udd6d\ud83c\udf4d<\/li>\n<li><strong>Gelo de abacate + lim\u00e3o + melancia e framboesa<\/strong> \u2013 \u00danico, picante e refrescante \ud83e\udd51\ud83c\udf4b<\/li>\n<\/ul>\n<h3>Perfeito para grandes usu\u00e1rios e atacadistas<\/h3>\n<p>O <strong>Bang Leader 80K<\/strong> foi desenvolvido para <strong>vapers pesados, entusiastas de sabores e compradores em grande quantidade<\/strong>. Suas <strong>80.000 baforadas, sistema de sabor triplo e embalagem amig\u00e1vel para B2B<\/strong> o tornam um item obrigat\u00f3rio para lojas de vapor, distribuidores e lounges que buscam um produto de alta demanda.<\/p>\n<h3>Perguntas frequentes<\/h3>\n<ul>\n<li><strong>Quantos sabores h\u00e1 em cada dispositivo?<\/strong><br \/>\nCada dispositivo vem com tr\u00eas op\u00e7\u00f5es integradas que voc\u00ea pode alternar.<\/li>\n<li><strong>\u00c9 recarreg\u00e1vel?<\/strong><br \/>\nSim, inclui uma porta de carregamento Tipo C com bateria de 850mAh.<\/li>\n<li><strong>Quais n\u00edveis de nicotina est\u00e3o dispon\u00edveis?<\/strong><br \/>\nDispon\u00edvel em 0%, 2%, 3% e 5% para atender diferentes usu\u00e1rios.<\/li>\n<li><strong>Como \u00e9 embalado?<\/strong><br \/>\nCada caixa de atacado cont\u00e9m 10 unidades, ideal para compradores B2B.<\/li>\n<li><strong>Quem deve comprar este produto?<\/strong><br \/>\nPerfeito para <strong>usu\u00e1rios frequentes, amantes de sabores, lojas de vapor e distribuidores<\/strong> que procuram op\u00e7\u00f5es premium em massa.<\/li>\n<\/ul>\n","protected":false},"excerpt":{"rendered":"<p>O <strong>Bang Leader 80K<\/strong> \ud83d\udd25 redefine a vaporiza\u00e7\u00e3o descart\u00e1vel com <strong>troca de sabor 3 em 1<\/strong>, uma enorme contagem de <strong>80.000 baforadas<\/strong> e <strong>tecnologia de bobina de malha dupla<\/strong>. Projetado para divers\u00e3o duradoura e distribui\u00e7\u00e3o no atacado, \u00e9 a escolha perfeita para lojas de vapor, distribuidores e ca\u00e7adores de sabores.<\/p>\n","protected":false},"featured_media":818,"comment_status":"open","ping_status":"closed","template":"","meta":[],"product_brand":[],"product_cat":[363],"product_tag":[],"class_list":{"0":"post-55030","1":"product","2":"type-product","3":"status-publish","4":"has-post-thumbnail","6":"product_cat-bang","8":"first","9":"instock","10":"shipping-taxable","11":"purchasable","12":"product-type-variable","13":"has-default-attributes"},"tiered_pricing_type":"fixed","tiered_pricing_fixed_rules":{"30":7.4000000000000003552713678800500929355621337890625,"50":6.29000000000000003552713678800500929355621337890625,"100":5.42999999999999971578290569595992565155029296875,"200":5.05999999999999960920149533194489777088165283203125,"400":4.5},"tiered_pricing_product_settings":{"layout":"default","base_unit_name":{"singular":null,"plural":null},"default_variation":null},"tiered_pricing_minimum_quantity":10,"tiered_pricing_roles_data":[],"tiered_pricing_percentage_rules":[],"tiered_pricing_maximum_quantity":null,"tiered_pricing_quantity_step":"10","_links":{"self":[{"href":"https:\/\/stage.jrfer.com\/pt\/wp-json\/wp\/v2\/product\/55030","targetHints":{"allow":["GET"]}}],"collection":[{"href":"https:\/\/stage.jrfer.com\/pt\/wp-json\/wp\/v2\/product"}],"about":[{"href":"https:\/\/stage.jrfer.com\/pt\/wp-json\/wp\/v2\/types\/product"}],"replies":[{"embeddable":true,"href":"https:\/\/stage.jrfer.com\/pt\/wp-json\/wp\/v2\/comments?post=55030"}],"wp:featuredmedia":[{"embeddable":true,"href":"https:\/\/stage.jrfer.com\/pt\/wp-json\/wp\/v2\/media\/818"}],"wp:attachment":[{"href":"https:\/\/stage.jrfer.com\/pt\/wp-json\/wp\/v2\/media?parent=55030"}],"wp:term":[{"taxonomy":"product_brand","embeddable":true,"href":"https:\/\/stage.jrfer.com\/pt\/wp-json\/wp\/v2\/product_brand?post=55030"},{"taxonomy":"product_cat","embeddable":true,"href":"https:\/\/stage.jrfer.com\/pt\/wp-json\/wp\/v2\/product_cat?post=55030"},{"taxonomy":"product_tag","embeddable":true,"href":"https:\/\/stage.jrfer.com\/pt\/wp-json\/wp\/v2\/product_tag?post=55030"}],"curies":[{"name":"wp","href":"https:\/\/api.w.org\/{rel}","templated":true}]}}