{"id":8680,"date":"2025-06-23T04:47:15","date_gmt":"2025-06-23T04:47:15","guid":{"rendered":"https:\/\/stage.jrfer.com\/startsida\/"},"modified":"2026-04-06T12:51:11","modified_gmt":"2026-04-06T12:51:11","slug":"startsida","status":"publish","type":"page","link":"https:\/\/stage.jrfer.com\/sv\/","title":{"rendered":"Hem"},"content":{"rendered":"<h4>S\u00e4ker betalning<\/h4>\n<p>Handla med tillf\u00f6rsikt och vet att din betalningsinformation skyddas av branschledande s\u00e4kerhetsstandarder.<\/p>\n<h4>Utm\u00e4rkt service<\/h4>\n<p>Upplev f\u00f6rstklassig kundservice med v\u00e5rt engagerade team redo att hj\u00e4lpa dig med alla fr\u00e5gor eller funderingar.<\/p>\n<h4>Snabb leverans<\/h4>\n<p>Njut av snabb och p\u00e5litlig frakt p\u00e5 alla best\u00e4llningar, s\u00e5 att du f\u00e5r dina produkter snabbt och i perfekt skick.<\/p>\n<h4>\u00c4kta produkter<\/h4>\n<p>Vi garanterar att alla v\u00e5ra produkter \u00e4r 100 % autentiska, h\u00e4mtade direkt fr\u00e5n p\u00e5litliga tillverkare.<\/p>\n<h3 id=\"brxe-xhtvan\" class=\"brxe-heading\">Nya ankomster<\/h3>\n<div id=\"brxe-aezrzz\" class=\"brxe-text-basic\">L\u00e4gg dig fram med det senaste och b\u00e4sta inom vapingteknik.<\/div>\n<h3 id=\"brxe-kobdsx\" class=\"brxe-heading\">De flesta <em>popul\u00e4ra produkterna<\/em><\/h3>\n<div id=\"brxe-vxehmw\" class=\"brxe-text-basic\">HolaVapes erbjuder bekv\u00e4ma, f\u00f6rfyllda eng\u00e5ngs-e-cigaretter i olika smaker. L\u00e4tt att anv\u00e4nda utan underh\u00e5ll, det ger en smidig vaping-upplevelse, vilket g\u00f6r det till ett utm\u00e4rkt alternativ till traditionell r\u00f6kning f\u00f6r b\u00e5de nyb\u00f6rjare och erfarna anv\u00e4ndare. Kompakt och b\u00e4rbar f\u00f6r anv\u00e4ndning p\u00e5 spr\u00e5ng.<\/div>\n<h3 id=\"brxe-juvpfn\" class=\"brxe-heading\" style=\"text-align: center;\">Blogg.  <em>F\u00f6r att komma ig\u00e5ng<\/em><\/h3>\n<p>WASPE Bar 60K: 60 000 puffar av l\u00e5ngvarig smak<\/p>\n<p>60 000 puffar och 16 smakalternativ. <em>WASPE Bar 60K<\/em> br\u00e5kar inte \u2013 den \u00e4r byggd f\u00f6r att \u00f6verleva och \u00f6vertr\u00e4ffa. Premium byggkvalitet, j\u00e4mn dragkonsistens och en smaklinje som t\u00e4cker allt fr\u00e5n fruktig till isig. Fyll p\u00e5 med baren som f\u00e5r dina kunder att komma tillbaka.<\/p>\n<p>K\u00f6p nu<\/p>\n<p>Happ Bar GR100K Pro: 100 000 puffar av Mesh Coil Power<\/p>\n<p>100 000 bloss. 56 ml premium e-v\u00e4tska. <em>Happ Bar GR100K Pro<\/em> tar med mesh-spolteknologi till spelet med h\u00f6g puff \u2013 ger rikare smak och t\u00e4tare moln fr\u00e5n f\u00f6rsta bloss till sista. 15 smaker, noll kompromisser. Detta \u00e4r den bulk vape dina hyllor beh\u00f6ver.<\/p>\n<p>K\u00f6p nu<\/p>\n<p>Happ Bar MT50000: 50 000 puffar med LCD-sk\u00e4rm<\/p>\n<p>50 000 puffar, en skarp LCD-sk\u00e4rm och 45 ml juice packade i en snygg enhet. <em>Happ Bar MT50000<\/em> h\u00e5ller vapers informerade och n\u00f6jda \u2013 laddningsbar typ C, 15 smakalternativ och en design som ser lika bra ut som den presterar. Grossistpriser som \u00e4r vettiga.<\/p>\n<p>K\u00f6p nu<\/p>\n","protected":false},"excerpt":{"rendered":"<p>S\u00e4ker betalning Handla med tillf\u00f6rsikt och vet att din betalningsinformation skyddas av branschledande s\u00e4kerhetsstandarder. Utm\u00e4rkt service Upplev f\u00f6rstklassig kundservice med v\u00e5rt engagerade team redo att hj\u00e4lpa dig med alla fr\u00e5gor eller funderingar. Snabb leverans Njut av snabb och p\u00e5litlig frakt p\u00e5 alla best\u00e4llningar, s\u00e5 att du f\u00e5r dina produkter snabbt och i perfekt skick. \u00c4kta [&hellip;]<\/p>\n","protected":false},"author":1,"featured_media":0,"parent":0,"menu_order":0,"comment_status":"closed","ping_status":"open","template":"","meta":{"footnotes":""},"class_list":["post-8680","page","type-page","status-publish","hentry"],"_links":{"self":[{"href":"https:\/\/stage.jrfer.com\/sv\/wp-json\/wp\/v2\/pages\/8680","targetHints":{"allow":["GET"]}}],"collection":[{"href":"https:\/\/stage.jrfer.com\/sv\/wp-json\/wp\/v2\/pages"}],"about":[{"href":"https:\/\/stage.jrfer.com\/sv\/wp-json\/wp\/v2\/types\/page"}],"author":[{"embeddable":true,"href":"https:\/\/stage.jrfer.com\/sv\/wp-json\/wp\/v2\/users\/1"}],"replies":[{"embeddable":true,"href":"https:\/\/stage.jrfer.com\/sv\/wp-json\/wp\/v2\/comments?post=8680"}],"version-history":[{"count":2,"href":"https:\/\/stage.jrfer.com\/sv\/wp-json\/wp\/v2\/pages\/8680\/revisions"}],"predecessor-version":[{"id":24313,"href":"https:\/\/stage.jrfer.com\/sv\/wp-json\/wp\/v2\/pages\/8680\/revisions\/24313"}],"wp:attachment":[{"href":"https:\/\/stage.jrfer.com\/sv\/wp-json\/wp\/v2\/media?parent=8680"}],"curies":[{"name":"wp","href":"https:\/\/api.w.org\/{rel}","templated":true}]}}