{"id":9105,"date":"2025-07-16T04:58:54","date_gmt":"2025-07-16T04:58:54","guid":{"rendered":"https:\/\/stage.jrfer.com\/aterbetalnings-och-returpolicy\/"},"modified":"2026-04-07T03:26:58","modified_gmt":"2026-04-07T03:26:58","slug":"refund_returns","status":"publish","type":"page","link":"https:\/\/stage.jrfer.com\/sv\/refund_returns\/","title":{"rendered":"\u00c5terbetalnings- och returpolicy"},"content":{"rendered":"\r\n<p><b>Detta \u00e4r en exempelsida.<\/b><\/p>\r\n\r\n\r\n\r\n<h2 class=\"wp-block-heading\">\u00d6versikt<\/h2>\r\n\r\n\r\n\r\n<p>V\u00e5r \u00e5terbetalnings- och returpolicy varar i 30 dagar. Om det har g\u00e5tt 30 dagar sedan ditt k\u00f6p kan vi inte erbjuda dig full \u00e5terbetalning eller byte.<\/p>\r\n\r\n\r\n\r\n<p>F\u00f6r att vara ber\u00e4ttigad till retur m\u00e5ste din vara vara oanv\u00e4nd och i samma skick som du fick den. Den m\u00e5ste ocks\u00e5 vara i originalf\u00f6rpackningen.<\/p>\r\n\r\n\r\n\r\n<p>Flera typer av varor \u00e4r undantagna fr\u00e5n att returneras. \u00d6vriga varor som mat, blommor, tidningar eller tidskrifter kan inte returneras. Vi accepterar inte heller produkter som \u00e4r intima eller sanit\u00e4ra varor, farliga material eller brandfarliga v\u00e4tskor eller gaser.<\/p>\r\n\r\n\r\n\r\n<p>Ytterligare artiklar som inte kan returneras:<\/p>\r\n\r\n\r\n\r\n<ul class=\"wp-block-list\">\r\n<li>Presentkort<\/li>\r\n<li>Nedladdningsbara mjukvaruprodukter<\/li>\r\n<li>Vissa produkter f\u00f6r h\u00e4lsa och personlig v\u00e5rd<\/li>\r\n<\/ul>\r\n\r\n\r\n\r\n<p>F\u00f6r att slutf\u00f6ra din retur beh\u00f6ver vi ett kvitto eller k\u00f6pbevis.<\/p>\r\n\r\n\r\n\r\n<p>Skicka inte tillbaka ditt k\u00f6p till tillverkaren.<\/p>\r\n\r\n\r\n\r\n<p>Det finns vissa situationer d\u00e4r endast partiella \u00e5terbetalningar beviljas:<\/p>\r\n\r\n\r\n\r\n<ul class=\"wp-block-list\">\r\n<li>Bok med tydliga tecken p\u00e5 anv\u00e4ndning<\/li>\r\n<li>CD, DVD, VHS-band, programvara, videospel, kassettband eller vinylskiva som har \u00f6ppnats.<\/li>\r\n<li>Alla f\u00f6rem\u00e5l som inte \u00e4r i originalskick, \u00e4r skadade eller saknar delar av sk\u00e4l som inte beror p\u00e5 v\u00e5rt fel.<\/li><li>Alla varor som returneras mer \u00e4n 30 dagar efter leverans<\/li>\r\n<\/ul>\r\n\r\n\r\n\r\n<h2 class=\"wp-block-heading\">\u00c5terbetalningar<\/h2>\r\n\r\n\r\n\r\n<p>N\u00e4r din retur har tagits emot och inspekterats skickar vi ett e-postmeddelande till dig f\u00f6r att meddela dig att vi har tagit emot din returnerade vara. Vi kommer ocks\u00e5 att meddela dig om godk\u00e4nnande eller avslag p\u00e5 din \u00e5terbetalning.<\/p>\r\n\r\n\r\n\r\n<p>Om du blir godk\u00e4nd kommer din \u00e5terbetalning att behandlas och en kredit kommer automatiskt att till\u00e4mpas p\u00e5 ditt kreditkort eller din ursprungliga betalningsmetod, inom ett visst antal dagar.<\/p>\r\n\r\n\r\n\r\n<h3 class=\"wp-block-heading\">Sena eller saknade \u00e5terbetalningar<\/h3>\r\n\r\n\r\n\r\n<p>Om du inte har f\u00e5tt n\u00e5gon \u00e5terbetalning \u00e4nnu, kontrollera f\u00f6rst ditt bankkonto igen.<\/p>\r\n\r\n\r\n\r\n<p>Kontakta sedan ditt kreditkortsf\u00f6retag, det kan ta lite tid innan din \u00e5terbetalning publiceras officiellt.<\/p>\r\n\r\n\r\n\r\n<p>Kontakta sedan din bank. Det tar ofta lite handl\u00e4ggningstid innan en \u00e5terbetalning bokf\u00f6rs.<\/p>\r\n\r\n\r\n\r\n<p>Om du har gjort allt detta och du fortfarande inte har f\u00e5tt din \u00e5terbetalning \u00e4nnu, kontakta oss p\u00e5 {email address}.<\/p>\r\n\r\n\r\n\r\n<h3 class=\"wp-block-heading\">Reavaror<\/h3>\r\n\r\n\r\n\r\n<p>Endast ordinarie prissatta varor kan \u00e5terbetalas. Reavaror kan inte \u00e5terbetalas.<\/p>\r\n\r\n\r\n\r\n<h2 class=\"wp-block-heading\">Utbyten<\/h2>\r\n\r\n<p>Vi byter endast ut varor om de \u00e4r defekta eller skadade. Om du beh\u00f6ver byta den mot samma vara, skicka oss ett e-postmeddelande p\u00e5 {email address} och skicka din vara till: {physical address}.<\/p>\r\n\r\n\r\n\r\n<h2 class=\"wp-block-heading\">G\u00e5vor<\/h2>\r\n\r\n\r\n\r\n<p>Om varan markerades som en g\u00e5va n\u00e4r den k\u00f6ptes och skickades direkt till dig, f\u00e5r du en presentkredit f\u00f6r v\u00e4rdet av din retur. N\u00e4r den returnerade varan har tagits emot skickas ett presentkort till dig.<\/p>\r\n\r\n\r\n\r\n<p>Om varan inte markerades som en g\u00e5va n\u00e4r den k\u00f6ptes, eller om g\u00e5vogivaren fick best\u00e4llningen skickad till sig sj\u00e4lv f\u00f6r att ge till dig senare, skickar vi en \u00e5terbetalning till g\u00e5vogivaren och de kommer att f\u00e5 reda p\u00e5 din retur.<\/p>\r\n\r\n\r\n\r\n<h2 class=\"wp-block-heading\">Fraktreturer<\/h2>\r\n\r\n\r\n\r\n<p>F\u00f6r att returnera din produkt b\u00f6r du posta produkten till: {physical address}.<\/p>\r\n\r\n\r\n\r\n<p>Du kommer att vara ansvarig f\u00f6r att betala dina egna fraktkostnader f\u00f6r att returnera din vara. Fraktkostnader \u00e5terbetalas ej. Om du f\u00e5r en \u00e5terbetalning kommer kostnaden f\u00f6r returfrakten att dras av fr\u00e5n din \u00e5terbetalning.<\/p>\r\n\r\n\r\n\r\n<p>Beroende p\u00e5 var du bor kan tiden det kan ta f\u00f6r din utbytta produkt att n\u00e5 dig variera.<\/p>\r\n\r\n\r\n\r\n<p>Om du returnerar dyrare varor kan du \u00f6verv\u00e4ga att anv\u00e4nda en sp\u00e5rbar frakttj\u00e4nst eller k\u00f6pa fraktf\u00f6rs\u00e4kring. Vi garanterar inte att vi kommer att ta emot din returnerade vara.<\/p>\r\n\r\n<h2 class=\"wp-block-heading\">Beh\u00f6ver du hj\u00e4lp?<\/h2>\r\n\r\n\r\n\r\n<p>Kontakta oss p\u00e5 {email} f\u00f6r fr\u00e5gor relaterade till \u00e5terbetalningar och returer.<\/p>\r\n","protected":false},"excerpt":{"rendered":"<p>Detta \u00e4r en exempelsida. \u00d6versikt V\u00e5r \u00e5terbetalnings- och returpolicy varar i 30 dagar. Om det har g\u00e5tt 30 dagar sedan ditt k\u00f6p kan vi inte erbjuda dig full \u00e5terbetalning eller byte. F\u00f6r att vara ber\u00e4ttigad till retur m\u00e5ste din vara vara oanv\u00e4nd och i samma skick som du fick den. Den m\u00e5ste ocks\u00e5 vara i [&hellip;]<\/p>\n","protected":false},"author":1,"featured_media":0,"parent":0,"menu_order":0,"comment_status":"closed","ping_status":"closed","template":"","meta":{"footnotes":""},"class_list":["post-9105","page","type-page","status-publish","hentry"],"_links":{"self":[{"href":"https:\/\/stage.jrfer.com\/sv\/wp-json\/wp\/v2\/pages\/9105","targetHints":{"allow":["GET"]}}],"collection":[{"href":"https:\/\/stage.jrfer.com\/sv\/wp-json\/wp\/v2\/pages"}],"about":[{"href":"https:\/\/stage.jrfer.com\/sv\/wp-json\/wp\/v2\/types\/page"}],"author":[{"embeddable":true,"href":"https:\/\/stage.jrfer.com\/sv\/wp-json\/wp\/v2\/users\/1"}],"replies":[{"embeddable":true,"href":"https:\/\/stage.jrfer.com\/sv\/wp-json\/wp\/v2\/comments?post=9105"}],"version-history":[{"count":1,"href":"https:\/\/stage.jrfer.com\/sv\/wp-json\/wp\/v2\/pages\/9105\/revisions"}],"predecessor-version":[{"id":25157,"href":"https:\/\/stage.jrfer.com\/sv\/wp-json\/wp\/v2\/pages\/9105\/revisions\/25157"}],"wp:attachment":[{"href":"https:\/\/stage.jrfer.com\/sv\/wp-json\/wp\/v2\/media?parent=9105"}],"curies":[{"name":"wp","href":"https:\/\/api.w.org\/{rel}","templated":true}]}}