{"id":9122,"date":"2025-07-16T04:36:50","date_gmt":"2025-07-16T04:36:50","guid":{"rendered":"https:\/\/stage.jrfer.com\/om-oss\/"},"modified":"2026-04-07T07:18:44","modified_gmt":"2026-04-07T07:18:44","slug":"about","status":"publish","type":"page","link":"https:\/\/stage.jrfer.com\/sv\/about\/","title":{"rendered":"Om oss"},"content":{"rendered":"<div class=\"jr-page jr-page--about\">\n<section class=\"jr-hero\">\n<p class=\"jr-kicker\">Rico Vape<\/p>\n<h1>Om oss<\/h1>\n<div class=\"jr-hero-copy\">\n<p>V\u00e4lkommen till RicoVapes, din destination f\u00f6r f\u00f6rstklassiga e-cigaretter och vapeprodukter.<br \/>V\u00e5rt uppdrag \u00e4r att tillhandah\u00e5lla innovativa vapingl\u00f6sningar av h\u00f6gsta kvalitet som \u00e4r skr\u00e4ddarsydda efter dina behov.<\/p>\n<\/div>\n<\/section>\n<div class=\"jr-card-grid\">\n<article class=\"jr-info-card\">\n<h3>V\u00e5ra produkter<\/h3>\n<div class=\"jr-card-copy\">\n<div>Vi erbjuder h\u00f6gkvalitativa e-cigaretter f\u00f6r eng\u00e5ngsbruk och tillhandah\u00e5ller OEM-tj\u00e4nster f\u00f6r anpassade vape-produkter. Alla v\u00e5ra produkter genomg\u00e5r rigor\u00f6sa tester f\u00f6r att s\u00e4kerst\u00e4lla att de uppfyller de h\u00f6gsta standarderna.<\/div>\n<\/div>\n<\/article>\n<article class=\"jr-info-card\">\n<h3>Grossist- och OEM-tj\u00e4nster<\/h3>\n<div class=\"jr-card-copy\">\n<div>Vi erbjuder h\u00f6gkvalitativa e-cigaretter f\u00f6r eng\u00e5ngsbruk och tillhandah\u00e5ller OEM-tj\u00e4nster f\u00f6r anpassade vape-produkter. Alla v\u00e5ra produkter genomg\u00e5r rigor\u00f6sa tester f\u00f6r att s\u00e4kerst\u00e4lla att de uppfyller de h\u00f6gsta standarderna.<\/div>\n<\/div>\n<\/article>\n<article class=\"jr-info-card\">\n<h3>Snabb och s\u00e4ker leverans<\/h3>\n<div class=\"jr-card-copy\">\n<div>Vi behandlar best\u00e4llningar inom 1-3 arbetsdagar och skickar med p\u00e5litliga transport\u00f6rer som DHL, DPD, UPS och lokala posttj\u00e4nster.\n<\/div>\n<div>V\u00e5r effektiva frakt s\u00e4kerst\u00e4ller snabb och s\u00e4ker leverans.<\/div>\n<\/div>\n<\/article>\n<article class=\"jr-info-card\">\n<h3>S\u00e4kra betalningar<\/h3>\n<div class=\"jr-card-copy\">\n<div>Vi st\u00f6der PayPal, kreditkort, bank\u00f6verf\u00f6ringar och betalningar med kryptovaluta, med SSL-kryptering f\u00f6r data\u00f6verf\u00f6ring.<\/div>\n<\/div>\n<\/article>\n<article class=\"jr-info-card\">\n<h3>Kundsupport<\/h3>\n<div class=\"jr-card-copy\">\n<div>V\u00e5rt dedikerade kundsupportteam \u00e4r h\u00e4r f\u00f6r att hj\u00e4lpa till. Kontakta oss via e-post p\u00e5 support@ricovape.com eller whatsapp <a href=\"https:\/\/api.whatsapp.com\/send?phone=8618241953968\" target=\"_blank\" rel=\"noopener\">+8618241953968<\/a>. Vi \u00e4r tillg\u00e4ngliga m\u00e5ndag till fredag, 9.00-20.00. Kina standardtid.<\/div>\n<\/div>\n<\/article>\n<\/div>\n<\/div>\n","protected":false},"excerpt":{"rendered":"<p>Rico Vape Om oss V\u00e4lkommen till RicoVapes, din destination f\u00f6r f\u00f6rstklassiga e-cigaretter och vapeprodukter.V\u00e5rt uppdrag \u00e4r att tillhandah\u00e5lla innovativa vapingl\u00f6sningar av h\u00f6gsta kvalitet som \u00e4r skr\u00e4ddarsydda efter dina behov. V\u00e5ra produkter Vi erbjuder h\u00f6gkvalitativa e-cigaretter f\u00f6r eng\u00e5ngsbruk och tillhandah\u00e5ller OEM-tj\u00e4nster f\u00f6r anpassade vape-produkter. Alla v\u00e5ra produkter genomg\u00e5r rigor\u00f6sa tester f\u00f6r att s\u00e4kerst\u00e4lla att de uppfyller [&hellip;]<\/p>\n","protected":false},"author":1,"featured_media":0,"parent":0,"menu_order":0,"comment_status":"closed","ping_status":"closed","template":"","meta":{"footnotes":""},"class_list":["post-9122","page","type-page","status-publish","hentry"],"_links":{"self":[{"href":"https:\/\/stage.jrfer.com\/sv\/wp-json\/wp\/v2\/pages\/9122","targetHints":{"allow":["GET"]}}],"collection":[{"href":"https:\/\/stage.jrfer.com\/sv\/wp-json\/wp\/v2\/pages"}],"about":[{"href":"https:\/\/stage.jrfer.com\/sv\/wp-json\/wp\/v2\/types\/page"}],"author":[{"embeddable":true,"href":"https:\/\/stage.jrfer.com\/sv\/wp-json\/wp\/v2\/users\/1"}],"replies":[{"embeddable":true,"href":"https:\/\/stage.jrfer.com\/sv\/wp-json\/wp\/v2\/comments?post=9122"}],"version-history":[{"count":2,"href":"https:\/\/stage.jrfer.com\/sv\/wp-json\/wp\/v2\/pages\/9122\/revisions"}],"predecessor-version":[{"id":69394,"href":"https:\/\/stage.jrfer.com\/sv\/wp-json\/wp\/v2\/pages\/9122\/revisions\/69394"}],"wp:attachment":[{"href":"https:\/\/stage.jrfer.com\/sv\/wp-json\/wp\/v2\/media?parent=9122"}],"curies":[{"name":"wp","href":"https:\/\/api.w.org\/{rel}","templated":true}]}}